{"id":3078,"date":"2023-12-02T11:12:51","date_gmt":"2023-12-02T09:12:51","guid":{"rendered":"https:\/\/shebeauty.ee\/?post_type=product&#038;p=3078"},"modified":"2025-10-14T02:03:46","modified_gmt":"2025-10-13T23:03:46","slug":"k-time-matirya-over-force-intensive-hair-loss-prevention-kit","status":"publish","type":"product","link":"https:\/\/shebeauty.ee\/en\/product\/k-time-matirya-over-force-intensive-hair-loss-prevention-kit\/","title":{"rendered":"K-Time Matirya Over Force Intensive Hair Loss Prevention Kit"},"content":{"rendered":"<p class=\"p1 translation-block\"><span style=\"font-size: 16px\"><strong>K-Time Matirya Over Force Intensive Hair Loss Prevention Kit<\/strong> is a comprehensive care kit for preventing hair loss and thinning. The kit includes <\/span><span style=\"font-size: 16px\">a 250 ml shampoo<\/span><span style=\"font-size: 16px\">, <\/span><span style=\"font-size: 16px\">12 intensive treatment ampoules<\/span><span style=\"font-size: 16px\"> (each 8 ml), and a specially designed <\/span><span style=\"font-size: 16px\">K-Time scalp massage brush<\/span><span style=\"font-size: 16px\">, which enhances the treatment's effect by stimulating scalp circulation and promoting better absorption of active ingredients.<\/span><\/p>\n<p data-start=\"1150\" data-end=\"1396\">At the core of the composition is an innovative complex of active ingredients, in which lemon balm essential oil soothes the scalp and stimulates blood circulation, an amino acid complex strengthens the hair fibers, and green tea extract provides antioxidant protection.<\/p>\n<p data-start=\"1398\" data-end=\"1617\">Laboratory tests have shown that the treatment helps extend the hair growth cycle and reduce hair loss by up to 54%. The result is stronger, denser, and more vital hair after just a few weeks of use.<\/p>\n<p data-start=\"1624\" data-end=\"1645\" class=\"translation-block\"><strong data-start=\"1628\" data-end=\"1643\">Usage:<br>\n<\/strong>Shampoo: Apply to wet hair, massage gently, and rinse thoroughly.<br data-start=\"1723\" data-end=\"1726\">\nAmpoules: Apply one vial to a clean, towel-dried scalp. Massage in with the scalp massage brush. Do not rinse.<br data-start=\"1855\" data-end=\"1858\">\nMassage Brush: Use during the application of shampoo or ampoule to stimulate circulation and improve absorption of active ingredients.<\/p>\n<p class=\"p1\">Repeat 2\u20133 times a week or according to the recommended treatment course.<\/p>\n<p><strong>The list of ingredients could change. Always refer to the product packaging for the most up-to-date ingredient list.<\/strong><br \/>\n<strong>Koostisosade loetelu v\u00f5ib muutuda. K\u00f5ige ajakohasema koostisosade loetelu leiad alati toote pakendilt.<\/strong><\/p>\n<p class=\"p1\"><span class=\"s1\">Importer: Beauty Cosmetics O\u00dc, Kaupmehe 6, Tallinn <a href=\"https:\/\/shebeauty.ee\/en\/\"><span class=\"s2\">www.shebeauty.ee<\/span><\/a><\/span><\/p>\n<p class=\"p1\">","protected":false},"excerpt":{"rendered":"<p class=\"translation-block\">(<em>Price per liter: \u20ac222.54 \/ l<\/em>)<br>\n<span style=\"font-size: 16px\">An effective and concentrated care kit designed to combat seasonal hair loss, offering clinically proven efficacy. The product reduces hair loss by 54% and is enriched with essential active ingredients that protect and deeply nourish the hair.<\/span><\/p>\n<p>Kogumaht: 346ml<\/p>","protected":false},"featured_media":5708,"comment_status":"open","ping_status":"closed","template":"","meta":{"site-sidebar-layout":"default","site-content-layout":"","ast-site-content-layout":"default","site-content-style":"default","site-sidebar-style":"default","ast-global-header-display":"","ast-banner-title-visibility":"","ast-main-header-display":"","ast-hfb-above-header-display":"","ast-hfb-below-header-display":"","ast-hfb-mobile-header-display":"","site-post-title":"","ast-breadcrumbs-content":"","ast-featured-img":"","footer-sml-layout":"","ast-disable-related-posts":"","theme-transparent-header-meta":"default","adv-header-id-meta":"","stick-header-meta":"","header-above-stick-meta":"","header-main-stick-meta":"","header-below-stick-meta":"","astra-migrate-meta-layouts":"set","ast-page-background-enabled":"default","ast-page-background-meta":{"desktop":{"background-color":"var(--ast-global-color-4)","background-image":"","background-repeat":"repeat","background-position":"center center","background-size":"auto","background-attachment":"scroll","background-type":"","background-media":"","overlay-type":"","overlay-color":"","overlay-opacity":"","overlay-gradient":""},"tablet":{"background-color":"","background-image":"","background-repeat":"repeat","background-position":"center center","background-size":"auto","background-attachment":"scroll","background-type":"","background-media":"","overlay-type":"","overlay-color":"","overlay-opacity":"","overlay-gradient":""},"mobile":{"background-color":"","background-image":"","background-repeat":"repeat","background-position":"center center","background-size":"auto","background-attachment":"scroll","background-type":"","background-media":"","overlay-type":"","overlay-color":"","overlay-opacity":"","overlay-gradient":""}},"ast-content-background-meta":{"desktop":{"background-color":"var(--ast-global-color-5)","background-image":"","background-repeat":"repeat","background-position":"center center","background-size":"auto","background-attachment":"scroll","background-type":"","background-media":"","overlay-type":"","overlay-color":"","overlay-opacity":"","overlay-gradient":""},"tablet":{"background-color":"var(--ast-global-color-5)","background-image":"","background-repeat":"repeat","background-position":"center center","background-size":"auto","background-attachment":"scroll","background-type":"","background-media":"","overlay-type":"","overlay-color":"","overlay-opacity":"","overlay-gradient":""},"mobile":{"background-color":"var(--ast-global-color-5)","background-image":"","background-repeat":"repeat","background-position":"center center","background-size":"auto","background-attachment":"scroll","background-type":"","background-media":"","overlay-type":"","overlay-color":"","overlay-opacity":"","overlay-gradient":""}}},"product_brand":[],"product_cat":[20,112],"product_tag":[311,307,296,309,303,308,310],"giftcard-category":[],"class_list":{"0":"post-3078","1":"product","2":"type-product","3":"status-publish","4":"has-post-thumbnail","6":"product_cat-juuksehooldustooted-sampoon-palsam-mask","7":"product_cat-kinkekomplektid","8":"product_tag-ergutab-juustekasvu","9":"product_tag-k-time-matirya-over-force-sari","10":"product_tag-k-time-matirya-sari","11":"product_tag-rohelise-tee-ekstrakt","12":"product_tag-sidrunimelissi-eeterlik-oli","13":"product_tag-stimuleerib-vereringet","14":"product_tag-valjalangemist-vastu","15":"desktop-align-center","16":"tablet-align-left","17":"mobile-align-left","19":"first","20":"instock","21":"taxable","22":"shipping-taxable","23":"purchasable","24":"product-type-simple"},"yoast_head":"<!-- This site is optimized with the Yoast SEO plugin v27.4 - https:\/\/yoast.com\/product\/yoast-seo-wordpress\/ -->\n<title>K-Time Matirya Over Force Intensive Hair Loss Prevention Kit - She Beauty Studio<\/title>\n<meta name=\"description\" content=\"T\u00f5hus juuste v\u00e4ljalangemise vastane kuur koos ergutava peamassaa\u017eiharjaga. Aktiivained tugevdavad juukseid ja pikendavad nende kasvuts\u00fcklit.\" \/>\n<meta name=\"robots\" content=\"index, follow, max-snippet:-1, max-image-preview:large, max-video-preview:-1\" \/>\n<link rel=\"canonical\" href=\"https:\/\/shebeauty.ee\/en\/product\/k-time-matirya-over-force-intensive-hair-loss-prevention-kit\/\" \/>\n<meta property=\"og:locale\" content=\"en_US\" \/>\n<meta property=\"og:type\" content=\"article\" \/>\n<meta property=\"og:title\" content=\"K-Time Matirya Over Force Intensive Hair Loss Prevention Kit - She Beauty Studio\" \/>\n<meta property=\"og:description\" content=\"T\u00f5hus juuste v\u00e4ljalangemise vastane kuur koos ergutava peamassaa\u017eiharjaga. Aktiivained tugevdavad juukseid ja pikendavad nende kasvuts\u00fcklit.\" \/>\n<meta property=\"og:url\" content=\"https:\/\/shebeauty.ee\/en\/product\/k-time-matirya-over-force-intensive-hair-loss-prevention-kit\/\" \/>\n<meta property=\"og:site_name\" content=\"She Beauty Studio\" \/>\n<meta property=\"article:modified_time\" content=\"2025-10-13T23:03:46+00:00\" \/>\n<meta property=\"og:image\" content=\"https:\/\/shebeauty.ee\/wp-content\/uploads\/2023\/12\/K-Time-Matirya-Over-Force-KIT-2-scaled.jpg\" \/>\n\t<meta property=\"og:image:width\" content=\"2560\" \/>\n\t<meta property=\"og:image:height\" content=\"2560\" \/>\n\t<meta property=\"og:image:type\" content=\"image\/jpeg\" \/>\n<meta name=\"twitter:card\" content=\"summary_large_image\" \/>\n<meta name=\"twitter:label1\" content=\"Est. reading time\" \/>\n\t<meta name=\"twitter:data1\" content=\"2 minutes\" \/>\n<script type=\"application\/ld+json\" class=\"yoast-schema-graph\">{\"@context\":\"https:\\\/\\\/schema.org\",\"@graph\":[{\"@type\":\"WebPage\",\"@id\":\"https:\\\/\\\/shebeauty.ee\\\/toode\\\/k-time-matirya-over-force-intensive-hair-loss-prevention-kit\\\/\",\"url\":\"https:\\\/\\\/shebeauty.ee\\\/toode\\\/k-time-matirya-over-force-intensive-hair-loss-prevention-kit\\\/\",\"name\":\"K-Time Matirya Over Force Intensive Hair Loss Prevention Kit - She Beauty Studio\",\"isPartOf\":{\"@id\":\"https:\\\/\\\/shebeauty.ee\\\/#website\"},\"primaryImageOfPage\":{\"@id\":\"https:\\\/\\\/shebeauty.ee\\\/toode\\\/k-time-matirya-over-force-intensive-hair-loss-prevention-kit\\\/#primaryimage\"},\"image\":{\"@id\":\"https:\\\/\\\/shebeauty.ee\\\/toode\\\/k-time-matirya-over-force-intensive-hair-loss-prevention-kit\\\/#primaryimage\"},\"thumbnailUrl\":\"https:\\\/\\\/shebeauty.ee\\\/wp-content\\\/uploads\\\/2023\\\/12\\\/K-Time-Matirya-Over-Force-KIT-2-scaled.jpg\",\"datePublished\":\"2023-12-02T09:12:51+00:00\",\"dateModified\":\"2025-10-13T23:03:46+00:00\",\"description\":\"T\u00f5hus juuste v\u00e4ljalangemise vastane kuur koos ergutava peamassaa\u017eiharjaga. Aktiivained tugevdavad juukseid ja pikendavad nende kasvuts\u00fcklit.\",\"breadcrumb\":{\"@id\":\"https:\\\/\\\/shebeauty.ee\\\/toode\\\/k-time-matirya-over-force-intensive-hair-loss-prevention-kit\\\/#breadcrumb\"},\"inLanguage\":\"en-US\",\"potentialAction\":[{\"@type\":\"ReadAction\",\"target\":[\"https:\\\/\\\/shebeauty.ee\\\/toode\\\/k-time-matirya-over-force-intensive-hair-loss-prevention-kit\\\/\"]}]},{\"@type\":\"ImageObject\",\"inLanguage\":\"en-US\",\"@id\":\"https:\\\/\\\/shebeauty.ee\\\/toode\\\/k-time-matirya-over-force-intensive-hair-loss-prevention-kit\\\/#primaryimage\",\"url\":\"https:\\\/\\\/shebeauty.ee\\\/wp-content\\\/uploads\\\/2023\\\/12\\\/K-Time-Matirya-Over-Force-KIT-2-scaled.jpg\",\"contentUrl\":\"https:\\\/\\\/shebeauty.ee\\\/wp-content\\\/uploads\\\/2023\\\/12\\\/K-Time-Matirya-Over-Force-KIT-2-scaled.jpg\",\"width\":2560,\"height\":2560},{\"@type\":\"BreadcrumbList\",\"@id\":\"https:\\\/\\\/shebeauty.ee\\\/toode\\\/k-time-matirya-over-force-intensive-hair-loss-prevention-kit\\\/#breadcrumb\",\"itemListElement\":[{\"@type\":\"ListItem\",\"position\":1,\"name\":\"Home\",\"item\":\"https:\\\/\\\/shebeauty.ee\\\/\"},{\"@type\":\"ListItem\",\"position\":2,\"name\":\"Pood\",\"item\":\"https:\\\/\\\/shebeauty.ee\\\/e-pood\\\/\"},{\"@type\":\"ListItem\",\"position\":3,\"name\":\"K-Time Matirya Over Force Intensive Hair Loss Prevention Kit\"}]},{\"@type\":\"WebSite\",\"@id\":\"https:\\\/\\\/shebeauty.ee\\\/#website\",\"url\":\"https:\\\/\\\/shebeauty.ee\\\/\",\"name\":\"She Beauty Studio\",\"description\":\"Juuksestuudio\",\"publisher\":{\"@id\":\"https:\\\/\\\/shebeauty.ee\\\/#organization\"},\"potentialAction\":[{\"@type\":\"SearchAction\",\"target\":{\"@type\":\"EntryPoint\",\"urlTemplate\":\"https:\\\/\\\/shebeauty.ee\\\/?s={search_term_string}\"},\"query-input\":{\"@type\":\"PropertyValueSpecification\",\"valueRequired\":true,\"valueName\":\"search_term_string\"}}],\"inLanguage\":\"en-US\"},{\"@type\":\"Organization\",\"@id\":\"https:\\\/\\\/shebeauty.ee\\\/#organization\",\"name\":\"She Beauty O\u00dc\",\"url\":\"https:\\\/\\\/shebeauty.ee\\\/\",\"logo\":{\"@type\":\"ImageObject\",\"inLanguage\":\"en-US\",\"@id\":\"https:\\\/\\\/shebeauty.ee\\\/#\\\/schema\\\/logo\\\/image\\\/\",\"url\":\"https:\\\/\\\/shebeauty.ee\\\/wp-content\\\/uploads\\\/2023\\\/10\\\/IMG_0585.jpg\",\"contentUrl\":\"https:\\\/\\\/shebeauty.ee\\\/wp-content\\\/uploads\\\/2023\\\/10\\\/IMG_0585.jpg\",\"width\":1284,\"height\":1300,\"caption\":\"She Beauty O\u00dc\"},\"image\":{\"@id\":\"https:\\\/\\\/shebeauty.ee\\\/#\\\/schema\\\/logo\\\/image\\\/\"}}]}<\/script>\n<!-- \/ Yoast SEO plugin. -->","yoast_head_json":{"title":"K-Time Matirya Over Force Intensive Hair Loss Prevention Kit - She Beauty Studio","description":"T\u00f5hus juuste v\u00e4ljalangemise vastane kuur koos ergutava peamassaa\u017eiharjaga. Aktiivained tugevdavad juukseid ja pikendavad nende kasvuts\u00fcklit.","robots":{"index":"index","follow":"follow","max-snippet":"max-snippet:-1","max-image-preview":"max-image-preview:large","max-video-preview":"max-video-preview:-1"},"canonical":"https:\/\/shebeauty.ee\/en\/product\/k-time-matirya-over-force-intensive-hair-loss-prevention-kit\/","og_locale":"en_US","og_type":"article","og_title":"K-Time Matirya Over Force Intensive Hair Loss Prevention Kit - She Beauty Studio","og_description":"T\u00f5hus juuste v\u00e4ljalangemise vastane kuur koos ergutava peamassaa\u017eiharjaga. Aktiivained tugevdavad juukseid ja pikendavad nende kasvuts\u00fcklit.","og_url":"https:\/\/shebeauty.ee\/en\/product\/k-time-matirya-over-force-intensive-hair-loss-prevention-kit\/","og_site_name":"She Beauty Studio","article_modified_time":"2025-10-13T23:03:46+00:00","og_image":[{"width":2560,"height":2560,"url":"https:\/\/shebeauty.ee\/wp-content\/uploads\/2023\/12\/K-Time-Matirya-Over-Force-KIT-2-scaled.jpg","type":"image\/jpeg"}],"twitter_card":"summary_large_image","twitter_misc":{"Est. reading time":"2 minutes"},"schema":{"@context":"https:\/\/schema.org","@graph":[{"@type":"WebPage","@id":"https:\/\/shebeauty.ee\/toode\/k-time-matirya-over-force-intensive-hair-loss-prevention-kit\/","url":"https:\/\/shebeauty.ee\/toode\/k-time-matirya-over-force-intensive-hair-loss-prevention-kit\/","name":"K-Time Matirya Over Force Intensive Hair Loss Prevention Kit - She Beauty Studio","isPartOf":{"@id":"https:\/\/shebeauty.ee\/#website"},"primaryImageOfPage":{"@id":"https:\/\/shebeauty.ee\/toode\/k-time-matirya-over-force-intensive-hair-loss-prevention-kit\/#primaryimage"},"image":{"@id":"https:\/\/shebeauty.ee\/toode\/k-time-matirya-over-force-intensive-hair-loss-prevention-kit\/#primaryimage"},"thumbnailUrl":"https:\/\/shebeauty.ee\/wp-content\/uploads\/2023\/12\/K-Time-Matirya-Over-Force-KIT-2-scaled.jpg","datePublished":"2023-12-02T09:12:51+00:00","dateModified":"2025-10-13T23:03:46+00:00","description":"T\u00f5hus juuste v\u00e4ljalangemise vastane kuur koos ergutava peamassaa\u017eiharjaga. Aktiivained tugevdavad juukseid ja pikendavad nende kasvuts\u00fcklit.","breadcrumb":{"@id":"https:\/\/shebeauty.ee\/toode\/k-time-matirya-over-force-intensive-hair-loss-prevention-kit\/#breadcrumb"},"inLanguage":"en-US","potentialAction":[{"@type":"ReadAction","target":["https:\/\/shebeauty.ee\/toode\/k-time-matirya-over-force-intensive-hair-loss-prevention-kit\/"]}]},{"@type":"ImageObject","inLanguage":"en-US","@id":"https:\/\/shebeauty.ee\/toode\/k-time-matirya-over-force-intensive-hair-loss-prevention-kit\/#primaryimage","url":"https:\/\/shebeauty.ee\/wp-content\/uploads\/2023\/12\/K-Time-Matirya-Over-Force-KIT-2-scaled.jpg","contentUrl":"https:\/\/shebeauty.ee\/wp-content\/uploads\/2023\/12\/K-Time-Matirya-Over-Force-KIT-2-scaled.jpg","width":2560,"height":2560},{"@type":"BreadcrumbList","@id":"https:\/\/shebeauty.ee\/toode\/k-time-matirya-over-force-intensive-hair-loss-prevention-kit\/#breadcrumb","itemListElement":[{"@type":"ListItem","position":1,"name":"Home","item":"https:\/\/shebeauty.ee\/"},{"@type":"ListItem","position":2,"name":"Pood","item":"https:\/\/shebeauty.ee\/e-pood\/"},{"@type":"ListItem","position":3,"name":"K-Time Matirya Over Force Intensive Hair Loss Prevention Kit"}]},{"@type":"WebSite","@id":"https:\/\/shebeauty.ee\/#website","url":"https:\/\/shebeauty.ee\/","name":"She Beauty Studio","description":"Juuksestuudio","publisher":{"@id":"https:\/\/shebeauty.ee\/#organization"},"potentialAction":[{"@type":"SearchAction","target":{"@type":"EntryPoint","urlTemplate":"https:\/\/shebeauty.ee\/?s={search_term_string}"},"query-input":{"@type":"PropertyValueSpecification","valueRequired":true,"valueName":"search_term_string"}}],"inLanguage":"en-US"},{"@type":"Organization","@id":"https:\/\/shebeauty.ee\/#organization","name":"She Beauty O\u00dc","url":"https:\/\/shebeauty.ee\/","logo":{"@type":"ImageObject","inLanguage":"en-US","@id":"https:\/\/shebeauty.ee\/#\/schema\/logo\/image\/","url":"https:\/\/shebeauty.ee\/wp-content\/uploads\/2023\/10\/IMG_0585.jpg","contentUrl":"https:\/\/shebeauty.ee\/wp-content\/uploads\/2023\/10\/IMG_0585.jpg","width":1284,"height":1300,"caption":"She Beauty O\u00dc"},"image":{"@id":"https:\/\/shebeauty.ee\/#\/schema\/logo\/image\/"}}]}},"_links":{"self":[{"href":"https:\/\/shebeauty.ee\/en\/wp-json\/wp\/v2\/product\/3078","targetHints":{"allow":["GET"]}}],"collection":[{"href":"https:\/\/shebeauty.ee\/en\/wp-json\/wp\/v2\/product"}],"about":[{"href":"https:\/\/shebeauty.ee\/en\/wp-json\/wp\/v2\/types\/product"}],"replies":[{"embeddable":true,"href":"https:\/\/shebeauty.ee\/en\/wp-json\/wp\/v2\/comments?post=3078"}],"wp:featuredmedia":[{"embeddable":true,"href":"https:\/\/shebeauty.ee\/en\/wp-json\/wp\/v2\/media\/5708"}],"wp:attachment":[{"href":"https:\/\/shebeauty.ee\/en\/wp-json\/wp\/v2\/media?parent=3078"}],"wp:term":[{"taxonomy":"product_brand","embeddable":true,"href":"https:\/\/shebeauty.ee\/en\/wp-json\/wp\/v2\/product_brand?post=3078"},{"taxonomy":"product_cat","embeddable":true,"href":"https:\/\/shebeauty.ee\/en\/wp-json\/wp\/v2\/product_cat?post=3078"},{"taxonomy":"product_tag","embeddable":true,"href":"https:\/\/shebeauty.ee\/en\/wp-json\/wp\/v2\/product_tag?post=3078"},{"taxonomy":"giftcard-category","embeddable":true,"href":"https:\/\/shebeauty.ee\/en\/wp-json\/wp\/v2\/giftcard-category?post=3078"}],"curies":[{"name":"wp","href":"https:\/\/api.w.org\/{rel}","templated":true}]}}