{"id":3065,"date":"2023-12-02T11:14:55","date_gmt":"2023-12-02T09:14:55","guid":{"rendered":"https:\/\/shebeauty.ee\/?post_type=product&#038;p=3065"},"modified":"2026-04-08T08:25:26","modified_gmt":"2026-04-08T05:25:26","slug":"k-time-color-code-protective-radiace-kinkekomplekt","status":"publish","type":"product","link":"https:\/\/shebeauty.ee\/en\/product\/k-time-color-code-protective-radiace-kinkekomplekt\/","title":{"rendered":"K-Time Somnia Color Code Gift set"},"content":{"rendered":"<p data-start=\"191\" data-end=\"298\" class=\"translation-block\"><strong data-start=\"479\" data-end=\"528\">Color Code Protective-Radiance Shampoo 300 ml<\/strong><br data-start=\"528\" data-end=\"531\">A gentle yet effective cleansing shampoo that locks in color and keeps hair soft and silky. Restores the balance of hair fibers and delivers a beautifully cared-for result.<\/p>\n<p data-start=\"703\" data-end=\"928\" class=\"translation-block\"><strong data-start=\"706\" data-end=\"752\">Color Code Protective-Radiance Mask 200 ml<\/strong><br data-start=\"752\" data-end=\"755\">A nourishing and restorative hair mask that revitalizes hair color, enhances beautiful shades, and prolongs the results of color treatment. Leaves hair smooth, shiny, and easy to manage.<\/p>\n<p data-start=\"930\" data-end=\"1150\" class=\"translation-block\"><strong data-start=\"933\" data-end=\"972\">Color Code Colour Seal Spray 150 ml<\/strong><br data-start=\"972\" data-end=\"975\">A fast-acting color protection spray that strengthens hair fibers, shields against external factors, and enhances the vibrancy and shine of hair color. Use between shampoo and mask; rinse out afterward.<\/p>\n<p data-start=\"1152\" data-end=\"1244\">The gift set comes in an elegant gift box.<\/p>","protected":false},"excerpt":{"rendered":"<p class=\"translation-block\">(<em>Price per litre: \u20ac106.15 \/ l<\/em>)<br>\nThe perfect gift set for comprehensive care of colored and treated hair \u2013 three professional products that restore hair vitality, shine, and ensure long-lasting color.<\/p>\n<p class=\"translation-block\"><strong data-start=\"490\" data-end=\"512\">The set includes:<\/strong><br data-start=\"512\" data-end=\"515\">Shampoo 300\u202fml <br data-start=\"555\" data-end=\"558\">Smoothing Hair Mask 200\u202fml <br data-start=\"605\" data-end=\"608\">Color Protection Spray 150\u202fml<\/p>","protected":false},"featured_media":5637,"comment_status":"open","ping_status":"closed","template":"","meta":{"site-sidebar-layout":"default","site-content-layout":"","ast-site-content-layout":"default","site-content-style":"default","site-sidebar-style":"default","ast-global-header-display":"","ast-banner-title-visibility":"","ast-main-header-display":"","ast-hfb-above-header-display":"","ast-hfb-below-header-display":"","ast-hfb-mobile-header-display":"","site-post-title":"","ast-breadcrumbs-content":"","ast-featured-img":"","footer-sml-layout":"","ast-disable-related-posts":"","theme-transparent-header-meta":"default","adv-header-id-meta":"","stick-header-meta":"","header-above-stick-meta":"","header-main-stick-meta":"","header-below-stick-meta":"","astra-migrate-meta-layouts":"set","ast-page-background-enabled":"default","ast-page-background-meta":{"desktop":{"background-color":"var(--ast-global-color-4)","background-image":"","background-repeat":"repeat","background-position":"center center","background-size":"auto","background-attachment":"scroll","background-type":"","background-media":"","overlay-type":"","overlay-color":"","overlay-opacity":"","overlay-gradient":""},"tablet":{"background-color":"","background-image":"","background-repeat":"repeat","background-position":"center center","background-size":"auto","background-attachment":"scroll","background-type":"","background-media":"","overlay-type":"","overlay-color":"","overlay-opacity":"","overlay-gradient":""},"mobile":{"background-color":"","background-image":"","background-repeat":"repeat","background-position":"center center","background-size":"auto","background-attachment":"scroll","background-type":"","background-media":"","overlay-type":"","overlay-color":"","overlay-opacity":"","overlay-gradient":""}},"ast-content-background-meta":{"desktop":{"background-color":"var(--ast-global-color-5)","background-image":"","background-repeat":"repeat","background-position":"center center","background-size":"auto","background-attachment":"scroll","background-type":"","background-media":"","overlay-type":"","overlay-color":"","overlay-opacity":"","overlay-gradient":""},"tablet":{"background-color":"var(--ast-global-color-5)","background-image":"","background-repeat":"repeat","background-position":"center center","background-size":"auto","background-attachment":"scroll","background-type":"","background-media":"","overlay-type":"","overlay-color":"","overlay-opacity":"","overlay-gradient":""},"mobile":{"background-color":"var(--ast-global-color-5)","background-image":"","background-repeat":"repeat","background-position":"center center","background-size":"auto","background-attachment":"scroll","background-type":"","background-media":"","overlay-type":"","overlay-color":"","overlay-opacity":"","overlay-gradient":""}}},"product_brand":[],"product_cat":[112],"product_tag":[265,69,231,174,129,140,268,266],"giftcard-category":[],"class_list":{"0":"post-3065","1":"product","2":"type-product","3":"status-publish","4":"has-post-thumbnail","6":"product_cat-kinkekomplektid","7":"product_tag-color-code-sari","8":"product_tag-juuksemask","9":"product_tag-k-time-somnia","10":"product_tag-kinkekomplekt","11":"product_tag-shampoo","12":"product_tag-varvikaitse","13":"product_tag-varvikinnitussprei","14":"product_tag-varvitud-juustele","15":"desktop-align-center","16":"tablet-align-left","17":"mobile-align-left","19":"first","20":"instock","21":"taxable","22":"shipping-taxable","23":"purchasable","24":"product-type-simple"},"yoast_head":"<!-- This site is optimized with the Yoast SEO plugin v27.3 - https:\/\/yoast.com\/product\/yoast-seo-wordpress\/ -->\n<title>K-Time Somnia Color Code kinkekomplekt - She Beauty Studio<\/title>\n<meta name=\"description\" content=\"T\u00e4iuslik kinkekomplekt v\u00e4rvitud ja t\u00f6\u00f6deldud juuste igak\u00fclgseks hoolduseks \u2013 kolm professionaalset toodet, mis taastavad juuste eluj\u00f5u ja s\u00e4ra.\" \/>\n<meta name=\"robots\" content=\"index, follow, max-snippet:-1, max-image-preview:large, max-video-preview:-1\" \/>\n<link rel=\"canonical\" href=\"https:\/\/shebeauty.ee\/en\/product\/k-time-color-code-protective-radiace-kinkekomplekt\/\" \/>\n<meta property=\"og:locale\" content=\"en_US\" \/>\n<meta property=\"og:type\" content=\"article\" \/>\n<meta property=\"og:title\" content=\"K-Time Somnia Color Code kinkekomplekt - She Beauty Studio\" \/>\n<meta property=\"og:description\" content=\"T\u00e4iuslik kinkekomplekt v\u00e4rvitud ja t\u00f6\u00f6deldud juuste igak\u00fclgseks hoolduseks \u2013 kolm professionaalset toodet, mis taastavad juuste eluj\u00f5u ja s\u00e4ra.\" \/>\n<meta property=\"og:url\" content=\"https:\/\/shebeauty.ee\/en\/product\/k-time-color-code-protective-radiace-kinkekomplekt\/\" \/>\n<meta property=\"og:site_name\" content=\"She Beauty Studio\" \/>\n<meta property=\"article:modified_time\" content=\"2026-04-08T05:25:26+00:00\" \/>\n<meta property=\"og:image\" content=\"https:\/\/shebeauty.ee\/wp-content\/uploads\/2023\/12\/Varvi-kaitsev-Color-Code-kinkekomplektl-2-scaled.jpg\" \/>\n\t<meta property=\"og:image:width\" content=\"2560\" \/>\n\t<meta property=\"og:image:height\" content=\"2560\" \/>\n\t<meta property=\"og:image:type\" content=\"image\/jpeg\" \/>\n<meta name=\"twitter:card\" content=\"summary_large_image\" \/>\n<meta name=\"twitter:label1\" content=\"Est. reading time\" \/>\n\t<meta name=\"twitter:data1\" content=\"1 minute\" \/>\n<script type=\"application\/ld+json\" class=\"yoast-schema-graph\">{\"@context\":\"https:\\\/\\\/schema.org\",\"@graph\":[{\"@type\":\"WebPage\",\"@id\":\"https:\\\/\\\/shebeauty.ee\\\/toode\\\/k-time-color-code-protective-radiace-kinkekomplekt\\\/\",\"url\":\"https:\\\/\\\/shebeauty.ee\\\/toode\\\/k-time-color-code-protective-radiace-kinkekomplekt\\\/\",\"name\":\"K-Time Somnia Color Code kinkekomplekt - She Beauty Studio\",\"isPartOf\":{\"@id\":\"https:\\\/\\\/shebeauty.ee\\\/#website\"},\"primaryImageOfPage\":{\"@id\":\"https:\\\/\\\/shebeauty.ee\\\/toode\\\/k-time-color-code-protective-radiace-kinkekomplekt\\\/#primaryimage\"},\"image\":{\"@id\":\"https:\\\/\\\/shebeauty.ee\\\/toode\\\/k-time-color-code-protective-radiace-kinkekomplekt\\\/#primaryimage\"},\"thumbnailUrl\":\"https:\\\/\\\/shebeauty.ee\\\/wp-content\\\/uploads\\\/2023\\\/12\\\/Varvi-kaitsev-Color-Code-kinkekomplektl-2-scaled.jpg\",\"datePublished\":\"2023-12-02T09:14:55+00:00\",\"dateModified\":\"2026-04-08T05:25:26+00:00\",\"description\":\"T\u00e4iuslik kinkekomplekt v\u00e4rvitud ja t\u00f6\u00f6deldud juuste igak\u00fclgseks hoolduseks \u2013 kolm professionaalset toodet, mis taastavad juuste eluj\u00f5u ja s\u00e4ra.\",\"breadcrumb\":{\"@id\":\"https:\\\/\\\/shebeauty.ee\\\/toode\\\/k-time-color-code-protective-radiace-kinkekomplekt\\\/#breadcrumb\"},\"inLanguage\":\"en-US\",\"potentialAction\":[{\"@type\":\"ReadAction\",\"target\":[\"https:\\\/\\\/shebeauty.ee\\\/toode\\\/k-time-color-code-protective-radiace-kinkekomplekt\\\/\"]}]},{\"@type\":\"ImageObject\",\"inLanguage\":\"en-US\",\"@id\":\"https:\\\/\\\/shebeauty.ee\\\/toode\\\/k-time-color-code-protective-radiace-kinkekomplekt\\\/#primaryimage\",\"url\":\"https:\\\/\\\/shebeauty.ee\\\/wp-content\\\/uploads\\\/2023\\\/12\\\/Varvi-kaitsev-Color-Code-kinkekomplektl-2-scaled.jpg\",\"contentUrl\":\"https:\\\/\\\/shebeauty.ee\\\/wp-content\\\/uploads\\\/2023\\\/12\\\/Varvi-kaitsev-Color-Code-kinkekomplektl-2-scaled.jpg\",\"width\":2560,\"height\":2560},{\"@type\":\"BreadcrumbList\",\"@id\":\"https:\\\/\\\/shebeauty.ee\\\/toode\\\/k-time-color-code-protective-radiace-kinkekomplekt\\\/#breadcrumb\",\"itemListElement\":[{\"@type\":\"ListItem\",\"position\":1,\"name\":\"Home\",\"item\":\"https:\\\/\\\/shebeauty.ee\\\/\"},{\"@type\":\"ListItem\",\"position\":2,\"name\":\"Pood\",\"item\":\"https:\\\/\\\/shebeauty.ee\\\/e-pood\\\/\"},{\"@type\":\"ListItem\",\"position\":3,\"name\":\"K-Time Somnia Color Code kinkekomplekt\"}]},{\"@type\":\"WebSite\",\"@id\":\"https:\\\/\\\/shebeauty.ee\\\/#website\",\"url\":\"https:\\\/\\\/shebeauty.ee\\\/\",\"name\":\"She Beauty Studio\",\"description\":\"Juuksestuudio\",\"publisher\":{\"@id\":\"https:\\\/\\\/shebeauty.ee\\\/#organization\"},\"potentialAction\":[{\"@type\":\"SearchAction\",\"target\":{\"@type\":\"EntryPoint\",\"urlTemplate\":\"https:\\\/\\\/shebeauty.ee\\\/?s={search_term_string}\"},\"query-input\":{\"@type\":\"PropertyValueSpecification\",\"valueRequired\":true,\"valueName\":\"search_term_string\"}}],\"inLanguage\":\"en-US\"},{\"@type\":\"Organization\",\"@id\":\"https:\\\/\\\/shebeauty.ee\\\/#organization\",\"name\":\"She Beauty O\u00dc\",\"url\":\"https:\\\/\\\/shebeauty.ee\\\/\",\"logo\":{\"@type\":\"ImageObject\",\"inLanguage\":\"en-US\",\"@id\":\"https:\\\/\\\/shebeauty.ee\\\/#\\\/schema\\\/logo\\\/image\\\/\",\"url\":\"https:\\\/\\\/shebeauty.ee\\\/wp-content\\\/uploads\\\/2023\\\/10\\\/IMG_0585.jpg\",\"contentUrl\":\"https:\\\/\\\/shebeauty.ee\\\/wp-content\\\/uploads\\\/2023\\\/10\\\/IMG_0585.jpg\",\"width\":1284,\"height\":1300,\"caption\":\"She Beauty O\u00dc\"},\"image\":{\"@id\":\"https:\\\/\\\/shebeauty.ee\\\/#\\\/schema\\\/logo\\\/image\\\/\"}}]}<\/script>\n<!-- \/ Yoast SEO plugin. -->","yoast_head_json":{"title":"K-Time Somnia Color Code kinkekomplekt - She Beauty Studio","description":"T\u00e4iuslik kinkekomplekt v\u00e4rvitud ja t\u00f6\u00f6deldud juuste igak\u00fclgseks hoolduseks \u2013 kolm professionaalset toodet, mis taastavad juuste eluj\u00f5u ja s\u00e4ra.","robots":{"index":"index","follow":"follow","max-snippet":"max-snippet:-1","max-image-preview":"max-image-preview:large","max-video-preview":"max-video-preview:-1"},"canonical":"https:\/\/shebeauty.ee\/en\/product\/k-time-color-code-protective-radiace-kinkekomplekt\/","og_locale":"en_US","og_type":"article","og_title":"K-Time Somnia Color Code kinkekomplekt - She Beauty Studio","og_description":"T\u00e4iuslik kinkekomplekt v\u00e4rvitud ja t\u00f6\u00f6deldud juuste igak\u00fclgseks hoolduseks \u2013 kolm professionaalset toodet, mis taastavad juuste eluj\u00f5u ja s\u00e4ra.","og_url":"https:\/\/shebeauty.ee\/en\/product\/k-time-color-code-protective-radiace-kinkekomplekt\/","og_site_name":"She Beauty Studio","article_modified_time":"2026-04-08T05:25:26+00:00","og_image":[{"width":2560,"height":2560,"url":"https:\/\/shebeauty.ee\/wp-content\/uploads\/2023\/12\/Varvi-kaitsev-Color-Code-kinkekomplektl-2-scaled.jpg","type":"image\/jpeg"}],"twitter_card":"summary_large_image","twitter_misc":{"Est. reading time":"1 minute"},"schema":{"@context":"https:\/\/schema.org","@graph":[{"@type":"WebPage","@id":"https:\/\/shebeauty.ee\/toode\/k-time-color-code-protective-radiace-kinkekomplekt\/","url":"https:\/\/shebeauty.ee\/toode\/k-time-color-code-protective-radiace-kinkekomplekt\/","name":"K-Time Somnia Color Code kinkekomplekt - She Beauty Studio","isPartOf":{"@id":"https:\/\/shebeauty.ee\/#website"},"primaryImageOfPage":{"@id":"https:\/\/shebeauty.ee\/toode\/k-time-color-code-protective-radiace-kinkekomplekt\/#primaryimage"},"image":{"@id":"https:\/\/shebeauty.ee\/toode\/k-time-color-code-protective-radiace-kinkekomplekt\/#primaryimage"},"thumbnailUrl":"https:\/\/shebeauty.ee\/wp-content\/uploads\/2023\/12\/Varvi-kaitsev-Color-Code-kinkekomplektl-2-scaled.jpg","datePublished":"2023-12-02T09:14:55+00:00","dateModified":"2026-04-08T05:25:26+00:00","description":"T\u00e4iuslik kinkekomplekt v\u00e4rvitud ja t\u00f6\u00f6deldud juuste igak\u00fclgseks hoolduseks \u2013 kolm professionaalset toodet, mis taastavad juuste eluj\u00f5u ja s\u00e4ra.","breadcrumb":{"@id":"https:\/\/shebeauty.ee\/toode\/k-time-color-code-protective-radiace-kinkekomplekt\/#breadcrumb"},"inLanguage":"en-US","potentialAction":[{"@type":"ReadAction","target":["https:\/\/shebeauty.ee\/toode\/k-time-color-code-protective-radiace-kinkekomplekt\/"]}]},{"@type":"ImageObject","inLanguage":"en-US","@id":"https:\/\/shebeauty.ee\/toode\/k-time-color-code-protective-radiace-kinkekomplekt\/#primaryimage","url":"https:\/\/shebeauty.ee\/wp-content\/uploads\/2023\/12\/Varvi-kaitsev-Color-Code-kinkekomplektl-2-scaled.jpg","contentUrl":"https:\/\/shebeauty.ee\/wp-content\/uploads\/2023\/12\/Varvi-kaitsev-Color-Code-kinkekomplektl-2-scaled.jpg","width":2560,"height":2560},{"@type":"BreadcrumbList","@id":"https:\/\/shebeauty.ee\/toode\/k-time-color-code-protective-radiace-kinkekomplekt\/#breadcrumb","itemListElement":[{"@type":"ListItem","position":1,"name":"Home","item":"https:\/\/shebeauty.ee\/"},{"@type":"ListItem","position":2,"name":"Pood","item":"https:\/\/shebeauty.ee\/e-pood\/"},{"@type":"ListItem","position":3,"name":"K-Time Somnia Color Code kinkekomplekt"}]},{"@type":"WebSite","@id":"https:\/\/shebeauty.ee\/#website","url":"https:\/\/shebeauty.ee\/","name":"She Beauty Studio","description":"Juuksestuudio","publisher":{"@id":"https:\/\/shebeauty.ee\/#organization"},"potentialAction":[{"@type":"SearchAction","target":{"@type":"EntryPoint","urlTemplate":"https:\/\/shebeauty.ee\/?s={search_term_string}"},"query-input":{"@type":"PropertyValueSpecification","valueRequired":true,"valueName":"search_term_string"}}],"inLanguage":"en-US"},{"@type":"Organization","@id":"https:\/\/shebeauty.ee\/#organization","name":"She Beauty O\u00dc","url":"https:\/\/shebeauty.ee\/","logo":{"@type":"ImageObject","inLanguage":"en-US","@id":"https:\/\/shebeauty.ee\/#\/schema\/logo\/image\/","url":"https:\/\/shebeauty.ee\/wp-content\/uploads\/2023\/10\/IMG_0585.jpg","contentUrl":"https:\/\/shebeauty.ee\/wp-content\/uploads\/2023\/10\/IMG_0585.jpg","width":1284,"height":1300,"caption":"She Beauty O\u00dc"},"image":{"@id":"https:\/\/shebeauty.ee\/#\/schema\/logo\/image\/"}}]}},"_links":{"self":[{"href":"https:\/\/shebeauty.ee\/en\/wp-json\/wp\/v2\/product\/3065","targetHints":{"allow":["GET"]}}],"collection":[{"href":"https:\/\/shebeauty.ee\/en\/wp-json\/wp\/v2\/product"}],"about":[{"href":"https:\/\/shebeauty.ee\/en\/wp-json\/wp\/v2\/types\/product"}],"replies":[{"embeddable":true,"href":"https:\/\/shebeauty.ee\/en\/wp-json\/wp\/v2\/comments?post=3065"}],"wp:featuredmedia":[{"embeddable":true,"href":"https:\/\/shebeauty.ee\/en\/wp-json\/wp\/v2\/media\/5637"}],"wp:attachment":[{"href":"https:\/\/shebeauty.ee\/en\/wp-json\/wp\/v2\/media?parent=3065"}],"wp:term":[{"taxonomy":"product_brand","embeddable":true,"href":"https:\/\/shebeauty.ee\/en\/wp-json\/wp\/v2\/product_brand?post=3065"},{"taxonomy":"product_cat","embeddable":true,"href":"https:\/\/shebeauty.ee\/en\/wp-json\/wp\/v2\/product_cat?post=3065"},{"taxonomy":"product_tag","embeddable":true,"href":"https:\/\/shebeauty.ee\/en\/wp-json\/wp\/v2\/product_tag?post=3065"},{"taxonomy":"giftcard-category","embeddable":true,"href":"https:\/\/shebeauty.ee\/en\/wp-json\/wp\/v2\/giftcard-category?post=3065"}],"curies":[{"name":"wp","href":"https:\/\/api.w.org\/{rel}","templated":true}]}}