{"id":3060,"date":"2023-12-02T11:15:33","date_gmt":"2023-12-02T09:15:33","guid":{"rendered":"https:\/\/shebeauty.ee\/?post_type=product&#038;p=3060"},"modified":"2026-04-16T08:39:00","modified_gmt":"2026-04-16T05:39:00","slug":"k-time-somnia-proliss-kinkekomplekt","status":"publish","type":"product","link":"https:\/\/shebeauty.ee\/en\/product\/k-time-somnia-proliss-kinkekomplekt\/","title":{"rendered":"K-Time Somnia Proliss Gift set"},"content":{"rendered":"<p class=\"p1 translation-block\"><span class=\"s1\"><b><i>K-Time Somnia Proliss Smoothing Anti-frizz <\/i><\/b><\/span><span class=\"s1\"><i>is specially designed for frizzy hair. Enriched with orchid extract, keratin, and vitamin E<\/i><b><i>. <\/i><\/b><i>By reducing frizz, the shampoo makes hair smooth and easier to manage.<\/i><\/span><span class=\"s1\"><i>Keratin provides hair with strength and elasticity. <\/i><\/span><span class=\"s1\"><i>Orchid extract moisturizes and softens hair, helping to maintain healthy hair fibers. <\/i><\/span><span class=\"s1\"><i>Vitamin E has antioxidant properties, helping to prevent hair dullness.<\/i><\/span><\/p>\n<p class=\"p1 translation-block\"><span class=\"s1\"><b><i>K-Time Somnia Proliss Smoothing Anti-frizz <\/i><\/b><\/span><span class=\"s1\"><i> smoothing hair mask is specially designed for frizzy hair. Enriched with orchid extract, keratin, and vitamin E, the product creates a protective layer on the hair, reducing frizz. This makes hair smoother and easier to manage. <\/i><\/span><span class=\"s1\"><i>Keratin provides hair with strength and elasticity.<\/i><\/span><span class=\"s1\"><i>Orchid extract moisturizes and softens hair, helping to maintain healthy hair fibers. <\/i><\/span><span class=\"s1\"><i>Vitamin E has antioxidant properties, helping to prevent hair dullness.<\/i><\/span><\/p>\n<p class=\"p1 translation-block\"><span class=\"s1\"><b><i>K-Time Somnia Proliss Smoothing Cream <\/i><\/b><\/span><span class=\"s1\"><i> smoothing hair cream is specially designed for frizzy hair. Enriched with orchid extract and keratin, the cream intensely nourishes hair, reducing frizz and maintaining optimal moisture levels to provide heat protection during styling.<\/i><\/span><span class=\"s1\"><i>Keratin provides hair with strength and elasticity. <\/i><\/span><span class=\"s1\"><i>Orchid extract moisturizes and softens hair, helping to maintain healthy hair fibers.<br>\n<\/i><\/span><\/p>\n<p><strong>The list of ingredients could change. Always refer to the product packaging for the most up-to-date ingredient list.<\/strong><br \/>\n<strong>Koostisosade loetelu v\u00f5ib muutuda. K\u00f5ige ajakohasema koostisosade loetelu leiad alati toote pakendilt.<\/strong><\/p>\n<p class=\"p1\"><span class=\"s1\">Importer: Beauty Cosmetics O\u00dc, Kaupmehe 6, Tallinn <a href=\"https:\/\/shebeauty.ee\/en\/\"><span class=\"s2\">www.shebeauty.ee<\/span><\/a><\/span><\/p>\n<p class=\"p1\"><span class=\"s1\"><i>\u00a0<\/i><\/span><\/p>","protected":false},"excerpt":{"rendered":"<p data-start=\"183\" data-end=\"488\" class=\"translation-block\">(<em>Price per litre: \u20ac112.31 \/ l<\/em>)<br>\nA smoothing gift set for frizzy and unruly hair, enriched with orchid extract, keratin, and vitamin E. The set is designed to smooth, moisturize, and strengthen hair \u2013 helping to reduce frizz, restore elasticity, and leave hair soft with a silky shine.<\/p>\n<p data-start=\"490\" data-end=\"653\">Komplekt sisaldab: \u0160ampoon 300\u202fml, siluv juuksemask 200\u202fml ja juuksekreem 150\u202fml.<\/p>","protected":false},"featured_media":5572,"comment_status":"open","ping_status":"closed","template":"","meta":{"site-sidebar-layout":"default","site-content-layout":"","ast-site-content-layout":"default","site-content-style":"default","site-sidebar-style":"default","ast-global-header-display":"","ast-banner-title-visibility":"","ast-main-header-display":"","ast-hfb-above-header-display":"","ast-hfb-below-header-display":"","ast-hfb-mobile-header-display":"","site-post-title":"","ast-breadcrumbs-content":"","ast-featured-img":"","footer-sml-layout":"","ast-disable-related-posts":"","theme-transparent-header-meta":"default","adv-header-id-meta":"","stick-header-meta":"","header-above-stick-meta":"","header-main-stick-meta":"","header-below-stick-meta":"","astra-migrate-meta-layouts":"set","ast-page-background-enabled":"default","ast-page-background-meta":{"desktop":{"background-color":"var(--ast-global-color-4)","background-image":"","background-repeat":"repeat","background-position":"center center","background-size":"auto","background-attachment":"scroll","background-type":"","background-media":"","overlay-type":"","overlay-color":"","overlay-opacity":"","overlay-gradient":""},"tablet":{"background-color":"","background-image":"","background-repeat":"repeat","background-position":"center center","background-size":"auto","background-attachment":"scroll","background-type":"","background-media":"","overlay-type":"","overlay-color":"","overlay-opacity":"","overlay-gradient":""},"mobile":{"background-color":"","background-image":"","background-repeat":"repeat","background-position":"center center","background-size":"auto","background-attachment":"scroll","background-type":"","background-media":"","overlay-type":"","overlay-color":"","overlay-opacity":"","overlay-gradient":""}},"ast-content-background-meta":{"desktop":{"background-color":"var(--ast-global-color-5)","background-image":"","background-repeat":"repeat","background-position":"center center","background-size":"auto","background-attachment":"scroll","background-type":"","background-media":"","overlay-type":"","overlay-color":"","overlay-opacity":"","overlay-gradient":""},"tablet":{"background-color":"var(--ast-global-color-5)","background-image":"","background-repeat":"repeat","background-position":"center center","background-size":"auto","background-attachment":"scroll","background-type":"","background-media":"","overlay-type":"","overlay-color":"","overlay-opacity":"","overlay-gradient":""},"mobile":{"background-color":"var(--ast-global-color-5)","background-image":"","background-repeat":"repeat","background-position":"center center","background-size":"auto","background-attachment":"scroll","background-type":"","background-media":"","overlay-type":"","overlay-color":"","overlay-opacity":"","overlay-gradient":""}}},"product_brand":[],"product_cat":[112],"product_tag":[239,69,231,154,174,249,129,210],"giftcard-category":[],"class_list":{"0":"post-3060","1":"product","2":"type-product","3":"status-publish","4":"has-post-thumbnail","6":"product_cat-kinkekomplektid","7":"product_tag-juuksekreem","8":"product_tag-juuksemask","9":"product_tag-k-time-somnia","10":"product_tag-kahuvaba-tulemus","11":"product_tag-kinkekomplekt","12":"product_tag-proliss-sari","13":"product_tag-shampoo","14":"product_tag-siluv","15":"desktop-align-center","16":"tablet-align-left","17":"mobile-align-left","19":"first","20":"instock","21":"taxable","22":"shipping-taxable","23":"purchasable","24":"product-type-simple"},"yoast_head":"<!-- This site is optimized with the Yoast SEO plugin v27.4 - https:\/\/yoast.com\/product\/yoast-seo-wordpress\/ -->\n<title>K-Time Somnia Proliss kinkekomplekt - She Beauty Studio<\/title>\n<meta name=\"description\" content=\"Siluva toimega kinkekomplekt kahustele ja t\u00f5rksatele juustele, rikastatud orhideeekstrakti, keratiini ja E-vitamiiniga. Taastab s\u00e4ra ja l\u00e4ike.\" \/>\n<meta name=\"robots\" content=\"index, follow, max-snippet:-1, max-image-preview:large, max-video-preview:-1\" \/>\n<link rel=\"canonical\" href=\"https:\/\/shebeauty.ee\/en\/product\/k-time-somnia-proliss-kinkekomplekt\/\" \/>\n<meta property=\"og:locale\" content=\"en_US\" \/>\n<meta property=\"og:type\" content=\"article\" \/>\n<meta property=\"og:title\" content=\"K-Time Somnia Proliss kinkekomplekt - She Beauty Studio\" \/>\n<meta property=\"og:description\" content=\"Siluva toimega kinkekomplekt kahustele ja t\u00f5rksatele juustele, rikastatud orhideeekstrakti, keratiini ja E-vitamiiniga. Taastab s\u00e4ra ja l\u00e4ike.\" \/>\n<meta property=\"og:url\" content=\"https:\/\/shebeauty.ee\/en\/product\/k-time-somnia-proliss-kinkekomplekt\/\" \/>\n<meta property=\"og:site_name\" content=\"She Beauty Studio\" \/>\n<meta property=\"article:modified_time\" content=\"2026-04-16T05:39:00+00:00\" \/>\n<meta property=\"og:image\" content=\"https:\/\/shebeauty.ee\/wp-content\/uploads\/2023\/12\/Somnia-Proliss-Gift-200ml-2-scaled.jpg\" \/>\n\t<meta property=\"og:image:width\" content=\"2560\" \/>\n\t<meta property=\"og:image:height\" content=\"2560\" \/>\n\t<meta property=\"og:image:type\" content=\"image\/jpeg\" \/>\n<meta name=\"twitter:card\" content=\"summary_large_image\" \/>\n<meta name=\"twitter:label1\" content=\"Est. reading time\" \/>\n\t<meta name=\"twitter:data1\" content=\"2 minutes\" \/>\n<script type=\"application\/ld+json\" class=\"yoast-schema-graph\">{\"@context\":\"https:\\\/\\\/schema.org\",\"@graph\":[{\"@type\":\"WebPage\",\"@id\":\"https:\\\/\\\/shebeauty.ee\\\/toode\\\/k-time-somnia-proliss-kinkekomplekt\\\/\",\"url\":\"https:\\\/\\\/shebeauty.ee\\\/toode\\\/k-time-somnia-proliss-kinkekomplekt\\\/\",\"name\":\"K-Time Somnia Proliss kinkekomplekt - She Beauty Studio\",\"isPartOf\":{\"@id\":\"https:\\\/\\\/shebeauty.ee\\\/#website\"},\"primaryImageOfPage\":{\"@id\":\"https:\\\/\\\/shebeauty.ee\\\/toode\\\/k-time-somnia-proliss-kinkekomplekt\\\/#primaryimage\"},\"image\":{\"@id\":\"https:\\\/\\\/shebeauty.ee\\\/toode\\\/k-time-somnia-proliss-kinkekomplekt\\\/#primaryimage\"},\"thumbnailUrl\":\"https:\\\/\\\/shebeauty.ee\\\/wp-content\\\/uploads\\\/2023\\\/12\\\/Somnia-Proliss-Gift-200ml-2-scaled.jpg\",\"datePublished\":\"2023-12-02T09:15:33+00:00\",\"dateModified\":\"2026-04-16T05:39:00+00:00\",\"description\":\"Siluva toimega kinkekomplekt kahustele ja t\u00f5rksatele juustele, rikastatud orhideeekstrakti, keratiini ja E-vitamiiniga. Taastab s\u00e4ra ja l\u00e4ike.\",\"breadcrumb\":{\"@id\":\"https:\\\/\\\/shebeauty.ee\\\/toode\\\/k-time-somnia-proliss-kinkekomplekt\\\/#breadcrumb\"},\"inLanguage\":\"en-US\",\"potentialAction\":[{\"@type\":\"ReadAction\",\"target\":[\"https:\\\/\\\/shebeauty.ee\\\/toode\\\/k-time-somnia-proliss-kinkekomplekt\\\/\"]}]},{\"@type\":\"ImageObject\",\"inLanguage\":\"en-US\",\"@id\":\"https:\\\/\\\/shebeauty.ee\\\/toode\\\/k-time-somnia-proliss-kinkekomplekt\\\/#primaryimage\",\"url\":\"https:\\\/\\\/shebeauty.ee\\\/wp-content\\\/uploads\\\/2023\\\/12\\\/Somnia-Proliss-Gift-200ml-2-scaled.jpg\",\"contentUrl\":\"https:\\\/\\\/shebeauty.ee\\\/wp-content\\\/uploads\\\/2023\\\/12\\\/Somnia-Proliss-Gift-200ml-2-scaled.jpg\",\"width\":2560,\"height\":2560},{\"@type\":\"BreadcrumbList\",\"@id\":\"https:\\\/\\\/shebeauty.ee\\\/toode\\\/k-time-somnia-proliss-kinkekomplekt\\\/#breadcrumb\",\"itemListElement\":[{\"@type\":\"ListItem\",\"position\":1,\"name\":\"Home\",\"item\":\"https:\\\/\\\/shebeauty.ee\\\/\"},{\"@type\":\"ListItem\",\"position\":2,\"name\":\"Pood\",\"item\":\"https:\\\/\\\/shebeauty.ee\\\/e-pood\\\/\"},{\"@type\":\"ListItem\",\"position\":3,\"name\":\"K-Time Somnia Proliss kinkekomplekt\"}]},{\"@type\":\"WebSite\",\"@id\":\"https:\\\/\\\/shebeauty.ee\\\/#website\",\"url\":\"https:\\\/\\\/shebeauty.ee\\\/\",\"name\":\"She Beauty Studio\",\"description\":\"Juuksestuudio\",\"publisher\":{\"@id\":\"https:\\\/\\\/shebeauty.ee\\\/#organization\"},\"potentialAction\":[{\"@type\":\"SearchAction\",\"target\":{\"@type\":\"EntryPoint\",\"urlTemplate\":\"https:\\\/\\\/shebeauty.ee\\\/?s={search_term_string}\"},\"query-input\":{\"@type\":\"PropertyValueSpecification\",\"valueRequired\":true,\"valueName\":\"search_term_string\"}}],\"inLanguage\":\"en-US\"},{\"@type\":\"Organization\",\"@id\":\"https:\\\/\\\/shebeauty.ee\\\/#organization\",\"name\":\"She Beauty O\u00dc\",\"url\":\"https:\\\/\\\/shebeauty.ee\\\/\",\"logo\":{\"@type\":\"ImageObject\",\"inLanguage\":\"en-US\",\"@id\":\"https:\\\/\\\/shebeauty.ee\\\/#\\\/schema\\\/logo\\\/image\\\/\",\"url\":\"https:\\\/\\\/shebeauty.ee\\\/wp-content\\\/uploads\\\/2023\\\/10\\\/IMG_0585.jpg\",\"contentUrl\":\"https:\\\/\\\/shebeauty.ee\\\/wp-content\\\/uploads\\\/2023\\\/10\\\/IMG_0585.jpg\",\"width\":1284,\"height\":1300,\"caption\":\"She Beauty O\u00dc\"},\"image\":{\"@id\":\"https:\\\/\\\/shebeauty.ee\\\/#\\\/schema\\\/logo\\\/image\\\/\"}}]}<\/script>\n<!-- \/ Yoast SEO plugin. -->","yoast_head_json":{"title":"K-Time Somnia Proliss kinkekomplekt - She Beauty Studio","description":"Siluva toimega kinkekomplekt kahustele ja t\u00f5rksatele juustele, rikastatud orhideeekstrakti, keratiini ja E-vitamiiniga. Taastab s\u00e4ra ja l\u00e4ike.","robots":{"index":"index","follow":"follow","max-snippet":"max-snippet:-1","max-image-preview":"max-image-preview:large","max-video-preview":"max-video-preview:-1"},"canonical":"https:\/\/shebeauty.ee\/en\/product\/k-time-somnia-proliss-kinkekomplekt\/","og_locale":"en_US","og_type":"article","og_title":"K-Time Somnia Proliss kinkekomplekt - She Beauty Studio","og_description":"Siluva toimega kinkekomplekt kahustele ja t\u00f5rksatele juustele, rikastatud orhideeekstrakti, keratiini ja E-vitamiiniga. Taastab s\u00e4ra ja l\u00e4ike.","og_url":"https:\/\/shebeauty.ee\/en\/product\/k-time-somnia-proliss-kinkekomplekt\/","og_site_name":"She Beauty Studio","article_modified_time":"2026-04-16T05:39:00+00:00","og_image":[{"width":2560,"height":2560,"url":"https:\/\/shebeauty.ee\/wp-content\/uploads\/2023\/12\/Somnia-Proliss-Gift-200ml-2-scaled.jpg","type":"image\/jpeg"}],"twitter_card":"summary_large_image","twitter_misc":{"Est. reading time":"2 minutes"},"schema":{"@context":"https:\/\/schema.org","@graph":[{"@type":"WebPage","@id":"https:\/\/shebeauty.ee\/toode\/k-time-somnia-proliss-kinkekomplekt\/","url":"https:\/\/shebeauty.ee\/toode\/k-time-somnia-proliss-kinkekomplekt\/","name":"K-Time Somnia Proliss kinkekomplekt - She Beauty Studio","isPartOf":{"@id":"https:\/\/shebeauty.ee\/#website"},"primaryImageOfPage":{"@id":"https:\/\/shebeauty.ee\/toode\/k-time-somnia-proliss-kinkekomplekt\/#primaryimage"},"image":{"@id":"https:\/\/shebeauty.ee\/toode\/k-time-somnia-proliss-kinkekomplekt\/#primaryimage"},"thumbnailUrl":"https:\/\/shebeauty.ee\/wp-content\/uploads\/2023\/12\/Somnia-Proliss-Gift-200ml-2-scaled.jpg","datePublished":"2023-12-02T09:15:33+00:00","dateModified":"2026-04-16T05:39:00+00:00","description":"Siluva toimega kinkekomplekt kahustele ja t\u00f5rksatele juustele, rikastatud orhideeekstrakti, keratiini ja E-vitamiiniga. Taastab s\u00e4ra ja l\u00e4ike.","breadcrumb":{"@id":"https:\/\/shebeauty.ee\/toode\/k-time-somnia-proliss-kinkekomplekt\/#breadcrumb"},"inLanguage":"en-US","potentialAction":[{"@type":"ReadAction","target":["https:\/\/shebeauty.ee\/toode\/k-time-somnia-proliss-kinkekomplekt\/"]}]},{"@type":"ImageObject","inLanguage":"en-US","@id":"https:\/\/shebeauty.ee\/toode\/k-time-somnia-proliss-kinkekomplekt\/#primaryimage","url":"https:\/\/shebeauty.ee\/wp-content\/uploads\/2023\/12\/Somnia-Proliss-Gift-200ml-2-scaled.jpg","contentUrl":"https:\/\/shebeauty.ee\/wp-content\/uploads\/2023\/12\/Somnia-Proliss-Gift-200ml-2-scaled.jpg","width":2560,"height":2560},{"@type":"BreadcrumbList","@id":"https:\/\/shebeauty.ee\/toode\/k-time-somnia-proliss-kinkekomplekt\/#breadcrumb","itemListElement":[{"@type":"ListItem","position":1,"name":"Home","item":"https:\/\/shebeauty.ee\/"},{"@type":"ListItem","position":2,"name":"Pood","item":"https:\/\/shebeauty.ee\/e-pood\/"},{"@type":"ListItem","position":3,"name":"K-Time Somnia Proliss kinkekomplekt"}]},{"@type":"WebSite","@id":"https:\/\/shebeauty.ee\/#website","url":"https:\/\/shebeauty.ee\/","name":"She Beauty Studio","description":"Juuksestuudio","publisher":{"@id":"https:\/\/shebeauty.ee\/#organization"},"potentialAction":[{"@type":"SearchAction","target":{"@type":"EntryPoint","urlTemplate":"https:\/\/shebeauty.ee\/?s={search_term_string}"},"query-input":{"@type":"PropertyValueSpecification","valueRequired":true,"valueName":"search_term_string"}}],"inLanguage":"en-US"},{"@type":"Organization","@id":"https:\/\/shebeauty.ee\/#organization","name":"She Beauty O\u00dc","url":"https:\/\/shebeauty.ee\/","logo":{"@type":"ImageObject","inLanguage":"en-US","@id":"https:\/\/shebeauty.ee\/#\/schema\/logo\/image\/","url":"https:\/\/shebeauty.ee\/wp-content\/uploads\/2023\/10\/IMG_0585.jpg","contentUrl":"https:\/\/shebeauty.ee\/wp-content\/uploads\/2023\/10\/IMG_0585.jpg","width":1284,"height":1300,"caption":"She Beauty O\u00dc"},"image":{"@id":"https:\/\/shebeauty.ee\/#\/schema\/logo\/image\/"}}]}},"_links":{"self":[{"href":"https:\/\/shebeauty.ee\/en\/wp-json\/wp\/v2\/product\/3060","targetHints":{"allow":["GET"]}}],"collection":[{"href":"https:\/\/shebeauty.ee\/en\/wp-json\/wp\/v2\/product"}],"about":[{"href":"https:\/\/shebeauty.ee\/en\/wp-json\/wp\/v2\/types\/product"}],"replies":[{"embeddable":true,"href":"https:\/\/shebeauty.ee\/en\/wp-json\/wp\/v2\/comments?post=3060"}],"wp:featuredmedia":[{"embeddable":true,"href":"https:\/\/shebeauty.ee\/en\/wp-json\/wp\/v2\/media\/5572"}],"wp:attachment":[{"href":"https:\/\/shebeauty.ee\/en\/wp-json\/wp\/v2\/media?parent=3060"}],"wp:term":[{"taxonomy":"product_brand","embeddable":true,"href":"https:\/\/shebeauty.ee\/en\/wp-json\/wp\/v2\/product_brand?post=3060"},{"taxonomy":"product_cat","embeddable":true,"href":"https:\/\/shebeauty.ee\/en\/wp-json\/wp\/v2\/product_cat?post=3060"},{"taxonomy":"product_tag","embeddable":true,"href":"https:\/\/shebeauty.ee\/en\/wp-json\/wp\/v2\/product_tag?post=3060"},{"taxonomy":"giftcard-category","embeddable":true,"href":"https:\/\/shebeauty.ee\/en\/wp-json\/wp\/v2\/giftcard-category?post=3060"}],"curies":[{"name":"wp","href":"https:\/\/api.w.org\/{rel}","templated":true}]}}