{"id":3058,"date":"2023-12-02T11:16:04","date_gmt":"2023-12-02T09:16:04","guid":{"rendered":"https:\/\/shebeauty.ee\/?post_type=product&#038;p=3058"},"modified":"2026-04-14T08:36:32","modified_gmt":"2026-04-14T05:36:32","slug":"k-time-somnia-hydralux-kinkekomplekt-200ml-juuksemaskiga","status":"publish","type":"product","link":"https:\/\/shebeauty.ee\/en\/product\/k-time-somnia-hydralux-kinkekomplekt-200ml-juuksemaskiga\/","title":{"rendered":"K-Time Somnia Hydralux Gift set with 200ml hair mask"},"content":{"rendered":"<p class=\"p1\" style=\"text-align: left;\"><span class=\"s1\"><b>Hydralux | Radiance and Nourishing Shampoo 300ml<\/b><\/span><\/p>\n<p class=\"p1\"><span class=\"s1\">Hydralux shining and nourishing shampoo is designed for dry and dull hair. Enriched with sweet almond oil and shea butter. <\/span><span class=\"s1\">Sweet almond oil has perfect emollient properties, giving dry and dull hair softness and shine after washing. <\/span><span class=\"s1\">Shea butter restores vitality in them, protecting them from possible damage from the external environment, while giving them a velvety effect.<\/span><span class=\"s1\">Hair remains soft, silky and shiny after washing.<\/span><\/p>\n<p class=\"p1\"><span class=\"s1\"><b>Hydralux | Radiance and Nourishing Mask 200ml<\/b><\/span><\/p>\n<p class=\"p1\"><span class=\"s1\">The Hydralux shine-giving and nourishing mask is designed for dry and dull hair. Enriched with sweet almond oil and shea butter. <\/span><span class=\"s1\">Sweet almond oil has perfect emollient properties, giving dry and dull hair softness and shine after washing. <\/span><span class=\"s1\">Shea butter restores vitality in them, protecting them from possible damage from the external environment, while giving them a velvety effect. <\/span><span class=\"s1\">Hair remains soft, silky and shiny after washing.<\/span><\/p>\n<p class=\"p1\"><span class=\"s1\"><b>Hydralux \u2013 Radiance Elixir 100ml<\/b><\/span><\/p>\n<p class=\"p1\"><span class=\"s1\">Restores the natural shine of dry and dull hair. Thanks to the restorative and nourishing effect of sweet almonds, it protects and moisturizes the hair, making it silky soft, shiny and vibrant.<\/span><\/p>\n<p class=\"p1\"><span class=\"s1\">During the day: apply the product to damp or dry hair as a daily protective treatment with a nourishing effect.<br \/>\n<\/span><span class=\"s1\">At night: apply the product to dry hair to restore softness.<\/span><\/p>","protected":false},"excerpt":{"rendered":"<p data-start=\"190\" data-end=\"515\">A moisturizing and restorative gift set for dry and lifeless hair, enriched with sweet almond oil and shea butter. The set is designed for intensive hydration, softening, and protection \u2013 providing healthy shine, restoring elasticity, and leaving hair soft, silky, and easy to manage.<\/p>\n<p data-start=\"517\" data-end=\"539\" class=\"translation-block\"><strong data-start=\"517\" data-end=\"539\">The set includes:<br>\n<\/strong>Shampoo 300\u202fml<br>\nHair Mask 200\u202fml<br>\nRadiance Hair Elixir 100\u202fml<\/p>","protected":false},"featured_media":5585,"comment_status":"open","ping_status":"closed","template":"","meta":{"site-sidebar-layout":"default","site-content-layout":"","ast-site-content-layout":"default","site-content-style":"default","site-sidebar-style":"default","ast-global-header-display":"","ast-banner-title-visibility":"","ast-main-header-display":"","ast-hfb-above-header-display":"","ast-hfb-below-header-display":"","ast-hfb-mobile-header-display":"","site-post-title":"","ast-breadcrumbs-content":"","ast-featured-img":"","footer-sml-layout":"","ast-disable-related-posts":"","theme-transparent-header-meta":"default","adv-header-id-meta":"","stick-header-meta":"","header-above-stick-meta":"","header-main-stick-meta":"","header-below-stick-meta":"","astra-migrate-meta-layouts":"set","ast-page-background-enabled":"default","ast-page-background-meta":{"desktop":{"background-color":"var(--ast-global-color-4)","background-image":"","background-repeat":"repeat","background-position":"center center","background-size":"auto","background-attachment":"scroll","background-type":"","background-media":"","overlay-type":"","overlay-color":"","overlay-opacity":"","overlay-gradient":""},"tablet":{"background-color":"","background-image":"","background-repeat":"repeat","background-position":"center center","background-size":"auto","background-attachment":"scroll","background-type":"","background-media":"","overlay-type":"","overlay-color":"","overlay-opacity":"","overlay-gradient":""},"mobile":{"background-color":"","background-image":"","background-repeat":"repeat","background-position":"center center","background-size":"auto","background-attachment":"scroll","background-type":"","background-media":"","overlay-type":"","overlay-color":"","overlay-opacity":"","overlay-gradient":""}},"ast-content-background-meta":{"desktop":{"background-color":"var(--ast-global-color-5)","background-image":"","background-repeat":"repeat","background-position":"center center","background-size":"auto","background-attachment":"scroll","background-type":"","background-media":"","overlay-type":"","overlay-color":"","overlay-opacity":"","overlay-gradient":""},"tablet":{"background-color":"var(--ast-global-color-5)","background-image":"","background-repeat":"repeat","background-position":"center center","background-size":"auto","background-attachment":"scroll","background-type":"","background-media":"","overlay-type":"","overlay-color":"","overlay-opacity":"","overlay-gradient":""},"mobile":{"background-color":"var(--ast-global-color-5)","background-image":"","background-repeat":"repeat","background-position":"center center","background-size":"auto","background-attachment":"scroll","background-type":"","background-media":"","overlay-type":"","overlay-color":"","overlay-opacity":"","overlay-gradient":""}}},"product_brand":[],"product_cat":[112],"product_tag":[252,151,256,69,231,251,82,250,235],"giftcard-category":[],"class_list":{"0":"post-3058","1":"product","2":"type-product","3":"status-publish","4":"has-post-thumbnail","6":"product_cat-kinkekomplektid","7":"product_tag-hydralux-sari","8":"product_tag-intensiivselt-niisutav","9":"product_tag-juukseeliksiir","10":"product_tag-juuksemask","11":"product_tag-k-time-somnia","12":"product_tag-mandlioli","13":"product_tag-sampoon","14":"product_tag-sheavoi","15":"product_tag-siidised-juuksed","16":"desktop-align-center","17":"tablet-align-left","18":"mobile-align-left","20":"first","21":"instock","22":"taxable","23":"shipping-taxable","24":"purchasable","25":"product-type-simple"},"yoast_head":"<!-- This site is optimized with the Yoast SEO plugin v27.4 - https:\/\/yoast.com\/product\/yoast-seo-wordpress\/ -->\n<title>K-Time Somnia Hydralux kinkekomplekt 200ml juuksemaskiga - She Beauty Studio<\/title>\n<meta name=\"description\" content=\"Niisutav ja taastav kinkekomplekt kuivadele ning eluj\u00f5uetutele juustele, rikastatud magusmandli\u00f5li ja sheav\u00f5iga. P\u00e4evaseks ja \u00f6iseks kasutamiseks.\" \/>\n<meta name=\"robots\" content=\"index, follow, max-snippet:-1, max-image-preview:large, max-video-preview:-1\" \/>\n<link rel=\"canonical\" href=\"https:\/\/shebeauty.ee\/en\/product\/k-time-somnia-hydralux-kinkekomplekt-200ml-juuksemaskiga\/\" \/>\n<meta property=\"og:locale\" content=\"en_US\" \/>\n<meta property=\"og:type\" content=\"article\" \/>\n<meta property=\"og:title\" content=\"K-Time Somnia Hydralux kinkekomplekt 200ml juuksemaskiga - She Beauty Studio\" \/>\n<meta property=\"og:description\" content=\"Niisutav ja taastav kinkekomplekt kuivadele ning eluj\u00f5uetutele juustele, rikastatud magusmandli\u00f5li ja sheav\u00f5iga. P\u00e4evaseks ja \u00f6iseks kasutamiseks.\" \/>\n<meta property=\"og:url\" content=\"https:\/\/shebeauty.ee\/en\/product\/k-time-somnia-hydralux-kinkekomplekt-200ml-juuksemaskiga\/\" \/>\n<meta property=\"og:site_name\" content=\"She Beauty Studio\" \/>\n<meta property=\"article:modified_time\" content=\"2026-04-14T05:36:32+00:00\" \/>\n<meta property=\"og:image\" content=\"https:\/\/shebeauty.ee\/wp-content\/uploads\/2023\/12\/Somnia-Hydralux-kinkekomplekt-200ml-maskiga-scaled.jpg\" \/>\n\t<meta property=\"og:image:width\" content=\"2560\" \/>\n\t<meta property=\"og:image:height\" content=\"2560\" \/>\n\t<meta property=\"og:image:type\" content=\"image\/jpeg\" \/>\n<meta name=\"twitter:card\" content=\"summary_large_image\" \/>\n<meta name=\"twitter:label1\" content=\"Est. reading time\" \/>\n\t<meta name=\"twitter:data1\" content=\"2 minutes\" \/>\n<script type=\"application\/ld+json\" class=\"yoast-schema-graph\">{\"@context\":\"https:\\\/\\\/schema.org\",\"@graph\":[{\"@type\":\"WebPage\",\"@id\":\"https:\\\/\\\/shebeauty.ee\\\/toode\\\/k-time-somnia-hydralux-kinkekomplekt-200ml-juuksemaskiga\\\/\",\"url\":\"https:\\\/\\\/shebeauty.ee\\\/toode\\\/k-time-somnia-hydralux-kinkekomplekt-200ml-juuksemaskiga\\\/\",\"name\":\"K-Time Somnia Hydralux kinkekomplekt 200ml juuksemaskiga - She Beauty Studio\",\"isPartOf\":{\"@id\":\"https:\\\/\\\/shebeauty.ee\\\/#website\"},\"primaryImageOfPage\":{\"@id\":\"https:\\\/\\\/shebeauty.ee\\\/toode\\\/k-time-somnia-hydralux-kinkekomplekt-200ml-juuksemaskiga\\\/#primaryimage\"},\"image\":{\"@id\":\"https:\\\/\\\/shebeauty.ee\\\/toode\\\/k-time-somnia-hydralux-kinkekomplekt-200ml-juuksemaskiga\\\/#primaryimage\"},\"thumbnailUrl\":\"https:\\\/\\\/shebeauty.ee\\\/wp-content\\\/uploads\\\/2023\\\/12\\\/Somnia-Hydralux-kinkekomplekt-200ml-maskiga-scaled.jpg\",\"datePublished\":\"2023-12-02T09:16:04+00:00\",\"dateModified\":\"2026-04-14T05:36:32+00:00\",\"description\":\"Niisutav ja taastav kinkekomplekt kuivadele ning eluj\u00f5uetutele juustele, rikastatud magusmandli\u00f5li ja sheav\u00f5iga. P\u00e4evaseks ja \u00f6iseks kasutamiseks.\",\"breadcrumb\":{\"@id\":\"https:\\\/\\\/shebeauty.ee\\\/toode\\\/k-time-somnia-hydralux-kinkekomplekt-200ml-juuksemaskiga\\\/#breadcrumb\"},\"inLanguage\":\"en-US\",\"potentialAction\":[{\"@type\":\"ReadAction\",\"target\":[\"https:\\\/\\\/shebeauty.ee\\\/toode\\\/k-time-somnia-hydralux-kinkekomplekt-200ml-juuksemaskiga\\\/\"]}]},{\"@type\":\"ImageObject\",\"inLanguage\":\"en-US\",\"@id\":\"https:\\\/\\\/shebeauty.ee\\\/toode\\\/k-time-somnia-hydralux-kinkekomplekt-200ml-juuksemaskiga\\\/#primaryimage\",\"url\":\"https:\\\/\\\/shebeauty.ee\\\/wp-content\\\/uploads\\\/2023\\\/12\\\/Somnia-Hydralux-kinkekomplekt-200ml-maskiga-scaled.jpg\",\"contentUrl\":\"https:\\\/\\\/shebeauty.ee\\\/wp-content\\\/uploads\\\/2023\\\/12\\\/Somnia-Hydralux-kinkekomplekt-200ml-maskiga-scaled.jpg\",\"width\":2560,\"height\":2560},{\"@type\":\"BreadcrumbList\",\"@id\":\"https:\\\/\\\/shebeauty.ee\\\/toode\\\/k-time-somnia-hydralux-kinkekomplekt-200ml-juuksemaskiga\\\/#breadcrumb\",\"itemListElement\":[{\"@type\":\"ListItem\",\"position\":1,\"name\":\"Home\",\"item\":\"https:\\\/\\\/shebeauty.ee\\\/\"},{\"@type\":\"ListItem\",\"position\":2,\"name\":\"Pood\",\"item\":\"https:\\\/\\\/shebeauty.ee\\\/e-pood\\\/\"},{\"@type\":\"ListItem\",\"position\":3,\"name\":\"K-Time Somnia Hydralux kinkekomplekt 200ml juuksemaskiga\"}]},{\"@type\":\"WebSite\",\"@id\":\"https:\\\/\\\/shebeauty.ee\\\/#website\",\"url\":\"https:\\\/\\\/shebeauty.ee\\\/\",\"name\":\"She Beauty Studio\",\"description\":\"Juuksestuudio\",\"publisher\":{\"@id\":\"https:\\\/\\\/shebeauty.ee\\\/#organization\"},\"potentialAction\":[{\"@type\":\"SearchAction\",\"target\":{\"@type\":\"EntryPoint\",\"urlTemplate\":\"https:\\\/\\\/shebeauty.ee\\\/?s={search_term_string}\"},\"query-input\":{\"@type\":\"PropertyValueSpecification\",\"valueRequired\":true,\"valueName\":\"search_term_string\"}}],\"inLanguage\":\"en-US\"},{\"@type\":\"Organization\",\"@id\":\"https:\\\/\\\/shebeauty.ee\\\/#organization\",\"name\":\"She Beauty O\u00dc\",\"url\":\"https:\\\/\\\/shebeauty.ee\\\/\",\"logo\":{\"@type\":\"ImageObject\",\"inLanguage\":\"en-US\",\"@id\":\"https:\\\/\\\/shebeauty.ee\\\/#\\\/schema\\\/logo\\\/image\\\/\",\"url\":\"https:\\\/\\\/shebeauty.ee\\\/wp-content\\\/uploads\\\/2023\\\/10\\\/IMG_0585.jpg\",\"contentUrl\":\"https:\\\/\\\/shebeauty.ee\\\/wp-content\\\/uploads\\\/2023\\\/10\\\/IMG_0585.jpg\",\"width\":1284,\"height\":1300,\"caption\":\"She Beauty O\u00dc\"},\"image\":{\"@id\":\"https:\\\/\\\/shebeauty.ee\\\/#\\\/schema\\\/logo\\\/image\\\/\"}}]}<\/script>\n<!-- \/ Yoast SEO plugin. -->","yoast_head_json":{"title":"K-Time Somnia Hydralux kinkekomplekt 200ml juuksemaskiga - She Beauty Studio","description":"Niisutav ja taastav kinkekomplekt kuivadele ning eluj\u00f5uetutele juustele, rikastatud magusmandli\u00f5li ja sheav\u00f5iga. P\u00e4evaseks ja \u00f6iseks kasutamiseks.","robots":{"index":"index","follow":"follow","max-snippet":"max-snippet:-1","max-image-preview":"max-image-preview:large","max-video-preview":"max-video-preview:-1"},"canonical":"https:\/\/shebeauty.ee\/en\/product\/k-time-somnia-hydralux-kinkekomplekt-200ml-juuksemaskiga\/","og_locale":"en_US","og_type":"article","og_title":"K-Time Somnia Hydralux kinkekomplekt 200ml juuksemaskiga - She Beauty Studio","og_description":"Niisutav ja taastav kinkekomplekt kuivadele ning eluj\u00f5uetutele juustele, rikastatud magusmandli\u00f5li ja sheav\u00f5iga. P\u00e4evaseks ja \u00f6iseks kasutamiseks.","og_url":"https:\/\/shebeauty.ee\/en\/product\/k-time-somnia-hydralux-kinkekomplekt-200ml-juuksemaskiga\/","og_site_name":"She Beauty Studio","article_modified_time":"2026-04-14T05:36:32+00:00","og_image":[{"width":2560,"height":2560,"url":"https:\/\/shebeauty.ee\/wp-content\/uploads\/2023\/12\/Somnia-Hydralux-kinkekomplekt-200ml-maskiga-scaled.jpg","type":"image\/jpeg"}],"twitter_card":"summary_large_image","twitter_misc":{"Est. reading time":"2 minutes"},"schema":{"@context":"https:\/\/schema.org","@graph":[{"@type":"WebPage","@id":"https:\/\/shebeauty.ee\/toode\/k-time-somnia-hydralux-kinkekomplekt-200ml-juuksemaskiga\/","url":"https:\/\/shebeauty.ee\/toode\/k-time-somnia-hydralux-kinkekomplekt-200ml-juuksemaskiga\/","name":"K-Time Somnia Hydralux kinkekomplekt 200ml juuksemaskiga - She Beauty Studio","isPartOf":{"@id":"https:\/\/shebeauty.ee\/#website"},"primaryImageOfPage":{"@id":"https:\/\/shebeauty.ee\/toode\/k-time-somnia-hydralux-kinkekomplekt-200ml-juuksemaskiga\/#primaryimage"},"image":{"@id":"https:\/\/shebeauty.ee\/toode\/k-time-somnia-hydralux-kinkekomplekt-200ml-juuksemaskiga\/#primaryimage"},"thumbnailUrl":"https:\/\/shebeauty.ee\/wp-content\/uploads\/2023\/12\/Somnia-Hydralux-kinkekomplekt-200ml-maskiga-scaled.jpg","datePublished":"2023-12-02T09:16:04+00:00","dateModified":"2026-04-14T05:36:32+00:00","description":"Niisutav ja taastav kinkekomplekt kuivadele ning eluj\u00f5uetutele juustele, rikastatud magusmandli\u00f5li ja sheav\u00f5iga. P\u00e4evaseks ja \u00f6iseks kasutamiseks.","breadcrumb":{"@id":"https:\/\/shebeauty.ee\/toode\/k-time-somnia-hydralux-kinkekomplekt-200ml-juuksemaskiga\/#breadcrumb"},"inLanguage":"en-US","potentialAction":[{"@type":"ReadAction","target":["https:\/\/shebeauty.ee\/toode\/k-time-somnia-hydralux-kinkekomplekt-200ml-juuksemaskiga\/"]}]},{"@type":"ImageObject","inLanguage":"en-US","@id":"https:\/\/shebeauty.ee\/toode\/k-time-somnia-hydralux-kinkekomplekt-200ml-juuksemaskiga\/#primaryimage","url":"https:\/\/shebeauty.ee\/wp-content\/uploads\/2023\/12\/Somnia-Hydralux-kinkekomplekt-200ml-maskiga-scaled.jpg","contentUrl":"https:\/\/shebeauty.ee\/wp-content\/uploads\/2023\/12\/Somnia-Hydralux-kinkekomplekt-200ml-maskiga-scaled.jpg","width":2560,"height":2560},{"@type":"BreadcrumbList","@id":"https:\/\/shebeauty.ee\/toode\/k-time-somnia-hydralux-kinkekomplekt-200ml-juuksemaskiga\/#breadcrumb","itemListElement":[{"@type":"ListItem","position":1,"name":"Home","item":"https:\/\/shebeauty.ee\/"},{"@type":"ListItem","position":2,"name":"Pood","item":"https:\/\/shebeauty.ee\/e-pood\/"},{"@type":"ListItem","position":3,"name":"K-Time Somnia Hydralux kinkekomplekt 200ml juuksemaskiga"}]},{"@type":"WebSite","@id":"https:\/\/shebeauty.ee\/#website","url":"https:\/\/shebeauty.ee\/","name":"She Beauty Studio","description":"Juuksestuudio","publisher":{"@id":"https:\/\/shebeauty.ee\/#organization"},"potentialAction":[{"@type":"SearchAction","target":{"@type":"EntryPoint","urlTemplate":"https:\/\/shebeauty.ee\/?s={search_term_string}"},"query-input":{"@type":"PropertyValueSpecification","valueRequired":true,"valueName":"search_term_string"}}],"inLanguage":"en-US"},{"@type":"Organization","@id":"https:\/\/shebeauty.ee\/#organization","name":"She Beauty O\u00dc","url":"https:\/\/shebeauty.ee\/","logo":{"@type":"ImageObject","inLanguage":"en-US","@id":"https:\/\/shebeauty.ee\/#\/schema\/logo\/image\/","url":"https:\/\/shebeauty.ee\/wp-content\/uploads\/2023\/10\/IMG_0585.jpg","contentUrl":"https:\/\/shebeauty.ee\/wp-content\/uploads\/2023\/10\/IMG_0585.jpg","width":1284,"height":1300,"caption":"She Beauty O\u00dc"},"image":{"@id":"https:\/\/shebeauty.ee\/#\/schema\/logo\/image\/"}}]}},"_links":{"self":[{"href":"https:\/\/shebeauty.ee\/en\/wp-json\/wp\/v2\/product\/3058","targetHints":{"allow":["GET"]}}],"collection":[{"href":"https:\/\/shebeauty.ee\/en\/wp-json\/wp\/v2\/product"}],"about":[{"href":"https:\/\/shebeauty.ee\/en\/wp-json\/wp\/v2\/types\/product"}],"replies":[{"embeddable":true,"href":"https:\/\/shebeauty.ee\/en\/wp-json\/wp\/v2\/comments?post=3058"}],"wp:featuredmedia":[{"embeddable":true,"href":"https:\/\/shebeauty.ee\/en\/wp-json\/wp\/v2\/media\/5585"}],"wp:attachment":[{"href":"https:\/\/shebeauty.ee\/en\/wp-json\/wp\/v2\/media?parent=3058"}],"wp:term":[{"taxonomy":"product_brand","embeddable":true,"href":"https:\/\/shebeauty.ee\/en\/wp-json\/wp\/v2\/product_brand?post=3058"},{"taxonomy":"product_cat","embeddable":true,"href":"https:\/\/shebeauty.ee\/en\/wp-json\/wp\/v2\/product_cat?post=3058"},{"taxonomy":"product_tag","embeddable":true,"href":"https:\/\/shebeauty.ee\/en\/wp-json\/wp\/v2\/product_tag?post=3058"},{"taxonomy":"giftcard-category","embeddable":true,"href":"https:\/\/shebeauty.ee\/en\/wp-json\/wp\/v2\/giftcard-category?post=3058"}],"curies":[{"name":"wp","href":"https:\/\/api.w.org\/{rel}","templated":true}]}}