{"id":3036,"date":"2023-11-30T20:08:09","date_gmt":"2023-11-30T18:08:09","guid":{"rendered":"https:\/\/shebeauty.ee\/?post_type=product&#038;p=3036"},"modified":"2026-03-21T15:10:56","modified_gmt":"2026-03-21T13:10:56","slug":"kinkekaart","status":"publish","type":"product","link":"https:\/\/shebeauty.ee\/en\/product\/kinkekaart\/","title":{"rendered":"Gift Card"},"content":{"rendered":"<p class=\"translation-block\"><strong data-start=\"165\" data-end=\"207\">Gift card values: \u20ac50, \u20ac100, \u20ac400<\/strong> \u2013 you can choose a digital or physical format.<br data-start=\"253\" data-end=\"256\">When placing your order, please add a note indicating whether you would like the gift card in digital or physical form.<\/p>","protected":false},"excerpt":{"rendered":"<p class=\"translation-block\">We offer flexible gift cards that give the recipient the freedom to choose their favourite products from our online store. The gift card is valid only for hair extensions, hair care products, and accessories.<br>\nDepending on your selection, the gift card can be physical or digital \u2013 simply add a note to your order to specify which type of gift card you prefer.<\/p>\n<p><a href=\"https:\/\/shebeauty.ee\/wp-content\/uploads\/2023\/11\/WhatsApp-Image-2025-01-24-at-11.12.12.jpeg\"><img fetchpriority=\"high\" decoding=\"async\" class=\"alignnone size-medium wp-image-4469\" src=\"https:\/\/shebeauty.ee\/wp-content\/uploads\/2023\/11\/WhatsApp-Image-2025-01-24-at-11.12.12-300x200.jpeg\" alt=\"\" width=\"300\" height=\"200\" srcset=\"https:\/\/shebeauty.ee\/wp-content\/uploads\/2023\/11\/WhatsApp-Image-2025-01-24-at-11.12.12-300x200.jpeg 300w, https:\/\/shebeauty.ee\/wp-content\/uploads\/2023\/11\/WhatsApp-Image-2025-01-24-at-11.12.12-1000x667.jpeg 1000w, https:\/\/shebeauty.ee\/wp-content\/uploads\/2023\/11\/WhatsApp-Image-2025-01-24-at-11.12.12-1024x683.jpeg 1024w, https:\/\/shebeauty.ee\/wp-content\/uploads\/2023\/11\/WhatsApp-Image-2025-01-24-at-11.12.12-768x512.jpeg 768w, https:\/\/shebeauty.ee\/wp-content\/uploads\/2023\/11\/WhatsApp-Image-2025-01-24-at-11.12.12-1536x1025.jpeg 1536w, https:\/\/shebeauty.ee\/wp-content\/uploads\/2023\/11\/WhatsApp-Image-2025-01-24-at-11.12.12-18x12.jpeg 18w, https:\/\/shebeauty.ee\/wp-content\/uploads\/2023\/11\/WhatsApp-Image-2025-01-24-at-11.12.12.jpeg 2048w\" sizes=\"(max-width: 300px) 100vw, 300px\" \/><\/a><\/p>","protected":false},"featured_media":4509,"comment_status":"open","ping_status":"closed","template":"","meta":{"site-sidebar-layout":"default","site-content-layout":"","ast-site-content-layout":"default","site-content-style":"default","site-sidebar-style":"default","ast-global-header-display":"","ast-banner-title-visibility":"","ast-main-header-display":"","ast-hfb-above-header-display":"","ast-hfb-below-header-display":"","ast-hfb-mobile-header-display":"","site-post-title":"","ast-breadcrumbs-content":"","ast-featured-img":"","footer-sml-layout":"","ast-disable-related-posts":"","theme-transparent-header-meta":"default","adv-header-id-meta":"","stick-header-meta":"","header-above-stick-meta":"","header-main-stick-meta":"","header-below-stick-meta":"","astra-migrate-meta-layouts":"set","ast-page-background-enabled":"default","ast-page-background-meta":{"desktop":{"background-color":"var(--ast-global-color-4)","background-image":"","background-repeat":"repeat","background-position":"center center","background-size":"auto","background-attachment":"scroll","background-type":"","background-media":"","overlay-type":"","overlay-color":"","overlay-opacity":"","overlay-gradient":""},"tablet":{"background-color":"","background-image":"","background-repeat":"repeat","background-position":"center center","background-size":"auto","background-attachment":"scroll","background-type":"","background-media":"","overlay-type":"","overlay-color":"","overlay-opacity":"","overlay-gradient":""},"mobile":{"background-color":"","background-image":"","background-repeat":"repeat","background-position":"center center","background-size":"auto","background-attachment":"scroll","background-type":"","background-media":"","overlay-type":"","overlay-color":"","overlay-opacity":"","overlay-gradient":""}},"ast-content-background-meta":{"desktop":{"background-color":"var(--ast-global-color-5)","background-image":"","background-repeat":"repeat","background-position":"center center","background-size":"auto","background-attachment":"scroll","background-type":"","background-media":"","overlay-type":"","overlay-color":"","overlay-opacity":"","overlay-gradient":""},"tablet":{"background-color":"var(--ast-global-color-5)","background-image":"","background-repeat":"repeat","background-position":"center center","background-size":"auto","background-attachment":"scroll","background-type":"","background-media":"","overlay-type":"","overlay-color":"","overlay-opacity":"","overlay-gradient":""},"mobile":{"background-color":"var(--ast-global-color-5)","background-image":"","background-repeat":"repeat","background-position":"center center","background-size":"auto","background-attachment":"scroll","background-type":"","background-media":"","overlay-type":"","overlay-color":"","overlay-opacity":"","overlay-gradient":""}}},"product_brand":[],"product_cat":[200],"product_tag":[168,167],"giftcard-category":[],"class_list":{"0":"post-3036","1":"product","2":"type-product","3":"status-publish","4":"has-post-thumbnail","6":"product_cat-kinkekaartid","7":"product_tag-kingitus","8":"product_tag-kinkekaart","9":"desktop-align-center","10":"tablet-align-left","11":"mobile-align-left","13":"first","14":"instock","15":"taxable","16":"shipping-taxable","17":"purchasable","18":"product-type-variable"},"yoast_head":"<!-- This site is optimized with the Yoast SEO plugin v27.3 - https:\/\/yoast.com\/product\/yoast-seo-wordpress\/ -->\n<title>Kinkekaart - She Beauty Studio<\/title>\n<meta name=\"description\" content=\"She Beauty Studio kinkekaart on parim kingitus Naisele.Kinkekaardi v\u00e4\u00e4rtused: 50\u20ac, 100\u20ac, 400\u20ac \u2013 valida saab digitaalse v\u00f5i f\u00fc\u00fcsilise kujul.\" \/>\n<meta name=\"robots\" content=\"index, follow, max-snippet:-1, max-image-preview:large, max-video-preview:-1\" \/>\n<link rel=\"canonical\" href=\"https:\/\/shebeauty.ee\/en\/product\/kinkekaart\/\" \/>\n<meta property=\"og:locale\" content=\"en_US\" \/>\n<meta property=\"og:type\" content=\"article\" \/>\n<meta property=\"og:title\" content=\"Kinkekaart - She Beauty Studio\" \/>\n<meta property=\"og:description\" content=\"She Beauty Studio kinkekaart on parim kingitus Naisele.Kinkekaardi v\u00e4\u00e4rtused: 50\u20ac, 100\u20ac, 400\u20ac \u2013 valida saab digitaalse v\u00f5i f\u00fc\u00fcsilise kujul.\" \/>\n<meta property=\"og:url\" content=\"https:\/\/shebeauty.ee\/en\/product\/kinkekaart\/\" \/>\n<meta property=\"og:site_name\" content=\"She Beauty Studio\" \/>\n<meta property=\"article:modified_time\" content=\"2026-03-21T13:10:56+00:00\" \/>\n<meta property=\"og:image\" content=\"https:\/\/shebeauty.ee\/wp-content\/uploads\/2023\/11\/Screenshot-2025-02-20-at-12.42.45.png\" \/>\n\t<meta property=\"og:image:width\" content=\"1284\" \/>\n\t<meta property=\"og:image:height\" content=\"764\" \/>\n\t<meta property=\"og:image:type\" content=\"image\/png\" \/>\n<meta name=\"twitter:card\" content=\"summary_large_image\" \/>\n<meta name=\"twitter:label1\" content=\"Est. reading time\" \/>\n\t<meta name=\"twitter:data1\" content=\"1 minute\" \/>\n<script type=\"application\/ld+json\" class=\"yoast-schema-graph\">{\"@context\":\"https:\\\/\\\/schema.org\",\"@graph\":[{\"@type\":\"WebPage\",\"@id\":\"https:\\\/\\\/shebeauty.ee\\\/toode\\\/kinkekaart\\\/\",\"url\":\"https:\\\/\\\/shebeauty.ee\\\/toode\\\/kinkekaart\\\/\",\"name\":\"Kinkekaart - She Beauty Studio\",\"isPartOf\":{\"@id\":\"https:\\\/\\\/shebeauty.ee\\\/#website\"},\"primaryImageOfPage\":{\"@id\":\"https:\\\/\\\/shebeauty.ee\\\/toode\\\/kinkekaart\\\/#primaryimage\"},\"image\":{\"@id\":\"https:\\\/\\\/shebeauty.ee\\\/toode\\\/kinkekaart\\\/#primaryimage\"},\"thumbnailUrl\":\"https:\\\/\\\/shebeauty.ee\\\/wp-content\\\/uploads\\\/2023\\\/11\\\/Screenshot-2025-02-20-at-12.42.45.png\",\"datePublished\":\"2023-11-30T18:08:09+00:00\",\"dateModified\":\"2026-03-21T13:10:56+00:00\",\"description\":\"She Beauty Studio kinkekaart on parim kingitus Naisele.Kinkekaardi v\u00e4\u00e4rtused: 50\u20ac, 100\u20ac, 400\u20ac \u2013 valida saab digitaalse v\u00f5i f\u00fc\u00fcsilise kujul.\",\"breadcrumb\":{\"@id\":\"https:\\\/\\\/shebeauty.ee\\\/toode\\\/kinkekaart\\\/#breadcrumb\"},\"inLanguage\":\"en-US\",\"potentialAction\":[{\"@type\":\"ReadAction\",\"target\":[\"https:\\\/\\\/shebeauty.ee\\\/toode\\\/kinkekaart\\\/\"]}]},{\"@type\":\"ImageObject\",\"inLanguage\":\"en-US\",\"@id\":\"https:\\\/\\\/shebeauty.ee\\\/toode\\\/kinkekaart\\\/#primaryimage\",\"url\":\"https:\\\/\\\/shebeauty.ee\\\/wp-content\\\/uploads\\\/2023\\\/11\\\/Screenshot-2025-02-20-at-12.42.45.png\",\"contentUrl\":\"https:\\\/\\\/shebeauty.ee\\\/wp-content\\\/uploads\\\/2023\\\/11\\\/Screenshot-2025-02-20-at-12.42.45.png\",\"width\":1284,\"height\":764},{\"@type\":\"BreadcrumbList\",\"@id\":\"https:\\\/\\\/shebeauty.ee\\\/toode\\\/kinkekaart\\\/#breadcrumb\",\"itemListElement\":[{\"@type\":\"ListItem\",\"position\":1,\"name\":\"Home\",\"item\":\"https:\\\/\\\/shebeauty.ee\\\/\"},{\"@type\":\"ListItem\",\"position\":2,\"name\":\"Pood\",\"item\":\"https:\\\/\\\/shebeauty.ee\\\/e-pood\\\/\"},{\"@type\":\"ListItem\",\"position\":3,\"name\":\"Kinkekaart\"}]},{\"@type\":\"WebSite\",\"@id\":\"https:\\\/\\\/shebeauty.ee\\\/#website\",\"url\":\"https:\\\/\\\/shebeauty.ee\\\/\",\"name\":\"She Beauty Studio\",\"description\":\"Juuksestuudio\",\"publisher\":{\"@id\":\"https:\\\/\\\/shebeauty.ee\\\/#organization\"},\"potentialAction\":[{\"@type\":\"SearchAction\",\"target\":{\"@type\":\"EntryPoint\",\"urlTemplate\":\"https:\\\/\\\/shebeauty.ee\\\/?s={search_term_string}\"},\"query-input\":{\"@type\":\"PropertyValueSpecification\",\"valueRequired\":true,\"valueName\":\"search_term_string\"}}],\"inLanguage\":\"en-US\"},{\"@type\":\"Organization\",\"@id\":\"https:\\\/\\\/shebeauty.ee\\\/#organization\",\"name\":\"She Beauty O\u00dc\",\"url\":\"https:\\\/\\\/shebeauty.ee\\\/\",\"logo\":{\"@type\":\"ImageObject\",\"inLanguage\":\"en-US\",\"@id\":\"https:\\\/\\\/shebeauty.ee\\\/#\\\/schema\\\/logo\\\/image\\\/\",\"url\":\"https:\\\/\\\/shebeauty.ee\\\/wp-content\\\/uploads\\\/2023\\\/10\\\/IMG_0585.jpg\",\"contentUrl\":\"https:\\\/\\\/shebeauty.ee\\\/wp-content\\\/uploads\\\/2023\\\/10\\\/IMG_0585.jpg\",\"width\":1284,\"height\":1300,\"caption\":\"She Beauty O\u00dc\"},\"image\":{\"@id\":\"https:\\\/\\\/shebeauty.ee\\\/#\\\/schema\\\/logo\\\/image\\\/\"}}]}<\/script>\n<!-- \/ Yoast SEO plugin. -->","yoast_head_json":{"title":"Kinkekaart - She Beauty Studio","description":"She Beauty Studio kinkekaart on parim kingitus Naisele.Kinkekaardi v\u00e4\u00e4rtused: 50\u20ac, 100\u20ac, 400\u20ac \u2013 valida saab digitaalse v\u00f5i f\u00fc\u00fcsilise kujul.","robots":{"index":"index","follow":"follow","max-snippet":"max-snippet:-1","max-image-preview":"max-image-preview:large","max-video-preview":"max-video-preview:-1"},"canonical":"https:\/\/shebeauty.ee\/en\/product\/kinkekaart\/","og_locale":"en_US","og_type":"article","og_title":"Kinkekaart - She Beauty Studio","og_description":"She Beauty Studio kinkekaart on parim kingitus Naisele.Kinkekaardi v\u00e4\u00e4rtused: 50\u20ac, 100\u20ac, 400\u20ac \u2013 valida saab digitaalse v\u00f5i f\u00fc\u00fcsilise kujul.","og_url":"https:\/\/shebeauty.ee\/en\/product\/kinkekaart\/","og_site_name":"She Beauty Studio","article_modified_time":"2026-03-21T13:10:56+00:00","og_image":[{"width":1284,"height":764,"url":"https:\/\/shebeauty.ee\/wp-content\/uploads\/2023\/11\/Screenshot-2025-02-20-at-12.42.45.png","type":"image\/png"}],"twitter_card":"summary_large_image","twitter_misc":{"Est. reading time":"1 minute"},"schema":{"@context":"https:\/\/schema.org","@graph":[{"@type":"WebPage","@id":"https:\/\/shebeauty.ee\/toode\/kinkekaart\/","url":"https:\/\/shebeauty.ee\/toode\/kinkekaart\/","name":"Kinkekaart - She Beauty Studio","isPartOf":{"@id":"https:\/\/shebeauty.ee\/#website"},"primaryImageOfPage":{"@id":"https:\/\/shebeauty.ee\/toode\/kinkekaart\/#primaryimage"},"image":{"@id":"https:\/\/shebeauty.ee\/toode\/kinkekaart\/#primaryimage"},"thumbnailUrl":"https:\/\/shebeauty.ee\/wp-content\/uploads\/2023\/11\/Screenshot-2025-02-20-at-12.42.45.png","datePublished":"2023-11-30T18:08:09+00:00","dateModified":"2026-03-21T13:10:56+00:00","description":"She Beauty Studio kinkekaart on parim kingitus Naisele.Kinkekaardi v\u00e4\u00e4rtused: 50\u20ac, 100\u20ac, 400\u20ac \u2013 valida saab digitaalse v\u00f5i f\u00fc\u00fcsilise kujul.","breadcrumb":{"@id":"https:\/\/shebeauty.ee\/toode\/kinkekaart\/#breadcrumb"},"inLanguage":"en-US","potentialAction":[{"@type":"ReadAction","target":["https:\/\/shebeauty.ee\/toode\/kinkekaart\/"]}]},{"@type":"ImageObject","inLanguage":"en-US","@id":"https:\/\/shebeauty.ee\/toode\/kinkekaart\/#primaryimage","url":"https:\/\/shebeauty.ee\/wp-content\/uploads\/2023\/11\/Screenshot-2025-02-20-at-12.42.45.png","contentUrl":"https:\/\/shebeauty.ee\/wp-content\/uploads\/2023\/11\/Screenshot-2025-02-20-at-12.42.45.png","width":1284,"height":764},{"@type":"BreadcrumbList","@id":"https:\/\/shebeauty.ee\/toode\/kinkekaart\/#breadcrumb","itemListElement":[{"@type":"ListItem","position":1,"name":"Home","item":"https:\/\/shebeauty.ee\/"},{"@type":"ListItem","position":2,"name":"Pood","item":"https:\/\/shebeauty.ee\/e-pood\/"},{"@type":"ListItem","position":3,"name":"Kinkekaart"}]},{"@type":"WebSite","@id":"https:\/\/shebeauty.ee\/#website","url":"https:\/\/shebeauty.ee\/","name":"She Beauty Studio","description":"Juuksestuudio","publisher":{"@id":"https:\/\/shebeauty.ee\/#organization"},"potentialAction":[{"@type":"SearchAction","target":{"@type":"EntryPoint","urlTemplate":"https:\/\/shebeauty.ee\/?s={search_term_string}"},"query-input":{"@type":"PropertyValueSpecification","valueRequired":true,"valueName":"search_term_string"}}],"inLanguage":"en-US"},{"@type":"Organization","@id":"https:\/\/shebeauty.ee\/#organization","name":"She Beauty O\u00dc","url":"https:\/\/shebeauty.ee\/","logo":{"@type":"ImageObject","inLanguage":"en-US","@id":"https:\/\/shebeauty.ee\/#\/schema\/logo\/image\/","url":"https:\/\/shebeauty.ee\/wp-content\/uploads\/2023\/10\/IMG_0585.jpg","contentUrl":"https:\/\/shebeauty.ee\/wp-content\/uploads\/2023\/10\/IMG_0585.jpg","width":1284,"height":1300,"caption":"She Beauty O\u00dc"},"image":{"@id":"https:\/\/shebeauty.ee\/#\/schema\/logo\/image\/"}}]}},"_links":{"self":[{"href":"https:\/\/shebeauty.ee\/en\/wp-json\/wp\/v2\/product\/3036","targetHints":{"allow":["GET"]}}],"collection":[{"href":"https:\/\/shebeauty.ee\/en\/wp-json\/wp\/v2\/product"}],"about":[{"href":"https:\/\/shebeauty.ee\/en\/wp-json\/wp\/v2\/types\/product"}],"replies":[{"embeddable":true,"href":"https:\/\/shebeauty.ee\/en\/wp-json\/wp\/v2\/comments?post=3036"}],"wp:featuredmedia":[{"embeddable":true,"href":"https:\/\/shebeauty.ee\/en\/wp-json\/wp\/v2\/media\/4509"}],"wp:attachment":[{"href":"https:\/\/shebeauty.ee\/en\/wp-json\/wp\/v2\/media?parent=3036"}],"wp:term":[{"taxonomy":"product_brand","embeddable":true,"href":"https:\/\/shebeauty.ee\/en\/wp-json\/wp\/v2\/product_brand?post=3036"},{"taxonomy":"product_cat","embeddable":true,"href":"https:\/\/shebeauty.ee\/en\/wp-json\/wp\/v2\/product_cat?post=3036"},{"taxonomy":"product_tag","embeddable":true,"href":"https:\/\/shebeauty.ee\/en\/wp-json\/wp\/v2\/product_tag?post=3036"},{"taxonomy":"giftcard-category","embeddable":true,"href":"https:\/\/shebeauty.ee\/en\/wp-json\/wp\/v2\/giftcard-category?post=3036"}],"curies":[{"name":"wp","href":"https:\/\/api.w.org\/{rel}","templated":true}]}}