{"id":2851,"date":"2023-08-12T13:20:46","date_gmt":"2023-08-12T10:20:46","guid":{"rendered":"https:\/\/shebeauty.ee\/?post_type=product&#038;p=2851"},"modified":"2025-08-14T20:33:37","modified_gmt":"2025-08-14T17:33:37","slug":"bravehead-pusahair-ovaalne-juuksepikendustele-kopeeri","status":"publish","type":"product","link":"https:\/\/shebeauty.ee\/en\/product\/bravehead-pusahair-ovaalne-juuksepikendustele-kopeeri\/","title":{"rendered":"BraveHead Oval brush for hair extensions"},"content":{"rendered":"<p>A great brush for combing hair extensions. Enables combing from the root and prevents frizz. Also suitable for thicker hair.<\/p>","protected":false},"excerpt":{"rendered":"<p class=\"translation-block\"><strong>Oval Hair Extensions Brush<\/strong><br>\nA high-quality oval brush that is perfect for combing hair extensions. It allows you to gently detangle starting right from the roots, helping to prevent knots. Also suitable for use on thicker hair.<\/p>","protected":false},"featured_media":2852,"comment_status":"open","ping_status":"closed","template":"","meta":{"site-sidebar-layout":"default","site-content-layout":"","ast-site-content-layout":"default","site-content-style":"default","site-sidebar-style":"default","ast-global-header-display":"","ast-banner-title-visibility":"","ast-main-header-display":"","ast-hfb-above-header-display":"","ast-hfb-below-header-display":"","ast-hfb-mobile-header-display":"","site-post-title":"","ast-breadcrumbs-content":"","ast-featured-img":"","footer-sml-layout":"","ast-disable-related-posts":"","theme-transparent-header-meta":"default","adv-header-id-meta":"","stick-header-meta":"","header-above-stick-meta":"","header-main-stick-meta":"","header-below-stick-meta":"","astra-migrate-meta-layouts":"set","ast-page-background-enabled":"default","ast-page-background-meta":{"desktop":{"background-color":"var(--ast-global-color-4)","background-image":"","background-repeat":"repeat","background-position":"center center","background-size":"auto","background-attachment":"scroll","background-type":"","background-media":"","overlay-type":"","overlay-color":"","overlay-opacity":"","overlay-gradient":""},"tablet":{"background-color":"","background-image":"","background-repeat":"repeat","background-position":"center center","background-size":"auto","background-attachment":"scroll","background-type":"","background-media":"","overlay-type":"","overlay-color":"","overlay-opacity":"","overlay-gradient":""},"mobile":{"background-color":"","background-image":"","background-repeat":"repeat","background-position":"center center","background-size":"auto","background-attachment":"scroll","background-type":"","background-media":"","overlay-type":"","overlay-color":"","overlay-opacity":"","overlay-gradient":""}},"ast-content-background-meta":{"desktop":{"background-color":"var(--ast-global-color-5)","background-image":"","background-repeat":"repeat","background-position":"center center","background-size":"auto","background-attachment":"scroll","background-type":"","background-media":"","overlay-type":"","overlay-color":"","overlay-opacity":"","overlay-gradient":""},"tablet":{"background-color":"var(--ast-global-color-5)","background-image":"","background-repeat":"repeat","background-position":"center center","background-size":"auto","background-attachment":"scroll","background-type":"","background-media":"","overlay-type":"","overlay-color":"","overlay-opacity":"","overlay-gradient":""},"mobile":{"background-color":"var(--ast-global-color-5)","background-image":"","background-repeat":"repeat","background-position":"center center","background-size":"auto","background-attachment":"scroll","background-type":"","background-media":"","overlay-type":"","overlay-color":"","overlay-opacity":"","overlay-gradient":""}}},"product_brand":[],"product_cat":[60],"product_tag":[],"giftcard-category":[],"class_list":{"0":"post-2851","1":"product","2":"type-product","3":"status-publish","4":"has-post-thumbnail","6":"product_cat-juuksepikenduste-tarvikud","7":"desktop-align-center","8":"tablet-align-left","9":"mobile-align-left","11":"first","12":"instock","13":"taxable","14":"shipping-taxable","15":"purchasable","16":"product-type-simple"},"yoast_head":"<!-- This site is optimized with the Yoast SEO plugin v27.4 - https:\/\/yoast.com\/product\/yoast-seo-wordpress\/ -->\n<title>BraveHead juuksepikenduste hari - She Beauty Studio<\/title>\n<meta name=\"description\" content=\"Kvaliteetne ovaalne hari, mis sobib suurep\u00e4raselt juuksepikenduste kammimiseks. V\u00f5imaldab kammida \u00f5rnalt juba juurtest alates, ennetades pusade teket.\" \/>\n<meta name=\"robots\" content=\"index, follow, max-snippet:-1, max-image-preview:large, max-video-preview:-1\" \/>\n<link rel=\"canonical\" href=\"https:\/\/shebeauty.ee\/en\/product\/bravehead-pusahair-ovaalne-juuksepikendustele-kopeeri\/\" \/>\n<meta property=\"og:locale\" content=\"en_US\" \/>\n<meta property=\"og:type\" content=\"article\" \/>\n<meta property=\"og:title\" content=\"BraveHead juuksepikenduste hari - She Beauty Studio\" \/>\n<meta property=\"og:description\" content=\"Kvaliteetne ovaalne hari, mis sobib suurep\u00e4raselt juuksepikenduste kammimiseks. V\u00f5imaldab kammida \u00f5rnalt juba juurtest alates, ennetades pusade teket.\" \/>\n<meta property=\"og:url\" content=\"https:\/\/shebeauty.ee\/en\/product\/bravehead-pusahair-ovaalne-juuksepikendustele-kopeeri\/\" \/>\n<meta property=\"og:site_name\" content=\"She Beauty Studio\" \/>\n<meta property=\"article:modified_time\" content=\"2025-08-14T17:33:37+00:00\" \/>\n<meta property=\"og:image\" content=\"https:\/\/shebeauty.ee\/wp-content\/uploads\/2023\/08\/IMG_4395.png\" \/>\n\t<meta property=\"og:image:width\" content=\"1000\" \/>\n\t<meta property=\"og:image:height\" content=\"1000\" \/>\n\t<meta property=\"og:image:type\" content=\"image\/png\" \/>\n<meta name=\"twitter:card\" content=\"summary_large_image\" \/>\n<meta name=\"twitter:label1\" content=\"Est. reading time\" \/>\n\t<meta name=\"twitter:data1\" content=\"1 minute\" \/>\n<script type=\"application\/ld+json\" class=\"yoast-schema-graph\">{\"@context\":\"https:\\\/\\\/schema.org\",\"@graph\":[{\"@type\":\"WebPage\",\"@id\":\"https:\\\/\\\/shebeauty.ee\\\/toode\\\/bravehead-pusahair-ovaalne-juuksepikendustele-kopeeri\\\/\",\"url\":\"https:\\\/\\\/shebeauty.ee\\\/toode\\\/bravehead-pusahair-ovaalne-juuksepikendustele-kopeeri\\\/\",\"name\":\"BraveHead juuksepikenduste hari - She Beauty Studio\",\"isPartOf\":{\"@id\":\"https:\\\/\\\/shebeauty.ee\\\/#website\"},\"primaryImageOfPage\":{\"@id\":\"https:\\\/\\\/shebeauty.ee\\\/toode\\\/bravehead-pusahair-ovaalne-juuksepikendustele-kopeeri\\\/#primaryimage\"},\"image\":{\"@id\":\"https:\\\/\\\/shebeauty.ee\\\/toode\\\/bravehead-pusahair-ovaalne-juuksepikendustele-kopeeri\\\/#primaryimage\"},\"thumbnailUrl\":\"https:\\\/\\\/shebeauty.ee\\\/wp-content\\\/uploads\\\/2023\\\/08\\\/IMG_4395.png\",\"datePublished\":\"2023-08-12T10:20:46+00:00\",\"dateModified\":\"2025-08-14T17:33:37+00:00\",\"description\":\"Kvaliteetne ovaalne hari, mis sobib suurep\u00e4raselt juuksepikenduste kammimiseks. V\u00f5imaldab kammida \u00f5rnalt juba juurtest alates, ennetades pusade teket.\",\"breadcrumb\":{\"@id\":\"https:\\\/\\\/shebeauty.ee\\\/toode\\\/bravehead-pusahair-ovaalne-juuksepikendustele-kopeeri\\\/#breadcrumb\"},\"inLanguage\":\"en-US\",\"potentialAction\":[{\"@type\":\"ReadAction\",\"target\":[\"https:\\\/\\\/shebeauty.ee\\\/toode\\\/bravehead-pusahair-ovaalne-juuksepikendustele-kopeeri\\\/\"]}]},{\"@type\":\"ImageObject\",\"inLanguage\":\"en-US\",\"@id\":\"https:\\\/\\\/shebeauty.ee\\\/toode\\\/bravehead-pusahair-ovaalne-juuksepikendustele-kopeeri\\\/#primaryimage\",\"url\":\"https:\\\/\\\/shebeauty.ee\\\/wp-content\\\/uploads\\\/2023\\\/08\\\/IMG_4395.png\",\"contentUrl\":\"https:\\\/\\\/shebeauty.ee\\\/wp-content\\\/uploads\\\/2023\\\/08\\\/IMG_4395.png\",\"width\":1000,\"height\":1000},{\"@type\":\"BreadcrumbList\",\"@id\":\"https:\\\/\\\/shebeauty.ee\\\/toode\\\/bravehead-pusahair-ovaalne-juuksepikendustele-kopeeri\\\/#breadcrumb\",\"itemListElement\":[{\"@type\":\"ListItem\",\"position\":1,\"name\":\"Home\",\"item\":\"https:\\\/\\\/shebeauty.ee\\\/\"},{\"@type\":\"ListItem\",\"position\":2,\"name\":\"Pood\",\"item\":\"https:\\\/\\\/shebeauty.ee\\\/e-pood\\\/\"},{\"@type\":\"ListItem\",\"position\":3,\"name\":\"BraveHead juuksepikenduste hari\"}]},{\"@type\":\"WebSite\",\"@id\":\"https:\\\/\\\/shebeauty.ee\\\/#website\",\"url\":\"https:\\\/\\\/shebeauty.ee\\\/\",\"name\":\"She Beauty Studio\",\"description\":\"Juuksestuudio\",\"publisher\":{\"@id\":\"https:\\\/\\\/shebeauty.ee\\\/#organization\"},\"potentialAction\":[{\"@type\":\"SearchAction\",\"target\":{\"@type\":\"EntryPoint\",\"urlTemplate\":\"https:\\\/\\\/shebeauty.ee\\\/?s={search_term_string}\"},\"query-input\":{\"@type\":\"PropertyValueSpecification\",\"valueRequired\":true,\"valueName\":\"search_term_string\"}}],\"inLanguage\":\"en-US\"},{\"@type\":\"Organization\",\"@id\":\"https:\\\/\\\/shebeauty.ee\\\/#organization\",\"name\":\"She Beauty O\u00dc\",\"url\":\"https:\\\/\\\/shebeauty.ee\\\/\",\"logo\":{\"@type\":\"ImageObject\",\"inLanguage\":\"en-US\",\"@id\":\"https:\\\/\\\/shebeauty.ee\\\/#\\\/schema\\\/logo\\\/image\\\/\",\"url\":\"https:\\\/\\\/shebeauty.ee\\\/wp-content\\\/uploads\\\/2023\\\/10\\\/IMG_0585.jpg\",\"contentUrl\":\"https:\\\/\\\/shebeauty.ee\\\/wp-content\\\/uploads\\\/2023\\\/10\\\/IMG_0585.jpg\",\"width\":1284,\"height\":1300,\"caption\":\"She Beauty O\u00dc\"},\"image\":{\"@id\":\"https:\\\/\\\/shebeauty.ee\\\/#\\\/schema\\\/logo\\\/image\\\/\"}}]}<\/script>\n<!-- \/ Yoast SEO plugin. -->","yoast_head_json":{"title":"BraveHead juuksepikenduste hari - She Beauty Studio","description":"Kvaliteetne ovaalne hari, mis sobib suurep\u00e4raselt juuksepikenduste kammimiseks. V\u00f5imaldab kammida \u00f5rnalt juba juurtest alates, ennetades pusade teket.","robots":{"index":"index","follow":"follow","max-snippet":"max-snippet:-1","max-image-preview":"max-image-preview:large","max-video-preview":"max-video-preview:-1"},"canonical":"https:\/\/shebeauty.ee\/en\/product\/bravehead-pusahair-ovaalne-juuksepikendustele-kopeeri\/","og_locale":"en_US","og_type":"article","og_title":"BraveHead juuksepikenduste hari - She Beauty Studio","og_description":"Kvaliteetne ovaalne hari, mis sobib suurep\u00e4raselt juuksepikenduste kammimiseks. V\u00f5imaldab kammida \u00f5rnalt juba juurtest alates, ennetades pusade teket.","og_url":"https:\/\/shebeauty.ee\/en\/product\/bravehead-pusahair-ovaalne-juuksepikendustele-kopeeri\/","og_site_name":"She Beauty Studio","article_modified_time":"2025-08-14T17:33:37+00:00","og_image":[{"width":1000,"height":1000,"url":"https:\/\/shebeauty.ee\/wp-content\/uploads\/2023\/08\/IMG_4395.png","type":"image\/png"}],"twitter_card":"summary_large_image","twitter_misc":{"Est. reading time":"1 minute"},"schema":{"@context":"https:\/\/schema.org","@graph":[{"@type":"WebPage","@id":"https:\/\/shebeauty.ee\/toode\/bravehead-pusahair-ovaalne-juuksepikendustele-kopeeri\/","url":"https:\/\/shebeauty.ee\/toode\/bravehead-pusahair-ovaalne-juuksepikendustele-kopeeri\/","name":"BraveHead juuksepikenduste hari - She Beauty Studio","isPartOf":{"@id":"https:\/\/shebeauty.ee\/#website"},"primaryImageOfPage":{"@id":"https:\/\/shebeauty.ee\/toode\/bravehead-pusahair-ovaalne-juuksepikendustele-kopeeri\/#primaryimage"},"image":{"@id":"https:\/\/shebeauty.ee\/toode\/bravehead-pusahair-ovaalne-juuksepikendustele-kopeeri\/#primaryimage"},"thumbnailUrl":"https:\/\/shebeauty.ee\/wp-content\/uploads\/2023\/08\/IMG_4395.png","datePublished":"2023-08-12T10:20:46+00:00","dateModified":"2025-08-14T17:33:37+00:00","description":"Kvaliteetne ovaalne hari, mis sobib suurep\u00e4raselt juuksepikenduste kammimiseks. V\u00f5imaldab kammida \u00f5rnalt juba juurtest alates, ennetades pusade teket.","breadcrumb":{"@id":"https:\/\/shebeauty.ee\/toode\/bravehead-pusahair-ovaalne-juuksepikendustele-kopeeri\/#breadcrumb"},"inLanguage":"en-US","potentialAction":[{"@type":"ReadAction","target":["https:\/\/shebeauty.ee\/toode\/bravehead-pusahair-ovaalne-juuksepikendustele-kopeeri\/"]}]},{"@type":"ImageObject","inLanguage":"en-US","@id":"https:\/\/shebeauty.ee\/toode\/bravehead-pusahair-ovaalne-juuksepikendustele-kopeeri\/#primaryimage","url":"https:\/\/shebeauty.ee\/wp-content\/uploads\/2023\/08\/IMG_4395.png","contentUrl":"https:\/\/shebeauty.ee\/wp-content\/uploads\/2023\/08\/IMG_4395.png","width":1000,"height":1000},{"@type":"BreadcrumbList","@id":"https:\/\/shebeauty.ee\/toode\/bravehead-pusahair-ovaalne-juuksepikendustele-kopeeri\/#breadcrumb","itemListElement":[{"@type":"ListItem","position":1,"name":"Home","item":"https:\/\/shebeauty.ee\/"},{"@type":"ListItem","position":2,"name":"Pood","item":"https:\/\/shebeauty.ee\/e-pood\/"},{"@type":"ListItem","position":3,"name":"BraveHead juuksepikenduste hari"}]},{"@type":"WebSite","@id":"https:\/\/shebeauty.ee\/#website","url":"https:\/\/shebeauty.ee\/","name":"She Beauty Studio","description":"Juuksestuudio","publisher":{"@id":"https:\/\/shebeauty.ee\/#organization"},"potentialAction":[{"@type":"SearchAction","target":{"@type":"EntryPoint","urlTemplate":"https:\/\/shebeauty.ee\/?s={search_term_string}"},"query-input":{"@type":"PropertyValueSpecification","valueRequired":true,"valueName":"search_term_string"}}],"inLanguage":"en-US"},{"@type":"Organization","@id":"https:\/\/shebeauty.ee\/#organization","name":"She Beauty O\u00dc","url":"https:\/\/shebeauty.ee\/","logo":{"@type":"ImageObject","inLanguage":"en-US","@id":"https:\/\/shebeauty.ee\/#\/schema\/logo\/image\/","url":"https:\/\/shebeauty.ee\/wp-content\/uploads\/2023\/10\/IMG_0585.jpg","contentUrl":"https:\/\/shebeauty.ee\/wp-content\/uploads\/2023\/10\/IMG_0585.jpg","width":1284,"height":1300,"caption":"She Beauty O\u00dc"},"image":{"@id":"https:\/\/shebeauty.ee\/#\/schema\/logo\/image\/"}}]}},"_links":{"self":[{"href":"https:\/\/shebeauty.ee\/en\/wp-json\/wp\/v2\/product\/2851","targetHints":{"allow":["GET"]}}],"collection":[{"href":"https:\/\/shebeauty.ee\/en\/wp-json\/wp\/v2\/product"}],"about":[{"href":"https:\/\/shebeauty.ee\/en\/wp-json\/wp\/v2\/types\/product"}],"replies":[{"embeddable":true,"href":"https:\/\/shebeauty.ee\/en\/wp-json\/wp\/v2\/comments?post=2851"}],"wp:featuredmedia":[{"embeddable":true,"href":"https:\/\/shebeauty.ee\/en\/wp-json\/wp\/v2\/media\/2852"}],"wp:attachment":[{"href":"https:\/\/shebeauty.ee\/en\/wp-json\/wp\/v2\/media?parent=2851"}],"wp:term":[{"taxonomy":"product_brand","embeddable":true,"href":"https:\/\/shebeauty.ee\/en\/wp-json\/wp\/v2\/product_brand?post=2851"},{"taxonomy":"product_cat","embeddable":true,"href":"https:\/\/shebeauty.ee\/en\/wp-json\/wp\/v2\/product_cat?post=2851"},{"taxonomy":"product_tag","embeddable":true,"href":"https:\/\/shebeauty.ee\/en\/wp-json\/wp\/v2\/product_tag?post=2851"},{"taxonomy":"giftcard-category","embeddable":true,"href":"https:\/\/shebeauty.ee\/en\/wp-json\/wp\/v2\/giftcard-category?post=2851"}],"curies":[{"name":"wp","href":"https:\/\/api.w.org\/{rel}","templated":true}]}}