{"id":2587,"date":"2022-08-19T19:54:17","date_gmt":"2022-08-19T16:54:17","guid":{"rendered":"https:\/\/shebeauty.ee\/?post_type=product&#038;p=2587"},"modified":"2025-08-15T22:01:26","modified_gmt":"2025-08-15T19:01:26","slug":"oleplex-no-4c-sugavpuhastav-sampoon-250ml","status":"publish","type":"product","link":"https:\/\/shebeauty.ee\/en\/product\/oleplex-no-4c-sugavpuhastav-sampoon-250ml\/","title":{"rendered":"Oleplex No. 4C deep cleansing shampoo 250ml"},"content":{"rendered":"<p>Formulated with a Broad-Spectrum Clarifying System to even more effectively remove hair and scalp damaging elements: product residue, excess oil, hard water minerals, chlorine, even heavy metals and environmental pollution. Helps make hair soft, shiny and brings out hair color. Contains OLAPLEX Bond Building Technology\u2122, a proprietary molecule designed to support and restore hair bonds. The shampoo is paraben-, phthalate-, sulfate- and cruelty-free, vegan and pH-balanced to maintain maximum hair moisture. Suitable for all hair types.<\/p>\n<p>No.4C main features: adds volume &amp; softness, restores shine; brings out the brightness of the color; deeply cleanses the scalp; supports the hair repair process; does not dry, maintains hair moisture.<\/p>\n<p><strong>Ingredients:<\/strong><br \/>\nWater (Aqua\/Eau), Sodium Lauroyl Methyl Isethionate, Cocamidopropyl Hydroxysultaine, Sodium Lauroyl Glutamate, Coco-Betaine, Disodium Laureth Sulfosuccinate, Acrylates Copolymer, Cocamidopropyl Betaine, Cocamidopropylamine Oxide, Sodium Methyl Oleoyl Taurate, Decyl Glucoside, Bis-Aminopropyl Diglycol Dimaleate, Sodium Lauryl Sulfoacetate, Phenoxyethanol, Coco-Glucoside, Lauryl Glucoside, Chlorphenesin, Panthenol, Trisodium Ethylenediamine, Disuccinate Ethylhexylglycerin, Sodium Benzoate, Polyquaternium-11, Benzoic Acid, Sodium PCA , Pentasodium Triphosphate, Sodium Lactate, Arginine, Aspartic Acid, PCA, Citric Acid, Glycine, Alanine, Serine, Valine, Isoleucin, Proline,Threonine, Histidine, Phenylalanine, Fragrance (Parfum), Citral, Hexyl Cinnamal, Limonene. pH: 5.8-6.8<\/p>\n<p>Lugege kindlasti toote pakendil olevat teavet, eriti kui teil on allergiaoht.<\/p>","protected":false},"excerpt":{"rendered":"<p>Olaplex No. 4C on t\u00e4iustatud s\u00fcgavpuhastav \u0161ampoon, mis eemaldab t\u00f5husalt juukseid kahjustavad j\u00e4\u00e4kained, nagu metallid, mineraalid, kloor, mustus ja tootej\u00e4\u00e4gid.<br \/>\nTaastab juuste vol\u00fc\u00fcmi, pehmuse, s\u00e4ra ja v\u00e4rvi kirkuse. Sobib igan\u00e4dalaseks kasutamiseks k\u00f5igile juukset\u00fc\u00fcpidele, sealhulgas v\u00e4rvitud ja t\u00f6\u00f6deldud juustele.<\/p>\n<p><em>Liitrihind: 120,00\u202f\u20ac \/ l<\/em><\/p>","protected":false},"featured_media":2588,"comment_status":"open","ping_status":"closed","template":"","meta":{"site-sidebar-layout":"default","site-content-layout":"","ast-site-content-layout":"default","site-content-style":"default","site-sidebar-style":"default","ast-global-header-display":"","ast-banner-title-visibility":"","ast-main-header-display":"","ast-hfb-above-header-display":"","ast-hfb-below-header-display":"","ast-hfb-mobile-header-display":"","site-post-title":"","ast-breadcrumbs-content":"","ast-featured-img":"","footer-sml-layout":"","ast-disable-related-posts":"","theme-transparent-header-meta":"default","adv-header-id-meta":"","stick-header-meta":"","header-above-stick-meta":"","header-main-stick-meta":"","header-below-stick-meta":"","astra-migrate-meta-layouts":"set","ast-page-background-enabled":"default","ast-page-background-meta":{"desktop":{"background-color":"var(--ast-global-color-4)","background-image":"","background-repeat":"repeat","background-position":"center center","background-size":"auto","background-attachment":"scroll","background-type":"","background-media":"","overlay-type":"","overlay-color":"","overlay-opacity":"","overlay-gradient":""},"tablet":{"background-color":"","background-image":"","background-repeat":"repeat","background-position":"center center","background-size":"auto","background-attachment":"scroll","background-type":"","background-media":"","overlay-type":"","overlay-color":"","overlay-opacity":"","overlay-gradient":""},"mobile":{"background-color":"","background-image":"","background-repeat":"repeat","background-position":"center center","background-size":"auto","background-attachment":"scroll","background-type":"","background-media":"","overlay-type":"","overlay-color":"","overlay-opacity":"","overlay-gradient":""}},"ast-content-background-meta":{"desktop":{"background-color":"var(--ast-global-color-5)","background-image":"","background-repeat":"repeat","background-position":"center center","background-size":"auto","background-attachment":"scroll","background-type":"","background-media":"","overlay-type":"","overlay-color":"","overlay-opacity":"","overlay-gradient":""},"tablet":{"background-color":"var(--ast-global-color-5)","background-image":"","background-repeat":"repeat","background-position":"center center","background-size":"auto","background-attachment":"scroll","background-type":"","background-media":"","overlay-type":"","overlay-color":"","overlay-opacity":"","overlay-gradient":""},"mobile":{"background-color":"var(--ast-global-color-5)","background-image":"","background-repeat":"repeat","background-position":"center center","background-size":"auto","background-attachment":"scroll","background-type":"","background-media":"","overlay-type":"","overlay-color":"","overlay-opacity":"","overlay-gradient":""}}},"product_brand":[],"product_cat":[20],"product_tag":[238,75,82,237],"giftcard-category":[],"class_list":{"0":"post-2587","1":"product","2":"type-product","3":"status-publish","4":"has-post-thumbnail","6":"product_cat-juuksehooldustooted-sampoon-palsam-mask","7":"product_tag-mineraalid","8":"product_tag-olaplex","9":"product_tag-sampoon","10":"product_tag-sugavpuhastav","11":"desktop-align-center","12":"tablet-align-left","13":"mobile-align-left","15":"first","16":"instock","17":"taxable","18":"shipping-taxable","19":"purchasable","20":"product-type-simple"},"yoast_head":"<!-- This site is optimized with the Yoast SEO plugin v27.3 - https:\/\/yoast.com\/product\/yoast-seo-wordpress\/ -->\n<title>Oleplex No. 4C s\u00fcgavpuhastav \u0161ampoon 250ml - She Beauty Studio<\/title>\n<meta name=\"description\" content=\"Olaplex t\u00e4iustatud s\u00fcgavpuhastav \u0161ampoon, mis eemaldab t\u00f5husalt juukseid kahjustavad j\u00e4\u00e4kained, nagu metallid, mineraalid, kloor, mustus ja tootej\u00e4\u00e4gid.\" \/>\n<meta name=\"robots\" content=\"index, follow, max-snippet:-1, max-image-preview:large, max-video-preview:-1\" \/>\n<link rel=\"canonical\" href=\"https:\/\/shebeauty.ee\/en\/product\/oleplex-no-4c-sugavpuhastav-sampoon-250ml\/\" \/>\n<meta property=\"og:locale\" content=\"en_US\" \/>\n<meta property=\"og:type\" content=\"article\" \/>\n<meta property=\"og:title\" content=\"Oleplex No. 4C s\u00fcgavpuhastav \u0161ampoon 250ml - She Beauty Studio\" \/>\n<meta property=\"og:description\" content=\"Olaplex t\u00e4iustatud s\u00fcgavpuhastav \u0161ampoon, mis eemaldab t\u00f5husalt juukseid kahjustavad j\u00e4\u00e4kained, nagu metallid, mineraalid, kloor, mustus ja tootej\u00e4\u00e4gid.\" \/>\n<meta property=\"og:url\" content=\"https:\/\/shebeauty.ee\/en\/product\/oleplex-no-4c-sugavpuhastav-sampoon-250ml\/\" \/>\n<meta property=\"og:site_name\" content=\"She Beauty Studio\" \/>\n<meta property=\"article:modified_time\" content=\"2025-08-15T19:01:26+00:00\" \/>\n<meta property=\"og:image\" content=\"https:\/\/shebeauty.ee\/wp-content\/uploads\/2022\/08\/4C-250ml-English-Front-with-shadow-scaled-1.jpg\" \/>\n\t<meta property=\"og:image:width\" content=\"2048\" \/>\n\t<meta property=\"og:image:height\" content=\"2560\" \/>\n\t<meta property=\"og:image:type\" content=\"image\/jpeg\" \/>\n<meta name=\"twitter:card\" content=\"summary_large_image\" \/>\n<meta name=\"twitter:label1\" content=\"Est. reading time\" \/>\n\t<meta name=\"twitter:data1\" content=\"2 minutes\" \/>\n<script type=\"application\/ld+json\" class=\"yoast-schema-graph\">{\"@context\":\"https:\\\/\\\/schema.org\",\"@graph\":[{\"@type\":\"WebPage\",\"@id\":\"https:\\\/\\\/shebeauty.ee\\\/toode\\\/oleplex-no-4c-sugavpuhastav-sampoon-250ml\\\/\",\"url\":\"https:\\\/\\\/shebeauty.ee\\\/toode\\\/oleplex-no-4c-sugavpuhastav-sampoon-250ml\\\/\",\"name\":\"Oleplex No. 4C s\u00fcgavpuhastav \u0161ampoon 250ml - She Beauty Studio\",\"isPartOf\":{\"@id\":\"https:\\\/\\\/shebeauty.ee\\\/#website\"},\"primaryImageOfPage\":{\"@id\":\"https:\\\/\\\/shebeauty.ee\\\/toode\\\/oleplex-no-4c-sugavpuhastav-sampoon-250ml\\\/#primaryimage\"},\"image\":{\"@id\":\"https:\\\/\\\/shebeauty.ee\\\/toode\\\/oleplex-no-4c-sugavpuhastav-sampoon-250ml\\\/#primaryimage\"},\"thumbnailUrl\":\"https:\\\/\\\/shebeauty.ee\\\/wp-content\\\/uploads\\\/2022\\\/08\\\/4C-250ml-English-Front-with-shadow-scaled-1.jpg\",\"datePublished\":\"2022-08-19T16:54:17+00:00\",\"dateModified\":\"2025-08-15T19:01:26+00:00\",\"description\":\"Olaplex t\u00e4iustatud s\u00fcgavpuhastav \u0161ampoon, mis eemaldab t\u00f5husalt juukseid kahjustavad j\u00e4\u00e4kained, nagu metallid, mineraalid, kloor, mustus ja tootej\u00e4\u00e4gid.\",\"breadcrumb\":{\"@id\":\"https:\\\/\\\/shebeauty.ee\\\/toode\\\/oleplex-no-4c-sugavpuhastav-sampoon-250ml\\\/#breadcrumb\"},\"inLanguage\":\"en-US\",\"potentialAction\":[{\"@type\":\"ReadAction\",\"target\":[\"https:\\\/\\\/shebeauty.ee\\\/toode\\\/oleplex-no-4c-sugavpuhastav-sampoon-250ml\\\/\"]}]},{\"@type\":\"ImageObject\",\"inLanguage\":\"en-US\",\"@id\":\"https:\\\/\\\/shebeauty.ee\\\/toode\\\/oleplex-no-4c-sugavpuhastav-sampoon-250ml\\\/#primaryimage\",\"url\":\"https:\\\/\\\/shebeauty.ee\\\/wp-content\\\/uploads\\\/2022\\\/08\\\/4C-250ml-English-Front-with-shadow-scaled-1.jpg\",\"contentUrl\":\"https:\\\/\\\/shebeauty.ee\\\/wp-content\\\/uploads\\\/2022\\\/08\\\/4C-250ml-English-Front-with-shadow-scaled-1.jpg\",\"width\":2048,\"height\":2560},{\"@type\":\"BreadcrumbList\",\"@id\":\"https:\\\/\\\/shebeauty.ee\\\/toode\\\/oleplex-no-4c-sugavpuhastav-sampoon-250ml\\\/#breadcrumb\",\"itemListElement\":[{\"@type\":\"ListItem\",\"position\":1,\"name\":\"Home\",\"item\":\"https:\\\/\\\/shebeauty.ee\\\/\"},{\"@type\":\"ListItem\",\"position\":2,\"name\":\"Pood\",\"item\":\"https:\\\/\\\/shebeauty.ee\\\/e-pood\\\/\"},{\"@type\":\"ListItem\",\"position\":3,\"name\":\"Oleplex No. 4C s\u00fcgavpuhastav \u0161ampoon 250ml\"}]},{\"@type\":\"WebSite\",\"@id\":\"https:\\\/\\\/shebeauty.ee\\\/#website\",\"url\":\"https:\\\/\\\/shebeauty.ee\\\/\",\"name\":\"She Beauty Studio\",\"description\":\"Juuksestuudio\",\"publisher\":{\"@id\":\"https:\\\/\\\/shebeauty.ee\\\/#organization\"},\"potentialAction\":[{\"@type\":\"SearchAction\",\"target\":{\"@type\":\"EntryPoint\",\"urlTemplate\":\"https:\\\/\\\/shebeauty.ee\\\/?s={search_term_string}\"},\"query-input\":{\"@type\":\"PropertyValueSpecification\",\"valueRequired\":true,\"valueName\":\"search_term_string\"}}],\"inLanguage\":\"en-US\"},{\"@type\":\"Organization\",\"@id\":\"https:\\\/\\\/shebeauty.ee\\\/#organization\",\"name\":\"She Beauty O\u00dc\",\"url\":\"https:\\\/\\\/shebeauty.ee\\\/\",\"logo\":{\"@type\":\"ImageObject\",\"inLanguage\":\"en-US\",\"@id\":\"https:\\\/\\\/shebeauty.ee\\\/#\\\/schema\\\/logo\\\/image\\\/\",\"url\":\"https:\\\/\\\/shebeauty.ee\\\/wp-content\\\/uploads\\\/2023\\\/10\\\/IMG_0585.jpg\",\"contentUrl\":\"https:\\\/\\\/shebeauty.ee\\\/wp-content\\\/uploads\\\/2023\\\/10\\\/IMG_0585.jpg\",\"width\":1284,\"height\":1300,\"caption\":\"She Beauty O\u00dc\"},\"image\":{\"@id\":\"https:\\\/\\\/shebeauty.ee\\\/#\\\/schema\\\/logo\\\/image\\\/\"}}]}<\/script>\n<!-- \/ Yoast SEO plugin. -->","yoast_head_json":{"title":"Oleplex No. 4C s\u00fcgavpuhastav \u0161ampoon 250ml - She Beauty Studio","description":"Olaplex t\u00e4iustatud s\u00fcgavpuhastav \u0161ampoon, mis eemaldab t\u00f5husalt juukseid kahjustavad j\u00e4\u00e4kained, nagu metallid, mineraalid, kloor, mustus ja tootej\u00e4\u00e4gid.","robots":{"index":"index","follow":"follow","max-snippet":"max-snippet:-1","max-image-preview":"max-image-preview:large","max-video-preview":"max-video-preview:-1"},"canonical":"https:\/\/shebeauty.ee\/en\/product\/oleplex-no-4c-sugavpuhastav-sampoon-250ml\/","og_locale":"en_US","og_type":"article","og_title":"Oleplex No. 4C s\u00fcgavpuhastav \u0161ampoon 250ml - She Beauty Studio","og_description":"Olaplex t\u00e4iustatud s\u00fcgavpuhastav \u0161ampoon, mis eemaldab t\u00f5husalt juukseid kahjustavad j\u00e4\u00e4kained, nagu metallid, mineraalid, kloor, mustus ja tootej\u00e4\u00e4gid.","og_url":"https:\/\/shebeauty.ee\/en\/product\/oleplex-no-4c-sugavpuhastav-sampoon-250ml\/","og_site_name":"She Beauty Studio","article_modified_time":"2025-08-15T19:01:26+00:00","og_image":[{"width":2048,"height":2560,"url":"https:\/\/shebeauty.ee\/wp-content\/uploads\/2022\/08\/4C-250ml-English-Front-with-shadow-scaled-1.jpg","type":"image\/jpeg"}],"twitter_card":"summary_large_image","twitter_misc":{"Est. reading time":"2 minutes"},"schema":{"@context":"https:\/\/schema.org","@graph":[{"@type":"WebPage","@id":"https:\/\/shebeauty.ee\/toode\/oleplex-no-4c-sugavpuhastav-sampoon-250ml\/","url":"https:\/\/shebeauty.ee\/toode\/oleplex-no-4c-sugavpuhastav-sampoon-250ml\/","name":"Oleplex No. 4C s\u00fcgavpuhastav \u0161ampoon 250ml - She Beauty Studio","isPartOf":{"@id":"https:\/\/shebeauty.ee\/#website"},"primaryImageOfPage":{"@id":"https:\/\/shebeauty.ee\/toode\/oleplex-no-4c-sugavpuhastav-sampoon-250ml\/#primaryimage"},"image":{"@id":"https:\/\/shebeauty.ee\/toode\/oleplex-no-4c-sugavpuhastav-sampoon-250ml\/#primaryimage"},"thumbnailUrl":"https:\/\/shebeauty.ee\/wp-content\/uploads\/2022\/08\/4C-250ml-English-Front-with-shadow-scaled-1.jpg","datePublished":"2022-08-19T16:54:17+00:00","dateModified":"2025-08-15T19:01:26+00:00","description":"Olaplex t\u00e4iustatud s\u00fcgavpuhastav \u0161ampoon, mis eemaldab t\u00f5husalt juukseid kahjustavad j\u00e4\u00e4kained, nagu metallid, mineraalid, kloor, mustus ja tootej\u00e4\u00e4gid.","breadcrumb":{"@id":"https:\/\/shebeauty.ee\/toode\/oleplex-no-4c-sugavpuhastav-sampoon-250ml\/#breadcrumb"},"inLanguage":"en-US","potentialAction":[{"@type":"ReadAction","target":["https:\/\/shebeauty.ee\/toode\/oleplex-no-4c-sugavpuhastav-sampoon-250ml\/"]}]},{"@type":"ImageObject","inLanguage":"en-US","@id":"https:\/\/shebeauty.ee\/toode\/oleplex-no-4c-sugavpuhastav-sampoon-250ml\/#primaryimage","url":"https:\/\/shebeauty.ee\/wp-content\/uploads\/2022\/08\/4C-250ml-English-Front-with-shadow-scaled-1.jpg","contentUrl":"https:\/\/shebeauty.ee\/wp-content\/uploads\/2022\/08\/4C-250ml-English-Front-with-shadow-scaled-1.jpg","width":2048,"height":2560},{"@type":"BreadcrumbList","@id":"https:\/\/shebeauty.ee\/toode\/oleplex-no-4c-sugavpuhastav-sampoon-250ml\/#breadcrumb","itemListElement":[{"@type":"ListItem","position":1,"name":"Home","item":"https:\/\/shebeauty.ee\/"},{"@type":"ListItem","position":2,"name":"Pood","item":"https:\/\/shebeauty.ee\/e-pood\/"},{"@type":"ListItem","position":3,"name":"Oleplex No. 4C s\u00fcgavpuhastav \u0161ampoon 250ml"}]},{"@type":"WebSite","@id":"https:\/\/shebeauty.ee\/#website","url":"https:\/\/shebeauty.ee\/","name":"She Beauty Studio","description":"Juuksestuudio","publisher":{"@id":"https:\/\/shebeauty.ee\/#organization"},"potentialAction":[{"@type":"SearchAction","target":{"@type":"EntryPoint","urlTemplate":"https:\/\/shebeauty.ee\/?s={search_term_string}"},"query-input":{"@type":"PropertyValueSpecification","valueRequired":true,"valueName":"search_term_string"}}],"inLanguage":"en-US"},{"@type":"Organization","@id":"https:\/\/shebeauty.ee\/#organization","name":"She Beauty O\u00dc","url":"https:\/\/shebeauty.ee\/","logo":{"@type":"ImageObject","inLanguage":"en-US","@id":"https:\/\/shebeauty.ee\/#\/schema\/logo\/image\/","url":"https:\/\/shebeauty.ee\/wp-content\/uploads\/2023\/10\/IMG_0585.jpg","contentUrl":"https:\/\/shebeauty.ee\/wp-content\/uploads\/2023\/10\/IMG_0585.jpg","width":1284,"height":1300,"caption":"She Beauty O\u00dc"},"image":{"@id":"https:\/\/shebeauty.ee\/#\/schema\/logo\/image\/"}}]}},"_links":{"self":[{"href":"https:\/\/shebeauty.ee\/en\/wp-json\/wp\/v2\/product\/2587","targetHints":{"allow":["GET"]}}],"collection":[{"href":"https:\/\/shebeauty.ee\/en\/wp-json\/wp\/v2\/product"}],"about":[{"href":"https:\/\/shebeauty.ee\/en\/wp-json\/wp\/v2\/types\/product"}],"replies":[{"embeddable":true,"href":"https:\/\/shebeauty.ee\/en\/wp-json\/wp\/v2\/comments?post=2587"}],"wp:featuredmedia":[{"embeddable":true,"href":"https:\/\/shebeauty.ee\/en\/wp-json\/wp\/v2\/media\/2588"}],"wp:attachment":[{"href":"https:\/\/shebeauty.ee\/en\/wp-json\/wp\/v2\/media?parent=2587"}],"wp:term":[{"taxonomy":"product_brand","embeddable":true,"href":"https:\/\/shebeauty.ee\/en\/wp-json\/wp\/v2\/product_brand?post=2587"},{"taxonomy":"product_cat","embeddable":true,"href":"https:\/\/shebeauty.ee\/en\/wp-json\/wp\/v2\/product_cat?post=2587"},{"taxonomy":"product_tag","embeddable":true,"href":"https:\/\/shebeauty.ee\/en\/wp-json\/wp\/v2\/product_tag?post=2587"},{"taxonomy":"giftcard-category","embeddable":true,"href":"https:\/\/shebeauty.ee\/en\/wp-json\/wp\/v2\/giftcard-category?post=2587"}],"curies":[{"name":"wp","href":"https:\/\/api.w.org\/{rel}","templated":true}]}}