{"id":2059,"date":"2021-09-21T23:53:33","date_gmt":"2021-09-21T20:53:33","guid":{"rendered":"https:\/\/shebeauty.ee\/?post_type=product&#038;p=2059"},"modified":"2025-08-17T11:30:50","modified_gmt":"2025-08-17T08:30:50","slug":"olaplex-no-4p-hobesampoon-250ml","status":"publish","type":"product","link":"https:\/\/shebeauty.ee\/en\/product\/olaplex-no-4p-hobesampoon-250ml\/","title":{"rendered":"Olaplex No. 4P H\u00f5be\u0161ampoon 250ml"},"content":{"rendered":"<div class=\"o9v6fnle cxmmr5t8 oygrvhab hcukyx3x c1et5uql ii04i59q\">\n<div dir=\"auto\"><strong>Mis see on?<\/strong><\/div>\n<div dir=\"auto\">Uuenenud kujul \u0161ampoon blondidele juustele. Puhastab, parandab ja lisab niisutust naturaalsetele, v\u00e4rvitud v\u00f5i blondeeritud juustele ning kirgastab loomulikku halli juust. Sobib igap\u00e4evaseks kasutamiseks.<\/div>\n<\/div>\n<div class=\"o9v6fnle cxmmr5t8 oygrvhab hcukyx3x c1et5uql ii04i59q\">\n<div dir=\"auto\">Usage:<\/div>\n<div dir=\"auto\">Kanna toode niisketesse juustesse. Masseerida kuni juuksed on \u00fcleni kaetud tiheda vahuga. Hoia 1-3minutit. Tugevamaks toonimiseks hoia juustes kuni 5 minutit. Loputa juuksed hoolega ja ideaalselt niisutatud, hooldatud, toidetud juuste saavutamiseks l\u00f5peta pesu OLAPLEX No 5 palsamiga v\u00f5i No 8 maskiga.<\/div>\n<\/div>\n<div class=\"o9v6fnle cxmmr5t8 oygrvhab hcukyx3x c1et5uql ii04i59q\">\n<div dir=\"auto\"><strong>Ingredients:<\/strong><br \/>\nWater (Aqua\/Eau), Sodium C14-16 Olefin Sulfonate, Cocamidopropyl Betaine, Glycerin, Sodium Cocoamphoacetate, Sodium Chloride, Acrylates Copolymer, Betaine, Phenoxyethanol, Fragrance (Parfum), Polyquaternium-7, Bis-Aminopropyl Diglycol Dimaleate, Guar Hydroxypropyltrimonium Chloride, Ethylhexylglycerin, Hexyl Cinnamal, Limonene, Citric Acid, Sodium Benzoate, Acid Violet 43 (Cl 60730).<\/div>\n<\/div>","protected":false},"excerpt":{"rendered":"<p>Uuenenud kujul tooniv \u0161ampoon blondidele, hallidele ja blondeeritud juustele. Puhastab \u00f5rnalt, parandab juukse struktuuri ja lisab intensiivset niisutust. Lilla pigmendiga koostis neutraliseerib soovimatud kollased toonid ning aitab s\u00e4ilitada k\u00fclma tooni ja kirgast halli juust.<\/p>\n<p>Sisaldab Olaplexi patenteeritud toimeainet, mis taastab ja tugevdab juukses olevaid disulfiidsidemeid. Sobib igap\u00e4evaseks kasutamiseks ning j\u00e4tab juuksed tugevaks, pehmeks ja s\u00e4ravaks.<\/p>\n<p>(<em>liitrihind: 120,00 \u20ac \/ l<\/em>)<\/p>","protected":false},"featured_media":2297,"comment_status":"open","ping_status":"closed","template":"","meta":{"site-sidebar-layout":"default","site-content-layout":"","ast-site-content-layout":"default","site-content-style":"default","site-sidebar-style":"default","ast-global-header-display":"","ast-banner-title-visibility":"","ast-main-header-display":"","ast-hfb-above-header-display":"","ast-hfb-below-header-display":"","ast-hfb-mobile-header-display":"","site-post-title":"","ast-breadcrumbs-content":"","ast-featured-img":"","footer-sml-layout":"","ast-disable-related-posts":"","theme-transparent-header-meta":"default","adv-header-id-meta":"","stick-header-meta":"","header-above-stick-meta":"","header-main-stick-meta":"","header-below-stick-meta":"","astra-migrate-meta-layouts":"set","ast-page-background-enabled":"default","ast-page-background-meta":{"desktop":{"background-color":"var(--ast-global-color-4)","background-image":"","background-repeat":"repeat","background-position":"center center","background-size":"auto","background-attachment":"scroll","background-type":"","background-media":"","overlay-type":"","overlay-color":"","overlay-opacity":"","overlay-gradient":""},"tablet":{"background-color":"","background-image":"","background-repeat":"repeat","background-position":"center center","background-size":"auto","background-attachment":"scroll","background-type":"","background-media":"","overlay-type":"","overlay-color":"","overlay-opacity":"","overlay-gradient":""},"mobile":{"background-color":"","background-image":"","background-repeat":"repeat","background-position":"center center","background-size":"auto","background-attachment":"scroll","background-type":"","background-media":"","overlay-type":"","overlay-color":"","overlay-opacity":"","overlay-gradient":""}},"ast-content-background-meta":{"desktop":{"background-color":"var(--ast-global-color-5)","background-image":"","background-repeat":"repeat","background-position":"center center","background-size":"auto","background-attachment":"scroll","background-type":"","background-media":"","overlay-type":"","overlay-color":"","overlay-opacity":"","overlay-gradient":""},"tablet":{"background-color":"var(--ast-global-color-5)","background-image":"","background-repeat":"repeat","background-position":"center center","background-size":"auto","background-attachment":"scroll","background-type":"","background-media":"","overlay-type":"","overlay-color":"","overlay-opacity":"","overlay-gradient":""},"mobile":{"background-color":"var(--ast-global-color-5)","background-image":"","background-repeat":"repeat","background-position":"center center","background-size":"auto","background-attachment":"scroll","background-type":"","background-media":"","overlay-type":"","overlay-color":"","overlay-opacity":"","overlay-gradient":""}}},"product_brand":[],"product_cat":[20],"product_tag":[185,184,75],"giftcard-category":[],"class_list":{"0":"post-2059","1":"product","2":"type-product","3":"status-publish","4":"has-post-thumbnail","6":"product_cat-juuksehooldustooted-sampoon-palsam-mask","7":"product_tag-blondidele","8":"product_tag-hobesampoon","9":"product_tag-olaplex","10":"desktop-align-center","11":"tablet-align-left","12":"mobile-align-left","14":"first","15":"instock","16":"taxable","17":"shipping-taxable","18":"purchasable","19":"product-type-simple"},"yoast_head":"<!-- This site is optimized with the Yoast SEO plugin v27.4 - https:\/\/yoast.com\/product\/yoast-seo-wordpress\/ -->\n<title>Olaplex No. 4P H\u00f5be\u0161ampoon 250ml - She Beauty Studio<\/title>\n<meta name=\"robots\" content=\"index, follow, max-snippet:-1, max-image-preview:large, max-video-preview:-1\" \/>\n<link rel=\"canonical\" href=\"https:\/\/shebeauty.ee\/en\/product\/olaplex-no-4p-hobesampoon-250ml\/\" \/>\n<meta property=\"og:locale\" content=\"en_US\" \/>\n<meta property=\"og:type\" content=\"article\" \/>\n<meta property=\"og:title\" content=\"Olaplex No. 4P H\u00f5be\u0161ampoon 250ml - She Beauty Studio\" \/>\n<meta property=\"og:description\" content=\"Uuenenud kujul tooniv \u0161ampoon blondidele, hallidele ja blondeeritud juustele. Puhastab \u00f5rnalt, parandab juukse struktuuri ja lisab intensiivset niisutust. Lilla pigmendiga koostis neutraliseerib soovimatud kollased toonid ning aitab s\u00e4ilitada k\u00fclma tooni ja kirgast halli juust.  Sisaldab Olaplexi patenteeritud toimeainet, mis taastab ja tugevdab juukses olevaid disulfiidsidemeid. Sobib igap\u00e4evaseks kasutamiseks ning j\u00e4tab juuksed tugevaks, pehmeks ja s\u00e4ravaks.  (liitrihind: 120,00 \u20ac \/ l)\" \/>\n<meta property=\"og:url\" content=\"https:\/\/shebeauty.ee\/en\/product\/olaplex-no-4p-hobesampoon-250ml\/\" \/>\n<meta property=\"og:site_name\" content=\"She Beauty Studio\" \/>\n<meta property=\"article:modified_time\" content=\"2025-08-17T08:30:50+00:00\" \/>\n<meta property=\"og:image\" content=\"https:\/\/shebeauty.ee\/wp-content\/uploads\/2021\/09\/OPLX-4P.jpg\" \/>\n\t<meta property=\"og:image:width\" content=\"700\" \/>\n\t<meta property=\"og:image:height\" content=\"700\" \/>\n\t<meta property=\"og:image:type\" content=\"image\/jpeg\" \/>\n<meta name=\"twitter:card\" content=\"summary_large_image\" \/>\n<meta name=\"twitter:label1\" content=\"Est. reading time\" \/>\n\t<meta name=\"twitter:data1\" content=\"1 minute\" \/>\n<script type=\"application\/ld+json\" class=\"yoast-schema-graph\">{\"@context\":\"https:\\\/\\\/schema.org\",\"@graph\":[{\"@type\":\"WebPage\",\"@id\":\"https:\\\/\\\/shebeauty.ee\\\/toode\\\/olaplex-no-4p-hobesampoon-250ml\\\/\",\"url\":\"https:\\\/\\\/shebeauty.ee\\\/toode\\\/olaplex-no-4p-hobesampoon-250ml\\\/\",\"name\":\"Olaplex No. 4P H\u00f5be\u0161ampoon 250ml - She Beauty Studio\",\"isPartOf\":{\"@id\":\"https:\\\/\\\/shebeauty.ee\\\/#website\"},\"primaryImageOfPage\":{\"@id\":\"https:\\\/\\\/shebeauty.ee\\\/toode\\\/olaplex-no-4p-hobesampoon-250ml\\\/#primaryimage\"},\"image\":{\"@id\":\"https:\\\/\\\/shebeauty.ee\\\/toode\\\/olaplex-no-4p-hobesampoon-250ml\\\/#primaryimage\"},\"thumbnailUrl\":\"https:\\\/\\\/shebeauty.ee\\\/wp-content\\\/uploads\\\/2021\\\/09\\\/OPLX-4P.jpg\",\"datePublished\":\"2021-09-21T20:53:33+00:00\",\"dateModified\":\"2025-08-17T08:30:50+00:00\",\"breadcrumb\":{\"@id\":\"https:\\\/\\\/shebeauty.ee\\\/toode\\\/olaplex-no-4p-hobesampoon-250ml\\\/#breadcrumb\"},\"inLanguage\":\"en-US\",\"potentialAction\":[{\"@type\":\"ReadAction\",\"target\":[\"https:\\\/\\\/shebeauty.ee\\\/toode\\\/olaplex-no-4p-hobesampoon-250ml\\\/\"]}]},{\"@type\":\"ImageObject\",\"inLanguage\":\"en-US\",\"@id\":\"https:\\\/\\\/shebeauty.ee\\\/toode\\\/olaplex-no-4p-hobesampoon-250ml\\\/#primaryimage\",\"url\":\"https:\\\/\\\/shebeauty.ee\\\/wp-content\\\/uploads\\\/2021\\\/09\\\/OPLX-4P.jpg\",\"contentUrl\":\"https:\\\/\\\/shebeauty.ee\\\/wp-content\\\/uploads\\\/2021\\\/09\\\/OPLX-4P.jpg\",\"width\":700,\"height\":700},{\"@type\":\"BreadcrumbList\",\"@id\":\"https:\\\/\\\/shebeauty.ee\\\/toode\\\/olaplex-no-4p-hobesampoon-250ml\\\/#breadcrumb\",\"itemListElement\":[{\"@type\":\"ListItem\",\"position\":1,\"name\":\"Home\",\"item\":\"https:\\\/\\\/shebeauty.ee\\\/\"},{\"@type\":\"ListItem\",\"position\":2,\"name\":\"Pood\",\"item\":\"https:\\\/\\\/shebeauty.ee\\\/e-pood\\\/\"},{\"@type\":\"ListItem\",\"position\":3,\"name\":\"Olaplex No. 4P H\u00f5be\u0161ampoon 250ml\"}]},{\"@type\":\"WebSite\",\"@id\":\"https:\\\/\\\/shebeauty.ee\\\/#website\",\"url\":\"https:\\\/\\\/shebeauty.ee\\\/\",\"name\":\"She Beauty Studio\",\"description\":\"Juuksestuudio\",\"publisher\":{\"@id\":\"https:\\\/\\\/shebeauty.ee\\\/#organization\"},\"potentialAction\":[{\"@type\":\"SearchAction\",\"target\":{\"@type\":\"EntryPoint\",\"urlTemplate\":\"https:\\\/\\\/shebeauty.ee\\\/?s={search_term_string}\"},\"query-input\":{\"@type\":\"PropertyValueSpecification\",\"valueRequired\":true,\"valueName\":\"search_term_string\"}}],\"inLanguage\":\"en-US\"},{\"@type\":\"Organization\",\"@id\":\"https:\\\/\\\/shebeauty.ee\\\/#organization\",\"name\":\"She Beauty O\u00dc\",\"url\":\"https:\\\/\\\/shebeauty.ee\\\/\",\"logo\":{\"@type\":\"ImageObject\",\"inLanguage\":\"en-US\",\"@id\":\"https:\\\/\\\/shebeauty.ee\\\/#\\\/schema\\\/logo\\\/image\\\/\",\"url\":\"https:\\\/\\\/shebeauty.ee\\\/wp-content\\\/uploads\\\/2023\\\/10\\\/IMG_0585.jpg\",\"contentUrl\":\"https:\\\/\\\/shebeauty.ee\\\/wp-content\\\/uploads\\\/2023\\\/10\\\/IMG_0585.jpg\",\"width\":1284,\"height\":1300,\"caption\":\"She Beauty O\u00dc\"},\"image\":{\"@id\":\"https:\\\/\\\/shebeauty.ee\\\/#\\\/schema\\\/logo\\\/image\\\/\"}}]}<\/script>\n<!-- \/ Yoast SEO plugin. -->","yoast_head_json":{"title":"Olaplex No. 4P H\u00f5be\u0161ampoon 250ml - She Beauty Studio","robots":{"index":"index","follow":"follow","max-snippet":"max-snippet:-1","max-image-preview":"max-image-preview:large","max-video-preview":"max-video-preview:-1"},"canonical":"https:\/\/shebeauty.ee\/en\/product\/olaplex-no-4p-hobesampoon-250ml\/","og_locale":"en_US","og_type":"article","og_title":"Olaplex No. 4P H\u00f5be\u0161ampoon 250ml - She Beauty Studio","og_description":"Uuenenud kujul tooniv \u0161ampoon blondidele, hallidele ja blondeeritud juustele. Puhastab \u00f5rnalt, parandab juukse struktuuri ja lisab intensiivset niisutust. Lilla pigmendiga koostis neutraliseerib soovimatud kollased toonid ning aitab s\u00e4ilitada k\u00fclma tooni ja kirgast halli juust.  Sisaldab Olaplexi patenteeritud toimeainet, mis taastab ja tugevdab juukses olevaid disulfiidsidemeid. Sobib igap\u00e4evaseks kasutamiseks ning j\u00e4tab juuksed tugevaks, pehmeks ja s\u00e4ravaks.  (liitrihind: 120,00 \u20ac \/ l)","og_url":"https:\/\/shebeauty.ee\/en\/product\/olaplex-no-4p-hobesampoon-250ml\/","og_site_name":"She Beauty Studio","article_modified_time":"2025-08-17T08:30:50+00:00","og_image":[{"width":700,"height":700,"url":"https:\/\/shebeauty.ee\/wp-content\/uploads\/2021\/09\/OPLX-4P.jpg","type":"image\/jpeg"}],"twitter_card":"summary_large_image","twitter_misc":{"Est. reading time":"1 minute"},"schema":{"@context":"https:\/\/schema.org","@graph":[{"@type":"WebPage","@id":"https:\/\/shebeauty.ee\/toode\/olaplex-no-4p-hobesampoon-250ml\/","url":"https:\/\/shebeauty.ee\/toode\/olaplex-no-4p-hobesampoon-250ml\/","name":"Olaplex No. 4P H\u00f5be\u0161ampoon 250ml - She Beauty Studio","isPartOf":{"@id":"https:\/\/shebeauty.ee\/#website"},"primaryImageOfPage":{"@id":"https:\/\/shebeauty.ee\/toode\/olaplex-no-4p-hobesampoon-250ml\/#primaryimage"},"image":{"@id":"https:\/\/shebeauty.ee\/toode\/olaplex-no-4p-hobesampoon-250ml\/#primaryimage"},"thumbnailUrl":"https:\/\/shebeauty.ee\/wp-content\/uploads\/2021\/09\/OPLX-4P.jpg","datePublished":"2021-09-21T20:53:33+00:00","dateModified":"2025-08-17T08:30:50+00:00","breadcrumb":{"@id":"https:\/\/shebeauty.ee\/toode\/olaplex-no-4p-hobesampoon-250ml\/#breadcrumb"},"inLanguage":"en-US","potentialAction":[{"@type":"ReadAction","target":["https:\/\/shebeauty.ee\/toode\/olaplex-no-4p-hobesampoon-250ml\/"]}]},{"@type":"ImageObject","inLanguage":"en-US","@id":"https:\/\/shebeauty.ee\/toode\/olaplex-no-4p-hobesampoon-250ml\/#primaryimage","url":"https:\/\/shebeauty.ee\/wp-content\/uploads\/2021\/09\/OPLX-4P.jpg","contentUrl":"https:\/\/shebeauty.ee\/wp-content\/uploads\/2021\/09\/OPLX-4P.jpg","width":700,"height":700},{"@type":"BreadcrumbList","@id":"https:\/\/shebeauty.ee\/toode\/olaplex-no-4p-hobesampoon-250ml\/#breadcrumb","itemListElement":[{"@type":"ListItem","position":1,"name":"Home","item":"https:\/\/shebeauty.ee\/"},{"@type":"ListItem","position":2,"name":"Pood","item":"https:\/\/shebeauty.ee\/e-pood\/"},{"@type":"ListItem","position":3,"name":"Olaplex No. 4P H\u00f5be\u0161ampoon 250ml"}]},{"@type":"WebSite","@id":"https:\/\/shebeauty.ee\/#website","url":"https:\/\/shebeauty.ee\/","name":"She Beauty Studio","description":"Juuksestuudio","publisher":{"@id":"https:\/\/shebeauty.ee\/#organization"},"potentialAction":[{"@type":"SearchAction","target":{"@type":"EntryPoint","urlTemplate":"https:\/\/shebeauty.ee\/?s={search_term_string}"},"query-input":{"@type":"PropertyValueSpecification","valueRequired":true,"valueName":"search_term_string"}}],"inLanguage":"en-US"},{"@type":"Organization","@id":"https:\/\/shebeauty.ee\/#organization","name":"She Beauty O\u00dc","url":"https:\/\/shebeauty.ee\/","logo":{"@type":"ImageObject","inLanguage":"en-US","@id":"https:\/\/shebeauty.ee\/#\/schema\/logo\/image\/","url":"https:\/\/shebeauty.ee\/wp-content\/uploads\/2023\/10\/IMG_0585.jpg","contentUrl":"https:\/\/shebeauty.ee\/wp-content\/uploads\/2023\/10\/IMG_0585.jpg","width":1284,"height":1300,"caption":"She Beauty O\u00dc"},"image":{"@id":"https:\/\/shebeauty.ee\/#\/schema\/logo\/image\/"}}]}},"_links":{"self":[{"href":"https:\/\/shebeauty.ee\/en\/wp-json\/wp\/v2\/product\/2059","targetHints":{"allow":["GET"]}}],"collection":[{"href":"https:\/\/shebeauty.ee\/en\/wp-json\/wp\/v2\/product"}],"about":[{"href":"https:\/\/shebeauty.ee\/en\/wp-json\/wp\/v2\/types\/product"}],"replies":[{"embeddable":true,"href":"https:\/\/shebeauty.ee\/en\/wp-json\/wp\/v2\/comments?post=2059"}],"wp:featuredmedia":[{"embeddable":true,"href":"https:\/\/shebeauty.ee\/en\/wp-json\/wp\/v2\/media\/2297"}],"wp:attachment":[{"href":"https:\/\/shebeauty.ee\/en\/wp-json\/wp\/v2\/media?parent=2059"}],"wp:term":[{"taxonomy":"product_brand","embeddable":true,"href":"https:\/\/shebeauty.ee\/en\/wp-json\/wp\/v2\/product_brand?post=2059"},{"taxonomy":"product_cat","embeddable":true,"href":"https:\/\/shebeauty.ee\/en\/wp-json\/wp\/v2\/product_cat?post=2059"},{"taxonomy":"product_tag","embeddable":true,"href":"https:\/\/shebeauty.ee\/en\/wp-json\/wp\/v2\/product_tag?post=2059"},{"taxonomy":"giftcard-category","embeddable":true,"href":"https:\/\/shebeauty.ee\/en\/wp-json\/wp\/v2\/giftcard-category?post=2059"}],"curies":[{"name":"wp","href":"https:\/\/api.w.org\/{rel}","templated":true}]}}