{"id":1627,"date":"2021-04-17T22:44:20","date_gmt":"2021-04-17T19:44:20","guid":{"rendered":"https:\/\/shebeauty.ee\/?post_type=product&#038;p=1627"},"modified":"2025-08-15T22:03:33","modified_gmt":"2025-08-15T19:03:33","slug":"olaplex-nr-8","status":"publish","type":"product","link":"https:\/\/shebeauty.ee\/en\/product\/olaplex-nr-8\/","title":{"rendered":"Olaplex No. 8 Bond Intense Moisture Mask 100ml"},"content":{"rendered":"<p>\u00dclimalt niisutav juuksemask.<\/p>\n<p><strong>Ingredients:<\/strong><br \/>\nWater (Aqua\/Eau), Dimethicone, Cetyl Alcohol, Persea Gratissima (Avocado) Oil, Glycerin, Stearyl Alcohol, Ethylhexyl Olivate, Behentrimonium Chloride, Cetrimonium Bromide, Limnanthes Alba (Meadowfoam) Seed Oil, Oryza Sativa (Rice) Bran Oil, Quaternium-80, Rosa Canina (Rose Hip) Seed Extract, Ceramide AP, Ceramide NP, Hydrolyzed Jojoba Esters, Sodium Hyaluronate, Sodium PCA, Bis-Aminopropyl Diglycol Dimaleate, Arginine, Cannabis Sativa (Hemp) Seed Oil, Jojoba Esters, Panthenol, Squalane, Carthamus Tinctorius (Sunflower) Seed Oil, Glycine, Alanine, Serine, Valine, Isoleucine, Proline, Threonine, Guar Hydroxypropyltrimonium Chloride, Histidine, Hydroxyethylcellulose, Phenylalanine, Aspartic Acid, PCA, Phosphatidylcholine, Citric Acid, Sodium Lactate, Ethylhexylglycerin, Sodium Benzoate, Phenoxyethanol, Bis-Cetearyl Amodimethicone, Fragrance (Parfum), Citral, Hexyl Cinnamal, Limonene.<\/p>\n<p>Lugege kindlasti toote pakendil olevat teavet, eriti kui teil on allergiaoht.<\/p>","protected":false},"excerpt":{"rendered":"<p>Olaplex No. 8 on intensiivselt niisutav ja juukseid taastav mask, mis annab n\u00e4htavat pehmust, siledust, s\u00e4ra ja vol\u00fc\u00fcmi.<br \/>\nT\u00e4nu patenteeritud Olaplex-tehnoloogiale parandab juuste struktuuri s\u00fcgavuti.<br \/>\nSobib k\u00f5ikidele juukset\u00fc\u00fcpidele, eriti kuivadele ja kahjustatud juustele.<br \/>\nTulemus on koheselt tuntav juba peale esimest kasutuskorda.<\/p>\n<p><em>Liitrihind: 360,00\u202f\u20ac \/ l<\/em><\/p>","protected":false},"featured_media":2347,"comment_status":"open","ping_status":"closed","template":"","meta":{"site-sidebar-layout":"default","site-content-layout":"","ast-site-content-layout":"default","site-content-style":"default","site-sidebar-style":"default","ast-global-header-display":"","ast-banner-title-visibility":"","ast-main-header-display":"","ast-hfb-above-header-display":"","ast-hfb-below-header-display":"","ast-hfb-mobile-header-display":"","site-post-title":"","ast-breadcrumbs-content":"","ast-featured-img":"","footer-sml-layout":"","ast-disable-related-posts":"","theme-transparent-header-meta":"default","adv-header-id-meta":"","stick-header-meta":"","header-above-stick-meta":"","header-main-stick-meta":"","header-below-stick-meta":"","astra-migrate-meta-layouts":"set","ast-page-background-enabled":"default","ast-page-background-meta":{"desktop":{"background-color":"var(--ast-global-color-4)","background-image":"","background-repeat":"repeat","background-position":"center center","background-size":"auto","background-attachment":"scroll","background-type":"","background-media":"","overlay-type":"","overlay-color":"","overlay-opacity":"","overlay-gradient":""},"tablet":{"background-color":"","background-image":"","background-repeat":"repeat","background-position":"center center","background-size":"auto","background-attachment":"scroll","background-type":"","background-media":"","overlay-type":"","overlay-color":"","overlay-opacity":"","overlay-gradient":""},"mobile":{"background-color":"","background-image":"","background-repeat":"repeat","background-position":"center center","background-size":"auto","background-attachment":"scroll","background-type":"","background-media":"","overlay-type":"","overlay-color":"","overlay-opacity":"","overlay-gradient":""}},"ast-content-background-meta":{"desktop":{"background-color":"var(--ast-global-color-5)","background-image":"","background-repeat":"repeat","background-position":"center center","background-size":"auto","background-attachment":"scroll","background-type":"","background-media":"","overlay-type":"","overlay-color":"","overlay-opacity":"","overlay-gradient":""},"tablet":{"background-color":"var(--ast-global-color-5)","background-image":"","background-repeat":"repeat","background-position":"center center","background-size":"auto","background-attachment":"scroll","background-type":"","background-media":"","overlay-type":"","overlay-color":"","overlay-opacity":"","overlay-gradient":""},"mobile":{"background-color":"var(--ast-global-color-5)","background-image":"","background-repeat":"repeat","background-position":"center center","background-size":"auto","background-attachment":"scroll","background-type":"","background-media":"","overlay-type":"","overlay-color":"","overlay-opacity":"","overlay-gradient":""}}},"product_brand":[],"product_cat":[20],"product_tag":[151,69,75,152],"giftcard-category":[],"class_list":{"0":"post-1627","1":"product","2":"type-product","3":"status-publish","4":"has-post-thumbnail","6":"product_cat-juuksehooldustooted-sampoon-palsam-mask","7":"product_tag-intensiivselt-niisutav","8":"product_tag-juuksemask","9":"product_tag-olaplex","10":"product_tag-sugavuti-toitev","11":"desktop-align-center","12":"tablet-align-left","13":"mobile-align-left","15":"first","16":"instock","17":"taxable","18":"shipping-taxable","19":"purchasable","20":"product-type-simple"},"yoast_head":"<!-- This site is optimized with the Yoast SEO plugin v27.4 - https:\/\/yoast.com\/product\/yoast-seo-wordpress\/ -->\n<title>Olaplex No. 8 Bond Intense Moisture Mask 100ml - She Beauty Studio<\/title>\n<meta name=\"description\" content=\"Olaplex No. 8 on intensiivselt niisutav ja juukseid taastav mask, mis annab n\u00e4htavat pehmust, siledust, s\u00e4ra ja vol\u00fc\u00fcmi sinu juustele.\" \/>\n<meta name=\"robots\" content=\"index, follow, max-snippet:-1, max-image-preview:large, max-video-preview:-1\" \/>\n<link rel=\"canonical\" href=\"https:\/\/shebeauty.ee\/en\/product\/olaplex-nr-8\/\" \/>\n<meta property=\"og:locale\" content=\"en_US\" \/>\n<meta property=\"og:type\" content=\"article\" \/>\n<meta property=\"og:title\" content=\"Olaplex No. 8 Bond Intense Moisture Mask 100ml - She Beauty Studio\" \/>\n<meta property=\"og:description\" content=\"Olaplex No. 8 on intensiivselt niisutav ja juukseid taastav mask, mis annab n\u00e4htavat pehmust, siledust, s\u00e4ra ja vol\u00fc\u00fcmi sinu juustele.\" \/>\n<meta property=\"og:url\" content=\"https:\/\/shebeauty.ee\/en\/product\/olaplex-nr-8\/\" \/>\n<meta property=\"og:site_name\" content=\"She Beauty Studio\" \/>\n<meta property=\"article:modified_time\" content=\"2025-08-15T19:03:33+00:00\" \/>\n<meta property=\"og:image\" content=\"https:\/\/shebeauty.ee\/wp-content\/uploads\/2021\/04\/OPLX-NO-8.jpg\" \/>\n\t<meta property=\"og:image:width\" content=\"700\" \/>\n\t<meta property=\"og:image:height\" content=\"700\" \/>\n\t<meta property=\"og:image:type\" content=\"image\/jpeg\" \/>\n<meta name=\"twitter:card\" content=\"summary_large_image\" \/>\n<meta name=\"twitter:label1\" content=\"Est. reading time\" \/>\n\t<meta name=\"twitter:data1\" content=\"1 minute\" \/>\n<script type=\"application\/ld+json\" class=\"yoast-schema-graph\">{\"@context\":\"https:\\\/\\\/schema.org\",\"@graph\":[{\"@type\":\"WebPage\",\"@id\":\"https:\\\/\\\/shebeauty.ee\\\/toode\\\/olaplex-nr-8\\\/\",\"url\":\"https:\\\/\\\/shebeauty.ee\\\/toode\\\/olaplex-nr-8\\\/\",\"name\":\"Olaplex No. 8 Bond Intense Moisture Mask 100ml - She Beauty Studio\",\"isPartOf\":{\"@id\":\"https:\\\/\\\/shebeauty.ee\\\/#website\"},\"primaryImageOfPage\":{\"@id\":\"https:\\\/\\\/shebeauty.ee\\\/toode\\\/olaplex-nr-8\\\/#primaryimage\"},\"image\":{\"@id\":\"https:\\\/\\\/shebeauty.ee\\\/toode\\\/olaplex-nr-8\\\/#primaryimage\"},\"thumbnailUrl\":\"https:\\\/\\\/shebeauty.ee\\\/wp-content\\\/uploads\\\/2021\\\/04\\\/OPLX-NO-8.jpg\",\"datePublished\":\"2021-04-17T19:44:20+00:00\",\"dateModified\":\"2025-08-15T19:03:33+00:00\",\"description\":\"Olaplex No. 8 on intensiivselt niisutav ja juukseid taastav mask, mis annab n\u00e4htavat pehmust, siledust, s\u00e4ra ja vol\u00fc\u00fcmi sinu juustele.\",\"breadcrumb\":{\"@id\":\"https:\\\/\\\/shebeauty.ee\\\/toode\\\/olaplex-nr-8\\\/#breadcrumb\"},\"inLanguage\":\"en-US\",\"potentialAction\":[{\"@type\":\"ReadAction\",\"target\":[\"https:\\\/\\\/shebeauty.ee\\\/toode\\\/olaplex-nr-8\\\/\"]}]},{\"@type\":\"ImageObject\",\"inLanguage\":\"en-US\",\"@id\":\"https:\\\/\\\/shebeauty.ee\\\/toode\\\/olaplex-nr-8\\\/#primaryimage\",\"url\":\"https:\\\/\\\/shebeauty.ee\\\/wp-content\\\/uploads\\\/2021\\\/04\\\/OPLX-NO-8.jpg\",\"contentUrl\":\"https:\\\/\\\/shebeauty.ee\\\/wp-content\\\/uploads\\\/2021\\\/04\\\/OPLX-NO-8.jpg\",\"width\":700,\"height\":700},{\"@type\":\"BreadcrumbList\",\"@id\":\"https:\\\/\\\/shebeauty.ee\\\/toode\\\/olaplex-nr-8\\\/#breadcrumb\",\"itemListElement\":[{\"@type\":\"ListItem\",\"position\":1,\"name\":\"Home\",\"item\":\"https:\\\/\\\/shebeauty.ee\\\/\"},{\"@type\":\"ListItem\",\"position\":2,\"name\":\"Pood\",\"item\":\"https:\\\/\\\/shebeauty.ee\\\/e-pood\\\/\"},{\"@type\":\"ListItem\",\"position\":3,\"name\":\"Olaplex No. 8 Bond Intense Moisture Mask 100ml\"}]},{\"@type\":\"WebSite\",\"@id\":\"https:\\\/\\\/shebeauty.ee\\\/#website\",\"url\":\"https:\\\/\\\/shebeauty.ee\\\/\",\"name\":\"She Beauty Studio\",\"description\":\"Juuksestuudio\",\"publisher\":{\"@id\":\"https:\\\/\\\/shebeauty.ee\\\/#organization\"},\"potentialAction\":[{\"@type\":\"SearchAction\",\"target\":{\"@type\":\"EntryPoint\",\"urlTemplate\":\"https:\\\/\\\/shebeauty.ee\\\/?s={search_term_string}\"},\"query-input\":{\"@type\":\"PropertyValueSpecification\",\"valueRequired\":true,\"valueName\":\"search_term_string\"}}],\"inLanguage\":\"en-US\"},{\"@type\":\"Organization\",\"@id\":\"https:\\\/\\\/shebeauty.ee\\\/#organization\",\"name\":\"She Beauty O\u00dc\",\"url\":\"https:\\\/\\\/shebeauty.ee\\\/\",\"logo\":{\"@type\":\"ImageObject\",\"inLanguage\":\"en-US\",\"@id\":\"https:\\\/\\\/shebeauty.ee\\\/#\\\/schema\\\/logo\\\/image\\\/\",\"url\":\"https:\\\/\\\/shebeauty.ee\\\/wp-content\\\/uploads\\\/2023\\\/10\\\/IMG_0585.jpg\",\"contentUrl\":\"https:\\\/\\\/shebeauty.ee\\\/wp-content\\\/uploads\\\/2023\\\/10\\\/IMG_0585.jpg\",\"width\":1284,\"height\":1300,\"caption\":\"She Beauty O\u00dc\"},\"image\":{\"@id\":\"https:\\\/\\\/shebeauty.ee\\\/#\\\/schema\\\/logo\\\/image\\\/\"}}]}<\/script>\n<!-- \/ Yoast SEO plugin. -->","yoast_head_json":{"title":"Olaplex No. 8 Bond Intense Moisture Mask 100ml - She Beauty Studio","description":"Olaplex No. 8 on intensiivselt niisutav ja juukseid taastav mask, mis annab n\u00e4htavat pehmust, siledust, s\u00e4ra ja vol\u00fc\u00fcmi sinu juustele.","robots":{"index":"index","follow":"follow","max-snippet":"max-snippet:-1","max-image-preview":"max-image-preview:large","max-video-preview":"max-video-preview:-1"},"canonical":"https:\/\/shebeauty.ee\/en\/product\/olaplex-nr-8\/","og_locale":"en_US","og_type":"article","og_title":"Olaplex No. 8 Bond Intense Moisture Mask 100ml - She Beauty Studio","og_description":"Olaplex No. 8 on intensiivselt niisutav ja juukseid taastav mask, mis annab n\u00e4htavat pehmust, siledust, s\u00e4ra ja vol\u00fc\u00fcmi sinu juustele.","og_url":"https:\/\/shebeauty.ee\/en\/product\/olaplex-nr-8\/","og_site_name":"She Beauty Studio","article_modified_time":"2025-08-15T19:03:33+00:00","og_image":[{"width":700,"height":700,"url":"https:\/\/shebeauty.ee\/wp-content\/uploads\/2021\/04\/OPLX-NO-8.jpg","type":"image\/jpeg"}],"twitter_card":"summary_large_image","twitter_misc":{"Est. reading time":"1 minute"},"schema":{"@context":"https:\/\/schema.org","@graph":[{"@type":"WebPage","@id":"https:\/\/shebeauty.ee\/toode\/olaplex-nr-8\/","url":"https:\/\/shebeauty.ee\/toode\/olaplex-nr-8\/","name":"Olaplex No. 8 Bond Intense Moisture Mask 100ml - She Beauty Studio","isPartOf":{"@id":"https:\/\/shebeauty.ee\/#website"},"primaryImageOfPage":{"@id":"https:\/\/shebeauty.ee\/toode\/olaplex-nr-8\/#primaryimage"},"image":{"@id":"https:\/\/shebeauty.ee\/toode\/olaplex-nr-8\/#primaryimage"},"thumbnailUrl":"https:\/\/shebeauty.ee\/wp-content\/uploads\/2021\/04\/OPLX-NO-8.jpg","datePublished":"2021-04-17T19:44:20+00:00","dateModified":"2025-08-15T19:03:33+00:00","description":"Olaplex No. 8 on intensiivselt niisutav ja juukseid taastav mask, mis annab n\u00e4htavat pehmust, siledust, s\u00e4ra ja vol\u00fc\u00fcmi sinu juustele.","breadcrumb":{"@id":"https:\/\/shebeauty.ee\/toode\/olaplex-nr-8\/#breadcrumb"},"inLanguage":"en-US","potentialAction":[{"@type":"ReadAction","target":["https:\/\/shebeauty.ee\/toode\/olaplex-nr-8\/"]}]},{"@type":"ImageObject","inLanguage":"en-US","@id":"https:\/\/shebeauty.ee\/toode\/olaplex-nr-8\/#primaryimage","url":"https:\/\/shebeauty.ee\/wp-content\/uploads\/2021\/04\/OPLX-NO-8.jpg","contentUrl":"https:\/\/shebeauty.ee\/wp-content\/uploads\/2021\/04\/OPLX-NO-8.jpg","width":700,"height":700},{"@type":"BreadcrumbList","@id":"https:\/\/shebeauty.ee\/toode\/olaplex-nr-8\/#breadcrumb","itemListElement":[{"@type":"ListItem","position":1,"name":"Home","item":"https:\/\/shebeauty.ee\/"},{"@type":"ListItem","position":2,"name":"Pood","item":"https:\/\/shebeauty.ee\/e-pood\/"},{"@type":"ListItem","position":3,"name":"Olaplex No. 8 Bond Intense Moisture Mask 100ml"}]},{"@type":"WebSite","@id":"https:\/\/shebeauty.ee\/#website","url":"https:\/\/shebeauty.ee\/","name":"She Beauty Studio","description":"Juuksestuudio","publisher":{"@id":"https:\/\/shebeauty.ee\/#organization"},"potentialAction":[{"@type":"SearchAction","target":{"@type":"EntryPoint","urlTemplate":"https:\/\/shebeauty.ee\/?s={search_term_string}"},"query-input":{"@type":"PropertyValueSpecification","valueRequired":true,"valueName":"search_term_string"}}],"inLanguage":"en-US"},{"@type":"Organization","@id":"https:\/\/shebeauty.ee\/#organization","name":"She Beauty O\u00dc","url":"https:\/\/shebeauty.ee\/","logo":{"@type":"ImageObject","inLanguage":"en-US","@id":"https:\/\/shebeauty.ee\/#\/schema\/logo\/image\/","url":"https:\/\/shebeauty.ee\/wp-content\/uploads\/2023\/10\/IMG_0585.jpg","contentUrl":"https:\/\/shebeauty.ee\/wp-content\/uploads\/2023\/10\/IMG_0585.jpg","width":1284,"height":1300,"caption":"She Beauty O\u00dc"},"image":{"@id":"https:\/\/shebeauty.ee\/#\/schema\/logo\/image\/"}}]}},"_links":{"self":[{"href":"https:\/\/shebeauty.ee\/en\/wp-json\/wp\/v2\/product\/1627","targetHints":{"allow":["GET"]}}],"collection":[{"href":"https:\/\/shebeauty.ee\/en\/wp-json\/wp\/v2\/product"}],"about":[{"href":"https:\/\/shebeauty.ee\/en\/wp-json\/wp\/v2\/types\/product"}],"replies":[{"embeddable":true,"href":"https:\/\/shebeauty.ee\/en\/wp-json\/wp\/v2\/comments?post=1627"}],"wp:featuredmedia":[{"embeddable":true,"href":"https:\/\/shebeauty.ee\/en\/wp-json\/wp\/v2\/media\/2347"}],"wp:attachment":[{"href":"https:\/\/shebeauty.ee\/en\/wp-json\/wp\/v2\/media?parent=1627"}],"wp:term":[{"taxonomy":"product_brand","embeddable":true,"href":"https:\/\/shebeauty.ee\/en\/wp-json\/wp\/v2\/product_brand?post=1627"},{"taxonomy":"product_cat","embeddable":true,"href":"https:\/\/shebeauty.ee\/en\/wp-json\/wp\/v2\/product_cat?post=1627"},{"taxonomy":"product_tag","embeddable":true,"href":"https:\/\/shebeauty.ee\/en\/wp-json\/wp\/v2\/product_tag?post=1627"},{"taxonomy":"giftcard-category","embeddable":true,"href":"https:\/\/shebeauty.ee\/en\/wp-json\/wp\/v2\/giftcard-category?post=1627"}],"curies":[{"name":"wp","href":"https:\/\/api.w.org\/{rel}","templated":true}]}}