{"id":1609,"date":"2021-03-15T09:56:04","date_gmt":"2021-03-15T07:56:04","guid":{"rendered":"https:\/\/shebeauty.ee\/?post_type=product&#038;p=1609"},"modified":"2025-08-23T17:47:10","modified_gmt":"2025-08-23T14:47:10","slug":"wow-150ml-tuub","status":"publish","type":"product","link":"https:\/\/shebeauty.ee\/en\/product\/wow-150ml-tuub\/","title":{"rendered":"Soleo WoW! 150ml"},"content":{"rendered":"<p>V\u00f5imas pruunistaja WOW! sisaldab endas k\u00f5ike, mis vaja kauni, kiire ja s\u00fcgavpruuni p\u00e4evitustulemuse saavutamiseks. WOW solaariumikreem \u00fcllatab teid positiivselt juba esimesel kasutuskorral.\u00a0 Toode sisaldab t\u00f5husaid isepruunistajad koos vitamiinide ja aloe veraga.<\/p>\n<p>Aktiivsed toimeained:<\/p>\n<p>&#8211;\u00a0\u00a0\u00a0 Pruunistajad: DHA, p\u00e4hkliekstraktid<br \/>\n&#8211;\u00a0\u00a0\u00a0 P\u00e4evituse kiirendaja: L-t\u00fcrosiin<br \/>\n&#8211;\u00a0\u00a0\u00a0 Vetikaekstraktid \u2013 naha elastsust ergutav ja vananemisvastane toime<br \/>\n&#8211;\u00a0\u00a0\u00a0 Aloe vera &#8211; naha\u00a0 t\u00f5hus niisutaja<br \/>\n&#8211;\u00a0\u00a0\u00a0 Vitamiinid\u00a0 B6, B3, B2<\/p>\n<p>L\u00f5hn: troopilised puuviljad<\/p>\n<p><strong>Ingredients:<\/strong><br \/>\nAqua, Aloe Barbadensis Leaf Juice, Isopropyl Palmitate, Carthamus Tinctorius Seed Oil, Capric\/Caprylic Triglycerides, Isopentyldiol, Glycerin, Cannabis Sativa Seed Oil, Dimethicone, Triethanolamine, Carbomer, Theobroma Cacao Seed Butter, Sodium PCA, Chamomilla Recutita Flower Extract, Polysorbate 20, Parfum, Phenoxyethanol, Cocos Nucifera Oil, Tyrosine, Camellia Sinensis Leaf Extract, Copper Acetyl Tyrosinate Methylsilanol, Butylene Glycol, Mica, Tocopheryl Acetate, Gardenia Tahitensis Flower Extract, Acetyl Tyrosine, Titanium Dioxide, Adenosine Triphosphate, Hydrolyzed Vegetable Protein, Ethylhexylglycerin, Iron Oxide, Disodium EDTA, Riboflavin, Hexyl Cinnamic Aldehyde, Benzyl Benzoate, Benzyl Salicylate, Limonene, Linalool, Coumarin, Alpha-Isomethyl Ionone, Citral, Citronellol, Eugenol<br \/>\n<strong>The list of ingredients could change. Always refer to the product packaging for the most up-to-date ingredient list.<\/strong><br \/>\n<strong>Koostisosade loetelu v\u00f5ib muutuda. K\u00f5ige ajakohasema koostisosade loetelu leiad alati toote pakendilt.<\/strong><\/p>","protected":false},"excerpt":{"rendered":"<p>(<em>Liitrihind: 186,67\u20ac\/l<\/em>)<br \/>\nV\u00f5imas solaariumikreem pruunistajaga WOW!<\/p>","protected":false},"featured_media":2401,"comment_status":"open","ping_status":"closed","template":"","meta":{"site-sidebar-layout":"default","site-content-layout":"","ast-site-content-layout":"default","site-content-style":"default","site-sidebar-style":"default","ast-global-header-display":"","ast-banner-title-visibility":"","ast-main-header-display":"","ast-hfb-above-header-display":"","ast-hfb-below-header-display":"","ast-hfb-mobile-header-display":"","site-post-title":"","ast-breadcrumbs-content":"","ast-featured-img":"","footer-sml-layout":"","ast-disable-related-posts":"","theme-transparent-header-meta":"default","adv-header-id-meta":"","stick-header-meta":"","header-above-stick-meta":"","header-main-stick-meta":"","header-below-stick-meta":"","astra-migrate-meta-layouts":"set","ast-page-background-enabled":"default","ast-page-background-meta":{"desktop":{"background-color":"var(--ast-global-color-4)","background-image":"","background-repeat":"repeat","background-position":"center center","background-size":"auto","background-attachment":"scroll","background-type":"","background-media":"","overlay-type":"","overlay-color":"","overlay-opacity":"","overlay-gradient":""},"tablet":{"background-color":"","background-image":"","background-repeat":"repeat","background-position":"center center","background-size":"auto","background-attachment":"scroll","background-type":"","background-media":"","overlay-type":"","overlay-color":"","overlay-opacity":"","overlay-gradient":""},"mobile":{"background-color":"","background-image":"","background-repeat":"repeat","background-position":"center center","background-size":"auto","background-attachment":"scroll","background-type":"","background-media":"","overlay-type":"","overlay-color":"","overlay-opacity":"","overlay-gradient":""}},"ast-content-background-meta":{"desktop":{"background-color":"var(--ast-global-color-5)","background-image":"","background-repeat":"repeat","background-position":"center center","background-size":"auto","background-attachment":"scroll","background-type":"","background-media":"","overlay-type":"","overlay-color":"","overlay-opacity":"","overlay-gradient":""},"tablet":{"background-color":"var(--ast-global-color-5)","background-image":"","background-repeat":"repeat","background-position":"center center","background-size":"auto","background-attachment":"scroll","background-type":"","background-media":"","overlay-type":"","overlay-color":"","overlay-opacity":"","overlay-gradient":""},"mobile":{"background-color":"var(--ast-global-color-5)","background-image":"","background-repeat":"repeat","background-position":"center center","background-size":"auto","background-attachment":"scroll","background-type":"","background-media":"","overlay-type":"","overlay-color":"","overlay-opacity":"","overlay-gradient":""}}},"product_brand":[],"product_cat":[65],"product_tag":[315,143],"giftcard-category":[],"class_list":{"0":"post-1609","1":"product","2":"type-product","3":"status-publish","4":"has-post-thumbnail","6":"product_cat-solaariumikreemid","7":"product_tag-paevitamine","8":"product_tag-solaariumikreem","9":"desktop-align-center","10":"tablet-align-left","11":"mobile-align-left","13":"first","14":"instock","15":"taxable","16":"shipping-taxable","17":"purchasable","18":"product-type-simple"},"yoast_head":"<!-- This site is optimized with the Yoast SEO plugin v27.3 - https:\/\/yoast.com\/product\/yoast-seo-wordpress\/ -->\n<title>Soleo WoW! 150ml - She Beauty Studio<\/title>\n<meta name=\"robots\" content=\"index, follow, max-snippet:-1, max-image-preview:large, max-video-preview:-1\" \/>\n<link rel=\"canonical\" href=\"https:\/\/shebeauty.ee\/en\/product\/wow-150ml-tuub\/\" \/>\n<meta property=\"og:locale\" content=\"en_US\" \/>\n<meta property=\"og:type\" content=\"article\" \/>\n<meta property=\"og:title\" content=\"Soleo WoW! 150ml - She Beauty Studio\" \/>\n<meta property=\"og:description\" content=\"(Liitrihind: 186,67\u20ac\/l) V\u00f5imas solaariumikreem pruunistajaga WOW!\" \/>\n<meta property=\"og:url\" content=\"https:\/\/shebeauty.ee\/en\/product\/wow-150ml-tuub\/\" \/>\n<meta property=\"og:site_name\" content=\"She Beauty Studio\" \/>\n<meta property=\"article:modified_time\" content=\"2025-08-23T14:47:10+00:00\" \/>\n<meta property=\"og:image\" content=\"https:\/\/shebeauty.ee\/wp-content\/uploads\/2021\/03\/WOW-SUUR.jpg\" \/>\n\t<meta property=\"og:image:width\" content=\"700\" \/>\n\t<meta property=\"og:image:height\" content=\"700\" \/>\n\t<meta property=\"og:image:type\" content=\"image\/jpeg\" \/>\n<meta name=\"twitter:card\" content=\"summary_large_image\" \/>\n<meta name=\"twitter:label1\" content=\"Est. reading time\" \/>\n\t<meta name=\"twitter:data1\" content=\"2 minutes\" \/>\n<script type=\"application\/ld+json\" class=\"yoast-schema-graph\">{\"@context\":\"https:\\\/\\\/schema.org\",\"@graph\":[{\"@type\":\"WebPage\",\"@id\":\"https:\\\/\\\/shebeauty.ee\\\/toode\\\/wow-150ml-tuub\\\/\",\"url\":\"https:\\\/\\\/shebeauty.ee\\\/toode\\\/wow-150ml-tuub\\\/\",\"name\":\"Soleo WoW! 150ml - She Beauty Studio\",\"isPartOf\":{\"@id\":\"https:\\\/\\\/shebeauty.ee\\\/#website\"},\"primaryImageOfPage\":{\"@id\":\"https:\\\/\\\/shebeauty.ee\\\/toode\\\/wow-150ml-tuub\\\/#primaryimage\"},\"image\":{\"@id\":\"https:\\\/\\\/shebeauty.ee\\\/toode\\\/wow-150ml-tuub\\\/#primaryimage\"},\"thumbnailUrl\":\"https:\\\/\\\/shebeauty.ee\\\/wp-content\\\/uploads\\\/2021\\\/03\\\/WOW-SUUR.jpg\",\"datePublished\":\"2021-03-15T07:56:04+00:00\",\"dateModified\":\"2025-08-23T14:47:10+00:00\",\"breadcrumb\":{\"@id\":\"https:\\\/\\\/shebeauty.ee\\\/toode\\\/wow-150ml-tuub\\\/#breadcrumb\"},\"inLanguage\":\"en-US\",\"potentialAction\":[{\"@type\":\"ReadAction\",\"target\":[\"https:\\\/\\\/shebeauty.ee\\\/toode\\\/wow-150ml-tuub\\\/\"]}]},{\"@type\":\"ImageObject\",\"inLanguage\":\"en-US\",\"@id\":\"https:\\\/\\\/shebeauty.ee\\\/toode\\\/wow-150ml-tuub\\\/#primaryimage\",\"url\":\"https:\\\/\\\/shebeauty.ee\\\/wp-content\\\/uploads\\\/2021\\\/03\\\/WOW-SUUR.jpg\",\"contentUrl\":\"https:\\\/\\\/shebeauty.ee\\\/wp-content\\\/uploads\\\/2021\\\/03\\\/WOW-SUUR.jpg\",\"width\":700,\"height\":700},{\"@type\":\"BreadcrumbList\",\"@id\":\"https:\\\/\\\/shebeauty.ee\\\/toode\\\/wow-150ml-tuub\\\/#breadcrumb\",\"itemListElement\":[{\"@type\":\"ListItem\",\"position\":1,\"name\":\"Home\",\"item\":\"https:\\\/\\\/shebeauty.ee\\\/\"},{\"@type\":\"ListItem\",\"position\":2,\"name\":\"Pood\",\"item\":\"https:\\\/\\\/shebeauty.ee\\\/e-pood\\\/\"},{\"@type\":\"ListItem\",\"position\":3,\"name\":\"Soleo WoW! 150ml\"}]},{\"@type\":\"WebSite\",\"@id\":\"https:\\\/\\\/shebeauty.ee\\\/#website\",\"url\":\"https:\\\/\\\/shebeauty.ee\\\/\",\"name\":\"She Beauty Studio\",\"description\":\"Juuksestuudio\",\"publisher\":{\"@id\":\"https:\\\/\\\/shebeauty.ee\\\/#organization\"},\"potentialAction\":[{\"@type\":\"SearchAction\",\"target\":{\"@type\":\"EntryPoint\",\"urlTemplate\":\"https:\\\/\\\/shebeauty.ee\\\/?s={search_term_string}\"},\"query-input\":{\"@type\":\"PropertyValueSpecification\",\"valueRequired\":true,\"valueName\":\"search_term_string\"}}],\"inLanguage\":\"en-US\"},{\"@type\":\"Organization\",\"@id\":\"https:\\\/\\\/shebeauty.ee\\\/#organization\",\"name\":\"She Beauty O\u00dc\",\"url\":\"https:\\\/\\\/shebeauty.ee\\\/\",\"logo\":{\"@type\":\"ImageObject\",\"inLanguage\":\"en-US\",\"@id\":\"https:\\\/\\\/shebeauty.ee\\\/#\\\/schema\\\/logo\\\/image\\\/\",\"url\":\"https:\\\/\\\/shebeauty.ee\\\/wp-content\\\/uploads\\\/2023\\\/10\\\/IMG_0585.jpg\",\"contentUrl\":\"https:\\\/\\\/shebeauty.ee\\\/wp-content\\\/uploads\\\/2023\\\/10\\\/IMG_0585.jpg\",\"width\":1284,\"height\":1300,\"caption\":\"She Beauty O\u00dc\"},\"image\":{\"@id\":\"https:\\\/\\\/shebeauty.ee\\\/#\\\/schema\\\/logo\\\/image\\\/\"}}]}<\/script>\n<!-- \/ Yoast SEO plugin. -->","yoast_head_json":{"title":"Soleo WoW! 150ml - She Beauty Studio","robots":{"index":"index","follow":"follow","max-snippet":"max-snippet:-1","max-image-preview":"max-image-preview:large","max-video-preview":"max-video-preview:-1"},"canonical":"https:\/\/shebeauty.ee\/en\/product\/wow-150ml-tuub\/","og_locale":"en_US","og_type":"article","og_title":"Soleo WoW! 150ml - She Beauty Studio","og_description":"(Liitrihind: 186,67\u20ac\/l) V\u00f5imas solaariumikreem pruunistajaga WOW!","og_url":"https:\/\/shebeauty.ee\/en\/product\/wow-150ml-tuub\/","og_site_name":"She Beauty Studio","article_modified_time":"2025-08-23T14:47:10+00:00","og_image":[{"width":700,"height":700,"url":"https:\/\/shebeauty.ee\/wp-content\/uploads\/2021\/03\/WOW-SUUR.jpg","type":"image\/jpeg"}],"twitter_card":"summary_large_image","twitter_misc":{"Est. reading time":"2 minutes"},"schema":{"@context":"https:\/\/schema.org","@graph":[{"@type":"WebPage","@id":"https:\/\/shebeauty.ee\/toode\/wow-150ml-tuub\/","url":"https:\/\/shebeauty.ee\/toode\/wow-150ml-tuub\/","name":"Soleo WoW! 150ml - She Beauty Studio","isPartOf":{"@id":"https:\/\/shebeauty.ee\/#website"},"primaryImageOfPage":{"@id":"https:\/\/shebeauty.ee\/toode\/wow-150ml-tuub\/#primaryimage"},"image":{"@id":"https:\/\/shebeauty.ee\/toode\/wow-150ml-tuub\/#primaryimage"},"thumbnailUrl":"https:\/\/shebeauty.ee\/wp-content\/uploads\/2021\/03\/WOW-SUUR.jpg","datePublished":"2021-03-15T07:56:04+00:00","dateModified":"2025-08-23T14:47:10+00:00","breadcrumb":{"@id":"https:\/\/shebeauty.ee\/toode\/wow-150ml-tuub\/#breadcrumb"},"inLanguage":"en-US","potentialAction":[{"@type":"ReadAction","target":["https:\/\/shebeauty.ee\/toode\/wow-150ml-tuub\/"]}]},{"@type":"ImageObject","inLanguage":"en-US","@id":"https:\/\/shebeauty.ee\/toode\/wow-150ml-tuub\/#primaryimage","url":"https:\/\/shebeauty.ee\/wp-content\/uploads\/2021\/03\/WOW-SUUR.jpg","contentUrl":"https:\/\/shebeauty.ee\/wp-content\/uploads\/2021\/03\/WOW-SUUR.jpg","width":700,"height":700},{"@type":"BreadcrumbList","@id":"https:\/\/shebeauty.ee\/toode\/wow-150ml-tuub\/#breadcrumb","itemListElement":[{"@type":"ListItem","position":1,"name":"Home","item":"https:\/\/shebeauty.ee\/"},{"@type":"ListItem","position":2,"name":"Pood","item":"https:\/\/shebeauty.ee\/e-pood\/"},{"@type":"ListItem","position":3,"name":"Soleo WoW! 150ml"}]},{"@type":"WebSite","@id":"https:\/\/shebeauty.ee\/#website","url":"https:\/\/shebeauty.ee\/","name":"She Beauty Studio","description":"Juuksestuudio","publisher":{"@id":"https:\/\/shebeauty.ee\/#organization"},"potentialAction":[{"@type":"SearchAction","target":{"@type":"EntryPoint","urlTemplate":"https:\/\/shebeauty.ee\/?s={search_term_string}"},"query-input":{"@type":"PropertyValueSpecification","valueRequired":true,"valueName":"search_term_string"}}],"inLanguage":"en-US"},{"@type":"Organization","@id":"https:\/\/shebeauty.ee\/#organization","name":"She Beauty O\u00dc","url":"https:\/\/shebeauty.ee\/","logo":{"@type":"ImageObject","inLanguage":"en-US","@id":"https:\/\/shebeauty.ee\/#\/schema\/logo\/image\/","url":"https:\/\/shebeauty.ee\/wp-content\/uploads\/2023\/10\/IMG_0585.jpg","contentUrl":"https:\/\/shebeauty.ee\/wp-content\/uploads\/2023\/10\/IMG_0585.jpg","width":1284,"height":1300,"caption":"She Beauty O\u00dc"},"image":{"@id":"https:\/\/shebeauty.ee\/#\/schema\/logo\/image\/"}}]}},"_links":{"self":[{"href":"https:\/\/shebeauty.ee\/en\/wp-json\/wp\/v2\/product\/1609","targetHints":{"allow":["GET"]}}],"collection":[{"href":"https:\/\/shebeauty.ee\/en\/wp-json\/wp\/v2\/product"}],"about":[{"href":"https:\/\/shebeauty.ee\/en\/wp-json\/wp\/v2\/types\/product"}],"replies":[{"embeddable":true,"href":"https:\/\/shebeauty.ee\/en\/wp-json\/wp\/v2\/comments?post=1609"}],"wp:featuredmedia":[{"embeddable":true,"href":"https:\/\/shebeauty.ee\/en\/wp-json\/wp\/v2\/media\/2401"}],"wp:attachment":[{"href":"https:\/\/shebeauty.ee\/en\/wp-json\/wp\/v2\/media?parent=1609"}],"wp:term":[{"taxonomy":"product_brand","embeddable":true,"href":"https:\/\/shebeauty.ee\/en\/wp-json\/wp\/v2\/product_brand?post=1609"},{"taxonomy":"product_cat","embeddable":true,"href":"https:\/\/shebeauty.ee\/en\/wp-json\/wp\/v2\/product_cat?post=1609"},{"taxonomy":"product_tag","embeddable":true,"href":"https:\/\/shebeauty.ee\/en\/wp-json\/wp\/v2\/product_tag?post=1609"},{"taxonomy":"giftcard-category","embeddable":true,"href":"https:\/\/shebeauty.ee\/en\/wp-json\/wp\/v2\/giftcard-category?post=1609"}],"curies":[{"name":"wp","href":"https:\/\/api.w.org\/{rel}","templated":true}]}}