{"id":1568,"date":"2020-11-06T21:57:03","date_gmt":"2020-11-06T19:57:03","guid":{"rendered":"https:\/\/shebeauty.ee\/?post_type=product&#038;p=1568"},"modified":"2025-08-15T22:27:04","modified_gmt":"2025-08-15T19:27:04","slug":"olaplex-no-0","status":"publish","type":"product","link":"https:\/\/shebeauty.ee\/en\/product\/olaplex-no-0\/","title":{"rendered":"Olaplex No.0 Intensive Bond Building Treatment 155ml"},"content":{"rendered":"<p>Inspired by salon care, home care containing the active ingredient Olaplex, which repairs, strengthens and protects the disulfide bonds in the hair. Use N\u00b00 as the first step in a two-part system with N\u00b03 Hair Perfector. The result is 68% more repaired and 3x stronger hair than when used as a two-part system in just one application. One bottle contains 4-6 uses depending on the length and thickness of the hair.<\/p>\n<p>Usage:<\/p>\n<p>Before applying N\u00b00, brush your hair for easy absorption. For thick or long hair, work in small sections to ensure full coverage of each area. Apply to dry hair, leave on for 10 minutes. Very convenient to apply, it is in liquid form. Do not rinse the product and add N\u00b03 Hair Perfector, comb through if necessary. Leave on for at least 10 minutes. Rinse, wash with shampoo and conditioner. For best results, use Olaplex shampoo and conditioner. Use the two-part system on damaged hair once a week or two to three times a week.<\/p>\n<p>To achieve the best result, consult your hairdresser and combine the N\u00b00 home treatment with the Olaplex treatment offered in the salon.<\/p>\n<p><strong>Ingredients:<\/strong><br \/>\nWater (Aqua), Bis-Aminopropyl Diglycol Dimaleate, Sodium Benzoate, Phenoxyethanol<\/p>","protected":false},"excerpt":{"rendered":"<p>Olaplex No. 0 Juuksetaastaja on intensiivne juuksehooldustoode, mis valmistab juuksed ette s\u00fcgavaks taastamiseks.<br \/>\nTugevdab ja parandab juukse struktuuri, v\u00e4hendades juuste murdumist ja parandades nende vastupidavust.<br \/>\nSobib k\u00f5ikidele juukset\u00fc\u00fcpidele ning on ideaalne koos Olaplex No. 3-ga kasutamiseks.<\/p>\n<p><em>Liitrihind: 193,55\u202f\u20ac \/ l<\/em><\/p>","protected":false},"featured_media":2357,"comment_status":"open","ping_status":"closed","template":"","meta":{"site-sidebar-layout":"default","site-content-layout":"","ast-site-content-layout":"default","site-content-style":"default","site-sidebar-style":"default","ast-global-header-display":"","ast-banner-title-visibility":"","ast-main-header-display":"","ast-hfb-above-header-display":"","ast-hfb-below-header-display":"","ast-hfb-mobile-header-display":"","site-post-title":"","ast-breadcrumbs-content":"","ast-featured-img":"","footer-sml-layout":"","ast-disable-related-posts":"","theme-transparent-header-meta":"default","adv-header-id-meta":"","stick-header-meta":"","header-above-stick-meta":"","header-main-stick-meta":"","header-below-stick-meta":"","astra-migrate-meta-layouts":"set","ast-page-background-enabled":"default","ast-page-background-meta":{"desktop":{"background-color":"var(--ast-global-color-4)","background-image":"","background-repeat":"repeat","background-position":"center center","background-size":"auto","background-attachment":"scroll","background-type":"","background-media":"","overlay-type":"","overlay-color":"","overlay-opacity":"","overlay-gradient":""},"tablet":{"background-color":"","background-image":"","background-repeat":"repeat","background-position":"center center","background-size":"auto","background-attachment":"scroll","background-type":"","background-media":"","overlay-type":"","overlay-color":"","overlay-opacity":"","overlay-gradient":""},"mobile":{"background-color":"","background-image":"","background-repeat":"repeat","background-position":"center center","background-size":"auto","background-attachment":"scroll","background-type":"","background-media":"","overlay-type":"","overlay-color":"","overlay-opacity":"","overlay-gradient":""}},"ast-content-background-meta":{"desktop":{"background-color":"var(--ast-global-color-5)","background-image":"","background-repeat":"repeat","background-position":"center center","background-size":"auto","background-attachment":"scroll","background-type":"","background-media":"","overlay-type":"","overlay-color":"","overlay-opacity":"","overlay-gradient":""},"tablet":{"background-color":"var(--ast-global-color-5)","background-image":"","background-repeat":"repeat","background-position":"center center","background-size":"auto","background-attachment":"scroll","background-type":"","background-media":"","overlay-type":"","overlay-color":"","overlay-opacity":"","overlay-gradient":""},"mobile":{"background-color":"var(--ast-global-color-5)","background-image":"","background-repeat":"repeat","background-position":"center center","background-size":"auto","background-attachment":"scroll","background-type":"","background-media":"","overlay-type":"","overlay-color":"","overlay-opacity":"","overlay-gradient":""}}},"product_brand":[],"product_cat":[20],"product_tag":[241,75,152,244],"giftcard-category":[],"class_list":{"0":"post-1568","1":"product","2":"type-product","3":"status-publish","4":"has-post-thumbnail","6":"product_cat-juuksehooldustooted-sampoon-palsam-mask","7":"product_tag-kodune-hooldus","8":"product_tag-olaplex","9":"product_tag-sugavuti-toitev","10":"product_tag-taastav","11":"desktop-align-center","12":"tablet-align-left","13":"mobile-align-left","15":"first","16":"instock","17":"taxable","18":"shipping-taxable","19":"purchasable","20":"product-type-simple"},"yoast_head":"<!-- This site is optimized with the Yoast SEO plugin v27.4 - https:\/\/yoast.com\/product\/yoast-seo-wordpress\/ -->\n<title>Olaplex No. 0 Juuksetaastaja 155ml - She Beauty Studio<\/title>\n<meta name=\"description\" content=\"Salongi hooldusest inspireeritud Olaplexi toimeainet sisaldav koduhooldus, mis parandab, tugevdab ning kaitseb juukses olevaid disulfiidsidemeid.\" \/>\n<meta name=\"robots\" content=\"index, follow, max-snippet:-1, max-image-preview:large, max-video-preview:-1\" \/>\n<link rel=\"canonical\" href=\"https:\/\/shebeauty.ee\/en\/product\/olaplex-no-0\/\" \/>\n<meta property=\"og:locale\" content=\"en_US\" \/>\n<meta property=\"og:type\" content=\"article\" \/>\n<meta property=\"og:title\" content=\"Olaplex No. 0 Juuksetaastaja 155ml - She Beauty Studio\" \/>\n<meta property=\"og:description\" content=\"Salongi hooldusest inspireeritud Olaplexi toimeainet sisaldav koduhooldus, mis parandab, tugevdab ning kaitseb juukses olevaid disulfiidsidemeid.\" \/>\n<meta property=\"og:url\" content=\"https:\/\/shebeauty.ee\/en\/product\/olaplex-no-0\/\" \/>\n<meta property=\"og:site_name\" content=\"She Beauty Studio\" \/>\n<meta property=\"article:modified_time\" content=\"2025-08-15T19:27:04+00:00\" \/>\n<meta property=\"og:image\" content=\"https:\/\/shebeauty.ee\/wp-content\/uploads\/2020\/11\/OPLX-NO-0.jpg\" \/>\n\t<meta property=\"og:image:width\" content=\"700\" \/>\n\t<meta property=\"og:image:height\" content=\"700\" \/>\n\t<meta property=\"og:image:type\" content=\"image\/jpeg\" \/>\n<meta name=\"twitter:card\" content=\"summary_large_image\" \/>\n<meta name=\"twitter:label1\" content=\"Est. reading time\" \/>\n\t<meta name=\"twitter:data1\" content=\"2 minutes\" \/>\n<script type=\"application\/ld+json\" class=\"yoast-schema-graph\">{\"@context\":\"https:\\\/\\\/schema.org\",\"@graph\":[{\"@type\":\"WebPage\",\"@id\":\"https:\\\/\\\/shebeauty.ee\\\/toode\\\/olaplex-no-0\\\/\",\"url\":\"https:\\\/\\\/shebeauty.ee\\\/toode\\\/olaplex-no-0\\\/\",\"name\":\"Olaplex No. 0 Juuksetaastaja 155ml - She Beauty Studio\",\"isPartOf\":{\"@id\":\"https:\\\/\\\/shebeauty.ee\\\/#website\"},\"primaryImageOfPage\":{\"@id\":\"https:\\\/\\\/shebeauty.ee\\\/toode\\\/olaplex-no-0\\\/#primaryimage\"},\"image\":{\"@id\":\"https:\\\/\\\/shebeauty.ee\\\/toode\\\/olaplex-no-0\\\/#primaryimage\"},\"thumbnailUrl\":\"https:\\\/\\\/shebeauty.ee\\\/wp-content\\\/uploads\\\/2020\\\/11\\\/OPLX-NO-0.jpg\",\"datePublished\":\"2020-11-06T19:57:03+00:00\",\"dateModified\":\"2025-08-15T19:27:04+00:00\",\"description\":\"Salongi hooldusest inspireeritud Olaplexi toimeainet sisaldav koduhooldus, mis parandab, tugevdab ning kaitseb juukses olevaid disulfiidsidemeid.\",\"breadcrumb\":{\"@id\":\"https:\\\/\\\/shebeauty.ee\\\/toode\\\/olaplex-no-0\\\/#breadcrumb\"},\"inLanguage\":\"en-US\",\"potentialAction\":[{\"@type\":\"ReadAction\",\"target\":[\"https:\\\/\\\/shebeauty.ee\\\/toode\\\/olaplex-no-0\\\/\"]}]},{\"@type\":\"ImageObject\",\"inLanguage\":\"en-US\",\"@id\":\"https:\\\/\\\/shebeauty.ee\\\/toode\\\/olaplex-no-0\\\/#primaryimage\",\"url\":\"https:\\\/\\\/shebeauty.ee\\\/wp-content\\\/uploads\\\/2020\\\/11\\\/OPLX-NO-0.jpg\",\"contentUrl\":\"https:\\\/\\\/shebeauty.ee\\\/wp-content\\\/uploads\\\/2020\\\/11\\\/OPLX-NO-0.jpg\",\"width\":700,\"height\":700},{\"@type\":\"BreadcrumbList\",\"@id\":\"https:\\\/\\\/shebeauty.ee\\\/toode\\\/olaplex-no-0\\\/#breadcrumb\",\"itemListElement\":[{\"@type\":\"ListItem\",\"position\":1,\"name\":\"Home\",\"item\":\"https:\\\/\\\/shebeauty.ee\\\/\"},{\"@type\":\"ListItem\",\"position\":2,\"name\":\"Pood\",\"item\":\"https:\\\/\\\/shebeauty.ee\\\/e-pood\\\/\"},{\"@type\":\"ListItem\",\"position\":3,\"name\":\"Olaplex No. 0 Juuksetaastaja 155ml\"}]},{\"@type\":\"WebSite\",\"@id\":\"https:\\\/\\\/shebeauty.ee\\\/#website\",\"url\":\"https:\\\/\\\/shebeauty.ee\\\/\",\"name\":\"She Beauty Studio\",\"description\":\"Juuksestuudio\",\"publisher\":{\"@id\":\"https:\\\/\\\/shebeauty.ee\\\/#organization\"},\"potentialAction\":[{\"@type\":\"SearchAction\",\"target\":{\"@type\":\"EntryPoint\",\"urlTemplate\":\"https:\\\/\\\/shebeauty.ee\\\/?s={search_term_string}\"},\"query-input\":{\"@type\":\"PropertyValueSpecification\",\"valueRequired\":true,\"valueName\":\"search_term_string\"}}],\"inLanguage\":\"en-US\"},{\"@type\":\"Organization\",\"@id\":\"https:\\\/\\\/shebeauty.ee\\\/#organization\",\"name\":\"She Beauty O\u00dc\",\"url\":\"https:\\\/\\\/shebeauty.ee\\\/\",\"logo\":{\"@type\":\"ImageObject\",\"inLanguage\":\"en-US\",\"@id\":\"https:\\\/\\\/shebeauty.ee\\\/#\\\/schema\\\/logo\\\/image\\\/\",\"url\":\"https:\\\/\\\/shebeauty.ee\\\/wp-content\\\/uploads\\\/2023\\\/10\\\/IMG_0585.jpg\",\"contentUrl\":\"https:\\\/\\\/shebeauty.ee\\\/wp-content\\\/uploads\\\/2023\\\/10\\\/IMG_0585.jpg\",\"width\":1284,\"height\":1300,\"caption\":\"She Beauty O\u00dc\"},\"image\":{\"@id\":\"https:\\\/\\\/shebeauty.ee\\\/#\\\/schema\\\/logo\\\/image\\\/\"}}]}<\/script>\n<!-- \/ Yoast SEO plugin. -->","yoast_head_json":{"title":"Olaplex No. 0 Juuksetaastaja 155ml - She Beauty Studio","description":"Salongi hooldusest inspireeritud Olaplexi toimeainet sisaldav koduhooldus, mis parandab, tugevdab ning kaitseb juukses olevaid disulfiidsidemeid.","robots":{"index":"index","follow":"follow","max-snippet":"max-snippet:-1","max-image-preview":"max-image-preview:large","max-video-preview":"max-video-preview:-1"},"canonical":"https:\/\/shebeauty.ee\/en\/product\/olaplex-no-0\/","og_locale":"en_US","og_type":"article","og_title":"Olaplex No. 0 Juuksetaastaja 155ml - She Beauty Studio","og_description":"Salongi hooldusest inspireeritud Olaplexi toimeainet sisaldav koduhooldus, mis parandab, tugevdab ning kaitseb juukses olevaid disulfiidsidemeid.","og_url":"https:\/\/shebeauty.ee\/en\/product\/olaplex-no-0\/","og_site_name":"She Beauty Studio","article_modified_time":"2025-08-15T19:27:04+00:00","og_image":[{"width":700,"height":700,"url":"https:\/\/shebeauty.ee\/wp-content\/uploads\/2020\/11\/OPLX-NO-0.jpg","type":"image\/jpeg"}],"twitter_card":"summary_large_image","twitter_misc":{"Est. reading time":"2 minutes"},"schema":{"@context":"https:\/\/schema.org","@graph":[{"@type":"WebPage","@id":"https:\/\/shebeauty.ee\/toode\/olaplex-no-0\/","url":"https:\/\/shebeauty.ee\/toode\/olaplex-no-0\/","name":"Olaplex No. 0 Juuksetaastaja 155ml - She Beauty Studio","isPartOf":{"@id":"https:\/\/shebeauty.ee\/#website"},"primaryImageOfPage":{"@id":"https:\/\/shebeauty.ee\/toode\/olaplex-no-0\/#primaryimage"},"image":{"@id":"https:\/\/shebeauty.ee\/toode\/olaplex-no-0\/#primaryimage"},"thumbnailUrl":"https:\/\/shebeauty.ee\/wp-content\/uploads\/2020\/11\/OPLX-NO-0.jpg","datePublished":"2020-11-06T19:57:03+00:00","dateModified":"2025-08-15T19:27:04+00:00","description":"Salongi hooldusest inspireeritud Olaplexi toimeainet sisaldav koduhooldus, mis parandab, tugevdab ning kaitseb juukses olevaid disulfiidsidemeid.","breadcrumb":{"@id":"https:\/\/shebeauty.ee\/toode\/olaplex-no-0\/#breadcrumb"},"inLanguage":"en-US","potentialAction":[{"@type":"ReadAction","target":["https:\/\/shebeauty.ee\/toode\/olaplex-no-0\/"]}]},{"@type":"ImageObject","inLanguage":"en-US","@id":"https:\/\/shebeauty.ee\/toode\/olaplex-no-0\/#primaryimage","url":"https:\/\/shebeauty.ee\/wp-content\/uploads\/2020\/11\/OPLX-NO-0.jpg","contentUrl":"https:\/\/shebeauty.ee\/wp-content\/uploads\/2020\/11\/OPLX-NO-0.jpg","width":700,"height":700},{"@type":"BreadcrumbList","@id":"https:\/\/shebeauty.ee\/toode\/olaplex-no-0\/#breadcrumb","itemListElement":[{"@type":"ListItem","position":1,"name":"Home","item":"https:\/\/shebeauty.ee\/"},{"@type":"ListItem","position":2,"name":"Pood","item":"https:\/\/shebeauty.ee\/e-pood\/"},{"@type":"ListItem","position":3,"name":"Olaplex No. 0 Juuksetaastaja 155ml"}]},{"@type":"WebSite","@id":"https:\/\/shebeauty.ee\/#website","url":"https:\/\/shebeauty.ee\/","name":"She Beauty Studio","description":"Juuksestuudio","publisher":{"@id":"https:\/\/shebeauty.ee\/#organization"},"potentialAction":[{"@type":"SearchAction","target":{"@type":"EntryPoint","urlTemplate":"https:\/\/shebeauty.ee\/?s={search_term_string}"},"query-input":{"@type":"PropertyValueSpecification","valueRequired":true,"valueName":"search_term_string"}}],"inLanguage":"en-US"},{"@type":"Organization","@id":"https:\/\/shebeauty.ee\/#organization","name":"She Beauty O\u00dc","url":"https:\/\/shebeauty.ee\/","logo":{"@type":"ImageObject","inLanguage":"en-US","@id":"https:\/\/shebeauty.ee\/#\/schema\/logo\/image\/","url":"https:\/\/shebeauty.ee\/wp-content\/uploads\/2023\/10\/IMG_0585.jpg","contentUrl":"https:\/\/shebeauty.ee\/wp-content\/uploads\/2023\/10\/IMG_0585.jpg","width":1284,"height":1300,"caption":"She Beauty O\u00dc"},"image":{"@id":"https:\/\/shebeauty.ee\/#\/schema\/logo\/image\/"}}]}},"_links":{"self":[{"href":"https:\/\/shebeauty.ee\/en\/wp-json\/wp\/v2\/product\/1568","targetHints":{"allow":["GET"]}}],"collection":[{"href":"https:\/\/shebeauty.ee\/en\/wp-json\/wp\/v2\/product"}],"about":[{"href":"https:\/\/shebeauty.ee\/en\/wp-json\/wp\/v2\/types\/product"}],"replies":[{"embeddable":true,"href":"https:\/\/shebeauty.ee\/en\/wp-json\/wp\/v2\/comments?post=1568"}],"wp:featuredmedia":[{"embeddable":true,"href":"https:\/\/shebeauty.ee\/en\/wp-json\/wp\/v2\/media\/2357"}],"wp:attachment":[{"href":"https:\/\/shebeauty.ee\/en\/wp-json\/wp\/v2\/media?parent=1568"}],"wp:term":[{"taxonomy":"product_brand","embeddable":true,"href":"https:\/\/shebeauty.ee\/en\/wp-json\/wp\/v2\/product_brand?post=1568"},{"taxonomy":"product_cat","embeddable":true,"href":"https:\/\/shebeauty.ee\/en\/wp-json\/wp\/v2\/product_cat?post=1568"},{"taxonomy":"product_tag","embeddable":true,"href":"https:\/\/shebeauty.ee\/en\/wp-json\/wp\/v2\/product_tag?post=1568"},{"taxonomy":"giftcard-category","embeddable":true,"href":"https:\/\/shebeauty.ee\/en\/wp-json\/wp\/v2\/giftcard-category?post=1568"}],"curies":[{"name":"wp","href":"https:\/\/api.w.org\/{rel}","templated":true}]}}