{"id":1459,"date":"2019-12-15T20:55:35","date_gmt":"2019-12-15T18:55:35","guid":{"rendered":"https:\/\/shebeauty.ee\/?post_type=product&#038;p=1459"},"modified":"2025-08-15T22:02:07","modified_gmt":"2025-08-15T19:02:07","slug":"olaplex-no-6-bond-smoother","status":"publish","type":"product","link":"https:\/\/shebeauty.ee\/en\/product\/olaplex-no-6-bond-smoother\/","title":{"rendered":"Olaplex No.6 Bond Smoother Leave-In Styling Treatment 100ml"},"content":{"rendered":"<p><strong>Ingredients:<\/strong><br \/>\nWater, Cetearyl Alcohol, Dimethicone, Isohexadecane, Coco-Caprylate, Neopentyl Glycol Diheptanoate, Behentrimonium Chloride, Isododecane, Phenyl Trimethicone, Propanediol, Bis-Aminopropyl Diglycol Dimaleate, Fragrance (Parfum), Cetrimonium Chloride, Phenoxyethanol, Glyceryl Stearate, Isopropyl Alcohol, Hydroxyethylcellulose, Hydroxypropyl Guar, Sodium Stearoyl Lactylate, Hydroxypropyl Cyclodextrin, Hexyl Cinnamal, Limonene, Citral, Hydrolyzed Vegetable Protein PG-Propyl Silanetriol, Disodium EDTA, Linalool, Citronellol, Iodopropynyl Butylcarbamate, Hydroxycitronellal, Etidronic Acid, Tocopherol, Geraniol, Potassium Sorbate, Helianthus Annuus (Sunflower) Seed Oil, Phytantriol, Sodium Benzoate, Pseudozyma Epicola\/Camellia Sinensis Seed Oil Ferment Extract, Filtrate Tocopheryl Acetate, Vitis Vinifera (Grape) Seed Oil, Aloe Barbadensis Leaf Juice, Panthenol, Citric Acid Gigartina Stellata Extract, Chondrus Crispus (Carrageenan) Extract, Ascorbic Acid, Cocos Nucifera (Coconut) Oil.<\/p>\n<p>Lugege kindlasti toote pakendil olevat teavet, eriti kui teil on allergiaoht.<\/p>","protected":false},"excerpt":{"rendered":"<p>Olaplex No. 6 Bond Smoother on siluv ja taastav juuksekreem, mis tugevdab ja niisutab juukseid, v\u00e4hendades kahu kuni 72 tunniks.<br \/>\nAitab siluda lendlevaid juukseotsi ja annab kauakestva sileduse. Ideaalne k\u00f5ikidele juukset\u00fc\u00fcpidele, sh v\u00e4rvitud ja keemiliselt t\u00f6\u00f6deldud juustele.<br \/>\nSobib kasutamiseks nii m\u00e4rgadel kui kuivadel juustel.<\/p>\n<p><em>Liitrihind: 360,00\u202f\u20ac \/ l<\/em><\/p>","protected":false},"featured_media":2327,"comment_status":"open","ping_status":"closed","template":"","meta":{"site-sidebar-layout":"default","site-content-layout":"","ast-site-content-layout":"default","site-content-style":"default","site-sidebar-style":"default","ast-global-header-display":"","ast-banner-title-visibility":"","ast-main-header-display":"","ast-hfb-above-header-display":"","ast-hfb-below-header-display":"","ast-hfb-mobile-header-display":"","site-post-title":"","ast-breadcrumbs-content":"","ast-featured-img":"","footer-sml-layout":"","ast-disable-related-posts":"","theme-transparent-header-meta":"default","adv-header-id-meta":"","stick-header-meta":"","header-above-stick-meta":"","header-main-stick-meta":"","header-below-stick-meta":"","astra-migrate-meta-layouts":"set","ast-page-background-enabled":"default","ast-page-background-meta":{"desktop":{"background-color":"var(--ast-global-color-4)","background-image":"","background-repeat":"repeat","background-position":"center center","background-size":"auto","background-attachment":"scroll","background-type":"","background-media":"","overlay-type":"","overlay-color":"","overlay-opacity":"","overlay-gradient":""},"tablet":{"background-color":"","background-image":"","background-repeat":"repeat","background-position":"center center","background-size":"auto","background-attachment":"scroll","background-type":"","background-media":"","overlay-type":"","overlay-color":"","overlay-opacity":"","overlay-gradient":""},"mobile":{"background-color":"","background-image":"","background-repeat":"repeat","background-position":"center center","background-size":"auto","background-attachment":"scroll","background-type":"","background-media":"","overlay-type":"","overlay-color":"","overlay-opacity":"","overlay-gradient":""}},"ast-content-background-meta":{"desktop":{"background-color":"var(--ast-global-color-5)","background-image":"","background-repeat":"repeat","background-position":"center center","background-size":"auto","background-attachment":"scroll","background-type":"","background-media":"","overlay-type":"","overlay-color":"","overlay-opacity":"","overlay-gradient":""},"tablet":{"background-color":"var(--ast-global-color-5)","background-image":"","background-repeat":"repeat","background-position":"center center","background-size":"auto","background-attachment":"scroll","background-type":"","background-media":"","overlay-type":"","overlay-color":"","overlay-opacity":"","overlay-gradient":""},"mobile":{"background-color":"var(--ast-global-color-5)","background-image":"","background-repeat":"repeat","background-position":"center center","background-size":"auto","background-attachment":"scroll","background-type":"","background-media":"","overlay-type":"","overlay-color":"","overlay-opacity":"","overlay-gradient":""}}},"product_brand":[],"product_cat":[20],"product_tag":[240,239,75],"giftcard-category":[],"class_list":{"0":"post-1459","1":"product","2":"type-product","3":"status-publish","4":"has-post-thumbnail","6":"product_cat-juuksehooldustooted-sampoon-palsam-mask","7":"product_tag-hooldustoode","8":"product_tag-juuksekreem","9":"product_tag-olaplex","10":"desktop-align-center","11":"tablet-align-left","12":"mobile-align-left","14":"first","15":"instock","16":"taxable","17":"shipping-taxable","18":"purchasable","19":"product-type-simple"},"yoast_head":"<!-- This site is optimized with the Yoast SEO plugin v27.4 - https:\/\/yoast.com\/product\/yoast-seo-wordpress\/ -->\n<title>Olaplex No.6 Bond Smoother Leave-In Styling Treatment 100ml - She Beauty Studio<\/title>\n<meta name=\"description\" content=\"Olaplex No. 6 Bond Smoother on siluv ja taastav juuksekreem, mis tugevdab ja niisutab juukseid, v\u00e4hendades kahu kuni 72 tunniks.\" \/>\n<meta name=\"robots\" content=\"index, follow, max-snippet:-1, max-image-preview:large, max-video-preview:-1\" \/>\n<link rel=\"canonical\" href=\"https:\/\/shebeauty.ee\/en\/product\/olaplex-no-6-bond-smoother\/\" \/>\n<meta property=\"og:locale\" content=\"en_US\" \/>\n<meta property=\"og:type\" content=\"article\" \/>\n<meta property=\"og:title\" content=\"Olaplex No.6 Bond Smoother Leave-In Styling Treatment 100ml - She Beauty Studio\" \/>\n<meta property=\"og:description\" content=\"Olaplex No. 6 Bond Smoother on siluv ja taastav juuksekreem, mis tugevdab ja niisutab juukseid, v\u00e4hendades kahu kuni 72 tunniks.\" \/>\n<meta property=\"og:url\" content=\"https:\/\/shebeauty.ee\/en\/product\/olaplex-no-6-bond-smoother\/\" \/>\n<meta property=\"og:site_name\" content=\"She Beauty Studio\" \/>\n<meta property=\"article:modified_time\" content=\"2025-08-15T19:02:07+00:00\" \/>\n<meta property=\"og:image\" content=\"https:\/\/shebeauty.ee\/wp-content\/uploads\/2019\/12\/OPLX-6.jpg\" \/>\n\t<meta property=\"og:image:width\" content=\"2048\" \/>\n\t<meta property=\"og:image:height\" content=\"2048\" \/>\n\t<meta property=\"og:image:type\" content=\"image\/jpeg\" \/>\n<meta name=\"twitter:card\" content=\"summary_large_image\" \/>\n<meta name=\"twitter:label1\" content=\"Est. reading time\" \/>\n\t<meta name=\"twitter:data1\" content=\"1 minute\" \/>\n<script type=\"application\/ld+json\" class=\"yoast-schema-graph\">{\"@context\":\"https:\\\/\\\/schema.org\",\"@graph\":[{\"@type\":\"WebPage\",\"@id\":\"https:\\\/\\\/shebeauty.ee\\\/toode\\\/olaplex-no-6-bond-smoother\\\/\",\"url\":\"https:\\\/\\\/shebeauty.ee\\\/toode\\\/olaplex-no-6-bond-smoother\\\/\",\"name\":\"Olaplex No.6 Bond Smoother Leave-In Styling Treatment 100ml - She Beauty Studio\",\"isPartOf\":{\"@id\":\"https:\\\/\\\/shebeauty.ee\\\/#website\"},\"primaryImageOfPage\":{\"@id\":\"https:\\\/\\\/shebeauty.ee\\\/toode\\\/olaplex-no-6-bond-smoother\\\/#primaryimage\"},\"image\":{\"@id\":\"https:\\\/\\\/shebeauty.ee\\\/toode\\\/olaplex-no-6-bond-smoother\\\/#primaryimage\"},\"thumbnailUrl\":\"https:\\\/\\\/shebeauty.ee\\\/wp-content\\\/uploads\\\/2019\\\/12\\\/OPLX-6.jpg\",\"datePublished\":\"2019-12-15T18:55:35+00:00\",\"dateModified\":\"2025-08-15T19:02:07+00:00\",\"description\":\"Olaplex No. 6 Bond Smoother on siluv ja taastav juuksekreem, mis tugevdab ja niisutab juukseid, v\u00e4hendades kahu kuni 72 tunniks.\",\"breadcrumb\":{\"@id\":\"https:\\\/\\\/shebeauty.ee\\\/toode\\\/olaplex-no-6-bond-smoother\\\/#breadcrumb\"},\"inLanguage\":\"en-US\",\"potentialAction\":[{\"@type\":\"ReadAction\",\"target\":[\"https:\\\/\\\/shebeauty.ee\\\/toode\\\/olaplex-no-6-bond-smoother\\\/\"]}]},{\"@type\":\"ImageObject\",\"inLanguage\":\"en-US\",\"@id\":\"https:\\\/\\\/shebeauty.ee\\\/toode\\\/olaplex-no-6-bond-smoother\\\/#primaryimage\",\"url\":\"https:\\\/\\\/shebeauty.ee\\\/wp-content\\\/uploads\\\/2019\\\/12\\\/OPLX-6.jpg\",\"contentUrl\":\"https:\\\/\\\/shebeauty.ee\\\/wp-content\\\/uploads\\\/2019\\\/12\\\/OPLX-6.jpg\",\"width\":2048,\"height\":2048},{\"@type\":\"BreadcrumbList\",\"@id\":\"https:\\\/\\\/shebeauty.ee\\\/toode\\\/olaplex-no-6-bond-smoother\\\/#breadcrumb\",\"itemListElement\":[{\"@type\":\"ListItem\",\"position\":1,\"name\":\"Home\",\"item\":\"https:\\\/\\\/shebeauty.ee\\\/\"},{\"@type\":\"ListItem\",\"position\":2,\"name\":\"Pood\",\"item\":\"https:\\\/\\\/shebeauty.ee\\\/e-pood\\\/\"},{\"@type\":\"ListItem\",\"position\":3,\"name\":\"Olaplex No.6 Bond Smoother Leave-In Styling Treatment 100ml\"}]},{\"@type\":\"WebSite\",\"@id\":\"https:\\\/\\\/shebeauty.ee\\\/#website\",\"url\":\"https:\\\/\\\/shebeauty.ee\\\/\",\"name\":\"She Beauty Studio\",\"description\":\"Juuksestuudio\",\"publisher\":{\"@id\":\"https:\\\/\\\/shebeauty.ee\\\/#organization\"},\"potentialAction\":[{\"@type\":\"SearchAction\",\"target\":{\"@type\":\"EntryPoint\",\"urlTemplate\":\"https:\\\/\\\/shebeauty.ee\\\/?s={search_term_string}\"},\"query-input\":{\"@type\":\"PropertyValueSpecification\",\"valueRequired\":true,\"valueName\":\"search_term_string\"}}],\"inLanguage\":\"en-US\"},{\"@type\":\"Organization\",\"@id\":\"https:\\\/\\\/shebeauty.ee\\\/#organization\",\"name\":\"She Beauty O\u00dc\",\"url\":\"https:\\\/\\\/shebeauty.ee\\\/\",\"logo\":{\"@type\":\"ImageObject\",\"inLanguage\":\"en-US\",\"@id\":\"https:\\\/\\\/shebeauty.ee\\\/#\\\/schema\\\/logo\\\/image\\\/\",\"url\":\"https:\\\/\\\/shebeauty.ee\\\/wp-content\\\/uploads\\\/2023\\\/10\\\/IMG_0585.jpg\",\"contentUrl\":\"https:\\\/\\\/shebeauty.ee\\\/wp-content\\\/uploads\\\/2023\\\/10\\\/IMG_0585.jpg\",\"width\":1284,\"height\":1300,\"caption\":\"She Beauty O\u00dc\"},\"image\":{\"@id\":\"https:\\\/\\\/shebeauty.ee\\\/#\\\/schema\\\/logo\\\/image\\\/\"}}]}<\/script>\n<!-- \/ Yoast SEO plugin. -->","yoast_head_json":{"title":"Olaplex No.6 Bond Smoother Leave-In Styling Treatment 100ml - She Beauty Studio","description":"Olaplex No. 6 Bond Smoother on siluv ja taastav juuksekreem, mis tugevdab ja niisutab juukseid, v\u00e4hendades kahu kuni 72 tunniks.","robots":{"index":"index","follow":"follow","max-snippet":"max-snippet:-1","max-image-preview":"max-image-preview:large","max-video-preview":"max-video-preview:-1"},"canonical":"https:\/\/shebeauty.ee\/en\/product\/olaplex-no-6-bond-smoother\/","og_locale":"en_US","og_type":"article","og_title":"Olaplex No.6 Bond Smoother Leave-In Styling Treatment 100ml - She Beauty Studio","og_description":"Olaplex No. 6 Bond Smoother on siluv ja taastav juuksekreem, mis tugevdab ja niisutab juukseid, v\u00e4hendades kahu kuni 72 tunniks.","og_url":"https:\/\/shebeauty.ee\/en\/product\/olaplex-no-6-bond-smoother\/","og_site_name":"She Beauty Studio","article_modified_time":"2025-08-15T19:02:07+00:00","og_image":[{"width":2048,"height":2048,"url":"https:\/\/shebeauty.ee\/wp-content\/uploads\/2019\/12\/OPLX-6.jpg","type":"image\/jpeg"}],"twitter_card":"summary_large_image","twitter_misc":{"Est. reading time":"1 minute"},"schema":{"@context":"https:\/\/schema.org","@graph":[{"@type":"WebPage","@id":"https:\/\/shebeauty.ee\/toode\/olaplex-no-6-bond-smoother\/","url":"https:\/\/shebeauty.ee\/toode\/olaplex-no-6-bond-smoother\/","name":"Olaplex No.6 Bond Smoother Leave-In Styling Treatment 100ml - She Beauty Studio","isPartOf":{"@id":"https:\/\/shebeauty.ee\/#website"},"primaryImageOfPage":{"@id":"https:\/\/shebeauty.ee\/toode\/olaplex-no-6-bond-smoother\/#primaryimage"},"image":{"@id":"https:\/\/shebeauty.ee\/toode\/olaplex-no-6-bond-smoother\/#primaryimage"},"thumbnailUrl":"https:\/\/shebeauty.ee\/wp-content\/uploads\/2019\/12\/OPLX-6.jpg","datePublished":"2019-12-15T18:55:35+00:00","dateModified":"2025-08-15T19:02:07+00:00","description":"Olaplex No. 6 Bond Smoother on siluv ja taastav juuksekreem, mis tugevdab ja niisutab juukseid, v\u00e4hendades kahu kuni 72 tunniks.","breadcrumb":{"@id":"https:\/\/shebeauty.ee\/toode\/olaplex-no-6-bond-smoother\/#breadcrumb"},"inLanguage":"en-US","potentialAction":[{"@type":"ReadAction","target":["https:\/\/shebeauty.ee\/toode\/olaplex-no-6-bond-smoother\/"]}]},{"@type":"ImageObject","inLanguage":"en-US","@id":"https:\/\/shebeauty.ee\/toode\/olaplex-no-6-bond-smoother\/#primaryimage","url":"https:\/\/shebeauty.ee\/wp-content\/uploads\/2019\/12\/OPLX-6.jpg","contentUrl":"https:\/\/shebeauty.ee\/wp-content\/uploads\/2019\/12\/OPLX-6.jpg","width":2048,"height":2048},{"@type":"BreadcrumbList","@id":"https:\/\/shebeauty.ee\/toode\/olaplex-no-6-bond-smoother\/#breadcrumb","itemListElement":[{"@type":"ListItem","position":1,"name":"Home","item":"https:\/\/shebeauty.ee\/"},{"@type":"ListItem","position":2,"name":"Pood","item":"https:\/\/shebeauty.ee\/e-pood\/"},{"@type":"ListItem","position":3,"name":"Olaplex No.6 Bond Smoother Leave-In Styling Treatment 100ml"}]},{"@type":"WebSite","@id":"https:\/\/shebeauty.ee\/#website","url":"https:\/\/shebeauty.ee\/","name":"She Beauty Studio","description":"Juuksestuudio","publisher":{"@id":"https:\/\/shebeauty.ee\/#organization"},"potentialAction":[{"@type":"SearchAction","target":{"@type":"EntryPoint","urlTemplate":"https:\/\/shebeauty.ee\/?s={search_term_string}"},"query-input":{"@type":"PropertyValueSpecification","valueRequired":true,"valueName":"search_term_string"}}],"inLanguage":"en-US"},{"@type":"Organization","@id":"https:\/\/shebeauty.ee\/#organization","name":"She Beauty O\u00dc","url":"https:\/\/shebeauty.ee\/","logo":{"@type":"ImageObject","inLanguage":"en-US","@id":"https:\/\/shebeauty.ee\/#\/schema\/logo\/image\/","url":"https:\/\/shebeauty.ee\/wp-content\/uploads\/2023\/10\/IMG_0585.jpg","contentUrl":"https:\/\/shebeauty.ee\/wp-content\/uploads\/2023\/10\/IMG_0585.jpg","width":1284,"height":1300,"caption":"She Beauty O\u00dc"},"image":{"@id":"https:\/\/shebeauty.ee\/#\/schema\/logo\/image\/"}}]}},"_links":{"self":[{"href":"https:\/\/shebeauty.ee\/en\/wp-json\/wp\/v2\/product\/1459","targetHints":{"allow":["GET"]}}],"collection":[{"href":"https:\/\/shebeauty.ee\/en\/wp-json\/wp\/v2\/product"}],"about":[{"href":"https:\/\/shebeauty.ee\/en\/wp-json\/wp\/v2\/types\/product"}],"replies":[{"embeddable":true,"href":"https:\/\/shebeauty.ee\/en\/wp-json\/wp\/v2\/comments?post=1459"}],"wp:featuredmedia":[{"embeddable":true,"href":"https:\/\/shebeauty.ee\/en\/wp-json\/wp\/v2\/media\/2327"}],"wp:attachment":[{"href":"https:\/\/shebeauty.ee\/en\/wp-json\/wp\/v2\/media?parent=1459"}],"wp:term":[{"taxonomy":"product_brand","embeddable":true,"href":"https:\/\/shebeauty.ee\/en\/wp-json\/wp\/v2\/product_brand?post=1459"},{"taxonomy":"product_cat","embeddable":true,"href":"https:\/\/shebeauty.ee\/en\/wp-json\/wp\/v2\/product_cat?post=1459"},{"taxonomy":"product_tag","embeddable":true,"href":"https:\/\/shebeauty.ee\/en\/wp-json\/wp\/v2\/product_tag?post=1459"},{"taxonomy":"giftcard-category","embeddable":true,"href":"https:\/\/shebeauty.ee\/en\/wp-json\/wp\/v2\/giftcard-category?post=1459"}],"curies":[{"name":"wp","href":"https:\/\/api.w.org\/{rel}","templated":true}]}}