{"id":1457,"date":"2019-12-15T20:52:46","date_gmt":"2019-12-15T18:52:46","guid":{"rendered":"https:\/\/shebeauty.ee\/?post_type=product&#038;p=1457"},"modified":"2025-08-15T22:04:12","modified_gmt":"2025-08-15T19:04:12","slug":"olaplex-no-7-bonding-oil","status":"publish","type":"product","link":"https:\/\/shebeauty.ee\/en\/product\/olaplex-no-7-bonding-oil\/","title":{"rendered":"Olaplex No. 7 Bonding Oil 30ml"},"content":{"rendered":"<p><strong>Ingredients:<\/strong><\/p>\n<p><span class=\"metafield-multi_line_text_field\">Dimethicone, Isohexadecane, C13-14 Isoparaffin, Coco-Caprylate, Phenyl Trimethicone, Bis-Aminopropyl Diglycol Dimaleate, Propanediol, Zea Mays (Corn) Oil, Beta-Carotene, Helianthus Annuus (Sunflower) Seed Oil, Moringa Oleifera Seed Oil, Punica Granatum Seed Oil, Water(Aqua) Morinda Citrifolia Fruit Powder, Fragrance(Parfum), Hexyl Cinnamal, Eclipta Prostrata Extract, Ethylhexyl Methoxycinnamate, Limonene, Tocopherol, Citral, Linalool, Melia Azadirachta Leaf Extract, Citronellol, Pzeudozyma Epicola\/Camellia Sinensis Seed Oil Ferment Extract Filtrate.<\/span><\/p>\n<p>Lugege kindlasti toote pakendil olevat teavet, eriti kui teil on allergiaoht.<\/p>\n<p>Vegantoode.<\/p>","protected":false},"excerpt":{"rendered":"<p>Olaplex No. 7 Bonding Oil on \u00fclikontsentreeritud, kaalutu viimistlus\u00f5li, mis tugevdab juukseid,<br \/>\nv\u00e4hendab s\u00e4brulisust ja annab kauni l\u00e4ike. Suurendab oluliselt s\u00e4ra, pehmust ja v\u00e4rvi erksust.<br \/>\nV\u00e4hendab juuste lendlevust ja kahu. Kaitseb kuumuse eest kuni 230\u202f\u00b0C.<br \/>\nM\u00f5eldud kasutamiseks nii m\u00e4rgadel, niisketel kui ka kuivadel juustel.<br \/>\n<strong>Sobib k\u00f5ikidele juukset\u00fc\u00fcpidele.<\/strong><\/p>\n<p><em>Liitrihind: 1200,00\u202f\u20ac \/ l<\/em><\/p>","protected":false},"featured_media":2349,"comment_status":"open","ping_status":"closed","template":"","meta":{"site-sidebar-layout":"default","site-content-layout":"","ast-site-content-layout":"default","site-content-style":"default","site-sidebar-style":"default","ast-global-header-display":"","ast-banner-title-visibility":"","ast-main-header-display":"","ast-hfb-above-header-display":"","ast-hfb-below-header-display":"","ast-hfb-mobile-header-display":"","site-post-title":"","ast-breadcrumbs-content":"","ast-featured-img":"","footer-sml-layout":"","ast-disable-related-posts":"","theme-transparent-header-meta":"default","adv-header-id-meta":"","stick-header-meta":"","header-above-stick-meta":"","header-main-stick-meta":"","header-below-stick-meta":"","astra-migrate-meta-layouts":"set","ast-page-background-enabled":"default","ast-page-background-meta":{"desktop":{"background-color":"var(--ast-global-color-4)","background-image":"","background-repeat":"repeat","background-position":"center center","background-size":"auto","background-attachment":"scroll","background-type":"","background-media":"","overlay-type":"","overlay-color":"","overlay-opacity":"","overlay-gradient":""},"tablet":{"background-color":"","background-image":"","background-repeat":"repeat","background-position":"center center","background-size":"auto","background-attachment":"scroll","background-type":"","background-media":"","overlay-type":"","overlay-color":"","overlay-opacity":"","overlay-gradient":""},"mobile":{"background-color":"","background-image":"","background-repeat":"repeat","background-position":"center center","background-size":"auto","background-attachment":"scroll","background-type":"","background-media":"","overlay-type":"","overlay-color":"","overlay-opacity":"","overlay-gradient":""}},"ast-content-background-meta":{"desktop":{"background-color":"var(--ast-global-color-5)","background-image":"","background-repeat":"repeat","background-position":"center center","background-size":"auto","background-attachment":"scroll","background-type":"","background-media":"","overlay-type":"","overlay-color":"","overlay-opacity":"","overlay-gradient":""},"tablet":{"background-color":"var(--ast-global-color-5)","background-image":"","background-repeat":"repeat","background-position":"center center","background-size":"auto","background-attachment":"scroll","background-type":"","background-media":"","overlay-type":"","overlay-color":"","overlay-opacity":"","overlay-gradient":""},"mobile":{"background-color":"var(--ast-global-color-5)","background-image":"","background-repeat":"repeat","background-position":"center center","background-size":"auto","background-attachment":"scroll","background-type":"","background-media":"","overlay-type":"","overlay-color":"","overlay-opacity":"","overlay-gradient":""}}},"product_brand":[],"product_cat":[20],"product_tag":[76,234,77,75,78,235,236],"giftcard-category":[],"class_list":{"0":"post-1457","1":"product","2":"type-product","3":"status-publish","4":"has-post-thumbnail","6":"product_cat-juuksehooldustooted-sampoon-palsam-mask","7":"product_tag-juuksehooldus","8":"product_tag-juukseoli","9":"product_tag-juuksepikendused","10":"product_tag-olaplex","11":"product_tag-she-beauty-studio","12":"product_tag-siidised-juuksed","13":"product_tag-vegan","14":"desktop-align-center","15":"tablet-align-left","16":"mobile-align-left","18":"first","19":"instock","20":"taxable","21":"shipping-taxable","22":"purchasable","23":"product-type-simple"},"yoast_head":"<!-- This site is optimized with the Yoast SEO plugin v27.3 - https:\/\/yoast.com\/product\/yoast-seo-wordpress\/ -->\n<title>Olaplex No. 7 Bonding Oil 30ml - She Beauty Studio<\/title>\n<meta name=\"description\" content=\"Olaplex No. 7 Bonding Oil on \u00fclikontsentreeritud, kaalutu viimistlus\u00f5li, mis tugevdab juukseid,v\u00e4hendab s\u00e4brulisust ja annab kauni l\u00e4ike.\" \/>\n<meta name=\"robots\" content=\"index, follow, max-snippet:-1, max-image-preview:large, max-video-preview:-1\" \/>\n<link rel=\"canonical\" href=\"https:\/\/shebeauty.ee\/en\/product\/olaplex-no-7-bonding-oil\/\" \/>\n<meta property=\"og:locale\" content=\"en_US\" \/>\n<meta property=\"og:type\" content=\"article\" \/>\n<meta property=\"og:title\" content=\"Olaplex No. 7 Bonding Oil 30ml - She Beauty Studio\" \/>\n<meta property=\"og:description\" content=\"Olaplex No. 7 Bonding Oil on \u00fclikontsentreeritud, kaalutu viimistlus\u00f5li, mis tugevdab juukseid,v\u00e4hendab s\u00e4brulisust ja annab kauni l\u00e4ike.\" \/>\n<meta property=\"og:url\" content=\"https:\/\/shebeauty.ee\/en\/product\/olaplex-no-7-bonding-oil\/\" \/>\n<meta property=\"og:site_name\" content=\"She Beauty Studio\" \/>\n<meta property=\"article:modified_time\" content=\"2025-08-15T19:04:12+00:00\" \/>\n<meta property=\"og:image\" content=\"https:\/\/shebeauty.ee\/wp-content\/uploads\/2019\/12\/OPLX-NO-7-OIL.jpg\" \/>\n\t<meta property=\"og:image:width\" content=\"700\" \/>\n\t<meta property=\"og:image:height\" content=\"700\" \/>\n\t<meta property=\"og:image:type\" content=\"image\/jpeg\" \/>\n<meta name=\"twitter:card\" content=\"summary_large_image\" \/>\n<meta name=\"twitter:label1\" content=\"Est. reading time\" \/>\n\t<meta name=\"twitter:data1\" content=\"1 minute\" \/>\n<script type=\"application\/ld+json\" class=\"yoast-schema-graph\">{\"@context\":\"https:\\\/\\\/schema.org\",\"@graph\":[{\"@type\":\"WebPage\",\"@id\":\"https:\\\/\\\/shebeauty.ee\\\/toode\\\/olaplex-no-7-bonding-oil\\\/\",\"url\":\"https:\\\/\\\/shebeauty.ee\\\/toode\\\/olaplex-no-7-bonding-oil\\\/\",\"name\":\"Olaplex No. 7 Bonding Oil 30ml - She Beauty Studio\",\"isPartOf\":{\"@id\":\"https:\\\/\\\/shebeauty.ee\\\/#website\"},\"primaryImageOfPage\":{\"@id\":\"https:\\\/\\\/shebeauty.ee\\\/toode\\\/olaplex-no-7-bonding-oil\\\/#primaryimage\"},\"image\":{\"@id\":\"https:\\\/\\\/shebeauty.ee\\\/toode\\\/olaplex-no-7-bonding-oil\\\/#primaryimage\"},\"thumbnailUrl\":\"https:\\\/\\\/shebeauty.ee\\\/wp-content\\\/uploads\\\/2019\\\/12\\\/OPLX-NO-7-OIL.jpg\",\"datePublished\":\"2019-12-15T18:52:46+00:00\",\"dateModified\":\"2025-08-15T19:04:12+00:00\",\"description\":\"Olaplex No. 7 Bonding Oil on \u00fclikontsentreeritud, kaalutu viimistlus\u00f5li, mis tugevdab juukseid,v\u00e4hendab s\u00e4brulisust ja annab kauni l\u00e4ike.\",\"breadcrumb\":{\"@id\":\"https:\\\/\\\/shebeauty.ee\\\/toode\\\/olaplex-no-7-bonding-oil\\\/#breadcrumb\"},\"inLanguage\":\"en-US\",\"potentialAction\":[{\"@type\":\"ReadAction\",\"target\":[\"https:\\\/\\\/shebeauty.ee\\\/toode\\\/olaplex-no-7-bonding-oil\\\/\"]}]},{\"@type\":\"ImageObject\",\"inLanguage\":\"en-US\",\"@id\":\"https:\\\/\\\/shebeauty.ee\\\/toode\\\/olaplex-no-7-bonding-oil\\\/#primaryimage\",\"url\":\"https:\\\/\\\/shebeauty.ee\\\/wp-content\\\/uploads\\\/2019\\\/12\\\/OPLX-NO-7-OIL.jpg\",\"contentUrl\":\"https:\\\/\\\/shebeauty.ee\\\/wp-content\\\/uploads\\\/2019\\\/12\\\/OPLX-NO-7-OIL.jpg\",\"width\":700,\"height\":700},{\"@type\":\"BreadcrumbList\",\"@id\":\"https:\\\/\\\/shebeauty.ee\\\/toode\\\/olaplex-no-7-bonding-oil\\\/#breadcrumb\",\"itemListElement\":[{\"@type\":\"ListItem\",\"position\":1,\"name\":\"Home\",\"item\":\"https:\\\/\\\/shebeauty.ee\\\/\"},{\"@type\":\"ListItem\",\"position\":2,\"name\":\"Pood\",\"item\":\"https:\\\/\\\/shebeauty.ee\\\/e-pood\\\/\"},{\"@type\":\"ListItem\",\"position\":3,\"name\":\"Olaplex No. 7 Bonding Oil 30ml\"}]},{\"@type\":\"WebSite\",\"@id\":\"https:\\\/\\\/shebeauty.ee\\\/#website\",\"url\":\"https:\\\/\\\/shebeauty.ee\\\/\",\"name\":\"She Beauty Studio\",\"description\":\"Juuksestuudio\",\"publisher\":{\"@id\":\"https:\\\/\\\/shebeauty.ee\\\/#organization\"},\"potentialAction\":[{\"@type\":\"SearchAction\",\"target\":{\"@type\":\"EntryPoint\",\"urlTemplate\":\"https:\\\/\\\/shebeauty.ee\\\/?s={search_term_string}\"},\"query-input\":{\"@type\":\"PropertyValueSpecification\",\"valueRequired\":true,\"valueName\":\"search_term_string\"}}],\"inLanguage\":\"en-US\"},{\"@type\":\"Organization\",\"@id\":\"https:\\\/\\\/shebeauty.ee\\\/#organization\",\"name\":\"She Beauty O\u00dc\",\"url\":\"https:\\\/\\\/shebeauty.ee\\\/\",\"logo\":{\"@type\":\"ImageObject\",\"inLanguage\":\"en-US\",\"@id\":\"https:\\\/\\\/shebeauty.ee\\\/#\\\/schema\\\/logo\\\/image\\\/\",\"url\":\"https:\\\/\\\/shebeauty.ee\\\/wp-content\\\/uploads\\\/2023\\\/10\\\/IMG_0585.jpg\",\"contentUrl\":\"https:\\\/\\\/shebeauty.ee\\\/wp-content\\\/uploads\\\/2023\\\/10\\\/IMG_0585.jpg\",\"width\":1284,\"height\":1300,\"caption\":\"She Beauty O\u00dc\"},\"image\":{\"@id\":\"https:\\\/\\\/shebeauty.ee\\\/#\\\/schema\\\/logo\\\/image\\\/\"}}]}<\/script>\n<!-- \/ Yoast SEO plugin. -->","yoast_head_json":{"title":"Olaplex No. 7 Bonding Oil 30ml - She Beauty Studio","description":"Olaplex No. 7 Bonding Oil on \u00fclikontsentreeritud, kaalutu viimistlus\u00f5li, mis tugevdab juukseid,v\u00e4hendab s\u00e4brulisust ja annab kauni l\u00e4ike.","robots":{"index":"index","follow":"follow","max-snippet":"max-snippet:-1","max-image-preview":"max-image-preview:large","max-video-preview":"max-video-preview:-1"},"canonical":"https:\/\/shebeauty.ee\/en\/product\/olaplex-no-7-bonding-oil\/","og_locale":"en_US","og_type":"article","og_title":"Olaplex No. 7 Bonding Oil 30ml - She Beauty Studio","og_description":"Olaplex No. 7 Bonding Oil on \u00fclikontsentreeritud, kaalutu viimistlus\u00f5li, mis tugevdab juukseid,v\u00e4hendab s\u00e4brulisust ja annab kauni l\u00e4ike.","og_url":"https:\/\/shebeauty.ee\/en\/product\/olaplex-no-7-bonding-oil\/","og_site_name":"She Beauty Studio","article_modified_time":"2025-08-15T19:04:12+00:00","og_image":[{"width":700,"height":700,"url":"https:\/\/shebeauty.ee\/wp-content\/uploads\/2019\/12\/OPLX-NO-7-OIL.jpg","type":"image\/jpeg"}],"twitter_card":"summary_large_image","twitter_misc":{"Est. reading time":"1 minute"},"schema":{"@context":"https:\/\/schema.org","@graph":[{"@type":"WebPage","@id":"https:\/\/shebeauty.ee\/toode\/olaplex-no-7-bonding-oil\/","url":"https:\/\/shebeauty.ee\/toode\/olaplex-no-7-bonding-oil\/","name":"Olaplex No. 7 Bonding Oil 30ml - She Beauty Studio","isPartOf":{"@id":"https:\/\/shebeauty.ee\/#website"},"primaryImageOfPage":{"@id":"https:\/\/shebeauty.ee\/toode\/olaplex-no-7-bonding-oil\/#primaryimage"},"image":{"@id":"https:\/\/shebeauty.ee\/toode\/olaplex-no-7-bonding-oil\/#primaryimage"},"thumbnailUrl":"https:\/\/shebeauty.ee\/wp-content\/uploads\/2019\/12\/OPLX-NO-7-OIL.jpg","datePublished":"2019-12-15T18:52:46+00:00","dateModified":"2025-08-15T19:04:12+00:00","description":"Olaplex No. 7 Bonding Oil on \u00fclikontsentreeritud, kaalutu viimistlus\u00f5li, mis tugevdab juukseid,v\u00e4hendab s\u00e4brulisust ja annab kauni l\u00e4ike.","breadcrumb":{"@id":"https:\/\/shebeauty.ee\/toode\/olaplex-no-7-bonding-oil\/#breadcrumb"},"inLanguage":"en-US","potentialAction":[{"@type":"ReadAction","target":["https:\/\/shebeauty.ee\/toode\/olaplex-no-7-bonding-oil\/"]}]},{"@type":"ImageObject","inLanguage":"en-US","@id":"https:\/\/shebeauty.ee\/toode\/olaplex-no-7-bonding-oil\/#primaryimage","url":"https:\/\/shebeauty.ee\/wp-content\/uploads\/2019\/12\/OPLX-NO-7-OIL.jpg","contentUrl":"https:\/\/shebeauty.ee\/wp-content\/uploads\/2019\/12\/OPLX-NO-7-OIL.jpg","width":700,"height":700},{"@type":"BreadcrumbList","@id":"https:\/\/shebeauty.ee\/toode\/olaplex-no-7-bonding-oil\/#breadcrumb","itemListElement":[{"@type":"ListItem","position":1,"name":"Home","item":"https:\/\/shebeauty.ee\/"},{"@type":"ListItem","position":2,"name":"Pood","item":"https:\/\/shebeauty.ee\/e-pood\/"},{"@type":"ListItem","position":3,"name":"Olaplex No. 7 Bonding Oil 30ml"}]},{"@type":"WebSite","@id":"https:\/\/shebeauty.ee\/#website","url":"https:\/\/shebeauty.ee\/","name":"She Beauty Studio","description":"Juuksestuudio","publisher":{"@id":"https:\/\/shebeauty.ee\/#organization"},"potentialAction":[{"@type":"SearchAction","target":{"@type":"EntryPoint","urlTemplate":"https:\/\/shebeauty.ee\/?s={search_term_string}"},"query-input":{"@type":"PropertyValueSpecification","valueRequired":true,"valueName":"search_term_string"}}],"inLanguage":"en-US"},{"@type":"Organization","@id":"https:\/\/shebeauty.ee\/#organization","name":"She Beauty O\u00dc","url":"https:\/\/shebeauty.ee\/","logo":{"@type":"ImageObject","inLanguage":"en-US","@id":"https:\/\/shebeauty.ee\/#\/schema\/logo\/image\/","url":"https:\/\/shebeauty.ee\/wp-content\/uploads\/2023\/10\/IMG_0585.jpg","contentUrl":"https:\/\/shebeauty.ee\/wp-content\/uploads\/2023\/10\/IMG_0585.jpg","width":1284,"height":1300,"caption":"She Beauty O\u00dc"},"image":{"@id":"https:\/\/shebeauty.ee\/#\/schema\/logo\/image\/"}}]}},"_links":{"self":[{"href":"https:\/\/shebeauty.ee\/en\/wp-json\/wp\/v2\/product\/1457","targetHints":{"allow":["GET"]}}],"collection":[{"href":"https:\/\/shebeauty.ee\/en\/wp-json\/wp\/v2\/product"}],"about":[{"href":"https:\/\/shebeauty.ee\/en\/wp-json\/wp\/v2\/types\/product"}],"replies":[{"embeddable":true,"href":"https:\/\/shebeauty.ee\/en\/wp-json\/wp\/v2\/comments?post=1457"}],"wp:featuredmedia":[{"embeddable":true,"href":"https:\/\/shebeauty.ee\/en\/wp-json\/wp\/v2\/media\/2349"}],"wp:attachment":[{"href":"https:\/\/shebeauty.ee\/en\/wp-json\/wp\/v2\/media?parent=1457"}],"wp:term":[{"taxonomy":"product_brand","embeddable":true,"href":"https:\/\/shebeauty.ee\/en\/wp-json\/wp\/v2\/product_brand?post=1457"},{"taxonomy":"product_cat","embeddable":true,"href":"https:\/\/shebeauty.ee\/en\/wp-json\/wp\/v2\/product_cat?post=1457"},{"taxonomy":"product_tag","embeddable":true,"href":"https:\/\/shebeauty.ee\/en\/wp-json\/wp\/v2\/product_tag?post=1457"},{"taxonomy":"giftcard-category","embeddable":true,"href":"https:\/\/shebeauty.ee\/en\/wp-json\/wp\/v2\/giftcard-category?post=1457"}],"curies":[{"name":"wp","href":"https:\/\/api.w.org\/{rel}","templated":true}]}}