{"id":1115,"date":"2019-01-15T00:02:32","date_gmt":"2019-01-14T22:02:32","guid":{"rendered":"https:\/\/shebeauty.ee\/?post_type=product&#038;p=1115"},"modified":"2025-08-15T22:07:38","modified_gmt":"2025-08-15T19:07:38","slug":"olaplex-no-5-palsam","status":"publish","type":"product","link":"https:\/\/shebeauty.ee\/en\/product\/olaplex-no-5-palsam\/","title":{"rendered":"Olaplex No. 5 Palsam 250ml"},"content":{"rendered":"<p><strong>Olaplex No.5 palsam<\/strong><br \/>\nJuukseid s\u00fcgavuti taastav, parandav ja\u00a0niisutav palsam. K\u00f5rvaldab juustesse tekkinud\u00a0kahjustused, v\u00e4hendab kahusust, silub ning\u00a0lisab juurde l\u00e4iget. Sobib k\u00f5ikidele juukset\u00fc\u00fcpidele.<br \/>\n<strong>Kuidas kasutada:<\/strong> Kasutada p\u00e4rast Olaplex\u00a0No.4 \u0161ampooni. Kanda s\u00f5ltuvalt juukse pikkusele\u00a0vajalik kogus palsamit juurtest otsteni.\u00a0Hoida peas v\u00e4hemalt 3 minutit ja siis loputada.\u00a0See on osa Olaplex\u00a03-4-5 juukseid hooldavast ja taastavast s\u00fcsteemist.<br \/>\n<strong>Toode on:<\/strong> sulfaadivaba, parabeenivaba,\u00a0gluteenivaba, vegan, ei sisalda p\u00e4hkli allergeene,\u00a0on juuksev\u00e4rvi kaitsva toimega.<\/p>\n<p><strong>Ingredients:<\/strong><br \/>\nWater, Cetearyl Alcohol, PPF-3 Benzyl Ether Myristate, Caprylic\/Capric Triglyceride, Cetyl Alcohol, Octyldodecyl Ricinoleate, Quaternium-91, Divinyldimethicone\/Dimethicone Copolymer, Cetrimonium Chloride, Glycerin, Isododecane, Cetyl Esters, Behentrimonium Chloride, Panthenol, Fragrance, Phenoxyethanol, Phospholipids, Hydroxypropyl Guar, Dimethicone PEG-7 Isostearate, Glycine Soja (Soybean) Oil, PEG-7 Amodimethicone, PEG-45M, Amodimethicone, Disodium EDTA, Polysilicone-15, Camellia Sinensis Seed Oil, C11-15 Pareth-7, Sodium Polyacrylate, C12-13 Pareth-3, C12-13 Pareth-23, Vitis Vinifera (Grape), Seed Oil, Persea Gratissima (Avocado) Oil, Crambe Abyssinica Seed Oil, Laureth-9, Trideceth-12, Butylene Glycol, Citric Acid, Ahnfeltiopsis Concinna Extract, Iodopropynyl Butylcarbamate, Acetic Acid, Sodium Acetate, Tocopheryl Linoleate\/Oleate, Pseudozyma Epicola\/Camellia Sinensis Seed Oil Ferment Extract Filtrate, Pseudozyma Epicola\/Argania Spinosa Kernel Oil Ferment Filtrate, Hydrolyzed Hyaluronic Acid, Helianthus Annuus (Sunflower) Seed Oil, Quaternium-95, Propanediol, Helianthus Annuus (Sunflower) Seed Extract, PEG-8, Bis-Aminopropyl Diglycol Dimaleate, Punica Granatum Extract, Morinda Citrifolia Fruit Extract, PEG-8\/Smdi Copolymer, Euterpe Oleracea Fruit Extract, Palmitoyl Myristyl Serinate, BHT, Silica, Sodium Benzoate, Potassium Sorbate, Tocopherol, Pentaerythrityl Tetra-Di-T-Butyl Hydroxyhydrocinnamate , Biotin, Citral, Hexyl Cinnamal, Limonene, Hydroxypropyl Cyclodextrin, Chlorphenesin, Propylene Glycol, Sodium Dehydroacetate, PEG-4 Laurate, PEG-4 Dilaurate, PEG-4, Etidronic Acid.<\/p>","protected":false},"excerpt":{"rendered":"<p>Intensiivselt niisutav ja juukseid tugevdav palsam koduseks kasutamiseks. M\u00f5eldud kasutamiseks p\u00e4rast Olaplex salongihooldust v\u00f5i koos No.3 koduse hooldusega, et taastada juukse struktuuri, siluda juuksepinda ja v\u00e4hendada katkemist.<\/p>\n<p>(<em>liitrihind: 120,00 \u20ac \/ l<\/em>)<\/p>","protected":false},"featured_media":2334,"comment_status":"open","ping_status":"closed","template":"","meta":{"site-sidebar-layout":"default","site-content-layout":"","ast-site-content-layout":"default","site-content-style":"default","site-sidebar-style":"default","ast-global-header-display":"","ast-banner-title-visibility":"","ast-main-header-display":"","ast-hfb-above-header-display":"","ast-hfb-below-header-display":"","ast-hfb-mobile-header-display":"","site-post-title":"","ast-breadcrumbs-content":"","ast-featured-img":"","footer-sml-layout":"","ast-disable-related-posts":"","theme-transparent-header-meta":"default","adv-header-id-meta":"","stick-header-meta":"","header-above-stick-meta":"","header-main-stick-meta":"","header-below-stick-meta":"","astra-migrate-meta-layouts":"set","ast-page-background-enabled":"default","ast-page-background-meta":{"desktop":{"background-color":"var(--ast-global-color-4)","background-image":"","background-repeat":"repeat","background-position":"center center","background-size":"auto","background-attachment":"scroll","background-type":"","background-media":"","overlay-type":"","overlay-color":"","overlay-opacity":"","overlay-gradient":""},"tablet":{"background-color":"","background-image":"","background-repeat":"repeat","background-position":"center center","background-size":"auto","background-attachment":"scroll","background-type":"","background-media":"","overlay-type":"","overlay-color":"","overlay-opacity":"","overlay-gradient":""},"mobile":{"background-color":"","background-image":"","background-repeat":"repeat","background-position":"center center","background-size":"auto","background-attachment":"scroll","background-type":"","background-media":"","overlay-type":"","overlay-color":"","overlay-opacity":"","overlay-gradient":""}},"ast-content-background-meta":{"desktop":{"background-color":"var(--ast-global-color-5)","background-image":"","background-repeat":"repeat","background-position":"center center","background-size":"auto","background-attachment":"scroll","background-type":"","background-media":"","overlay-type":"","overlay-color":"","overlay-opacity":"","overlay-gradient":""},"tablet":{"background-color":"var(--ast-global-color-5)","background-image":"","background-repeat":"repeat","background-position":"center center","background-size":"auto","background-attachment":"scroll","background-type":"","background-media":"","overlay-type":"","overlay-color":"","overlay-opacity":"","overlay-gradient":""},"mobile":{"background-color":"var(--ast-global-color-5)","background-image":"","background-repeat":"repeat","background-position":"center center","background-size":"auto","background-attachment":"scroll","background-type":"","background-media":"","overlay-type":"","overlay-color":"","overlay-opacity":"","overlay-gradient":""}}},"product_brand":[],"product_cat":[20],"product_tag":[151,75,83,242],"giftcard-category":[],"class_list":{"0":"post-1115","1":"product","2":"type-product","3":"status-publish","4":"has-post-thumbnail","6":"product_cat-juuksehooldustooted-sampoon-palsam-mask","7":"product_tag-intensiivselt-niisutav","8":"product_tag-olaplex","9":"product_tag-palsam","10":"product_tag-terved-juuksed","11":"desktop-align-center","12":"tablet-align-left","13":"mobile-align-left","15":"first","16":"instock","17":"taxable","18":"shipping-taxable","19":"purchasable","20":"product-type-simple"},"yoast_head":"<!-- This site is optimized with the Yoast SEO plugin v27.4 - https:\/\/yoast.com\/product\/yoast-seo-wordpress\/ -->\n<title>Olaplex No. 5 Palsam 250ml - She Beauty Studio<\/title>\n<meta name=\"description\" content=\"Juukseid s\u00fcgavuti taastav, parandav ja\u00a0niisutav palsam. K\u00f5rvaldab juustesse tekkinud\u00a0kahjustused, v\u00e4hendab kahusust, silub ning\u00a0lisab juurde l\u00e4iget.\" \/>\n<meta name=\"robots\" content=\"index, follow, max-snippet:-1, max-image-preview:large, max-video-preview:-1\" \/>\n<link rel=\"canonical\" href=\"https:\/\/shebeauty.ee\/en\/product\/olaplex-no-5-palsam\/\" \/>\n<meta property=\"og:locale\" content=\"en_US\" \/>\n<meta property=\"og:type\" content=\"article\" \/>\n<meta property=\"og:title\" content=\"Olaplex No. 5 Palsam 250ml - She Beauty Studio\" \/>\n<meta property=\"og:description\" content=\"Juukseid s\u00fcgavuti taastav, parandav ja\u00a0niisutav palsam. K\u00f5rvaldab juustesse tekkinud\u00a0kahjustused, v\u00e4hendab kahusust, silub ning\u00a0lisab juurde l\u00e4iget.\" \/>\n<meta property=\"og:url\" content=\"https:\/\/shebeauty.ee\/en\/product\/olaplex-no-5-palsam\/\" \/>\n<meta property=\"og:site_name\" content=\"She Beauty Studio\" \/>\n<meta property=\"article:modified_time\" content=\"2025-08-15T19:07:38+00:00\" \/>\n<meta property=\"og:image\" content=\"https:\/\/shebeauty.ee\/wp-content\/uploads\/2019\/01\/OPLEX-NO-5.jpg\" \/>\n\t<meta property=\"og:image:width\" content=\"700\" \/>\n\t<meta property=\"og:image:height\" content=\"700\" \/>\n\t<meta property=\"og:image:type\" content=\"image\/jpeg\" \/>\n<meta name=\"twitter:card\" content=\"summary_large_image\" \/>\n<meta name=\"twitter:label1\" content=\"Est. reading time\" \/>\n\t<meta name=\"twitter:data1\" content=\"2 minutes\" \/>\n<script type=\"application\/ld+json\" class=\"yoast-schema-graph\">{\"@context\":\"https:\\\/\\\/schema.org\",\"@graph\":[{\"@type\":\"WebPage\",\"@id\":\"https:\\\/\\\/shebeauty.ee\\\/toode\\\/olaplex-no-5-palsam\\\/\",\"url\":\"https:\\\/\\\/shebeauty.ee\\\/toode\\\/olaplex-no-5-palsam\\\/\",\"name\":\"Olaplex No. 5 Palsam 250ml - She Beauty Studio\",\"isPartOf\":{\"@id\":\"https:\\\/\\\/shebeauty.ee\\\/#website\"},\"primaryImageOfPage\":{\"@id\":\"https:\\\/\\\/shebeauty.ee\\\/toode\\\/olaplex-no-5-palsam\\\/#primaryimage\"},\"image\":{\"@id\":\"https:\\\/\\\/shebeauty.ee\\\/toode\\\/olaplex-no-5-palsam\\\/#primaryimage\"},\"thumbnailUrl\":\"https:\\\/\\\/shebeauty.ee\\\/wp-content\\\/uploads\\\/2019\\\/01\\\/OPLEX-NO-5.jpg\",\"datePublished\":\"2019-01-14T22:02:32+00:00\",\"dateModified\":\"2025-08-15T19:07:38+00:00\",\"description\":\"Juukseid s\u00fcgavuti taastav, parandav ja\u00a0niisutav palsam. K\u00f5rvaldab juustesse tekkinud\u00a0kahjustused, v\u00e4hendab kahusust, silub ning\u00a0lisab juurde l\u00e4iget.\",\"breadcrumb\":{\"@id\":\"https:\\\/\\\/shebeauty.ee\\\/toode\\\/olaplex-no-5-palsam\\\/#breadcrumb\"},\"inLanguage\":\"en-US\",\"potentialAction\":[{\"@type\":\"ReadAction\",\"target\":[\"https:\\\/\\\/shebeauty.ee\\\/toode\\\/olaplex-no-5-palsam\\\/\"]}]},{\"@type\":\"ImageObject\",\"inLanguage\":\"en-US\",\"@id\":\"https:\\\/\\\/shebeauty.ee\\\/toode\\\/olaplex-no-5-palsam\\\/#primaryimage\",\"url\":\"https:\\\/\\\/shebeauty.ee\\\/wp-content\\\/uploads\\\/2019\\\/01\\\/OPLEX-NO-5.jpg\",\"contentUrl\":\"https:\\\/\\\/shebeauty.ee\\\/wp-content\\\/uploads\\\/2019\\\/01\\\/OPLEX-NO-5.jpg\",\"width\":700,\"height\":700},{\"@type\":\"BreadcrumbList\",\"@id\":\"https:\\\/\\\/shebeauty.ee\\\/toode\\\/olaplex-no-5-palsam\\\/#breadcrumb\",\"itemListElement\":[{\"@type\":\"ListItem\",\"position\":1,\"name\":\"Home\",\"item\":\"https:\\\/\\\/shebeauty.ee\\\/\"},{\"@type\":\"ListItem\",\"position\":2,\"name\":\"Pood\",\"item\":\"https:\\\/\\\/shebeauty.ee\\\/e-pood\\\/\"},{\"@type\":\"ListItem\",\"position\":3,\"name\":\"Olaplex No. 5 Palsam 250ml\"}]},{\"@type\":\"WebSite\",\"@id\":\"https:\\\/\\\/shebeauty.ee\\\/#website\",\"url\":\"https:\\\/\\\/shebeauty.ee\\\/\",\"name\":\"She Beauty Studio\",\"description\":\"Juuksestuudio\",\"publisher\":{\"@id\":\"https:\\\/\\\/shebeauty.ee\\\/#organization\"},\"potentialAction\":[{\"@type\":\"SearchAction\",\"target\":{\"@type\":\"EntryPoint\",\"urlTemplate\":\"https:\\\/\\\/shebeauty.ee\\\/?s={search_term_string}\"},\"query-input\":{\"@type\":\"PropertyValueSpecification\",\"valueRequired\":true,\"valueName\":\"search_term_string\"}}],\"inLanguage\":\"en-US\"},{\"@type\":\"Organization\",\"@id\":\"https:\\\/\\\/shebeauty.ee\\\/#organization\",\"name\":\"She Beauty O\u00dc\",\"url\":\"https:\\\/\\\/shebeauty.ee\\\/\",\"logo\":{\"@type\":\"ImageObject\",\"inLanguage\":\"en-US\",\"@id\":\"https:\\\/\\\/shebeauty.ee\\\/#\\\/schema\\\/logo\\\/image\\\/\",\"url\":\"https:\\\/\\\/shebeauty.ee\\\/wp-content\\\/uploads\\\/2023\\\/10\\\/IMG_0585.jpg\",\"contentUrl\":\"https:\\\/\\\/shebeauty.ee\\\/wp-content\\\/uploads\\\/2023\\\/10\\\/IMG_0585.jpg\",\"width\":1284,\"height\":1300,\"caption\":\"She Beauty O\u00dc\"},\"image\":{\"@id\":\"https:\\\/\\\/shebeauty.ee\\\/#\\\/schema\\\/logo\\\/image\\\/\"}}]}<\/script>\n<!-- \/ Yoast SEO plugin. -->","yoast_head_json":{"title":"Olaplex No. 5 Palsam 250ml - She Beauty Studio","description":"Juukseid s\u00fcgavuti taastav, parandav ja\u00a0niisutav palsam. K\u00f5rvaldab juustesse tekkinud\u00a0kahjustused, v\u00e4hendab kahusust, silub ning\u00a0lisab juurde l\u00e4iget.","robots":{"index":"index","follow":"follow","max-snippet":"max-snippet:-1","max-image-preview":"max-image-preview:large","max-video-preview":"max-video-preview:-1"},"canonical":"https:\/\/shebeauty.ee\/en\/product\/olaplex-no-5-palsam\/","og_locale":"en_US","og_type":"article","og_title":"Olaplex No. 5 Palsam 250ml - She Beauty Studio","og_description":"Juukseid s\u00fcgavuti taastav, parandav ja\u00a0niisutav palsam. K\u00f5rvaldab juustesse tekkinud\u00a0kahjustused, v\u00e4hendab kahusust, silub ning\u00a0lisab juurde l\u00e4iget.","og_url":"https:\/\/shebeauty.ee\/en\/product\/olaplex-no-5-palsam\/","og_site_name":"She Beauty Studio","article_modified_time":"2025-08-15T19:07:38+00:00","og_image":[{"width":700,"height":700,"url":"https:\/\/shebeauty.ee\/wp-content\/uploads\/2019\/01\/OPLEX-NO-5.jpg","type":"image\/jpeg"}],"twitter_card":"summary_large_image","twitter_misc":{"Est. reading time":"2 minutes"},"schema":{"@context":"https:\/\/schema.org","@graph":[{"@type":"WebPage","@id":"https:\/\/shebeauty.ee\/toode\/olaplex-no-5-palsam\/","url":"https:\/\/shebeauty.ee\/toode\/olaplex-no-5-palsam\/","name":"Olaplex No. 5 Palsam 250ml - She Beauty Studio","isPartOf":{"@id":"https:\/\/shebeauty.ee\/#website"},"primaryImageOfPage":{"@id":"https:\/\/shebeauty.ee\/toode\/olaplex-no-5-palsam\/#primaryimage"},"image":{"@id":"https:\/\/shebeauty.ee\/toode\/olaplex-no-5-palsam\/#primaryimage"},"thumbnailUrl":"https:\/\/shebeauty.ee\/wp-content\/uploads\/2019\/01\/OPLEX-NO-5.jpg","datePublished":"2019-01-14T22:02:32+00:00","dateModified":"2025-08-15T19:07:38+00:00","description":"Juukseid s\u00fcgavuti taastav, parandav ja\u00a0niisutav palsam. K\u00f5rvaldab juustesse tekkinud\u00a0kahjustused, v\u00e4hendab kahusust, silub ning\u00a0lisab juurde l\u00e4iget.","breadcrumb":{"@id":"https:\/\/shebeauty.ee\/toode\/olaplex-no-5-palsam\/#breadcrumb"},"inLanguage":"en-US","potentialAction":[{"@type":"ReadAction","target":["https:\/\/shebeauty.ee\/toode\/olaplex-no-5-palsam\/"]}]},{"@type":"ImageObject","inLanguage":"en-US","@id":"https:\/\/shebeauty.ee\/toode\/olaplex-no-5-palsam\/#primaryimage","url":"https:\/\/shebeauty.ee\/wp-content\/uploads\/2019\/01\/OPLEX-NO-5.jpg","contentUrl":"https:\/\/shebeauty.ee\/wp-content\/uploads\/2019\/01\/OPLEX-NO-5.jpg","width":700,"height":700},{"@type":"BreadcrumbList","@id":"https:\/\/shebeauty.ee\/toode\/olaplex-no-5-palsam\/#breadcrumb","itemListElement":[{"@type":"ListItem","position":1,"name":"Home","item":"https:\/\/shebeauty.ee\/"},{"@type":"ListItem","position":2,"name":"Pood","item":"https:\/\/shebeauty.ee\/e-pood\/"},{"@type":"ListItem","position":3,"name":"Olaplex No. 5 Palsam 250ml"}]},{"@type":"WebSite","@id":"https:\/\/shebeauty.ee\/#website","url":"https:\/\/shebeauty.ee\/","name":"She Beauty Studio","description":"Juuksestuudio","publisher":{"@id":"https:\/\/shebeauty.ee\/#organization"},"potentialAction":[{"@type":"SearchAction","target":{"@type":"EntryPoint","urlTemplate":"https:\/\/shebeauty.ee\/?s={search_term_string}"},"query-input":{"@type":"PropertyValueSpecification","valueRequired":true,"valueName":"search_term_string"}}],"inLanguage":"en-US"},{"@type":"Organization","@id":"https:\/\/shebeauty.ee\/#organization","name":"She Beauty O\u00dc","url":"https:\/\/shebeauty.ee\/","logo":{"@type":"ImageObject","inLanguage":"en-US","@id":"https:\/\/shebeauty.ee\/#\/schema\/logo\/image\/","url":"https:\/\/shebeauty.ee\/wp-content\/uploads\/2023\/10\/IMG_0585.jpg","contentUrl":"https:\/\/shebeauty.ee\/wp-content\/uploads\/2023\/10\/IMG_0585.jpg","width":1284,"height":1300,"caption":"She Beauty O\u00dc"},"image":{"@id":"https:\/\/shebeauty.ee\/#\/schema\/logo\/image\/"}}]}},"_links":{"self":[{"href":"https:\/\/shebeauty.ee\/en\/wp-json\/wp\/v2\/product\/1115","targetHints":{"allow":["GET"]}}],"collection":[{"href":"https:\/\/shebeauty.ee\/en\/wp-json\/wp\/v2\/product"}],"about":[{"href":"https:\/\/shebeauty.ee\/en\/wp-json\/wp\/v2\/types\/product"}],"replies":[{"embeddable":true,"href":"https:\/\/shebeauty.ee\/en\/wp-json\/wp\/v2\/comments?post=1115"}],"wp:featuredmedia":[{"embeddable":true,"href":"https:\/\/shebeauty.ee\/en\/wp-json\/wp\/v2\/media\/2334"}],"wp:attachment":[{"href":"https:\/\/shebeauty.ee\/en\/wp-json\/wp\/v2\/media?parent=1115"}],"wp:term":[{"taxonomy":"product_brand","embeddable":true,"href":"https:\/\/shebeauty.ee\/en\/wp-json\/wp\/v2\/product_brand?post=1115"},{"taxonomy":"product_cat","embeddable":true,"href":"https:\/\/shebeauty.ee\/en\/wp-json\/wp\/v2\/product_cat?post=1115"},{"taxonomy":"product_tag","embeddable":true,"href":"https:\/\/shebeauty.ee\/en\/wp-json\/wp\/v2\/product_tag?post=1115"},{"taxonomy":"giftcard-category","embeddable":true,"href":"https:\/\/shebeauty.ee\/en\/wp-json\/wp\/v2\/giftcard-category?post=1115"}],"curies":[{"name":"wp","href":"https:\/\/api.w.org\/{rel}","templated":true}]}}