{"id":1113,"date":"2019-01-15T00:01:18","date_gmt":"2019-01-14T22:01:18","guid":{"rendered":"https:\/\/shebeauty.ee\/?post_type=product&#038;p=1113"},"modified":"2025-08-15T22:16:46","modified_gmt":"2025-08-15T19:16:46","slug":"oleplex-no-4-sampoon","status":"publish","type":"product","link":"https:\/\/shebeauty.ee\/en\/product\/oleplex-no-4-sampoon\/","title":{"rendered":"Olaplex No. 4 Shampoo 250ml"},"content":{"rendered":"<p><strong>Olaplex No.4 \u0161ampoon<\/strong><\/p>\n<p>Olaplex Bond Building molekuli sisaldav \u0161ampoon, mis taastab ja tugevdab juukseid\u00a0seespidiselt, aitab s\u00e4ilitada vajalikku niiskuse taset\u00a0juustes, lisab juustele l\u00e4iget ning muudab need kergesti k\u00e4sitletavaks. Sobib k\u00f5ikidele juukset\u00fc\u00fcpidele.\u00a0V\u00e4ga toitev, sobib kasutamiseks No.3 hoolduse osana\u00a01 kord n\u00e4dalas.<br \/>\n<strong>Kuidas kasutada:<\/strong> P\u00e4rast Olaplex No.3 koduhoolduse\u00a0juustest v\u00e4lja loputamist pesta juukseid v\u00e4ikese\u00a0kogusega Olaplex No.4 \u0161ampooniga. Perfektse\u00a0l\u00f5pptulemuse saavutamiseks l\u00f5peta hooldus Olaplex No.5 palsamiga.\u00a0No.4 on osa Olaplex 3-4-5 juukseid hooldavast ja taastavast\u00a0s\u00fcsteemist.<br \/>\n<strong>Toode on:<\/strong> sulfaadivaba, parabeenivaba, gluteenivaba, vegan, ei\u00a0sisalda p\u00e4hkli allergeene, on juuksev\u00e4rvi kaitsva toimega.<\/p>\n<p><strong>Ingredients:<br \/>\n<\/strong>Water, Sodium Lauroyl Methyl Isethionate, Cocamidopropyl Hydroxysultaine, Potassium Cocoyl Glycinate, Disodium Cocoyl Glutamate, Potassium Cocoate, Sodium Lauroyl Sarcosinate, Glycereth-26, Decyl Glucoside, Fragrance, Phenoxyethanol, Cocamidopropylamine Oxide, Sodium Cocoyl Glutamate, Glycol Distearate, Disodium Laureth Sulfosuccinate, Methyl Gluceth-20, Acrylates Copolymer, PEG-120 Methyl Glucose Dioleate, Amodimethicone, Polyquaternium-10, Citric Acid, Ethylhexylglycerin, Sodium Lauryl Sulfoacetate, Divinyldimethicone\/Dimethicone Copolymer, Chlorphenesin, Polyquaternium-11, Guar Hydroxypropyltrimonium Chloride, C11-15 Pareth-7, Trisodium Ethylenediamine Disuccinate, Laureth-9, Glycerin, Trideceth-12, Panthenol, Hydrolyzed Vegetable Protein PG-Propyl Silanetriol, C12-13 Pareth-3, C12-13 Pareth-23, Helianthus Annuus (Sunflower) Seed Oil, Tocopherol, Pseudozyma Epicola\/Camellia Sinensis Seed Oil Ferment Extract Filtrate, Pseudozyma Epicola\/Argania Spinosa Kernel Oil, Ferment Filtrate, Prunus Armeniaca (Apricot) Kernel Oil, Quaternium-95, Propanediol, Helianthus Annuus (Sunflower) Seed Extract, PEG-8, Bis-Aminopropyl Diglycol Dimaleate, Euterpe Oleracea Fruit Extract, Rosmarinus Officinalis (Rosemary) Leaf Extract, Punica Granatum Extract, Origanum Vulgare Leaf Extract, Musa Sapientum (Banana) Fruit Extract, Morinda Citrifolia Fruit Extract, Sodium Hyaluronate, PEG-8\/Smdi Copolymer, Arctium Lappa Root Extract, Sodium Polyacrylate, Palmitoyl Myristyl Serinate, Citral, Hexyl Cinnamal, Limonene, Biotin, Pentaerythrityl Tetra-Di-T-Butyl Hydroxyhydrocinnamate.<strong><br \/>\n<\/strong><\/p>","protected":false},"excerpt":{"rendered":"<p>Salongist inspireeritud taastav \u0161ampoon, mis sisaldab patenteeritud Bond\u2011Building molekuli (Bis\u2011aminopropyl diglycol dimaleate). See tugevdab ja parandab juukseid seestpoolt, taastades disulfiidsidemed ja s\u00e4ilitades niiskustasakaalu, lisades l\u00e4iget ja muutes juuksed hoolitsetuks ja kergesti k\u00e4sitletavaks.<\/p>\n<p>\u0160ampoon on sulfaadivaba, sobib igap\u00e4evaseks kasutamiseks ning kaitseb juuksev\u00e4rvi, v\u00e4hendades juuste murdumist ja s\u00e4ilitades tervet juustestruktuuri.<\/p>\n<p>(<em>liitrihind: 120,00\u202f\u20ac \/ l<\/em>)<\/p>","protected":false},"featured_media":2355,"comment_status":"open","ping_status":"closed","template":"","meta":{"site-sidebar-layout":"default","site-content-layout":"","ast-site-content-layout":"default","site-content-style":"default","site-sidebar-style":"default","ast-global-header-display":"","ast-banner-title-visibility":"","ast-main-header-display":"","ast-hfb-above-header-display":"","ast-hfb-below-header-display":"","ast-hfb-mobile-header-display":"","site-post-title":"","ast-breadcrumbs-content":"","ast-featured-img":"","footer-sml-layout":"","ast-disable-related-posts":"","theme-transparent-header-meta":"default","adv-header-id-meta":"","stick-header-meta":"","header-above-stick-meta":"","header-main-stick-meta":"","header-below-stick-meta":"","astra-migrate-meta-layouts":"set","ast-page-background-enabled":"default","ast-page-background-meta":{"desktop":{"background-color":"var(--ast-global-color-4)","background-image":"","background-repeat":"repeat","background-position":"center center","background-size":"auto","background-attachment":"scroll","background-type":"","background-media":"","overlay-type":"","overlay-color":"","overlay-opacity":"","overlay-gradient":""},"tablet":{"background-color":"","background-image":"","background-repeat":"repeat","background-position":"center center","background-size":"auto","background-attachment":"scroll","background-type":"","background-media":"","overlay-type":"","overlay-color":"","overlay-opacity":"","overlay-gradient":""},"mobile":{"background-color":"","background-image":"","background-repeat":"repeat","background-position":"center center","background-size":"auto","background-attachment":"scroll","background-type":"","background-media":"","overlay-type":"","overlay-color":"","overlay-opacity":"","overlay-gradient":""}},"ast-content-background-meta":{"desktop":{"background-color":"var(--ast-global-color-5)","background-image":"","background-repeat":"repeat","background-position":"center center","background-size":"auto","background-attachment":"scroll","background-type":"","background-media":"","overlay-type":"","overlay-color":"","overlay-opacity":"","overlay-gradient":""},"tablet":{"background-color":"var(--ast-global-color-5)","background-image":"","background-repeat":"repeat","background-position":"center center","background-size":"auto","background-attachment":"scroll","background-type":"","background-media":"","overlay-type":"","overlay-color":"","overlay-opacity":"","overlay-gradient":""},"mobile":{"background-color":"var(--ast-global-color-5)","background-image":"","background-repeat":"repeat","background-position":"center center","background-size":"auto","background-attachment":"scroll","background-type":"","background-media":"","overlay-type":"","overlay-color":"","overlay-opacity":"","overlay-gradient":""}}},"product_brand":[],"product_cat":[20],"product_tag":[240,243,142,75,82,244],"giftcard-category":[],"class_list":{"0":"post-1113","1":"product","2":"type-product","3":"status-publish","4":"has-post-thumbnail","6":"product_cat-juuksehooldustooted-sampoon-palsam-mask","7":"product_tag-hooldustoode","8":"product_tag-kerge","9":"product_tag-niisutav","10":"product_tag-olaplex","11":"product_tag-sampoon","12":"product_tag-taastav","13":"desktop-align-center","14":"tablet-align-left","15":"mobile-align-left","17":"first","18":"instock","19":"taxable","20":"shipping-taxable","21":"purchasable","22":"product-type-simple"},"yoast_head":"<!-- This site is optimized with the Yoast SEO plugin v27.4 - https:\/\/yoast.com\/product\/yoast-seo-wordpress\/ -->\n<title>Olaplex No. 4 \u0160ampoon 250ml - She Beauty Studio<\/title>\n<meta name=\"robots\" content=\"index, follow, max-snippet:-1, max-image-preview:large, max-video-preview:-1\" \/>\n<link rel=\"canonical\" href=\"https:\/\/shebeauty.ee\/en\/product\/oleplex-no-4-sampoon\/\" \/>\n<meta property=\"og:locale\" content=\"en_US\" \/>\n<meta property=\"og:type\" content=\"article\" \/>\n<meta property=\"og:title\" content=\"Olaplex No. 4 \u0160ampoon 250ml - She Beauty Studio\" \/>\n<meta property=\"og:description\" content=\"Salongist inspireeritud taastav \u0161ampoon, mis sisaldab patenteeritud Bond\u2011Building molekuli (Bis\u2011aminopropyl diglycol dimaleate). See tugevdab ja parandab juukseid seestpoolt, taastades disulfiidsidemed ja s\u00e4ilitades niiskustasakaalu, lisades l\u00e4iget ja muutes juuksed hoolitsetuks ja kergesti k\u00e4sitletavaks.  \u0160ampoon on sulfaadivaba, sobib igap\u00e4evaseks kasutamiseks ning kaitseb juuksev\u00e4rvi, v\u00e4hendades juuste murdumist ja s\u00e4ilitades tervet juustestruktuuri.  (liitrihind: 120,00\u202f\u20ac \/ l)\" \/>\n<meta property=\"og:url\" content=\"https:\/\/shebeauty.ee\/en\/product\/oleplex-no-4-sampoon\/\" \/>\n<meta property=\"og:site_name\" content=\"She Beauty Studio\" \/>\n<meta property=\"article:modified_time\" content=\"2025-08-15T19:16:46+00:00\" \/>\n<meta property=\"og:image\" content=\"https:\/\/shebeauty.ee\/wp-content\/uploads\/2019\/01\/OPLX-NO-4.jpg\" \/>\n\t<meta property=\"og:image:width\" content=\"700\" \/>\n\t<meta property=\"og:image:height\" content=\"700\" \/>\n\t<meta property=\"og:image:type\" content=\"image\/jpeg\" \/>\n<meta name=\"twitter:card\" content=\"summary_large_image\" \/>\n<meta name=\"twitter:label1\" content=\"Est. reading time\" \/>\n\t<meta name=\"twitter:data1\" content=\"2 minutes\" \/>\n<script type=\"application\/ld+json\" class=\"yoast-schema-graph\">{\"@context\":\"https:\\\/\\\/schema.org\",\"@graph\":[{\"@type\":\"WebPage\",\"@id\":\"https:\\\/\\\/shebeauty.ee\\\/toode\\\/oleplex-no-4-sampoon\\\/\",\"url\":\"https:\\\/\\\/shebeauty.ee\\\/toode\\\/oleplex-no-4-sampoon\\\/\",\"name\":\"Olaplex No. 4 \u0160ampoon 250ml - She Beauty Studio\",\"isPartOf\":{\"@id\":\"https:\\\/\\\/shebeauty.ee\\\/#website\"},\"primaryImageOfPage\":{\"@id\":\"https:\\\/\\\/shebeauty.ee\\\/toode\\\/oleplex-no-4-sampoon\\\/#primaryimage\"},\"image\":{\"@id\":\"https:\\\/\\\/shebeauty.ee\\\/toode\\\/oleplex-no-4-sampoon\\\/#primaryimage\"},\"thumbnailUrl\":\"https:\\\/\\\/shebeauty.ee\\\/wp-content\\\/uploads\\\/2019\\\/01\\\/OPLX-NO-4.jpg\",\"datePublished\":\"2019-01-14T22:01:18+00:00\",\"dateModified\":\"2025-08-15T19:16:46+00:00\",\"breadcrumb\":{\"@id\":\"https:\\\/\\\/shebeauty.ee\\\/toode\\\/oleplex-no-4-sampoon\\\/#breadcrumb\"},\"inLanguage\":\"en-US\",\"potentialAction\":[{\"@type\":\"ReadAction\",\"target\":[\"https:\\\/\\\/shebeauty.ee\\\/toode\\\/oleplex-no-4-sampoon\\\/\"]}]},{\"@type\":\"ImageObject\",\"inLanguage\":\"en-US\",\"@id\":\"https:\\\/\\\/shebeauty.ee\\\/toode\\\/oleplex-no-4-sampoon\\\/#primaryimage\",\"url\":\"https:\\\/\\\/shebeauty.ee\\\/wp-content\\\/uploads\\\/2019\\\/01\\\/OPLX-NO-4.jpg\",\"contentUrl\":\"https:\\\/\\\/shebeauty.ee\\\/wp-content\\\/uploads\\\/2019\\\/01\\\/OPLX-NO-4.jpg\",\"width\":700,\"height\":700},{\"@type\":\"BreadcrumbList\",\"@id\":\"https:\\\/\\\/shebeauty.ee\\\/toode\\\/oleplex-no-4-sampoon\\\/#breadcrumb\",\"itemListElement\":[{\"@type\":\"ListItem\",\"position\":1,\"name\":\"Home\",\"item\":\"https:\\\/\\\/shebeauty.ee\\\/\"},{\"@type\":\"ListItem\",\"position\":2,\"name\":\"Pood\",\"item\":\"https:\\\/\\\/shebeauty.ee\\\/e-pood\\\/\"},{\"@type\":\"ListItem\",\"position\":3,\"name\":\"Olaplex No. 4 \u0160ampoon 250ml\"}]},{\"@type\":\"WebSite\",\"@id\":\"https:\\\/\\\/shebeauty.ee\\\/#website\",\"url\":\"https:\\\/\\\/shebeauty.ee\\\/\",\"name\":\"She Beauty Studio\",\"description\":\"Juuksestuudio\",\"publisher\":{\"@id\":\"https:\\\/\\\/shebeauty.ee\\\/#organization\"},\"potentialAction\":[{\"@type\":\"SearchAction\",\"target\":{\"@type\":\"EntryPoint\",\"urlTemplate\":\"https:\\\/\\\/shebeauty.ee\\\/?s={search_term_string}\"},\"query-input\":{\"@type\":\"PropertyValueSpecification\",\"valueRequired\":true,\"valueName\":\"search_term_string\"}}],\"inLanguage\":\"en-US\"},{\"@type\":\"Organization\",\"@id\":\"https:\\\/\\\/shebeauty.ee\\\/#organization\",\"name\":\"She Beauty O\u00dc\",\"url\":\"https:\\\/\\\/shebeauty.ee\\\/\",\"logo\":{\"@type\":\"ImageObject\",\"inLanguage\":\"en-US\",\"@id\":\"https:\\\/\\\/shebeauty.ee\\\/#\\\/schema\\\/logo\\\/image\\\/\",\"url\":\"https:\\\/\\\/shebeauty.ee\\\/wp-content\\\/uploads\\\/2023\\\/10\\\/IMG_0585.jpg\",\"contentUrl\":\"https:\\\/\\\/shebeauty.ee\\\/wp-content\\\/uploads\\\/2023\\\/10\\\/IMG_0585.jpg\",\"width\":1284,\"height\":1300,\"caption\":\"She Beauty O\u00dc\"},\"image\":{\"@id\":\"https:\\\/\\\/shebeauty.ee\\\/#\\\/schema\\\/logo\\\/image\\\/\"}}]}<\/script>\n<!-- \/ Yoast SEO plugin. -->","yoast_head_json":{"title":"Olaplex No. 4 \u0160ampoon 250ml - She Beauty Studio","robots":{"index":"index","follow":"follow","max-snippet":"max-snippet:-1","max-image-preview":"max-image-preview:large","max-video-preview":"max-video-preview:-1"},"canonical":"https:\/\/shebeauty.ee\/en\/product\/oleplex-no-4-sampoon\/","og_locale":"en_US","og_type":"article","og_title":"Olaplex No. 4 \u0160ampoon 250ml - She Beauty Studio","og_description":"Salongist inspireeritud taastav \u0161ampoon, mis sisaldab patenteeritud Bond\u2011Building molekuli (Bis\u2011aminopropyl diglycol dimaleate). See tugevdab ja parandab juukseid seestpoolt, taastades disulfiidsidemed ja s\u00e4ilitades niiskustasakaalu, lisades l\u00e4iget ja muutes juuksed hoolitsetuks ja kergesti k\u00e4sitletavaks.  \u0160ampoon on sulfaadivaba, sobib igap\u00e4evaseks kasutamiseks ning kaitseb juuksev\u00e4rvi, v\u00e4hendades juuste murdumist ja s\u00e4ilitades tervet juustestruktuuri.  (liitrihind: 120,00\u202f\u20ac \/ l)","og_url":"https:\/\/shebeauty.ee\/en\/product\/oleplex-no-4-sampoon\/","og_site_name":"She Beauty Studio","article_modified_time":"2025-08-15T19:16:46+00:00","og_image":[{"width":700,"height":700,"url":"https:\/\/shebeauty.ee\/wp-content\/uploads\/2019\/01\/OPLX-NO-4.jpg","type":"image\/jpeg"}],"twitter_card":"summary_large_image","twitter_misc":{"Est. reading time":"2 minutes"},"schema":{"@context":"https:\/\/schema.org","@graph":[{"@type":"WebPage","@id":"https:\/\/shebeauty.ee\/toode\/oleplex-no-4-sampoon\/","url":"https:\/\/shebeauty.ee\/toode\/oleplex-no-4-sampoon\/","name":"Olaplex No. 4 \u0160ampoon 250ml - She Beauty Studio","isPartOf":{"@id":"https:\/\/shebeauty.ee\/#website"},"primaryImageOfPage":{"@id":"https:\/\/shebeauty.ee\/toode\/oleplex-no-4-sampoon\/#primaryimage"},"image":{"@id":"https:\/\/shebeauty.ee\/toode\/oleplex-no-4-sampoon\/#primaryimage"},"thumbnailUrl":"https:\/\/shebeauty.ee\/wp-content\/uploads\/2019\/01\/OPLX-NO-4.jpg","datePublished":"2019-01-14T22:01:18+00:00","dateModified":"2025-08-15T19:16:46+00:00","breadcrumb":{"@id":"https:\/\/shebeauty.ee\/toode\/oleplex-no-4-sampoon\/#breadcrumb"},"inLanguage":"en-US","potentialAction":[{"@type":"ReadAction","target":["https:\/\/shebeauty.ee\/toode\/oleplex-no-4-sampoon\/"]}]},{"@type":"ImageObject","inLanguage":"en-US","@id":"https:\/\/shebeauty.ee\/toode\/oleplex-no-4-sampoon\/#primaryimage","url":"https:\/\/shebeauty.ee\/wp-content\/uploads\/2019\/01\/OPLX-NO-4.jpg","contentUrl":"https:\/\/shebeauty.ee\/wp-content\/uploads\/2019\/01\/OPLX-NO-4.jpg","width":700,"height":700},{"@type":"BreadcrumbList","@id":"https:\/\/shebeauty.ee\/toode\/oleplex-no-4-sampoon\/#breadcrumb","itemListElement":[{"@type":"ListItem","position":1,"name":"Home","item":"https:\/\/shebeauty.ee\/"},{"@type":"ListItem","position":2,"name":"Pood","item":"https:\/\/shebeauty.ee\/e-pood\/"},{"@type":"ListItem","position":3,"name":"Olaplex No. 4 \u0160ampoon 250ml"}]},{"@type":"WebSite","@id":"https:\/\/shebeauty.ee\/#website","url":"https:\/\/shebeauty.ee\/","name":"She Beauty Studio","description":"Juuksestuudio","publisher":{"@id":"https:\/\/shebeauty.ee\/#organization"},"potentialAction":[{"@type":"SearchAction","target":{"@type":"EntryPoint","urlTemplate":"https:\/\/shebeauty.ee\/?s={search_term_string}"},"query-input":{"@type":"PropertyValueSpecification","valueRequired":true,"valueName":"search_term_string"}}],"inLanguage":"en-US"},{"@type":"Organization","@id":"https:\/\/shebeauty.ee\/#organization","name":"She Beauty O\u00dc","url":"https:\/\/shebeauty.ee\/","logo":{"@type":"ImageObject","inLanguage":"en-US","@id":"https:\/\/shebeauty.ee\/#\/schema\/logo\/image\/","url":"https:\/\/shebeauty.ee\/wp-content\/uploads\/2023\/10\/IMG_0585.jpg","contentUrl":"https:\/\/shebeauty.ee\/wp-content\/uploads\/2023\/10\/IMG_0585.jpg","width":1284,"height":1300,"caption":"She Beauty O\u00dc"},"image":{"@id":"https:\/\/shebeauty.ee\/#\/schema\/logo\/image\/"}}]}},"_links":{"self":[{"href":"https:\/\/shebeauty.ee\/en\/wp-json\/wp\/v2\/product\/1113","targetHints":{"allow":["GET"]}}],"collection":[{"href":"https:\/\/shebeauty.ee\/en\/wp-json\/wp\/v2\/product"}],"about":[{"href":"https:\/\/shebeauty.ee\/en\/wp-json\/wp\/v2\/types\/product"}],"replies":[{"embeddable":true,"href":"https:\/\/shebeauty.ee\/en\/wp-json\/wp\/v2\/comments?post=1113"}],"wp:featuredmedia":[{"embeddable":true,"href":"https:\/\/shebeauty.ee\/en\/wp-json\/wp\/v2\/media\/2355"}],"wp:attachment":[{"href":"https:\/\/shebeauty.ee\/en\/wp-json\/wp\/v2\/media?parent=1113"}],"wp:term":[{"taxonomy":"product_brand","embeddable":true,"href":"https:\/\/shebeauty.ee\/en\/wp-json\/wp\/v2\/product_brand?post=1113"},{"taxonomy":"product_cat","embeddable":true,"href":"https:\/\/shebeauty.ee\/en\/wp-json\/wp\/v2\/product_cat?post=1113"},{"taxonomy":"product_tag","embeddable":true,"href":"https:\/\/shebeauty.ee\/en\/wp-json\/wp\/v2\/product_tag?post=1113"},{"taxonomy":"giftcard-category","embeddable":true,"href":"https:\/\/shebeauty.ee\/en\/wp-json\/wp\/v2\/giftcard-category?post=1113"}],"curies":[{"name":"wp","href":"https:\/\/api.w.org\/{rel}","templated":true}]}}