{"id":1111,"date":"2019-01-14T23:58:44","date_gmt":"2019-01-14T21:58:44","guid":{"rendered":"https:\/\/shebeauty.ee\/?post_type=product&#038;p=1111"},"modified":"2025-11-16T21:02:11","modified_gmt":"2025-11-16T19:02:11","slug":"olaplex-no-3-koduhooldus","status":"publish","type":"product","link":"https:\/\/shebeauty.ee\/en\/product\/olaplex-no-3-koduhooldus\/","title":{"rendered":"Olaplex No. 3 Koduhooldus 100ml"},"content":{"rendered":"<p>Olaplex on esimene rahvusvaheliselt tunnustatud professionaalne juuksehooldustoode, mis v\u00f5imaldab kaitsta juukseid erinevatel keemilistel protseduuridel tekkivate kahjustuste eest.<\/p>\n<p>Sisaldades patenteeritud toimeainet, mille leiutajateks on Dr. Eric Pressly ja Dr. Craig Hawker, aitab Olaplex taastada ja luua termilise, mehaanilise ja keemilise t\u00f6\u00f6tlemise k\u00e4igus katkeda v\u00f5ivaid soola\u2013 ja disulfiidv\u00e4\u00e4vlisidemeid juukse s\u00fcdames e. korteksis. Lisaks t\u00f5husale juukse seespidisele taastavale ja kaitsvale toimele omab toode ka kohest hooldavat ja tugevdavat toimet juukse v\u00e4liskihil e. soomuskihil ning pikendab v\u00e4rvi p\u00fcsivust.<\/p>\n<p>Olaplex on erakordne abivahend v\u00e4ltimaks juuste kahjustusi keemilise t\u00f6\u00f6tlemise ajal ning \u00e4\u00e4rmiselt t\u00f5hus eraldiseisva taastava ja tugevdava hooldusprotseduurina juba rikutud juustele.<\/p>\n<p><strong>Ingredients:<br \/>\n<\/strong>Water (Aqua\/Eau), Bis-Aminopropyl Diglycol Dimaleate, Propylene Glycol, Cetearyl Alcohol, Behentrimonium Methosulfate, Cetyl Alcohol, Phenoxyethanol, Glycerin, Hydroxyethyl Ethylcellulose, Stearamidopropyl Dimethylamine, Quaternium-91, Sodium Benzoate, Cetrimonium Methosulfate, Cetrimonium Chloride, Fragrance (Parfum), Tetrasodium EDTA, Polyquaternium-37, Benzyl Benzoate, Etidronic Acid, Ascorbic Acid, Phytantriol, Tocopheryl Acetate, Aloe Barbadensis Leaf Juice, Panthenol, Simmondsia Chinensis (Jojoba) Seed Oil, Citric Acid, Potassium Sorbate<\/p>","protected":false},"excerpt":{"rendered":"<p><strong>Olaplex No. 3 Hair Perfector<\/strong> on kodune juuksehooldustoode, mis taastab ja tugevdab kahjustatud juukseid s\u00fcgavuti.<br \/>\nV\u00e4hendab murdumist ja parandab juuste struktuuri, j\u00e4ttes need m\u00e4rgatavalt siledamaks ja tervemaks.<br \/>\nParima tulemuse saavutamiseks kasuta enne pesu 1\u20132 korda n\u00e4dalas.<br \/>\n<strong>Sobib k\u00f5ikidele juukset\u00fc\u00fcpidele.<\/strong><\/p>\n<p><em>Liitrihind: 300,00\u202f\u20ac \/ l<\/em><\/p>","protected":false},"featured_media":2331,"comment_status":"open","ping_status":"closed","template":"","meta":{"site-sidebar-layout":"default","site-content-layout":"","ast-site-content-layout":"default","site-content-style":"default","site-sidebar-style":"default","ast-global-header-display":"","ast-banner-title-visibility":"","ast-main-header-display":"","ast-hfb-above-header-display":"","ast-hfb-below-header-display":"","ast-hfb-mobile-header-display":"","site-post-title":"","ast-breadcrumbs-content":"","ast-featured-img":"","footer-sml-layout":"","ast-disable-related-posts":"","theme-transparent-header-meta":"default","adv-header-id-meta":"","stick-header-meta":"","header-above-stick-meta":"","header-main-stick-meta":"","header-below-stick-meta":"","astra-migrate-meta-layouts":"set","ast-page-background-enabled":"default","ast-page-background-meta":{"desktop":{"background-color":"var(--ast-global-color-4)","background-image":"","background-repeat":"repeat","background-position":"center center","background-size":"auto","background-attachment":"scroll","background-type":"","background-media":"","overlay-type":"","overlay-color":"","overlay-opacity":"","overlay-gradient":""},"tablet":{"background-color":"","background-image":"","background-repeat":"repeat","background-position":"center center","background-size":"auto","background-attachment":"scroll","background-type":"","background-media":"","overlay-type":"","overlay-color":"","overlay-opacity":"","overlay-gradient":""},"mobile":{"background-color":"","background-image":"","background-repeat":"repeat","background-position":"center center","background-size":"auto","background-attachment":"scroll","background-type":"","background-media":"","overlay-type":"","overlay-color":"","overlay-opacity":"","overlay-gradient":""}},"ast-content-background-meta":{"desktop":{"background-color":"var(--ast-global-color-5)","background-image":"","background-repeat":"repeat","background-position":"center center","background-size":"auto","background-attachment":"scroll","background-type":"","background-media":"","overlay-type":"","overlay-color":"","overlay-opacity":"","overlay-gradient":""},"tablet":{"background-color":"var(--ast-global-color-5)","background-image":"","background-repeat":"repeat","background-position":"center center","background-size":"auto","background-attachment":"scroll","background-type":"","background-media":"","overlay-type":"","overlay-color":"","overlay-opacity":"","overlay-gradient":""},"mobile":{"background-color":"var(--ast-global-color-5)","background-image":"","background-repeat":"repeat","background-position":"center center","background-size":"auto","background-attachment":"scroll","background-type":"","background-media":"","overlay-type":"","overlay-color":"","overlay-opacity":"","overlay-gradient":""}}},"product_brand":[],"product_cat":[20],"product_tag":[151,241,75,244],"giftcard-category":[],"class_list":{"0":"post-1111","1":"product","2":"type-product","3":"status-publish","4":"has-post-thumbnail","6":"product_cat-juuksehooldustooted-sampoon-palsam-mask","7":"product_tag-intensiivselt-niisutav","8":"product_tag-kodune-hooldus","9":"product_tag-olaplex","10":"product_tag-taastav","11":"desktop-align-center","12":"tablet-align-left","13":"mobile-align-left","15":"first","16":"instock","17":"taxable","18":"shipping-taxable","19":"purchasable","20":"product-type-simple"},"yoast_head":"<!-- This site is optimized with the Yoast SEO plugin v27.4 - https:\/\/yoast.com\/product\/yoast-seo-wordpress\/ -->\n<title>Olaplex No. 3 Koduhooldus 100ml - She Beauty Studio<\/title>\n<meta name=\"description\" content=\"Olaplex No. 3 Hair Perfector on kodune juuksehooldustoode, mis taastab ja tugevdab kahjustatud juukseid s\u00fcgavuti - neid taaselustades.\" \/>\n<meta name=\"robots\" content=\"index, follow, max-snippet:-1, max-image-preview:large, max-video-preview:-1\" \/>\n<link rel=\"canonical\" href=\"https:\/\/shebeauty.ee\/en\/product\/olaplex-no-3-koduhooldus\/\" \/>\n<meta property=\"og:locale\" content=\"en_US\" \/>\n<meta property=\"og:type\" content=\"article\" \/>\n<meta property=\"og:title\" content=\"Olaplex No. 3 Koduhooldus 100ml - She Beauty Studio\" \/>\n<meta property=\"og:description\" content=\"Olaplex No. 3 Hair Perfector on kodune juuksehooldustoode, mis taastab ja tugevdab kahjustatud juukseid s\u00fcgavuti - neid taaselustades.\" \/>\n<meta property=\"og:url\" content=\"https:\/\/shebeauty.ee\/en\/product\/olaplex-no-3-koduhooldus\/\" \/>\n<meta property=\"og:site_name\" content=\"She Beauty Studio\" \/>\n<meta property=\"article:modified_time\" content=\"2025-11-16T19:02:11+00:00\" \/>\n<meta property=\"og:image\" content=\"https:\/\/shebeauty.ee\/wp-content\/uploads\/2019\/01\/OPLEX-NO-.jpg\" \/>\n\t<meta property=\"og:image:width\" content=\"700\" \/>\n\t<meta property=\"og:image:height\" content=\"700\" \/>\n\t<meta property=\"og:image:type\" content=\"image\/jpeg\" \/>\n<meta name=\"twitter:card\" content=\"summary_large_image\" \/>\n<meta name=\"twitter:label1\" content=\"Est. reading time\" \/>\n\t<meta name=\"twitter:data1\" content=\"2 minutes\" \/>\n<script type=\"application\/ld+json\" class=\"yoast-schema-graph\">{\"@context\":\"https:\\\/\\\/schema.org\",\"@graph\":[{\"@type\":\"WebPage\",\"@id\":\"https:\\\/\\\/shebeauty.ee\\\/toode\\\/olaplex-no-3-koduhooldus\\\/\",\"url\":\"https:\\\/\\\/shebeauty.ee\\\/toode\\\/olaplex-no-3-koduhooldus\\\/\",\"name\":\"Olaplex No. 3 Koduhooldus 100ml - She Beauty Studio\",\"isPartOf\":{\"@id\":\"https:\\\/\\\/shebeauty.ee\\\/#website\"},\"primaryImageOfPage\":{\"@id\":\"https:\\\/\\\/shebeauty.ee\\\/toode\\\/olaplex-no-3-koduhooldus\\\/#primaryimage\"},\"image\":{\"@id\":\"https:\\\/\\\/shebeauty.ee\\\/toode\\\/olaplex-no-3-koduhooldus\\\/#primaryimage\"},\"thumbnailUrl\":\"https:\\\/\\\/shebeauty.ee\\\/wp-content\\\/uploads\\\/2019\\\/01\\\/OPLEX-NO-.jpg\",\"datePublished\":\"2019-01-14T21:58:44+00:00\",\"dateModified\":\"2025-11-16T19:02:11+00:00\",\"description\":\"Olaplex No. 3 Hair Perfector on kodune juuksehooldustoode, mis taastab ja tugevdab kahjustatud juukseid s\u00fcgavuti - neid taaselustades.\",\"breadcrumb\":{\"@id\":\"https:\\\/\\\/shebeauty.ee\\\/toode\\\/olaplex-no-3-koduhooldus\\\/#breadcrumb\"},\"inLanguage\":\"en-US\",\"potentialAction\":[{\"@type\":\"ReadAction\",\"target\":[\"https:\\\/\\\/shebeauty.ee\\\/toode\\\/olaplex-no-3-koduhooldus\\\/\"]}]},{\"@type\":\"ImageObject\",\"inLanguage\":\"en-US\",\"@id\":\"https:\\\/\\\/shebeauty.ee\\\/toode\\\/olaplex-no-3-koduhooldus\\\/#primaryimage\",\"url\":\"https:\\\/\\\/shebeauty.ee\\\/wp-content\\\/uploads\\\/2019\\\/01\\\/OPLEX-NO-.jpg\",\"contentUrl\":\"https:\\\/\\\/shebeauty.ee\\\/wp-content\\\/uploads\\\/2019\\\/01\\\/OPLEX-NO-.jpg\",\"width\":700,\"height\":700},{\"@type\":\"BreadcrumbList\",\"@id\":\"https:\\\/\\\/shebeauty.ee\\\/toode\\\/olaplex-no-3-koduhooldus\\\/#breadcrumb\",\"itemListElement\":[{\"@type\":\"ListItem\",\"position\":1,\"name\":\"Home\",\"item\":\"https:\\\/\\\/shebeauty.ee\\\/\"},{\"@type\":\"ListItem\",\"position\":2,\"name\":\"Pood\",\"item\":\"https:\\\/\\\/shebeauty.ee\\\/e-pood\\\/\"},{\"@type\":\"ListItem\",\"position\":3,\"name\":\"Olaplex No. 3 Koduhooldus 100ml\"}]},{\"@type\":\"WebSite\",\"@id\":\"https:\\\/\\\/shebeauty.ee\\\/#website\",\"url\":\"https:\\\/\\\/shebeauty.ee\\\/\",\"name\":\"She Beauty Studio\",\"description\":\"Juuksestuudio\",\"publisher\":{\"@id\":\"https:\\\/\\\/shebeauty.ee\\\/#organization\"},\"potentialAction\":[{\"@type\":\"SearchAction\",\"target\":{\"@type\":\"EntryPoint\",\"urlTemplate\":\"https:\\\/\\\/shebeauty.ee\\\/?s={search_term_string}\"},\"query-input\":{\"@type\":\"PropertyValueSpecification\",\"valueRequired\":true,\"valueName\":\"search_term_string\"}}],\"inLanguage\":\"en-US\"},{\"@type\":\"Organization\",\"@id\":\"https:\\\/\\\/shebeauty.ee\\\/#organization\",\"name\":\"She Beauty O\u00dc\",\"url\":\"https:\\\/\\\/shebeauty.ee\\\/\",\"logo\":{\"@type\":\"ImageObject\",\"inLanguage\":\"en-US\",\"@id\":\"https:\\\/\\\/shebeauty.ee\\\/#\\\/schema\\\/logo\\\/image\\\/\",\"url\":\"https:\\\/\\\/shebeauty.ee\\\/wp-content\\\/uploads\\\/2023\\\/10\\\/IMG_0585.jpg\",\"contentUrl\":\"https:\\\/\\\/shebeauty.ee\\\/wp-content\\\/uploads\\\/2023\\\/10\\\/IMG_0585.jpg\",\"width\":1284,\"height\":1300,\"caption\":\"She Beauty O\u00dc\"},\"image\":{\"@id\":\"https:\\\/\\\/shebeauty.ee\\\/#\\\/schema\\\/logo\\\/image\\\/\"}}]}<\/script>\n<!-- \/ Yoast SEO plugin. -->","yoast_head_json":{"title":"Olaplex No. 3 Koduhooldus 100ml - She Beauty Studio","description":"Olaplex No. 3 Hair Perfector on kodune juuksehooldustoode, mis taastab ja tugevdab kahjustatud juukseid s\u00fcgavuti - neid taaselustades.","robots":{"index":"index","follow":"follow","max-snippet":"max-snippet:-1","max-image-preview":"max-image-preview:large","max-video-preview":"max-video-preview:-1"},"canonical":"https:\/\/shebeauty.ee\/en\/product\/olaplex-no-3-koduhooldus\/","og_locale":"en_US","og_type":"article","og_title":"Olaplex No. 3 Koduhooldus 100ml - She Beauty Studio","og_description":"Olaplex No. 3 Hair Perfector on kodune juuksehooldustoode, mis taastab ja tugevdab kahjustatud juukseid s\u00fcgavuti - neid taaselustades.","og_url":"https:\/\/shebeauty.ee\/en\/product\/olaplex-no-3-koduhooldus\/","og_site_name":"She Beauty Studio","article_modified_time":"2025-11-16T19:02:11+00:00","og_image":[{"width":700,"height":700,"url":"https:\/\/shebeauty.ee\/wp-content\/uploads\/2019\/01\/OPLEX-NO-.jpg","type":"image\/jpeg"}],"twitter_card":"summary_large_image","twitter_misc":{"Est. reading time":"2 minutes"},"schema":{"@context":"https:\/\/schema.org","@graph":[{"@type":"WebPage","@id":"https:\/\/shebeauty.ee\/toode\/olaplex-no-3-koduhooldus\/","url":"https:\/\/shebeauty.ee\/toode\/olaplex-no-3-koduhooldus\/","name":"Olaplex No. 3 Koduhooldus 100ml - She Beauty Studio","isPartOf":{"@id":"https:\/\/shebeauty.ee\/#website"},"primaryImageOfPage":{"@id":"https:\/\/shebeauty.ee\/toode\/olaplex-no-3-koduhooldus\/#primaryimage"},"image":{"@id":"https:\/\/shebeauty.ee\/toode\/olaplex-no-3-koduhooldus\/#primaryimage"},"thumbnailUrl":"https:\/\/shebeauty.ee\/wp-content\/uploads\/2019\/01\/OPLEX-NO-.jpg","datePublished":"2019-01-14T21:58:44+00:00","dateModified":"2025-11-16T19:02:11+00:00","description":"Olaplex No. 3 Hair Perfector on kodune juuksehooldustoode, mis taastab ja tugevdab kahjustatud juukseid s\u00fcgavuti - neid taaselustades.","breadcrumb":{"@id":"https:\/\/shebeauty.ee\/toode\/olaplex-no-3-koduhooldus\/#breadcrumb"},"inLanguage":"en-US","potentialAction":[{"@type":"ReadAction","target":["https:\/\/shebeauty.ee\/toode\/olaplex-no-3-koduhooldus\/"]}]},{"@type":"ImageObject","inLanguage":"en-US","@id":"https:\/\/shebeauty.ee\/toode\/olaplex-no-3-koduhooldus\/#primaryimage","url":"https:\/\/shebeauty.ee\/wp-content\/uploads\/2019\/01\/OPLEX-NO-.jpg","contentUrl":"https:\/\/shebeauty.ee\/wp-content\/uploads\/2019\/01\/OPLEX-NO-.jpg","width":700,"height":700},{"@type":"BreadcrumbList","@id":"https:\/\/shebeauty.ee\/toode\/olaplex-no-3-koduhooldus\/#breadcrumb","itemListElement":[{"@type":"ListItem","position":1,"name":"Home","item":"https:\/\/shebeauty.ee\/"},{"@type":"ListItem","position":2,"name":"Pood","item":"https:\/\/shebeauty.ee\/e-pood\/"},{"@type":"ListItem","position":3,"name":"Olaplex No. 3 Koduhooldus 100ml"}]},{"@type":"WebSite","@id":"https:\/\/shebeauty.ee\/#website","url":"https:\/\/shebeauty.ee\/","name":"She Beauty Studio","description":"Juuksestuudio","publisher":{"@id":"https:\/\/shebeauty.ee\/#organization"},"potentialAction":[{"@type":"SearchAction","target":{"@type":"EntryPoint","urlTemplate":"https:\/\/shebeauty.ee\/?s={search_term_string}"},"query-input":{"@type":"PropertyValueSpecification","valueRequired":true,"valueName":"search_term_string"}}],"inLanguage":"en-US"},{"@type":"Organization","@id":"https:\/\/shebeauty.ee\/#organization","name":"She Beauty O\u00dc","url":"https:\/\/shebeauty.ee\/","logo":{"@type":"ImageObject","inLanguage":"en-US","@id":"https:\/\/shebeauty.ee\/#\/schema\/logo\/image\/","url":"https:\/\/shebeauty.ee\/wp-content\/uploads\/2023\/10\/IMG_0585.jpg","contentUrl":"https:\/\/shebeauty.ee\/wp-content\/uploads\/2023\/10\/IMG_0585.jpg","width":1284,"height":1300,"caption":"She Beauty O\u00dc"},"image":{"@id":"https:\/\/shebeauty.ee\/#\/schema\/logo\/image\/"}}]}},"_links":{"self":[{"href":"https:\/\/shebeauty.ee\/en\/wp-json\/wp\/v2\/product\/1111","targetHints":{"allow":["GET"]}}],"collection":[{"href":"https:\/\/shebeauty.ee\/en\/wp-json\/wp\/v2\/product"}],"about":[{"href":"https:\/\/shebeauty.ee\/en\/wp-json\/wp\/v2\/types\/product"}],"replies":[{"embeddable":true,"href":"https:\/\/shebeauty.ee\/en\/wp-json\/wp\/v2\/comments?post=1111"}],"wp:featuredmedia":[{"embeddable":true,"href":"https:\/\/shebeauty.ee\/en\/wp-json\/wp\/v2\/media\/2331"}],"wp:attachment":[{"href":"https:\/\/shebeauty.ee\/en\/wp-json\/wp\/v2\/media?parent=1111"}],"wp:term":[{"taxonomy":"product_brand","embeddable":true,"href":"https:\/\/shebeauty.ee\/en\/wp-json\/wp\/v2\/product_brand?post=1111"},{"taxonomy":"product_cat","embeddable":true,"href":"https:\/\/shebeauty.ee\/en\/wp-json\/wp\/v2\/product_cat?post=1111"},{"taxonomy":"product_tag","embeddable":true,"href":"https:\/\/shebeauty.ee\/en\/wp-json\/wp\/v2\/product_tag?post=1111"},{"taxonomy":"giftcard-category","embeddable":true,"href":"https:\/\/shebeauty.ee\/en\/wp-json\/wp\/v2\/giftcard-category?post=1111"}],"curies":[{"name":"wp","href":"https:\/\/api.w.org\/{rel}","templated":true}]}}