{"id":980,"date":"2018-05-18T07:26:40","date_gmt":"2018-05-18T04:26:40","guid":{"rendered":"https:\/\/shebeauty.ee\/?page_id=980"},"modified":"2025-08-13T19:16:31","modified_gmt":"2025-08-13T16:16:31","slug":"privaatsuspoliitika","status":"publish","type":"page","link":"https:\/\/shebeauty.ee\/en\/privaatsuspoliitika\/","title":{"rendered":"Privacy Policy"},"content":{"rendered":"<div data-elementor-type=\"wp-post\" data-elementor-id=\"980\" class=\"elementor elementor-980\">\n\t\t\t\t\t\t<section class=\"elementor-section elementor-top-section elementor-element elementor-element-cba0fe2 elementor-section-boxed elementor-section-height-default elementor-section-height-default\" data-id=\"cba0fe2\" data-element_type=\"section\" data-e-type=\"section\">\n\t\t\t\t\t\t<div class=\"elementor-container elementor-column-gap-default\">\n\t\t\t\t\t<div class=\"elementor-column elementor-col-100 elementor-top-column elementor-element elementor-element-23d659f\" data-id=\"23d659f\" data-element_type=\"column\" data-e-type=\"column\">\n\t\t\t<div class=\"elementor-widget-wrap elementor-element-populated\">\n\t\t\t\t\t\t<div class=\"elementor-element elementor-element-ea46a7f elementor-widget elementor-widget-spacer\" data-id=\"ea46a7f\" data-element_type=\"widget\" data-e-type=\"widget\" data-widget_type=\"spacer.default\">\n\t\t\t\t<div class=\"elementor-widget-container\">\n\t\t\t\t\t\t\t<div class=\"elementor-spacer\">\n\t\t\t<div class=\"elementor-spacer-inner\"><\/div>\n\t\t<\/div>\n\t\t\t\t\t\t<\/div>\n\t\t\t\t<\/div>\n\t\t\t\t\t<\/div>\n\t\t<\/div>\n\t\t\t\t\t<\/div>\n\t\t<\/section>\n\t\t\t\t<section class=\"elementor-section elementor-top-section elementor-element elementor-element-67666b1 elementor-section-boxed elementor-section-height-default elementor-section-height-default\" data-id=\"67666b1\" data-element_type=\"section\" data-e-type=\"section\">\n\t\t\t\t\t\t<div class=\"elementor-container elementor-column-gap-default\">\n\t\t\t\t\t<div class=\"elementor-column elementor-col-50 elementor-top-column elementor-element elementor-element-4fd814ff\" data-id=\"4fd814ff\" data-element_type=\"column\" data-e-type=\"column\" data-settings=\"{&quot;background_background&quot;:&quot;classic&quot;}\">\n\t\t\t<div class=\"elementor-widget-wrap elementor-element-populated\">\n\t\t\t\t\t\t<div class=\"elementor-element elementor-element-0b2d441 elementor-widget elementor-widget-heading\" data-id=\"0b2d441\" data-element_type=\"widget\" data-e-type=\"widget\" data-widget_type=\"heading.default\">\n\t\t\t\t<div class=\"elementor-widget-container\">\n\t\t\t\t\t<h1 class=\"elementor-heading-title elementor-size-xl\">Privacy Policy<\/h1>\t\t\t\t<\/div>\n\t\t\t\t<\/div>\n\t\t\t\t<div class=\"elementor-element elementor-element-70af84b6 elementor-widget elementor-widget-text-editor\" data-id=\"70af84b6\" data-element_type=\"widget\" data-e-type=\"widget\" data-widget_type=\"text-editor.default\">\n\t\t\t\t<div class=\"elementor-widget-container\">\n\t\t\t\t\t\t\t\t\t<p data-start=\"220\" data-end=\"453\"><strong>Beauty Cosmetics O\u00dc<\/strong> (registrikood <strong>12720426<\/strong>) (edaspidi \u201emeie\u201c, \u201eettev\u00f5te\u201c) v\u00e4\u00e4rtustab teie privaatsust ning kohustub kaitsma teie isikuandmeid vastavalt Euroopa Liidu \u00fcldisele andmekaitsem\u00e4\u00e4rusele (GDPR) ja Eesti Vabariigi seadustele.<\/p><p data-start=\"455\" data-end=\"479\"><strong data-start=\"455\" data-end=\"479\">Vastutav t\u00f6\u00f6tleja<\/strong><\/p><p data-start=\"481\" data-end=\"638\">Beauty Cosmetics O\u00dc on teie isikuandmete vastutav t\u00f6\u00f6tleja. K\u00f5ik andmet\u00f6\u00f6tlusega seotud k\u00fcsimused v\u00f5i taotlused palume suunata aadressile: <a class=\"cursor-pointer\" rel=\"noopener\" data-start=\"620\" data-end=\"637\">info@shebeauty.ee<\/a>.<\/p><p data-start=\"640\" data-end=\"664\"><strong data-start=\"640\" data-end=\"664\">T\u00f6\u00f6tlemise alused<\/strong><\/p><p data-start=\"666\" data-end=\"728\">Teie isikuandmeid t\u00f6\u00f6deldakse j\u00e4rgmiste \u00f5igusp\u00f5hjade alusel:<\/p><ul data-start=\"729\" data-end=\"999\"><li data-start=\"729\" data-end=\"793\"><p data-start=\"731\" data-end=\"793\">lepingu t\u00e4itmine (nt tellimuse t\u00e4itmine, teenuse osutamine);<\/p><\/li><li data-start=\"794\" data-end=\"859\"><p data-start=\"796\" data-end=\"859\">teie n\u00f5usolek (n\u00e4iteks turundus- ja uudiskirjade saatmiseks);<\/p><\/li><li data-start=\"860\" data-end=\"934\"><p data-start=\"862\" data-end=\"934\">\u00f5igustatud huvi (nt meie veebilehe turundus- ja anal\u00fc\u00fctika eesm\u00e4rgil);<\/p><\/li><li data-start=\"935\" data-end=\"999\"><p data-start=\"937\" data-end=\"999\">seadusest tulenevate kohustuste t\u00e4itmine (nt raamatupidamine).<\/p><\/li><\/ul><p data-start=\"1001\" data-end=\"1043\"><strong data-start=\"1001\" data-end=\"1043\">Kogutavad andmed ja andmete allikad<\/strong><\/p><p data-start=\"1045\" data-end=\"1083\">Kogume ja t\u00f6\u00f6tleme j\u00e4rgmisi andmeid:<\/p><ul data-start=\"1084\" data-end=\"1292\"><li data-start=\"1084\" data-end=\"1135\"><p data-start=\"1086\" data-end=\"1135\">Kontaktandmed (nimi, aadress, e-post, telefon);<\/p><\/li><li data-start=\"1084\" data-end=\"1135\"><p data-start=\"1086\" data-end=\"1135\">Veebisaidi k\u00fcpsiste (cookies) kaudu kogutud andmed;<\/p><\/li><li data-start=\"1192\" data-end=\"1221\"><p data-start=\"1194\" data-end=\"1221\">Tellimuse- ja ostuandmed;<\/p><\/li><li data-start=\"1222\" data-end=\"1292\"><p data-start=\"1224\" data-end=\"1292\">Muud andmed, mille esitate meie kaudu (nt kontole registreerimisel).<\/p><\/li><\/ul><p data-start=\"1294\" data-end=\"1446\">Lisaks kogume anon\u00fc\u00fcmseid andmeid, mis ei v\u00f5imalda teid isiklikult tuvastada (nt sugu, vanus, keel, asukoht) ning veebilehe kasutusstatistika eesm\u00e4rgil.<\/p><p data-start=\"1448\" data-end=\"1473\"><strong data-start=\"1448\" data-end=\"1473\">Andmete kasutamine<\/strong><\/p><p data-start=\"1475\" data-end=\"1499\">Teie andmeid kasutame:<\/p><ul data-start=\"1500\" data-end=\"1724\"><li data-start=\"1500\" data-end=\"1550\"><p data-start=\"1502\" data-end=\"1550\">Tellimuste t\u00e4itmiseks ja teenuste osutamiseks;<\/p><\/li><li data-start=\"1551\" data-end=\"1640\"><p data-start=\"1553\" data-end=\"1640\">Teie teavitamiseks uuendustest, kampaaniatest ja s\u00fcndmustest (vastavalt n\u00f5usolekule);<\/p><\/li><li data-start=\"1641\" data-end=\"1686\"><p data-start=\"1643\" data-end=\"1686\">Veebilehe parendamiseks ja kohandamiseks;<\/p><\/li><li data-start=\"1687\" data-end=\"1724\"><p data-start=\"1689\" data-end=\"1724\">Juriidiliste kohustuste t\u00e4itmiseks.<\/p><\/li><\/ul><p data-start=\"1726\" data-end=\"1770\"><strong data-start=\"1726\" data-end=\"1770\">Andmete jagamine kolmandate isikutega<\/strong><\/p><p data-start=\"1772\" data-end=\"1864\">Teie andmeid v\u00f5idakse jagada usaldusv\u00e4\u00e4rsete kolmandate osapooltega, kelle hulka kuuluvad:<\/p><ul data-start=\"1865\" data-end=\"2027\"><li data-start=\"1865\" data-end=\"1915\"><p data-start=\"1867\" data-end=\"1915\">Montonio Finance UAB (makseteenuste t\u00f6\u00f6tleja);<\/p><\/li><li data-start=\"1916\" data-end=\"1963\"><p data-start=\"1918\" data-end=\"1963\">Teenusepakkujad (nt IT-teenused, turundus);<\/p><\/li><li data-start=\"1964\" data-end=\"2027\"><p data-start=\"1966\" data-end=\"2027\">Juriidilised v\u00f5i raamatupidamisasutused vastavalt seadustele.<\/p><\/li><\/ul><p data-start=\"2029\" data-end=\"2132\">K\u00f5ik kolmandad osapooled on kohustatud teie andmeid kaitsema vastavalt kehtivatele andmekaitsen\u00f5uetele.<\/p><p data-start=\"2134\" data-end=\"2160\"><strong data-start=\"2134\" data-end=\"2160\">Andmete s\u00e4ilitamine<\/strong><\/p><p data-start=\"2162\" data-end=\"2182\">Andmeid s\u00e4ilitame:<\/p><ul data-start=\"2183\" data-end=\"2392\"><li data-start=\"2183\" data-end=\"2271\"><p data-start=\"2185\" data-end=\"2271\">Tellimuseandmeid ja raamatupidamise dokumente v\u00e4hemalt 7 aastat vastavalt seadusele;<\/p><\/li><li data-start=\"2272\" data-end=\"2328\"><p data-start=\"2274\" data-end=\"2328\">Turundusandmeid kuni teie n\u00f5usoleku tagasiv\u00f5tmiseni;<\/p><\/li><li data-start=\"2329\" data-end=\"2392\"><p data-start=\"2331\" data-end=\"2392\">Kontoandmeid kuni konto sulgemiseni v\u00f5i lepingu l\u00f5petamiseni.<\/p><\/li><\/ul><p data-start=\"2394\" data-end=\"2413\"><strong data-start=\"2394\" data-end=\"2413\">Teie \u00f5igused<\/strong><\/p><p data-start=\"2415\" data-end=\"2431\">Teil on \u00f5igus:<\/p><ul data-start=\"2432\" data-end=\"2845\"><li data-start=\"2432\" data-end=\"2476\"><p data-start=\"2434\" data-end=\"2476\">Taotleda juurdep\u00e4\u00e4su oma isikuandmetele;<\/p><\/li><li data-start=\"2477\" data-end=\"2523\"><p data-start=\"2479\" data-end=\"2523\">N\u00f5uda andmete parandamist v\u00f5i kustutamist;<\/p><\/li><li data-start=\"2524\" data-end=\"2555\"><p data-start=\"2526\" data-end=\"2555\">Piirata andmete t\u00f6\u00f6tlemist;<\/p><\/li><li data-start=\"2556\" data-end=\"2602\"><p data-start=\"2558\" data-end=\"2602\">Esitada vastuv\u00e4iteid andmete t\u00f6\u00f6tlemisele;<\/p><\/li><li data-start=\"2603\" data-end=\"2695\"><p data-start=\"2605\" data-end=\"2695\">Saada oma andmed struktureeritud ja masinloetavas vormingus (andmete \u00fclekandmise \u00f5igus);<\/p><\/li><li data-start=\"2696\" data-end=\"2799\"><p data-start=\"2698\" data-end=\"2799\">Tagasi v\u00f5tta n\u00f5usolek igal ajal (see ei m\u00f5juta n\u00f5usoleku alusel toimunud t\u00f6\u00f6tlemise seaduslikkust);<\/p><\/li><li data-start=\"2800\" data-end=\"2845\"><p data-start=\"2802\" data-end=\"2845\">Esitada kaebus Andmekaitse Inspektsioonile.<\/p><\/li><\/ul><p data-start=\"2847\" data-end=\"2920\">Taotlused selleks esitage kirjalikult aadressile <a class=\"cursor-pointer\" rel=\"noopener\" data-start=\"2887\" data-end=\"2904\">info@shebeauty.ee<\/a><\/p><p data-start=\"2922\" data-end=\"2972\"><strong data-start=\"2922\" data-end=\"2972\">Automatiseeritud otsused ja profiilianal\u00fc\u00fcs<\/strong><\/p><p data-start=\"2974\" data-end=\"3124\">Me ei kasuta teie andmete t\u00f6\u00f6tlemisel automatiseeritud otsuseid, sealhulgas profiilianal\u00fc\u00fcsi, mis avaldaks teie \u00f5igustele v\u00f5i vabadustele otsest m\u00f5ju.<\/p><p data-start=\"3126\" data-end=\"3151\"><strong data-start=\"3126\" data-end=\"3151\">K\u00fcpsised (cookies)<\/strong><\/p><p data-start=\"3153\" data-end=\"3418\">Me kasutame k\u00fcpsiseid, et parandada teie kasutuskogemust ja anal\u00fc\u00fcsida veebilehe kasutust. K\u00fcpsiste kasutamiseks k\u00fcsime teie n\u00f5usolekut ning v\u00f5imaldame selle igal ajal tagasi v\u00f5tta v\u00f5i piirata, muutes brauseri seadeid v\u00f5i meie veebilehel olevaid k\u00fcpsiste eelistusi.<\/p><p data-start=\"3420\" data-end=\"3533\">Kolmandate osapoolte k\u00fcpsiste (Facebook, Google, Instagram) tingimustega saate tutvuda nende vastavatel lehtedel.<\/p><p data-start=\"3535\" data-end=\"3561\"><strong data-start=\"3535\" data-end=\"3561\">Andmete turvalisus<\/strong><\/p><p data-start=\"3563\" data-end=\"3709\">Rakendame tehnilisi ja organisatsioonilisi meetmeid teie isikuandmete kaitseks volitamata juurdep\u00e4\u00e4su, muutmise, avalikustamise v\u00f5i h\u00e4vimise eest.<\/p><p data-start=\"3711\" data-end=\"3747\"><strong data-start=\"3711\" data-end=\"3747\">Privaatsuspoliitika muutmine<\/strong><\/p><p data-start=\"3749\" data-end=\"3875\">J\u00e4tame endale \u00f5iguse privaatsuspoliitika muuta. K\u00f5ik muudatused avaldame veebilehel ning teavitame p\u00fcsikliente vajadusel otse.<\/p>\t\t\t\t\t\t\t\t<\/div>\n\t\t\t\t<\/div>\n\t\t\t\t\t<\/div>\n\t\t<\/div>\n\t\t\t\t<div class=\"elementor-column elementor-col-50 elementor-top-column elementor-element elementor-element-febfd40\" data-id=\"febfd40\" data-element_type=\"column\" data-e-type=\"column\">\n\t\t\t<div class=\"elementor-widget-wrap elementor-element-populated\">\n\t\t\t\t\t\t<div class=\"elementor-element elementor-element-78c17cd elementor-widget elementor-widget-spacer\" data-id=\"78c17cd\" data-element_type=\"widget\" data-e-type=\"widget\" data-widget_type=\"spacer.default\">\n\t\t\t\t<div class=\"elementor-widget-container\">\n\t\t\t\t\t\t\t<div class=\"elementor-spacer\">\n\t\t\t<div class=\"elementor-spacer-inner\"><\/div>\n\t\t<\/div>\n\t\t\t\t\t\t<\/div>\n\t\t\t\t<\/div>\n\t\t\t\t\t<\/div>\n\t\t<\/div>\n\t\t\t\t\t<\/div>\n\t\t<\/section>\n\t\t\t\t<section class=\"elementor-section elementor-top-section elementor-element elementor-element-85f6155 elementor-section-boxed elementor-section-height-default elementor-section-height-default\" data-id=\"85f6155\" data-element_type=\"section\" data-e-type=\"section\">\n\t\t\t\t\t\t<div class=\"elementor-container elementor-column-gap-default\">\n\t\t\t\t\t<div class=\"elementor-column elementor-col-100 elementor-top-column elementor-element elementor-element-908ad68\" data-id=\"908ad68\" data-element_type=\"column\" data-e-type=\"column\">\n\t\t\t<div class=\"elementor-widget-wrap elementor-element-populated\">\n\t\t\t\t\t\t<div class=\"elementor-element elementor-element-1855a34 elementor-widget elementor-widget-spacer\" data-id=\"1855a34\" data-element_type=\"widget\" data-e-type=\"widget\" data-widget_type=\"spacer.default\">\n\t\t\t\t<div class=\"elementor-widget-container\">\n\t\t\t\t\t\t\t<div class=\"elementor-spacer\">\n\t\t\t<div class=\"elementor-spacer-inner\"><\/div>\n\t\t<\/div>\n\t\t\t\t\t\t<\/div>\n\t\t\t\t<\/div>\n\t\t\t\t\t<\/div>\n\t\t<\/div>\n\t\t\t\t\t<\/div>\n\t\t<\/section>\n\t\t\t\t<\/div>","protected":false},"excerpt":{"rendered":"<p>Privaatsuspoliitika Beauty Cosmetics O\u00dc (registrikood 12720426) (edaspidi \u201emeie\u201c, \u201eettev\u00f5te\u201c) v\u00e4\u00e4rtustab teie privaatsust ning kohustub kaitsma teie isikuandmeid vastavalt Euroopa Liidu \u00fcldisele andmekaitsem\u00e4\u00e4rusele (GDPR) ja Eesti Vabariigi seadustele. Vastutav t\u00f6\u00f6tleja Beauty Cosmetics O\u00dc on teie isikuandmete vastutav t\u00f6\u00f6tleja. K\u00f5ik andmet\u00f6\u00f6tlusega seotud k\u00fcsimused v\u00f5i taotlused palume suunata aadressile: info@shebeauty.ee. T\u00f6\u00f6tlemise alused Teie isikuandmeid t\u00f6\u00f6deldakse j\u00e4rgmiste \u00f5igusp\u00f5hjade alusel: [&hellip;]<\/p>\n","protected":false},"author":1,"featured_media":0,"parent":0,"menu_order":0,"comment_status":"closed","ping_status":"closed","template":"elementor_header_footer","meta":{"site-sidebar-layout":"default","site-content-layout":"","ast-site-content-layout":"default","site-content-style":"default","site-sidebar-style":"default","ast-global-header-display":"","ast-banner-title-visibility":"","ast-main-header-display":"","ast-hfb-above-header-display":"","ast-hfb-below-header-display":"","ast-hfb-mobile-header-display":"","site-post-title":"","ast-breadcrumbs-content":"","ast-featured-img":"","footer-sml-layout":"","ast-disable-related-posts":"","theme-transparent-header-meta":"","adv-header-id-meta":"","stick-header-meta":"","header-above-stick-meta":"","header-main-stick-meta":"","header-below-stick-meta":"","astra-migrate-meta-layouts":"default","ast-page-background-enabled":"default","ast-page-background-meta":{"desktop":{"background-color":"var(--ast-global-color-4)","background-image":"","background-repeat":"repeat","background-position":"center center","background-size":"auto","background-attachment":"scroll","background-type":"","background-media":"","overlay-type":"","overlay-color":"","overlay-opacity":"","overlay-gradient":""},"tablet":{"background-color":"","background-image":"","background-repeat":"repeat","background-position":"center center","background-size":"auto","background-attachment":"scroll","background-type":"","background-media":"","overlay-type":"","overlay-color":"","overlay-opacity":"","overlay-gradient":""},"mobile":{"background-color":"","background-image":"","background-repeat":"repeat","background-position":"center center","background-size":"auto","background-attachment":"scroll","background-type":"","background-media":"","overlay-type":"","overlay-color":"","overlay-opacity":"","overlay-gradient":""}},"ast-content-background-meta":{"desktop":{"background-color":"var(--ast-global-color-5)","background-image":"","background-repeat":"repeat","background-position":"center center","background-size":"auto","background-attachment":"scroll","background-type":"","background-media":"","overlay-type":"","overlay-color":"","overlay-opacity":"","overlay-gradient":""},"tablet":{"background-color":"var(--ast-global-color-5)","background-image":"","background-repeat":"repeat","background-position":"center center","background-size":"auto","background-attachment":"scroll","background-type":"","background-media":"","overlay-type":"","overlay-color":"","overlay-opacity":"","overlay-gradient":""},"mobile":{"background-color":"var(--ast-global-color-5)","background-image":"","background-repeat":"repeat","background-position":"center center","background-size":"auto","background-attachment":"scroll","background-type":"","background-media":"","overlay-type":"","overlay-color":"","overlay-opacity":"","overlay-gradient":""}},"footnotes":""},"class_list":["post-980","page","type-page","status-publish","hentry"],"yoast_head":"<!-- This site is optimized with the Yoast SEO plugin v27.3 - https:\/\/yoast.com\/product\/yoast-seo-wordpress\/ -->\n<title>Privaatsuspoliitika - She Beauty Studio<\/title>\n<meta name=\"robots\" content=\"index, follow, max-snippet:-1, max-image-preview:large, max-video-preview:-1\" \/>\n<link rel=\"canonical\" href=\"https:\/\/shebeauty.ee\/en\/privaatsuspoliitika\/\" \/>\n<meta property=\"og:locale\" content=\"en_US\" \/>\n<meta property=\"og:type\" content=\"article\" \/>\n<meta property=\"og:title\" content=\"Privaatsuspoliitika - She Beauty Studio\" \/>\n<meta property=\"og:description\" content=\"Privaatsuspoliitika Beauty Cosmetics O\u00dc (registrikood 12720426) (edaspidi \u201emeie\u201c, \u201eettev\u00f5te\u201c) v\u00e4\u00e4rtustab teie privaatsust ning kohustub kaitsma teie isikuandmeid vastavalt Euroopa Liidu \u00fcldisele andmekaitsem\u00e4\u00e4rusele (GDPR) ja Eesti Vabariigi seadustele. Vastutav t\u00f6\u00f6tleja Beauty Cosmetics O\u00dc on teie isikuandmete vastutav t\u00f6\u00f6tleja. K\u00f5ik andmet\u00f6\u00f6tlusega seotud k\u00fcsimused v\u00f5i taotlused palume suunata aadressile: info@shebeauty.ee. T\u00f6\u00f6tlemise alused Teie isikuandmeid t\u00f6\u00f6deldakse j\u00e4rgmiste \u00f5igusp\u00f5hjade alusel: [&hellip;]\" \/>\n<meta property=\"og:url\" content=\"https:\/\/shebeauty.ee\/en\/privaatsuspoliitika\/\" \/>\n<meta property=\"og:site_name\" content=\"She Beauty Studio\" \/>\n<meta property=\"article:modified_time\" content=\"2025-08-13T16:16:31+00:00\" \/>\n<meta name=\"twitter:card\" content=\"summary_large_image\" \/>\n<meta name=\"twitter:label1\" content=\"Est. reading time\" \/>\n\t<meta name=\"twitter:data1\" content=\"3 minutes\" \/>\n<script type=\"application\/ld+json\" class=\"yoast-schema-graph\">{\"@context\":\"https:\\\/\\\/schema.org\",\"@graph\":[{\"@type\":\"WebPage\",\"@id\":\"https:\\\/\\\/shebeauty.ee\\\/privaatsuspoliitika\\\/\",\"url\":\"https:\\\/\\\/shebeauty.ee\\\/privaatsuspoliitika\\\/\",\"name\":\"Privaatsuspoliitika - She Beauty Studio\",\"isPartOf\":{\"@id\":\"https:\\\/\\\/shebeauty.ee\\\/#website\"},\"datePublished\":\"2018-05-18T04:26:40+00:00\",\"dateModified\":\"2025-08-13T16:16:31+00:00\",\"breadcrumb\":{\"@id\":\"https:\\\/\\\/shebeauty.ee\\\/privaatsuspoliitika\\\/#breadcrumb\"},\"inLanguage\":\"en-US\",\"potentialAction\":[{\"@type\":\"ReadAction\",\"target\":[\"https:\\\/\\\/shebeauty.ee\\\/privaatsuspoliitika\\\/\"]}]},{\"@type\":\"BreadcrumbList\",\"@id\":\"https:\\\/\\\/shebeauty.ee\\\/privaatsuspoliitika\\\/#breadcrumb\",\"itemListElement\":[{\"@type\":\"ListItem\",\"position\":1,\"name\":\"Home\",\"item\":\"https:\\\/\\\/shebeauty.ee\\\/\"},{\"@type\":\"ListItem\",\"position\":2,\"name\":\"Privaatsuspoliitika\"}]},{\"@type\":\"WebSite\",\"@id\":\"https:\\\/\\\/shebeauty.ee\\\/#website\",\"url\":\"https:\\\/\\\/shebeauty.ee\\\/\",\"name\":\"She Beauty Studio\",\"description\":\"Juuksestuudio\",\"publisher\":{\"@id\":\"https:\\\/\\\/shebeauty.ee\\\/#organization\"},\"potentialAction\":[{\"@type\":\"SearchAction\",\"target\":{\"@type\":\"EntryPoint\",\"urlTemplate\":\"https:\\\/\\\/shebeauty.ee\\\/?s={search_term_string}\"},\"query-input\":{\"@type\":\"PropertyValueSpecification\",\"valueRequired\":true,\"valueName\":\"search_term_string\"}}],\"inLanguage\":\"en-US\"},{\"@type\":\"Organization\",\"@id\":\"https:\\\/\\\/shebeauty.ee\\\/#organization\",\"name\":\"She Beauty O\u00dc\",\"url\":\"https:\\\/\\\/shebeauty.ee\\\/\",\"logo\":{\"@type\":\"ImageObject\",\"inLanguage\":\"en-US\",\"@id\":\"https:\\\/\\\/shebeauty.ee\\\/#\\\/schema\\\/logo\\\/image\\\/\",\"url\":\"https:\\\/\\\/shebeauty.ee\\\/wp-content\\\/uploads\\\/2023\\\/10\\\/IMG_0585.jpg\",\"contentUrl\":\"https:\\\/\\\/shebeauty.ee\\\/wp-content\\\/uploads\\\/2023\\\/10\\\/IMG_0585.jpg\",\"width\":1284,\"height\":1300,\"caption\":\"She Beauty O\u00dc\"},\"image\":{\"@id\":\"https:\\\/\\\/shebeauty.ee\\\/#\\\/schema\\\/logo\\\/image\\\/\"}}]}<\/script>\n<!-- \/ Yoast SEO plugin. -->","yoast_head_json":{"title":"Privaatsuspoliitika - She Beauty Studio","robots":{"index":"index","follow":"follow","max-snippet":"max-snippet:-1","max-image-preview":"max-image-preview:large","max-video-preview":"max-video-preview:-1"},"canonical":"https:\/\/shebeauty.ee\/en\/privaatsuspoliitika\/","og_locale":"en_US","og_type":"article","og_title":"Privaatsuspoliitika - She Beauty Studio","og_description":"Privaatsuspoliitika Beauty Cosmetics O\u00dc (registrikood 12720426) (edaspidi \u201emeie\u201c, \u201eettev\u00f5te\u201c) v\u00e4\u00e4rtustab teie privaatsust ning kohustub kaitsma teie isikuandmeid vastavalt Euroopa Liidu \u00fcldisele andmekaitsem\u00e4\u00e4rusele (GDPR) ja Eesti Vabariigi seadustele. Vastutav t\u00f6\u00f6tleja Beauty Cosmetics O\u00dc on teie isikuandmete vastutav t\u00f6\u00f6tleja. K\u00f5ik andmet\u00f6\u00f6tlusega seotud k\u00fcsimused v\u00f5i taotlused palume suunata aadressile: info@shebeauty.ee. T\u00f6\u00f6tlemise alused Teie isikuandmeid t\u00f6\u00f6deldakse j\u00e4rgmiste \u00f5igusp\u00f5hjade alusel: [&hellip;]","og_url":"https:\/\/shebeauty.ee\/en\/privaatsuspoliitika\/","og_site_name":"She Beauty Studio","article_modified_time":"2025-08-13T16:16:31+00:00","twitter_card":"summary_large_image","twitter_misc":{"Est. reading time":"3 minutes"},"schema":{"@context":"https:\/\/schema.org","@graph":[{"@type":"WebPage","@id":"https:\/\/shebeauty.ee\/privaatsuspoliitika\/","url":"https:\/\/shebeauty.ee\/privaatsuspoliitika\/","name":"Privaatsuspoliitika - She Beauty Studio","isPartOf":{"@id":"https:\/\/shebeauty.ee\/#website"},"datePublished":"2018-05-18T04:26:40+00:00","dateModified":"2025-08-13T16:16:31+00:00","breadcrumb":{"@id":"https:\/\/shebeauty.ee\/privaatsuspoliitika\/#breadcrumb"},"inLanguage":"en-US","potentialAction":[{"@type":"ReadAction","target":["https:\/\/shebeauty.ee\/privaatsuspoliitika\/"]}]},{"@type":"BreadcrumbList","@id":"https:\/\/shebeauty.ee\/privaatsuspoliitika\/#breadcrumb","itemListElement":[{"@type":"ListItem","position":1,"name":"Home","item":"https:\/\/shebeauty.ee\/"},{"@type":"ListItem","position":2,"name":"Privaatsuspoliitika"}]},{"@type":"WebSite","@id":"https:\/\/shebeauty.ee\/#website","url":"https:\/\/shebeauty.ee\/","name":"She Beauty Studio","description":"Juuksestuudio","publisher":{"@id":"https:\/\/shebeauty.ee\/#organization"},"potentialAction":[{"@type":"SearchAction","target":{"@type":"EntryPoint","urlTemplate":"https:\/\/shebeauty.ee\/?s={search_term_string}"},"query-input":{"@type":"PropertyValueSpecification","valueRequired":true,"valueName":"search_term_string"}}],"inLanguage":"en-US"},{"@type":"Organization","@id":"https:\/\/shebeauty.ee\/#organization","name":"She Beauty O\u00dc","url":"https:\/\/shebeauty.ee\/","logo":{"@type":"ImageObject","inLanguage":"en-US","@id":"https:\/\/shebeauty.ee\/#\/schema\/logo\/image\/","url":"https:\/\/shebeauty.ee\/wp-content\/uploads\/2023\/10\/IMG_0585.jpg","contentUrl":"https:\/\/shebeauty.ee\/wp-content\/uploads\/2023\/10\/IMG_0585.jpg","width":1284,"height":1300,"caption":"She Beauty O\u00dc"},"image":{"@id":"https:\/\/shebeauty.ee\/#\/schema\/logo\/image\/"}}]}},"_links":{"self":[{"href":"https:\/\/shebeauty.ee\/en\/wp-json\/wp\/v2\/pages\/980","targetHints":{"allow":["GET"]}}],"collection":[{"href":"https:\/\/shebeauty.ee\/en\/wp-json\/wp\/v2\/pages"}],"about":[{"href":"https:\/\/shebeauty.ee\/en\/wp-json\/wp\/v2\/types\/page"}],"author":[{"embeddable":true,"href":"https:\/\/shebeauty.ee\/en\/wp-json\/wp\/v2\/users\/1"}],"replies":[{"embeddable":true,"href":"https:\/\/shebeauty.ee\/en\/wp-json\/wp\/v2\/comments?post=980"}],"version-history":[{"count":93,"href":"https:\/\/shebeauty.ee\/en\/wp-json\/wp\/v2\/pages\/980\/revisions"}],"predecessor-version":[{"id":5759,"href":"https:\/\/shebeauty.ee\/en\/wp-json\/wp\/v2\/pages\/980\/revisions\/5759"}],"wp:attachment":[{"href":"https:\/\/shebeauty.ee\/en\/wp-json\/wp\/v2\/media?parent=980"}],"curies":[{"name":"wp","href":"https:\/\/api.w.org\/{rel}","templated":true}]}}