{"id":3857,"date":"2024-11-30T21:06:57","date_gmt":"2024-11-30T19:06:57","guid":{"rendered":"https:\/\/shebeauty.ee\/?page_id=3857"},"modified":"2025-03-03T17:13:21","modified_gmt":"2025-03-03T15:13:21","slug":"meist","status":"publish","type":"page","link":"https:\/\/shebeauty.ee\/en\/meist\/","title":{"rendered":"About us"},"content":{"rendered":"<div data-elementor-type=\"wp-page\" data-elementor-id=\"3857\" class=\"elementor elementor-3857\">\n\t\t\t\t\t\t<section class=\"elementor-section elementor-top-section elementor-element elementor-element-e177da1 elementor-section-boxed elementor-section-height-default elementor-section-height-default\" data-id=\"e177da1\" data-element_type=\"section\" data-e-type=\"section\">\n\t\t\t\t\t\t<div class=\"elementor-container elementor-column-gap-default\">\n\t\t\t\t\t<div class=\"elementor-column elementor-col-100 elementor-top-column elementor-element elementor-element-3831ffa\" data-id=\"3831ffa\" data-element_type=\"column\" data-e-type=\"column\">\n\t\t\t<div class=\"elementor-widget-wrap elementor-element-populated\">\n\t\t\t\t\t\t<div class=\"elementor-element elementor-element-6d39b71 elementor-widget elementor-widget-spacer\" data-id=\"6d39b71\" data-element_type=\"widget\" data-e-type=\"widget\" data-widget_type=\"spacer.default\">\n\t\t\t\t<div class=\"elementor-widget-container\">\n\t\t\t\t\t\t\t<div class=\"elementor-spacer\">\n\t\t\t<div class=\"elementor-spacer-inner\"><\/div>\n\t\t<\/div>\n\t\t\t\t\t\t<\/div>\n\t\t\t\t<\/div>\n\t\t\t\t\t<\/div>\n\t\t<\/div>\n\t\t\t\t\t<\/div>\n\t\t<\/section>\n\t\t\t\t<section class=\"elementor-section elementor-top-section elementor-element elementor-element-0a1ba65 elementor-section-boxed elementor-section-height-default elementor-section-height-default\" data-id=\"0a1ba65\" data-element_type=\"section\" data-e-type=\"section\">\n\t\t\t\t\t\t<div class=\"elementor-container elementor-column-gap-default\">\n\t\t\t\t\t<div class=\"elementor-column elementor-col-66 elementor-top-column elementor-element elementor-element-244b126\" data-id=\"244b126\" data-element_type=\"column\" data-e-type=\"column\" data-settings=\"{&quot;background_background&quot;:&quot;classic&quot;}\">\n\t\t\t<div class=\"elementor-widget-wrap elementor-element-populated\">\n\t\t\t\t\t\t<div class=\"elementor-element elementor-element-78f6c32 elementor-widget elementor-widget-heading\" data-id=\"78f6c32\" data-element_type=\"widget\" data-e-type=\"widget\" data-widget_type=\"heading.default\">\n\t\t\t\t<div class=\"elementor-widget-container\">\n\t\t\t\t\t<h2 class=\"elementor-heading-title elementor-size-default\">About us<\/h2>\t\t\t\t<\/div>\n\t\t\t\t<\/div>\n\t\t\t\t<div class=\"elementor-element elementor-element-6e0dc0e elementor-widget__width-inherit elementor-widget elementor-widget-text-editor\" data-id=\"6e0dc0e\" data-element_type=\"widget\" data-e-type=\"widget\" data-widget_type=\"text-editor.default\">\n\t\t\t\t<div class=\"elementor-widget-container\">\n\t\t\t\t\t\t\t\t\t<p style=\"font-weight: 400;\">Welcome to\u00a0<strong>She Beauty Studio<\/strong>!<\/p><p style=\"font-weight: 400;\">Here, beauty, quality, and professionalism come together, all founded on a strong sense of mission \u2013 to provide every client with the perfect beauty service that enhances their beauty, confidence, and inner glow.<\/p><p style=\"font-weight: 400;\">The heart of our salon is\u00a0<strong>Jane<\/strong>, who has over 15 years of experience in the beauty industry. Her passion and dedication to hair have led her to specialize in hair extensions, where she is now a true expert. Jane understands that it's not just about applying hair extensions, but also about maintaining them to ensure long-lasting quality and beautiful results.<\/p><p style=\"font-weight: 400;\"><strong>She Beauty Studio<\/strong>\u00a0offers professional services for hair extension application, maintenance, and sales. Our team is always ready to find the solution that best suits your needs, fulfilling all your special requests and dreams.<\/p><p style=\"font-weight: 400;\">We are committed to making sure every client feels pampered and well cared for. We believe that everyone \u2013 whether woman or man \u2013 is truly beautiful when they are loved, cared for, and happy! Our goal is for you to leave our salon feeling full of positive energy, confidence, and natural beauty.<\/p><p style=\"font-weight: 400;\"><strong>We are here to offer all of that to you!<\/strong><br \/>Come to us and let us make your dreams come true!<\/p>\t\t\t\t\t\t\t\t<\/div>\n\t\t\t\t<\/div>\n\t\t\t\t\t<\/div>\n\t\t<\/div>\n\t\t\t\t<div class=\"elementor-column elementor-col-33 elementor-top-column elementor-element elementor-element-eb71918\" data-id=\"eb71918\" data-element_type=\"column\" data-e-type=\"column\" data-settings=\"{&quot;background_background&quot;:&quot;classic&quot;}\">\n\t\t\t<div class=\"elementor-widget-wrap elementor-element-populated\">\n\t\t\t\t\t\t<div class=\"elementor-element elementor-element-93216e7 elementor-widget elementor-widget-spacer\" data-id=\"93216e7\" data-element_type=\"widget\" data-e-type=\"widget\" data-widget_type=\"spacer.default\">\n\t\t\t\t<div class=\"elementor-widget-container\">\n\t\t\t\t\t\t\t<div class=\"elementor-spacer\">\n\t\t\t<div class=\"elementor-spacer-inner\"><\/div>\n\t\t<\/div>\n\t\t\t\t\t\t<\/div>\n\t\t\t\t<\/div>\n\t\t\t\t<div class=\"elementor-element elementor-element-9fe4d71 elementor-widget__width-inherit elementor-widget elementor-widget-image\" data-id=\"9fe4d71\" data-element_type=\"widget\" data-e-type=\"widget\" data-widget_type=\"image.default\">\n\t\t\t\t<div class=\"elementor-widget-container\">\n\t\t\t\t\t\t\t\t\t\t\t\t\t\t\t<img fetchpriority=\"high\" decoding=\"async\" width=\"683\" height=\"1024\" src=\"https:\/\/shebeauty.ee\/wp-content\/uploads\/2024\/12\/IMG_4923-683x1024.jpg\" class=\"attachment-large size-large wp-image-4029\" alt=\"\" srcset=\"https:\/\/shebeauty.ee\/wp-content\/uploads\/2024\/12\/IMG_4923-683x1024.jpg 683w, https:\/\/shebeauty.ee\/wp-content\/uploads\/2024\/12\/IMG_4923-200x300.jpg 200w, https:\/\/shebeauty.ee\/wp-content\/uploads\/2024\/12\/IMG_4923-768x1151.jpg 768w, https:\/\/shebeauty.ee\/wp-content\/uploads\/2024\/12\/IMG_4923-1025x1536.jpg 1025w, https:\/\/shebeauty.ee\/wp-content\/uploads\/2024\/12\/IMG_4923-1366x2048.jpg 1366w, https:\/\/shebeauty.ee\/wp-content\/uploads\/2024\/12\/IMG_4923-8x12.jpg 8w, https:\/\/shebeauty.ee\/wp-content\/uploads\/2024\/12\/IMG_4923-500x750.jpg 500w, https:\/\/shebeauty.ee\/wp-content\/uploads\/2024\/12\/IMG_4923-scaled.jpg 1708w\" sizes=\"(max-width: 683px) 100vw, 683px\" \/>\t\t\t\t\t\t\t\t\t\t\t\t\t\t\t<\/div>\n\t\t\t\t<\/div>\n\t\t\t\t<div class=\"elementor-element elementor-element-6434728 elementor-widget elementor-widget-spacer\" data-id=\"6434728\" data-element_type=\"widget\" data-e-type=\"widget\" data-widget_type=\"spacer.default\">\n\t\t\t\t<div class=\"elementor-widget-container\">\n\t\t\t\t\t\t\t<div class=\"elementor-spacer\">\n\t\t\t<div class=\"elementor-spacer-inner\"><\/div>\n\t\t<\/div>\n\t\t\t\t\t\t<\/div>\n\t\t\t\t<\/div>\n\t\t\t\t\t<\/div>\n\t\t<\/div>\n\t\t\t\t\t<\/div>\n\t\t<\/section>\n\t\t\t\t<section class=\"elementor-section elementor-top-section elementor-element elementor-element-abed99f elementor-section-boxed elementor-section-height-default elementor-section-height-default\" data-id=\"abed99f\" data-element_type=\"section\" data-e-type=\"section\">\n\t\t\t\t\t\t<div class=\"elementor-container elementor-column-gap-default\">\n\t\t\t\t\t<div class=\"elementor-column elementor-col-100 elementor-top-column elementor-element elementor-element-a621d2a\" data-id=\"a621d2a\" data-element_type=\"column\" data-e-type=\"column\">\n\t\t\t<div class=\"elementor-widget-wrap elementor-element-populated\">\n\t\t\t\t\t\t<div class=\"elementor-element elementor-element-c6a1807 elementor-widget elementor-widget-spacer\" data-id=\"c6a1807\" data-element_type=\"widget\" data-e-type=\"widget\" data-widget_type=\"spacer.default\">\n\t\t\t\t<div class=\"elementor-widget-container\">\n\t\t\t\t\t\t\t<div class=\"elementor-spacer\">\n\t\t\t<div class=\"elementor-spacer-inner\"><\/div>\n\t\t<\/div>\n\t\t\t\t\t\t<\/div>\n\t\t\t\t<\/div>\n\t\t\t\t\t<\/div>\n\t\t<\/div>\n\t\t\t\t\t<\/div>\n\t\t<\/section>\n\t\t\t\t<section class=\"elementor-section elementor-top-section elementor-element elementor-element-573efe7 elementor-section-boxed elementor-section-height-default elementor-section-height-default\" data-id=\"573efe7\" data-element_type=\"section\" data-e-type=\"section\">\n\t\t\t\t\t\t<div class=\"elementor-container elementor-column-gap-default\">\n\t\t\t\t\t<div class=\"elementor-column elementor-col-100 elementor-top-column elementor-element elementor-element-7ecb728\" data-id=\"7ecb728\" data-element_type=\"column\" data-e-type=\"column\">\n\t\t\t<div class=\"elementor-widget-wrap elementor-element-populated\">\n\t\t\t\t\t\t<div class=\"elementor-element elementor-element-af0bfef elementor-widget elementor-widget-spacer\" data-id=\"af0bfef\" data-element_type=\"widget\" data-e-type=\"widget\" data-widget_type=\"spacer.default\">\n\t\t\t\t<div class=\"elementor-widget-container\">\n\t\t\t\t\t\t\t<div class=\"elementor-spacer\">\n\t\t\t<div class=\"elementor-spacer-inner\"><\/div>\n\t\t<\/div>\n\t\t\t\t\t\t<\/div>\n\t\t\t\t<\/div>\n\t\t\t\t\t<\/div>\n\t\t<\/div>\n\t\t\t\t\t<\/div>\n\t\t<\/section>\n\t\t\t\t<\/div>","protected":false},"excerpt":{"rendered":"<p>Meist Tere tulemast\u00a0She Beauty ilustuudiosse! Meie juures kohtuvad ilu, kvaliteet ja professionaalsus, millele on aluse pannud tugev missioonitunne \u2013 pakkuda igale kliendile t\u00e4iuslikku iluteenust, tuues esile nende ilu, enesekindluse ja sisemise s\u00e4ra. Meie salongi hing on juuksehaldjas\u00a0Jane, kellel on t\u00e4naseks rohkem kui 15 aastat kogemust ilumaailmas. Tema kirg ja p\u00fchendumus juustele on viinud teda s\u00fcvitsi [&hellip;]<\/p>\n","protected":false},"author":1,"featured_media":0,"parent":0,"menu_order":0,"comment_status":"closed","ping_status":"closed","template":"","meta":{"site-sidebar-layout":"no-sidebar","site-content-layout":"","ast-site-content-layout":"full-width-container","site-content-style":"default","site-sidebar-style":"default","ast-global-header-display":"","ast-banner-title-visibility":"","ast-main-header-display":"","ast-hfb-above-header-display":"","ast-hfb-below-header-display":"","ast-hfb-mobile-header-display":"","site-post-title":"disabled","ast-breadcrumbs-content":"","ast-featured-img":"disabled","footer-sml-layout":"","ast-disable-related-posts":"","theme-transparent-header-meta":"","adv-header-id-meta":"","stick-header-meta":"","header-above-stick-meta":"","header-main-stick-meta":"","header-below-stick-meta":"","astra-migrate-meta-layouts":"default","ast-page-background-enabled":"default","ast-page-background-meta":{"desktop":{"background-color":"var(--ast-global-color-4)","background-image":"","background-repeat":"repeat","background-position":"center center","background-size":"auto","background-attachment":"scroll","background-type":"","background-media":"","overlay-type":"","overlay-color":"","overlay-opacity":"","overlay-gradient":""},"tablet":{"background-color":"","background-image":"","background-repeat":"repeat","background-position":"center center","background-size":"auto","background-attachment":"scroll","background-type":"","background-media":"","overlay-type":"","overlay-color":"","overlay-opacity":"","overlay-gradient":""},"mobile":{"background-color":"","background-image":"","background-repeat":"repeat","background-position":"center center","background-size":"auto","background-attachment":"scroll","background-type":"","background-media":"","overlay-type":"","overlay-color":"","overlay-opacity":"","overlay-gradient":""}},"ast-content-background-meta":{"desktop":{"background-color":"var(--ast-global-color-5)","background-image":"","background-repeat":"repeat","background-position":"center center","background-size":"auto","background-attachment":"scroll","background-type":"","background-media":"","overlay-type":"","overlay-color":"","overlay-opacity":"","overlay-gradient":""},"tablet":{"background-color":"var(--ast-global-color-5)","background-image":"","background-repeat":"repeat","background-position":"center center","background-size":"auto","background-attachment":"scroll","background-type":"","background-media":"","overlay-type":"","overlay-color":"","overlay-opacity":"","overlay-gradient":""},"mobile":{"background-color":"var(--ast-global-color-5)","background-image":"","background-repeat":"repeat","background-position":"center center","background-size":"auto","background-attachment":"scroll","background-type":"","background-media":"","overlay-type":"","overlay-color":"","overlay-opacity":"","overlay-gradient":""}},"footnotes":""},"class_list":["post-3857","page","type-page","status-publish","hentry"],"yoast_head":"<!-- This site is optimized with the Yoast SEO plugin v27.4 - https:\/\/yoast.com\/product\/yoast-seo-wordpress\/ -->\n<title>Meist - She Beauty Studio<\/title>\n<meta name=\"robots\" content=\"index, follow, max-snippet:-1, max-image-preview:large, max-video-preview:-1\" \/>\n<link rel=\"canonical\" href=\"https:\/\/shebeauty.ee\/en\/meist\/\" \/>\n<meta property=\"og:locale\" content=\"en_US\" \/>\n<meta property=\"og:type\" content=\"article\" \/>\n<meta property=\"og:title\" content=\"Meist - She Beauty Studio\" \/>\n<meta property=\"og:description\" content=\"Meist Tere tulemast\u00a0She Beauty ilustuudiosse! Meie juures kohtuvad ilu, kvaliteet ja professionaalsus, millele on aluse pannud tugev missioonitunne \u2013 pakkuda igale kliendile t\u00e4iuslikku iluteenust, tuues esile nende ilu, enesekindluse ja sisemise s\u00e4ra. Meie salongi hing on juuksehaldjas\u00a0Jane, kellel on t\u00e4naseks rohkem kui 15 aastat kogemust ilumaailmas. Tema kirg ja p\u00fchendumus juustele on viinud teda s\u00fcvitsi [&hellip;]\" \/>\n<meta property=\"og:url\" content=\"https:\/\/shebeauty.ee\/en\/meist\/\" \/>\n<meta property=\"og:site_name\" content=\"She Beauty Studio\" \/>\n<meta property=\"article:modified_time\" content=\"2025-03-03T15:13:21+00:00\" \/>\n<meta property=\"og:image\" content=\"https:\/\/shebeauty.ee\/wp-content\/uploads\/2024\/12\/IMG_4923-scaled.jpg\" \/>\n\t<meta property=\"og:image:width\" content=\"1708\" \/>\n\t<meta property=\"og:image:height\" content=\"2560\" \/>\n\t<meta property=\"og:image:type\" content=\"image\/jpeg\" \/>\n<meta name=\"twitter:card\" content=\"summary_large_image\" \/>\n<meta name=\"twitter:label1\" content=\"Est. reading time\" \/>\n\t<meta name=\"twitter:data1\" content=\"2 minutes\" \/>\n<script type=\"application\/ld+json\" class=\"yoast-schema-graph\">{\"@context\":\"https:\\\/\\\/schema.org\",\"@graph\":[{\"@type\":\"WebPage\",\"@id\":\"https:\\\/\\\/shebeauty.ee\\\/meist\\\/\",\"url\":\"https:\\\/\\\/shebeauty.ee\\\/meist\\\/\",\"name\":\"Meist - She Beauty Studio\",\"isPartOf\":{\"@id\":\"https:\\\/\\\/shebeauty.ee\\\/#website\"},\"primaryImageOfPage\":{\"@id\":\"https:\\\/\\\/shebeauty.ee\\\/meist\\\/#primaryimage\"},\"image\":{\"@id\":\"https:\\\/\\\/shebeauty.ee\\\/meist\\\/#primaryimage\"},\"thumbnailUrl\":\"https:\\\/\\\/shebeauty.ee\\\/wp-content\\\/uploads\\\/2024\\\/12\\\/IMG_4923-683x1024.jpg\",\"datePublished\":\"2024-11-30T19:06:57+00:00\",\"dateModified\":\"2025-03-03T15:13:21+00:00\",\"breadcrumb\":{\"@id\":\"https:\\\/\\\/shebeauty.ee\\\/meist\\\/#breadcrumb\"},\"inLanguage\":\"en-US\",\"potentialAction\":[{\"@type\":\"ReadAction\",\"target\":[\"https:\\\/\\\/shebeauty.ee\\\/meist\\\/\"]}]},{\"@type\":\"ImageObject\",\"inLanguage\":\"en-US\",\"@id\":\"https:\\\/\\\/shebeauty.ee\\\/meist\\\/#primaryimage\",\"url\":\"https:\\\/\\\/shebeauty.ee\\\/wp-content\\\/uploads\\\/2024\\\/12\\\/IMG_4923-683x1024.jpg\",\"contentUrl\":\"https:\\\/\\\/shebeauty.ee\\\/wp-content\\\/uploads\\\/2024\\\/12\\\/IMG_4923-683x1024.jpg\"},{\"@type\":\"BreadcrumbList\",\"@id\":\"https:\\\/\\\/shebeauty.ee\\\/meist\\\/#breadcrumb\",\"itemListElement\":[{\"@type\":\"ListItem\",\"position\":1,\"name\":\"Home\",\"item\":\"https:\\\/\\\/shebeauty.ee\\\/\"},{\"@type\":\"ListItem\",\"position\":2,\"name\":\"Meist\"}]},{\"@type\":\"WebSite\",\"@id\":\"https:\\\/\\\/shebeauty.ee\\\/#website\",\"url\":\"https:\\\/\\\/shebeauty.ee\\\/\",\"name\":\"She Beauty Studio\",\"description\":\"Juuksestuudio\",\"publisher\":{\"@id\":\"https:\\\/\\\/shebeauty.ee\\\/#organization\"},\"potentialAction\":[{\"@type\":\"SearchAction\",\"target\":{\"@type\":\"EntryPoint\",\"urlTemplate\":\"https:\\\/\\\/shebeauty.ee\\\/?s={search_term_string}\"},\"query-input\":{\"@type\":\"PropertyValueSpecification\",\"valueRequired\":true,\"valueName\":\"search_term_string\"}}],\"inLanguage\":\"en-US\"},{\"@type\":\"Organization\",\"@id\":\"https:\\\/\\\/shebeauty.ee\\\/#organization\",\"name\":\"She Beauty O\u00dc\",\"url\":\"https:\\\/\\\/shebeauty.ee\\\/\",\"logo\":{\"@type\":\"ImageObject\",\"inLanguage\":\"en-US\",\"@id\":\"https:\\\/\\\/shebeauty.ee\\\/#\\\/schema\\\/logo\\\/image\\\/\",\"url\":\"https:\\\/\\\/shebeauty.ee\\\/wp-content\\\/uploads\\\/2023\\\/10\\\/IMG_0585.jpg\",\"contentUrl\":\"https:\\\/\\\/shebeauty.ee\\\/wp-content\\\/uploads\\\/2023\\\/10\\\/IMG_0585.jpg\",\"width\":1284,\"height\":1300,\"caption\":\"She Beauty O\u00dc\"},\"image\":{\"@id\":\"https:\\\/\\\/shebeauty.ee\\\/#\\\/schema\\\/logo\\\/image\\\/\"}}]}<\/script>\n<!-- \/ Yoast SEO plugin. -->","yoast_head_json":{"title":"Meist - She Beauty Studio","robots":{"index":"index","follow":"follow","max-snippet":"max-snippet:-1","max-image-preview":"max-image-preview:large","max-video-preview":"max-video-preview:-1"},"canonical":"https:\/\/shebeauty.ee\/en\/meist\/","og_locale":"en_US","og_type":"article","og_title":"Meist - She Beauty Studio","og_description":"Meist Tere tulemast\u00a0She Beauty ilustuudiosse! Meie juures kohtuvad ilu, kvaliteet ja professionaalsus, millele on aluse pannud tugev missioonitunne \u2013 pakkuda igale kliendile t\u00e4iuslikku iluteenust, tuues esile nende ilu, enesekindluse ja sisemise s\u00e4ra. Meie salongi hing on juuksehaldjas\u00a0Jane, kellel on t\u00e4naseks rohkem kui 15 aastat kogemust ilumaailmas. Tema kirg ja p\u00fchendumus juustele on viinud teda s\u00fcvitsi [&hellip;]","og_url":"https:\/\/shebeauty.ee\/en\/meist\/","og_site_name":"She Beauty Studio","article_modified_time":"2025-03-03T15:13:21+00:00","og_image":[{"width":1708,"height":2560,"url":"https:\/\/shebeauty.ee\/wp-content\/uploads\/2024\/12\/IMG_4923-scaled.jpg","type":"image\/jpeg"}],"twitter_card":"summary_large_image","twitter_misc":{"Est. reading time":"2 minutes"},"schema":{"@context":"https:\/\/schema.org","@graph":[{"@type":"WebPage","@id":"https:\/\/shebeauty.ee\/meist\/","url":"https:\/\/shebeauty.ee\/meist\/","name":"Meist - She Beauty Studio","isPartOf":{"@id":"https:\/\/shebeauty.ee\/#website"},"primaryImageOfPage":{"@id":"https:\/\/shebeauty.ee\/meist\/#primaryimage"},"image":{"@id":"https:\/\/shebeauty.ee\/meist\/#primaryimage"},"thumbnailUrl":"https:\/\/shebeauty.ee\/wp-content\/uploads\/2024\/12\/IMG_4923-683x1024.jpg","datePublished":"2024-11-30T19:06:57+00:00","dateModified":"2025-03-03T15:13:21+00:00","breadcrumb":{"@id":"https:\/\/shebeauty.ee\/meist\/#breadcrumb"},"inLanguage":"en-US","potentialAction":[{"@type":"ReadAction","target":["https:\/\/shebeauty.ee\/meist\/"]}]},{"@type":"ImageObject","inLanguage":"en-US","@id":"https:\/\/shebeauty.ee\/meist\/#primaryimage","url":"https:\/\/shebeauty.ee\/wp-content\/uploads\/2024\/12\/IMG_4923-683x1024.jpg","contentUrl":"https:\/\/shebeauty.ee\/wp-content\/uploads\/2024\/12\/IMG_4923-683x1024.jpg"},{"@type":"BreadcrumbList","@id":"https:\/\/shebeauty.ee\/meist\/#breadcrumb","itemListElement":[{"@type":"ListItem","position":1,"name":"Home","item":"https:\/\/shebeauty.ee\/"},{"@type":"ListItem","position":2,"name":"Meist"}]},{"@type":"WebSite","@id":"https:\/\/shebeauty.ee\/#website","url":"https:\/\/shebeauty.ee\/","name":"She Beauty Studio","description":"Juuksestuudio","publisher":{"@id":"https:\/\/shebeauty.ee\/#organization"},"potentialAction":[{"@type":"SearchAction","target":{"@type":"EntryPoint","urlTemplate":"https:\/\/shebeauty.ee\/?s={search_term_string}"},"query-input":{"@type":"PropertyValueSpecification","valueRequired":true,"valueName":"search_term_string"}}],"inLanguage":"en-US"},{"@type":"Organization","@id":"https:\/\/shebeauty.ee\/#organization","name":"She Beauty O\u00dc","url":"https:\/\/shebeauty.ee\/","logo":{"@type":"ImageObject","inLanguage":"en-US","@id":"https:\/\/shebeauty.ee\/#\/schema\/logo\/image\/","url":"https:\/\/shebeauty.ee\/wp-content\/uploads\/2023\/10\/IMG_0585.jpg","contentUrl":"https:\/\/shebeauty.ee\/wp-content\/uploads\/2023\/10\/IMG_0585.jpg","width":1284,"height":1300,"caption":"She Beauty O\u00dc"},"image":{"@id":"https:\/\/shebeauty.ee\/#\/schema\/logo\/image\/"}}]}},"_links":{"self":[{"href":"https:\/\/shebeauty.ee\/en\/wp-json\/wp\/v2\/pages\/3857","targetHints":{"allow":["GET"]}}],"collection":[{"href":"https:\/\/shebeauty.ee\/en\/wp-json\/wp\/v2\/pages"}],"about":[{"href":"https:\/\/shebeauty.ee\/en\/wp-json\/wp\/v2\/types\/page"}],"author":[{"embeddable":true,"href":"https:\/\/shebeauty.ee\/en\/wp-json\/wp\/v2\/users\/1"}],"replies":[{"embeddable":true,"href":"https:\/\/shebeauty.ee\/en\/wp-json\/wp\/v2\/comments?post=3857"}],"version-history":[{"count":78,"href":"https:\/\/shebeauty.ee\/en\/wp-json\/wp\/v2\/pages\/3857\/revisions"}],"predecessor-version":[{"id":4719,"href":"https:\/\/shebeauty.ee\/en\/wp-json\/wp\/v2\/pages\/3857\/revisions\/4719"}],"wp:attachment":[{"href":"https:\/\/shebeauty.ee\/en\/wp-json\/wp\/v2\/media?parent=3857"}],"curies":[{"name":"wp","href":"https:\/\/api.w.org\/{rel}","templated":true}]}}