{"id":34,"date":"2018-03-22T09:31:56","date_gmt":"2018-03-22T09:31:56","guid":{"rendered":"https:\/\/shebeauty.lauranaber.com\/?page_id=34"},"modified":"2025-08-13T19:31:16","modified_gmt":"2025-08-13T16:31:16","slug":"teenused-ja-hinnakiri","status":"publish","type":"page","link":"https:\/\/shebeauty.ee\/en\/teenused-ja-hinnakiri\/","title":{"rendered":"Services and price list"},"content":{"rendered":"<div data-elementor-type=\"wp-post\" data-elementor-id=\"34\" class=\"elementor elementor-34\">\n\t\t\t\t\t\t<section class=\"elementor-section elementor-top-section elementor-element elementor-element-1bbe5a83 elementor-section-boxed elementor-section-height-default elementor-section-height-default\" data-id=\"1bbe5a83\" data-element_type=\"section\" data-e-type=\"section\">\n\t\t\t\t\t\t<div class=\"elementor-container elementor-column-gap-default\">\n\t\t\t\t\t<div class=\"elementor-column elementor-col-100 elementor-top-column elementor-element elementor-element-4aedcb1b\" data-id=\"4aedcb1b\" data-element_type=\"column\" data-e-type=\"column\" data-settings=\"{&quot;background_background&quot;:&quot;classic&quot;}\">\n\t\t\t<div class=\"elementor-widget-wrap elementor-element-populated\">\n\t\t\t\t\t\t<div class=\"elementor-element elementor-element-5528a186 elementor-widget elementor-widget-heading\" data-id=\"5528a186\" data-element_type=\"widget\" data-e-type=\"widget\" data-widget_type=\"heading.default\">\n\t\t\t\t<div class=\"elementor-widget-container\">\n\t\t\t\t\t<h1 class=\"elementor-heading-title elementor-size-xl\">Services and price list<\/h1>\t\t\t\t<\/div>\n\t\t\t\t<\/div>\n\t\t\t\t<div class=\"elementor-element elementor-element-cd9b01c elementor-widget elementor-widget-menu-anchor\" data-id=\"cd9b01c\" data-element_type=\"widget\" data-e-type=\"widget\" data-widget_type=\"menu-anchor.default\">\n\t\t\t\t<div class=\"elementor-widget-container\">\n\t\t\t\t\t\t\t<div class=\"elementor-menu-anchor\" id=\"juuksur\"><\/div>\n\t\t\t\t\t\t<\/div>\n\t\t\t\t<\/div>\n\t\t\t\t<div class=\"elementor-element elementor-element-7e8ccd86 elementor-widget elementor-widget-heading\" data-id=\"7e8ccd86\" data-element_type=\"widget\" data-e-type=\"widget\" data-widget_type=\"heading.default\">\n\t\t\t\t<div class=\"elementor-widget-container\">\n\t\t\t\t\t<h2 class=\"elementor-heading-title elementor-size-large\"><a href=\"https:\/\/shebeauty.ee\/en\/testkeskkond\/testkeskkond\/teenused-ja-hinnakiri\/#Juuksur\">Hairdresser<\/a><\/h2>\t\t\t\t<\/div>\n\t\t\t\t<\/div>\n\t\t\t\t<div class=\"elementor-element elementor-element-1fd427d elementor-widget elementor-widget-text-editor\" data-id=\"1fd427d\" data-element_type=\"widget\" data-e-type=\"widget\" data-widget_type=\"text-editor.default\">\n\t\t\t\t<div class=\"elementor-widget-container\">\n\t\t\t\t\t\t\t\t\t<table width=\"100%\">\n<tbody>\n<tr>\n<td width=\"232\"><strong>Colouring - with Kemon products (material cost \u20ac0.40\/g is added)<\/strong>\n<table style=\"color: var( --e-global-color-text ); font-family: var( --e-global-typography-text-font-family ), Sans-serif; font-weight: var( --e-global-typography-text-font-weight );\" width=\"100%\">\n<tbody>\n<tr>\n<td width=\"232\">Coloring of outgrowths up to 2cm - light<\/td>\n<td width=\"100\">55\u20ac<\/td>\n<td width=\"100\">2h<\/td>\n<\/tr>\n<\/tbody>\n<tbody>\n<tr>\n<td width=\"232\">Coloring of outgrowth up to 2cm - dark<\/td>\n<td width=\"100\">55\u20ac<\/td>\n<td width=\"100\">2h<\/td>\n<\/tr>\n<\/tbody>\n<tbody>\n<tr>\n<td width=\"232\">Outgrowth coloring with toning<\/td>\n<td width=\"100\">65\u20ac<\/td>\n<td width=\"100\">2,5h<\/td>\n<\/tr>\n<\/tbody>\n<\/table>\n<\/td>\n<\/tr>\n<\/tbody>\n<\/table>\n<table width=\"100%\">\n<tbody>\n<tr>\n<td width=\"232\"><b>Tone-on-tone coloring of all hair with a light color or conditioner<\/b>\n<table style=\"color: var( --e-global-color-text ); font-family: var( --e-global-typography-text-font-family ), Sans-serif; font-weight: var( --e-global-typography-text-font-weight ); height: 134px;\" width=\"240\">\n<tbody>\n<tr>\n<td width=\"232\">Short shoulder-length hair<\/td>\n<td width=\"100\">55\u20ac<\/td>\n<td width=\"100\">1,5h<\/td>\n<\/tr>\n<\/tbody>\n<tbody>\n<tr>\n<td width=\"232\">Short shoulder-length hair<\/td>\n<td width=\"100\">55\u20ac<\/td>\n<td width=\"100\">1,5h<\/td>\n<\/tr>\n<tr>\n<td width=\"232\">Long shoulder length hair<\/td>\n<td width=\"100\">65\u20ac<\/td>\n<td width=\"100\">2h<\/td>\n<\/tr>\n<\/tbody>\n<\/table>\n<\/td>\n<\/tr>\n<\/tbody>\n<\/table>\n<table width=\"100%\">\n<tbody>\n<tr>\n<td width=\"232\"><b>Outgrowth blonding<\/b>\n<table style=\"color: var( --e-global-color-text ); font-family: var( --e-global-typography-text-font-family ), Sans-serif; font-weight: var( --e-global-typography-text-font-weight );\" width=\"100%\">\n<tbody>\n<tr>\n<td width=\"232\">Blonding and toning of hair growth up to 2cm<\/td>\n<td width=\"100\">60\u20ac<\/td>\n<td width=\"100\">2h<\/td>\n<\/tr>\n<\/tbody>\n<tbody>\n<tr>\n<td width=\"232\">Blonding and toning of hair growth up to 6cm<\/td>\n<td width=\"100\">75\u20ac<\/td>\n<td width=\"100\">2,5h<\/td>\n<\/tr>\n<\/tbody>\n<\/table>\n<\/td>\n<\/tr>\n<\/tbody>\n<\/table>\n<table width=\"100%\">\n<tbody>\n<tr>\n<td width=\"232\"><b>Highllightning, includes toning<\/b>\n<table style=\"color: var( --e-global-color-text ); font-family: var( --e-global-typography-text-font-family ), Sans-serif; font-weight: var( --e-global-typography-text-font-weight );\" width=\"100%\">\n<tbody>\n<tr>\n<td width=\"232\">V\u00e4ljakasvu triibutamine, osaline<\/td>\n<td width=\"100\">65\u20ac<\/td>\n<td width=\"100\">2,5h<\/td>\n<\/tr>\n<\/tbody>\n<tbody>\n<tr>\n<td width=\"232\">V\u00e4ljakasvu triibutamine, \u00fclepea<\/td>\n<td width=\"100\">80\u20ac<\/td>\n<td width=\"100\">3h<\/td>\n<\/tr>\n<\/tbody>\n<tbody>\n<tr>\n<td width=\"232\">V\u00e4ljakasvu triibutamine, terves pikkuses<\/td>\n<td width=\"100\">100\u20ac<\/td>\n<td width=\"100\">4h<\/td>\n<\/tr>\n<\/tbody>\n<tbody>\n<tr>\n<\/tr>\n<\/tbody>\n<\/table>\n<tr>\n<table style=\";\"\" width=\"244\">\n<\/tbody>\n<tbody>\n<tr>\n\n<td width=\"234\"><b>Treatments<\/b><\/td>\n<\/tr>\n<\/tbody>\n<tbody>\n<tr>\n<td width=\"232\">Head wash with moisturizing mask + head massage<\/td>\n<td width=\"100\">25\u20ac<\/td>\n<td width=\"100\">1h<\/td>\n<\/tr>\n<\/tbody>\n<tbody>\n<tr>\n<td width=\"232\">Olaplex treatment<\/td>\n<td width=\"100\">40\u20ac<\/td>\n<td width=\"100\">1h<\/td>\n<\/tr>\n<\/tbody>\n<tbody>\n<tr>\n<td width=\"232\">Olaplex treatment with coloring<\/td>\n<td width=\"100\">25\u20ac<\/td>\n<td width=\"100\">0,5h<\/td>\n<\/tr>\n<\/tbody>\n<tbody>\n<tr>\n<td width=\"232\">Joico 4-step deep moisturizing treatment<\/td>\n<td width=\"100\">35\u20ac<\/td>\n<td width=\"100\">1h<\/td>\n<\/tr>\n<\/tbody>\n<tbody>\n<tr>\n<td width=\"232\">Keratin treatment Cocochoco<\/td>\n<td width=\"100\">al. 50\u20ac<\/td>\n<td width=\"100\">1,5h<\/td>\n<\/tr>\n<\/tbody>\n<tbody>\n<tr>\n<td width=\"232\">Hairbase keratin treatment<\/td>\n<td width=\"100\">150\u20ac<\/td>\n<td width=\"100\">2h<\/td>\n<\/tr>\n<\/tbody>\n<tbody>\n<tr>\n<td width=\"232\">K18 hair treatment<\/td>\n<td width=\"100\">40\u20ac<\/td>\n<td width=\"100\">1h<\/td>\n<\/tr>\n<\/tbody>\n<tbody>\n<tr>\t\t\t\t\t\t\t\t<\/div>\n\t\t\t\t<\/div>\n\t\t\t\t<div class=\"elementor-element elementor-element-bb4aecb elementor-widget elementor-widget-menu-anchor\" data-id=\"bb4aecb\" data-element_type=\"widget\" data-e-type=\"widget\" data-widget_type=\"menu-anchor.default\">\n\t\t\t\t<div class=\"elementor-widget-container\">\n\t\t\t\t\t\t\t<div class=\"elementor-menu-anchor\" id=\"juukseloikused\"><\/div>\n\t\t\t\t\t\t<\/div>\n\t\t\t\t<\/div>\n\t\t\t\t<div class=\"elementor-element elementor-element-73ed182 elementor-widget elementor-widget-heading\" data-id=\"73ed182\" data-element_type=\"widget\" data-e-type=\"widget\" data-widget_type=\"heading.default\">\n\t\t\t\t<div class=\"elementor-widget-container\">\n\t\t\t\t\t<h2 class=\"elementor-heading-title elementor-size-large\">Haircuts and treatments<\/h2>\t\t\t\t<\/div>\n\t\t\t\t<\/div>\n\t\t\t\t<div class=\"elementor-element elementor-element-c320b6d elementor-widget elementor-widget-text-editor\" data-id=\"c320b6d\" data-element_type=\"widget\" data-e-type=\"widget\" data-widget_type=\"text-editor.default\">\n\t\t\t\t<div class=\"elementor-widget-container\">\n\t\t\t\t\t\t\t\t\t<table width=\"100%\"><tbody><tr><td width=\"85%\"><strong>Thera Cut\u00a0<\/strong>\u2013 Hot scissors cut thin\/shorter hair<\/td><td width=\"15%\">25\u20ac<\/td><\/tr><tr><td><strong>Thera Cut &#8211;\u00a0<\/strong>Hot scissors cut longer\/thicker hair<\/td><td>35\u20ac<\/td><\/tr><tr><td><strong>Thera Cut\u00a0<\/strong>\u2013 Hot scissor cut for extra long hair or hair extensions<\/td><td>45\u20ac<\/td><\/tr><tr><td><b>Women's haircut\u00a0<\/b>(includes hair wash, cut, finish)<\/td><td>25\u20ac<\/td><\/tr><tr><td><b>Meeste juuksel\u00f5ikus<\/b> koos pesuga<\/td><td>20\u20ac<\/td><\/tr><tr><td><strong>HG<\/strong> haircut shorter\/thinner hair<\/td><td>20\u20ac<\/td><\/tr><tr><td><strong>HG<\/strong> haircut thicker\/longer hair<\/td><td>30\u20ac<\/td><\/tr><tr><td><strong>HG<\/strong> haircut extra long\/with extensions<\/td><td>40\u20ac<\/td><\/tr><tr><td>\u00a0<\/td><td>\u00a0<\/td><\/tr><\/tbody><\/table>\t\t\t\t\t\t\t\t<\/div>\n\t\t\t\t<\/div>\n\t\t\t\t<div class=\"elementor-element elementor-element-ccae11a elementor-widget elementor-widget-menu-anchor\" data-id=\"ccae11a\" data-element_type=\"widget\" data-e-type=\"widget\" data-widget_type=\"menu-anchor.default\">\n\t\t\t\t<div class=\"elementor-widget-container\">\n\t\t\t\t\t\t\t<div class=\"elementor-menu-anchor\" id=\"juuksepikendused\"><\/div>\n\t\t\t\t\t\t<\/div>\n\t\t\t\t<\/div>\n\t\t\t\t<div class=\"elementor-element elementor-element-a240be4 elementor-widget elementor-widget-heading\" data-id=\"a240be4\" data-element_type=\"widget\" data-e-type=\"widget\" data-widget_type=\"heading.default\">\n\t\t\t\t<div class=\"elementor-widget-container\">\n\t\t\t\t\t<h2 class=\"elementor-heading-title elementor-size-large\">Hair extensions<\/h2>\t\t\t\t<\/div>\n\t\t\t\t<\/div>\n\t\t\t\t<div class=\"elementor-element elementor-element-4a1feb4e elementor-widget elementor-widget-heading\" data-id=\"4a1feb4e\" data-element_type=\"widget\" data-e-type=\"widget\" data-widget_type=\"heading.default\">\n\t\t\t\t<div class=\"elementor-widget-container\">\n\t\t\t\t\t<h2 class=\"elementor-heading-title elementor-size-medium\">Slavic high-quality extensions with installation:<\/h2>\t\t\t\t<\/div>\n\t\t\t\t<\/div>\n\t\t\t\t<div class=\"elementor-element elementor-element-8e1b859 elementor-widget elementor-widget-text-editor\" data-id=\"8e1b859\" data-element_type=\"widget\" data-e-type=\"widget\" data-widget_type=\"text-editor.default\">\n\t\t\t\t<div class=\"elementor-widget-container\">\n\t\t\t\t\t\t\t\t\t<table width=\"100%\"><tbody><tr><td width=\"232\"><strong>The length of the strand<\/strong><\/td><td width=\"209\"><strong>The length of the LUX strand<\/strong><\/td><td width=\"212\"><strong>Special LUX Double Drawn<\/strong><\/td><\/tr><tr><td>40-45cm<\/td><td>2.70\u20ac<\/td><td>3.20\u20ac<\/td><\/tr><tr><td>50-55cm<\/td><td>3.20\u20ac<\/td><td>3.60\u20ac<\/td><\/tr><tr><td>60-65cm<\/td><td>3.40\u20ac<\/td><td>3.90\u20ac<\/td><\/tr><tr><td>70-75cm<\/td><td>3.70\u20ac<\/td><td>4.30\u20ac<\/td><\/tr><tr><td>80-85cm<\/td><td>4\u20ac<\/td><td>4.60\u20ac<\/td><\/tr><tr><td>90-100cm<\/td><td>4.30\u20ac<\/td><td>5\u20ac<\/td><\/tr><\/tbody><\/table><p style=\"text-align: center;\"><strong>Maintenance of hair extensions:<\/strong><\/p><p style=\"text-align: center;\">2 months 0.90\u20ac batch time consumption 2.5h 100 pcs<\/p><p style=\"text-align: center;\">3 months 1\u20ac batch time consumption 3h 100 pcs<\/p><p style=\"text-align: center;\">4-5 months and foreign work from \u20ac1.20 per batch 3.5h 100 pieces<\/p><p>\u00a0 \u00a0 \u00a0 \u00a0 \u00a0 \u00a0 \u00a0 \u00a0 \u00a0 \u00a0 \u00a0 \u00a0 \u00a0 \u00a0 \u00a0 \u00a0 \u00a0 \u00a0 \u00a0 \u00a0 \u00a0 \u00a0 \u00a0 \u00a0 \u00a0 \u00a0 \u00a0 \u00a0 \u00a0 \u00a0 Removal of hair extensions \u20ac0.30 a bunch, hair untangling is added \u20ac10\/H<\/p><p>\u00a0 \u00a0 \u00a0 \u00a0 \u00a0 \u00a0 \u00a0 \u00a0 \u00a0 \u00a0 \u00a0 \u00a0 \u00a0 \u00a0 \u00a0 \u00a0 \u00a0 \u00a0 \u00a0 \u00a0 \u00a0 \u00a0 \u00a0 \u00a0 \u00a0 \u00a0 \u00a0 Installation of hair extensions with own locks \u20ac0.80 a lock \/ with keratin exchange \u20ac1 a lock<\/p><p style=\"text-align: center;\"><strong>You can also buy hair extensions from us!<\/strong><\/p>\t\t\t\t\t\t\t\t<\/div>\n\t\t\t\t<\/div>\n\t\t\t\t<div class=\"elementor-element elementor-element-3e07fff1 elementor-align-center elementor-widget elementor-widget-button\" data-id=\"3e07fff1\" data-element_type=\"widget\" data-e-type=\"widget\" data-widget_type=\"button.default\">\n\t\t\t\t<div class=\"elementor-widget-container\">\n\t\t\t\t\t\t\t\t\t<div class=\"elementor-button-wrapper\">\n\t\t\t\t\t<a class=\"elementor-button elementor-button-link elementor-size-sm\" href=\"https:\/\/shebeauty.ee\/en\/product-category\/juuksepikendused\/\">\n\t\t\t\t\t\t<span class=\"elementor-button-content-wrapper\">\n\t\t\t\t\t\t<span class=\"elementor-button-icon\">\n\t\t\t\t<i aria-hidden=\"true\" class=\"fas fa-angle-right\"><\/i>\t\t\t<\/span>\n\t\t\t\t\t\t\t\t\t<span class=\"elementor-button-text\">Sisene epoodi<\/span>\n\t\t\t\t\t<\/span>\n\t\t\t\t\t<\/a>\n\t\t\t\t<\/div>\n\t\t\t\t\t\t\t\t<\/div>\n\t\t\t\t<\/div>\n\t\t\t\t\t<\/div>\n\t\t<\/div>\n\t\t\t\t\t<\/div>\n\t\t<\/section>\n\t\t\t\t<\/div>","protected":false},"excerpt":{"rendered":"<p>Teenuste hinnakiri Juuksur V\u00e4rvimine &#8211; Kemon toodetega ( lisandub materjalikulu 0.40\u20ac\/g ) V\u00e4ljakasvu v\u00e4rvimine kuni 2cm &#8211; hele 55\u20ac 2h V\u00e4ljakasvu v\u00e4rvimine kuni 2cm &#8211; tume 55\u20ac 2h V\u00e4ljakasvu v\u00e4rvimine koos toonimisega 65\u20ac 2,5h K\u00f5ikide juuste toon toonis v\u00e4rvimine kergv\u00e4rvi v\u00f5i palsamiga L\u00fchikesed kuni \u00f5lgadeni juuksed 55\u20ac 1,5h L\u00fchikesed kuni \u00f5lgadeni juuksed 55\u20ac 1,5h Pikad [&hellip;]<\/p>\n","protected":false},"author":1,"featured_media":0,"parent":0,"menu_order":0,"comment_status":"closed","ping_status":"closed","template":"","meta":{"site-sidebar-layout":"default","site-content-layout":"","ast-site-content-layout":"default","site-content-style":"default","site-sidebar-style":"default","ast-global-header-display":"","ast-banner-title-visibility":"","ast-main-header-display":"","ast-hfb-above-header-display":"","ast-hfb-below-header-display":"","ast-hfb-mobile-header-display":"","site-post-title":"","ast-breadcrumbs-content":"","ast-featured-img":"","footer-sml-layout":"","ast-disable-related-posts":"","theme-transparent-header-meta":"","adv-header-id-meta":"","stick-header-meta":"","header-above-stick-meta":"","header-main-stick-meta":"","header-below-stick-meta":"","astra-migrate-meta-layouts":"default","ast-page-background-enabled":"default","ast-page-background-meta":{"desktop":{"background-color":"var(--ast-global-color-4)","background-image":"","background-repeat":"repeat","background-position":"center center","background-size":"auto","background-attachment":"scroll","background-type":"","background-media":"","overlay-type":"","overlay-color":"","overlay-opacity":"","overlay-gradient":""},"tablet":{"background-color":"","background-image":"","background-repeat":"repeat","background-position":"center center","background-size":"auto","background-attachment":"scroll","background-type":"","background-media":"","overlay-type":"","overlay-color":"","overlay-opacity":"","overlay-gradient":""},"mobile":{"background-color":"","background-image":"","background-repeat":"repeat","background-position":"center center","background-size":"auto","background-attachment":"scroll","background-type":"","background-media":"","overlay-type":"","overlay-color":"","overlay-opacity":"","overlay-gradient":""}},"ast-content-background-meta":{"desktop":{"background-color":"var(--ast-global-color-5)","background-image":"","background-repeat":"repeat","background-position":"center center","background-size":"auto","background-attachment":"scroll","background-type":"","background-media":"","overlay-type":"","overlay-color":"","overlay-opacity":"","overlay-gradient":""},"tablet":{"background-color":"var(--ast-global-color-5)","background-image":"","background-repeat":"repeat","background-position":"center center","background-size":"auto","background-attachment":"scroll","background-type":"","background-media":"","overlay-type":"","overlay-color":"","overlay-opacity":"","overlay-gradient":""},"mobile":{"background-color":"var(--ast-global-color-5)","background-image":"","background-repeat":"repeat","background-position":"center center","background-size":"auto","background-attachment":"scroll","background-type":"","background-media":"","overlay-type":"","overlay-color":"","overlay-opacity":"","overlay-gradient":""}},"footnotes":""},"class_list":["post-34","page","type-page","status-publish","hentry"],"yoast_head":"<!-- This site is optimized with the Yoast SEO plugin v27.4 - https:\/\/yoast.com\/product\/yoast-seo-wordpress\/ -->\n<title>Hinnakiri ja teenused - Juuksepikendused, ripsmepikendused, geelk\u00fc\u00fcned<\/title>\n<meta name=\"description\" content=\"Hinnakiri - juukepikendused hind, ripsmepikendused hind, geelk\u00fc\u00fcned hind, manik\u00fc\u00fcr hind, pedik\u00fc\u00fcr hind, juuksepikenduste paigaldus ja hooldus Tallinnas\" \/>\n<meta name=\"robots\" content=\"index, follow, max-snippet:-1, max-image-preview:large, max-video-preview:-1\" \/>\n<link rel=\"canonical\" href=\"https:\/\/shebeauty.ee\/en\/teenused-ja-hinnakiri\/\" \/>\n<meta property=\"og:locale\" content=\"en_US\" \/>\n<meta property=\"og:type\" content=\"article\" \/>\n<meta property=\"og:title\" content=\"Hinnakiri ja teenused - Juuksepikendused, ripsmepikendused, geelk\u00fc\u00fcned\" \/>\n<meta property=\"og:description\" content=\"Hinnakiri - juukepikendused hind, ripsmepikendused hind, geelk\u00fc\u00fcned hind, manik\u00fc\u00fcr hind, pedik\u00fc\u00fcr hind, juuksepikenduste paigaldus ja hooldus Tallinnas\" \/>\n<meta property=\"og:url\" content=\"https:\/\/shebeauty.ee\/en\/teenused-ja-hinnakiri\/\" \/>\n<meta property=\"og:site_name\" content=\"She Beauty Studio\" \/>\n<meta property=\"article:modified_time\" content=\"2025-08-13T16:31:16+00:00\" \/>\n<meta name=\"twitter:card\" content=\"summary_large_image\" \/>\n<meta name=\"twitter:label1\" content=\"Est. reading time\" \/>\n\t<meta name=\"twitter:data1\" content=\"2 minutes\" \/>\n<script type=\"application\/ld+json\" class=\"yoast-schema-graph\">{\"@context\":\"https:\\\/\\\/schema.org\",\"@graph\":[{\"@type\":\"WebPage\",\"@id\":\"https:\\\/\\\/shebeauty.ee\\\/teenused-ja-hinnakiri\\\/\",\"url\":\"https:\\\/\\\/shebeauty.ee\\\/teenused-ja-hinnakiri\\\/\",\"name\":\"Hinnakiri ja teenused - Juuksepikendused, ripsmepikendused, geelk\u00fc\u00fcned\",\"isPartOf\":{\"@id\":\"https:\\\/\\\/shebeauty.ee\\\/#website\"},\"datePublished\":\"2018-03-22T09:31:56+00:00\",\"dateModified\":\"2025-08-13T16:31:16+00:00\",\"description\":\"Hinnakiri - juukepikendused hind, ripsmepikendused hind, geelk\u00fc\u00fcned hind, manik\u00fc\u00fcr hind, pedik\u00fc\u00fcr hind, juuksepikenduste paigaldus ja hooldus Tallinnas\",\"breadcrumb\":{\"@id\":\"https:\\\/\\\/shebeauty.ee\\\/teenused-ja-hinnakiri\\\/#breadcrumb\"},\"inLanguage\":\"en-US\",\"potentialAction\":[{\"@type\":\"ReadAction\",\"target\":[\"https:\\\/\\\/shebeauty.ee\\\/teenused-ja-hinnakiri\\\/\"]}]},{\"@type\":\"BreadcrumbList\",\"@id\":\"https:\\\/\\\/shebeauty.ee\\\/teenused-ja-hinnakiri\\\/#breadcrumb\",\"itemListElement\":[{\"@type\":\"ListItem\",\"position\":1,\"name\":\"Home\",\"item\":\"https:\\\/\\\/shebeauty.ee\\\/\"},{\"@type\":\"ListItem\",\"position\":2,\"name\":\"Teenused ja hinnakiri\"}]},{\"@type\":\"WebSite\",\"@id\":\"https:\\\/\\\/shebeauty.ee\\\/#website\",\"url\":\"https:\\\/\\\/shebeauty.ee\\\/\",\"name\":\"She Beauty Studio\",\"description\":\"Juuksestuudio\",\"publisher\":{\"@id\":\"https:\\\/\\\/shebeauty.ee\\\/#organization\"},\"potentialAction\":[{\"@type\":\"SearchAction\",\"target\":{\"@type\":\"EntryPoint\",\"urlTemplate\":\"https:\\\/\\\/shebeauty.ee\\\/?s={search_term_string}\"},\"query-input\":{\"@type\":\"PropertyValueSpecification\",\"valueRequired\":true,\"valueName\":\"search_term_string\"}}],\"inLanguage\":\"en-US\"},{\"@type\":\"Organization\",\"@id\":\"https:\\\/\\\/shebeauty.ee\\\/#organization\",\"name\":\"She Beauty O\u00dc\",\"url\":\"https:\\\/\\\/shebeauty.ee\\\/\",\"logo\":{\"@type\":\"ImageObject\",\"inLanguage\":\"en-US\",\"@id\":\"https:\\\/\\\/shebeauty.ee\\\/#\\\/schema\\\/logo\\\/image\\\/\",\"url\":\"https:\\\/\\\/shebeauty.ee\\\/wp-content\\\/uploads\\\/2023\\\/10\\\/IMG_0585.jpg\",\"contentUrl\":\"https:\\\/\\\/shebeauty.ee\\\/wp-content\\\/uploads\\\/2023\\\/10\\\/IMG_0585.jpg\",\"width\":1284,\"height\":1300,\"caption\":\"She Beauty O\u00dc\"},\"image\":{\"@id\":\"https:\\\/\\\/shebeauty.ee\\\/#\\\/schema\\\/logo\\\/image\\\/\"}}]}<\/script>\n<!-- \/ Yoast SEO plugin. -->","yoast_head_json":{"title":"Hinnakiri ja teenused - Juuksepikendused, ripsmepikendused, geelk\u00fc\u00fcned","description":"Hinnakiri - juukepikendused hind, ripsmepikendused hind, geelk\u00fc\u00fcned hind, manik\u00fc\u00fcr hind, pedik\u00fc\u00fcr hind, juuksepikenduste paigaldus ja hooldus Tallinnas","robots":{"index":"index","follow":"follow","max-snippet":"max-snippet:-1","max-image-preview":"max-image-preview:large","max-video-preview":"max-video-preview:-1"},"canonical":"https:\/\/shebeauty.ee\/en\/teenused-ja-hinnakiri\/","og_locale":"en_US","og_type":"article","og_title":"Hinnakiri ja teenused - Juuksepikendused, ripsmepikendused, geelk\u00fc\u00fcned","og_description":"Hinnakiri - juukepikendused hind, ripsmepikendused hind, geelk\u00fc\u00fcned hind, manik\u00fc\u00fcr hind, pedik\u00fc\u00fcr hind, juuksepikenduste paigaldus ja hooldus Tallinnas","og_url":"https:\/\/shebeauty.ee\/en\/teenused-ja-hinnakiri\/","og_site_name":"She Beauty Studio","article_modified_time":"2025-08-13T16:31:16+00:00","twitter_card":"summary_large_image","twitter_misc":{"Est. reading time":"2 minutes"},"schema":{"@context":"https:\/\/schema.org","@graph":[{"@type":"WebPage","@id":"https:\/\/shebeauty.ee\/teenused-ja-hinnakiri\/","url":"https:\/\/shebeauty.ee\/teenused-ja-hinnakiri\/","name":"Hinnakiri ja teenused - Juuksepikendused, ripsmepikendused, geelk\u00fc\u00fcned","isPartOf":{"@id":"https:\/\/shebeauty.ee\/#website"},"datePublished":"2018-03-22T09:31:56+00:00","dateModified":"2025-08-13T16:31:16+00:00","description":"Hinnakiri - juukepikendused hind, ripsmepikendused hind, geelk\u00fc\u00fcned hind, manik\u00fc\u00fcr hind, pedik\u00fc\u00fcr hind, juuksepikenduste paigaldus ja hooldus Tallinnas","breadcrumb":{"@id":"https:\/\/shebeauty.ee\/teenused-ja-hinnakiri\/#breadcrumb"},"inLanguage":"en-US","potentialAction":[{"@type":"ReadAction","target":["https:\/\/shebeauty.ee\/teenused-ja-hinnakiri\/"]}]},{"@type":"BreadcrumbList","@id":"https:\/\/shebeauty.ee\/teenused-ja-hinnakiri\/#breadcrumb","itemListElement":[{"@type":"ListItem","position":1,"name":"Home","item":"https:\/\/shebeauty.ee\/"},{"@type":"ListItem","position":2,"name":"Teenused ja hinnakiri"}]},{"@type":"WebSite","@id":"https:\/\/shebeauty.ee\/#website","url":"https:\/\/shebeauty.ee\/","name":"She Beauty Studio","description":"Juuksestuudio","publisher":{"@id":"https:\/\/shebeauty.ee\/#organization"},"potentialAction":[{"@type":"SearchAction","target":{"@type":"EntryPoint","urlTemplate":"https:\/\/shebeauty.ee\/?s={search_term_string}"},"query-input":{"@type":"PropertyValueSpecification","valueRequired":true,"valueName":"search_term_string"}}],"inLanguage":"en-US"},{"@type":"Organization","@id":"https:\/\/shebeauty.ee\/#organization","name":"She Beauty O\u00dc","url":"https:\/\/shebeauty.ee\/","logo":{"@type":"ImageObject","inLanguage":"en-US","@id":"https:\/\/shebeauty.ee\/#\/schema\/logo\/image\/","url":"https:\/\/shebeauty.ee\/wp-content\/uploads\/2023\/10\/IMG_0585.jpg","contentUrl":"https:\/\/shebeauty.ee\/wp-content\/uploads\/2023\/10\/IMG_0585.jpg","width":1284,"height":1300,"caption":"She Beauty O\u00dc"},"image":{"@id":"https:\/\/shebeauty.ee\/#\/schema\/logo\/image\/"}}]}},"_links":{"self":[{"href":"https:\/\/shebeauty.ee\/en\/wp-json\/wp\/v2\/pages\/34","targetHints":{"allow":["GET"]}}],"collection":[{"href":"https:\/\/shebeauty.ee\/en\/wp-json\/wp\/v2\/pages"}],"about":[{"href":"https:\/\/shebeauty.ee\/en\/wp-json\/wp\/v2\/types\/page"}],"author":[{"embeddable":true,"href":"https:\/\/shebeauty.ee\/en\/wp-json\/wp\/v2\/users\/1"}],"replies":[{"embeddable":true,"href":"https:\/\/shebeauty.ee\/en\/wp-json\/wp\/v2\/comments?post=34"}],"version-history":[{"count":248,"href":"https:\/\/shebeauty.ee\/en\/wp-json\/wp\/v2\/pages\/34\/revisions"}],"predecessor-version":[{"id":5512,"href":"https:\/\/shebeauty.ee\/en\/wp-json\/wp\/v2\/pages\/34\/revisions\/5512"}],"wp:attachment":[{"href":"https:\/\/shebeauty.ee\/en\/wp-json\/wp\/v2\/media?parent=34"}],"curies":[{"name":"wp","href":"https:\/\/api.w.org\/{rel}","templated":true}]}}