{"id":1001,"date":"2018-05-18T08:57:28","date_gmt":"2018-05-18T05:57:28","guid":{"rendered":"https:\/\/shebeauty.ee\/?page_id=1001"},"modified":"2025-08-13T19:25:43","modified_gmt":"2025-08-13T16:25:43","slug":"tarne","status":"publish","type":"page","link":"https:\/\/shebeauty.ee\/en\/tarne\/","title":{"rendered":"Shipping"},"content":{"rendered":"<div data-elementor-type=\"wp-post\" data-elementor-id=\"1001\" class=\"elementor elementor-1001\">\n\t\t\t\t\t\t<section class=\"elementor-section elementor-top-section elementor-element elementor-element-2db2b7f1 elementor-section-boxed elementor-section-height-default elementor-section-height-default\" data-id=\"2db2b7f1\" data-element_type=\"section\" data-e-type=\"section\">\n\t\t\t\t\t\t<div class=\"elementor-container elementor-column-gap-default\">\n\t\t\t\t\t<div class=\"elementor-column elementor-col-100 elementor-top-column elementor-element elementor-element-52436a90\" data-id=\"52436a90\" data-element_type=\"column\" data-e-type=\"column\" data-settings=\"{&quot;background_background&quot;:&quot;classic&quot;}\">\n\t\t\t<div class=\"elementor-widget-wrap elementor-element-populated\">\n\t\t\t\t\t\t<div class=\"elementor-element elementor-element-47eedc0a elementor-widget elementor-widget-heading\" data-id=\"47eedc0a\" data-element_type=\"widget\" data-e-type=\"widget\" data-widget_type=\"heading.default\">\n\t\t\t\t<div class=\"elementor-widget-container\">\n\t\t\t\t\t<h1 class=\"elementor-heading-title elementor-size-xl\">Shipping<\/h1>\t\t\t\t<\/div>\n\t\t\t\t<\/div>\n\t\t\t\t<div class=\"elementor-element elementor-element-43a3e666 elementor-widget elementor-widget-text-editor\" data-id=\"43a3e666\" data-element_type=\"widget\" data-e-type=\"widget\" data-widget_type=\"text-editor.default\">\n\t\t\t\t<div class=\"elementor-widget-container\">\n\t\t\t\t\t\t\t\t\t<div class=\"row\"><div class=\"col-md-8\"><p data-start=\"166\" data-end=\"196\"><strong data-start=\"166\" data-end=\"196\">Tarne ja kohaletoimetamine<\/strong><\/p><p data-start=\"198\" data-end=\"505\">P\u00e4rast makse laekumist saadame tellimuse v\u00e4lja hiljemalt 24 tunni jooksul. Kauba kohalej\u00f5udmise kiirus s\u00f5ltub meie logistikapartnerist ning v\u00f5ib varieeruda vastavalt kohaliku teenusepakkuja t\u00f6\u00f6korraldusele. P\u00fchade ajal v\u00f5ib tarneaeg olla tavap\u00e4rasest pikem, seet\u00f5ttu palume arvestada v\u00f5imalike viivitustega.<\/p><p data-start=\"507\" data-end=\"660\">Kui teil on kiire ja soovite kaupa varem k\u00e4tte saada, v\u00f5tke palun meiega \u00fchendust \u2013 leiame sobiva lahenduse ning lepime kokku v\u00f5imaliku kiirema tarneaja.<\/p><p data-start=\"662\" data-end=\"771\">Viivitusteta kohaletoimetamiseks palume kontrollida hoolikalt tellimisel sisestatud kohaletoimetamise andmed.<\/p><p data-start=\"773\" data-end=\"927\">Transpordi k\u00e4igus vigastatud tooted (v\u00e4lja arvatud pakendid) asendame kliendile. Kui toote asendamine ei ole v\u00f5imalik, h\u00fcvitatakse ostjale kauba maksumus.<\/p><p data-start=\"929\" data-end=\"1119\">She Beauty Studio ei vastuta kohaletoimetamise viibimise eest, kui kaup on logistikapartnerile \u00f5igel ajal \u00fcle antud, kuid tarne viibib asjaolude t\u00f5ttu, mida me ei saa m\u00f5jutada ega ette n\u00e4ha.<\/p><\/div><\/div>\t\t\t\t\t\t\t\t<\/div>\n\t\t\t\t<\/div>\n\t\t\t\t\t<\/div>\n\t\t<\/div>\n\t\t\t\t\t<\/div>\n\t\t<\/section>\n\t\t\t\t<\/div>","protected":false},"excerpt":{"rendered":"<p>Tarne Tarne ja kohaletoimetamine P\u00e4rast makse laekumist saadame tellimuse v\u00e4lja hiljemalt 24 tunni jooksul. Kauba kohalej\u00f5udmise kiirus s\u00f5ltub meie logistikapartnerist ning v\u00f5ib varieeruda vastavalt kohaliku teenusepakkuja t\u00f6\u00f6korraldusele. P\u00fchade ajal v\u00f5ib tarneaeg olla tavap\u00e4rasest pikem, seet\u00f5ttu palume arvestada v\u00f5imalike viivitustega. Kui teil on kiire ja soovite kaupa varem k\u00e4tte saada, v\u00f5tke palun meiega \u00fchendust \u2013 leiame [&hellip;]<\/p>\n","protected":false},"author":1,"featured_media":0,"parent":0,"menu_order":0,"comment_status":"closed","ping_status":"closed","template":"elementor_header_footer","meta":{"site-sidebar-layout":"default","site-content-layout":"","ast-site-content-layout":"default","site-content-style":"default","site-sidebar-style":"default","ast-global-header-display":"","ast-banner-title-visibility":"","ast-main-header-display":"","ast-hfb-above-header-display":"","ast-hfb-below-header-display":"","ast-hfb-mobile-header-display":"","site-post-title":"","ast-breadcrumbs-content":"","ast-featured-img":"","footer-sml-layout":"","ast-disable-related-posts":"","theme-transparent-header-meta":"","adv-header-id-meta":"","stick-header-meta":"","header-above-stick-meta":"","header-main-stick-meta":"","header-below-stick-meta":"","astra-migrate-meta-layouts":"default","ast-page-background-enabled":"default","ast-page-background-meta":{"desktop":{"background-color":"var(--ast-global-color-4)","background-image":"","background-repeat":"repeat","background-position":"center center","background-size":"auto","background-attachment":"scroll","background-type":"","background-media":"","overlay-type":"","overlay-color":"","overlay-opacity":"","overlay-gradient":""},"tablet":{"background-color":"","background-image":"","background-repeat":"repeat","background-position":"center center","background-size":"auto","background-attachment":"scroll","background-type":"","background-media":"","overlay-type":"","overlay-color":"","overlay-opacity":"","overlay-gradient":""},"mobile":{"background-color":"","background-image":"","background-repeat":"repeat","background-position":"center center","background-size":"auto","background-attachment":"scroll","background-type":"","background-media":"","overlay-type":"","overlay-color":"","overlay-opacity":"","overlay-gradient":""}},"ast-content-background-meta":{"desktop":{"background-color":"var(--ast-global-color-5)","background-image":"","background-repeat":"repeat","background-position":"center center","background-size":"auto","background-attachment":"scroll","background-type":"","background-media":"","overlay-type":"","overlay-color":"","overlay-opacity":"","overlay-gradient":""},"tablet":{"background-color":"var(--ast-global-color-5)","background-image":"","background-repeat":"repeat","background-position":"center center","background-size":"auto","background-attachment":"scroll","background-type":"","background-media":"","overlay-type":"","overlay-color":"","overlay-opacity":"","overlay-gradient":""},"mobile":{"background-color":"var(--ast-global-color-5)","background-image":"","background-repeat":"repeat","background-position":"center center","background-size":"auto","background-attachment":"scroll","background-type":"","background-media":"","overlay-type":"","overlay-color":"","overlay-opacity":"","overlay-gradient":""}},"footnotes":""},"class_list":["post-1001","page","type-page","status-publish","hentry"],"yoast_head":"<!-- This site is optimized with the Yoast SEO plugin v27.4 - https:\/\/yoast.com\/product\/yoast-seo-wordpress\/ -->\n<title>Tarne - She Beauty Studio<\/title>\n<meta name=\"robots\" content=\"index, follow, max-snippet:-1, max-image-preview:large, max-video-preview:-1\" \/>\n<link rel=\"canonical\" href=\"https:\/\/shebeauty.ee\/en\/tarne\/\" \/>\n<meta property=\"og:locale\" content=\"en_US\" \/>\n<meta property=\"og:type\" content=\"article\" \/>\n<meta property=\"og:title\" content=\"Tarne - She Beauty Studio\" \/>\n<meta property=\"og:description\" content=\"Tarne Tarne ja kohaletoimetamine P\u00e4rast makse laekumist saadame tellimuse v\u00e4lja hiljemalt 24 tunni jooksul. Kauba kohalej\u00f5udmise kiirus s\u00f5ltub meie logistikapartnerist ning v\u00f5ib varieeruda vastavalt kohaliku teenusepakkuja t\u00f6\u00f6korraldusele. P\u00fchade ajal v\u00f5ib tarneaeg olla tavap\u00e4rasest pikem, seet\u00f5ttu palume arvestada v\u00f5imalike viivitustega. Kui teil on kiire ja soovite kaupa varem k\u00e4tte saada, v\u00f5tke palun meiega \u00fchendust \u2013 leiame [&hellip;]\" \/>\n<meta property=\"og:url\" content=\"https:\/\/shebeauty.ee\/en\/tarne\/\" \/>\n<meta property=\"og:site_name\" content=\"She Beauty Studio\" \/>\n<meta property=\"article:modified_time\" content=\"2025-08-13T16:25:43+00:00\" \/>\n<meta name=\"twitter:card\" content=\"summary_large_image\" \/>\n<meta name=\"twitter:label1\" content=\"Est. reading time\" \/>\n\t<meta name=\"twitter:data1\" content=\"1 minute\" \/>\n<script type=\"application\/ld+json\" class=\"yoast-schema-graph\">{\"@context\":\"https:\\\/\\\/schema.org\",\"@graph\":[{\"@type\":\"WebPage\",\"@id\":\"https:\\\/\\\/shebeauty.ee\\\/tarne\\\/\",\"url\":\"https:\\\/\\\/shebeauty.ee\\\/tarne\\\/\",\"name\":\"Tarne - She Beauty Studio\",\"isPartOf\":{\"@id\":\"https:\\\/\\\/shebeauty.ee\\\/#website\"},\"datePublished\":\"2018-05-18T05:57:28+00:00\",\"dateModified\":\"2025-08-13T16:25:43+00:00\",\"breadcrumb\":{\"@id\":\"https:\\\/\\\/shebeauty.ee\\\/tarne\\\/#breadcrumb\"},\"inLanguage\":\"en-US\",\"potentialAction\":[{\"@type\":\"ReadAction\",\"target\":[\"https:\\\/\\\/shebeauty.ee\\\/tarne\\\/\"]}]},{\"@type\":\"BreadcrumbList\",\"@id\":\"https:\\\/\\\/shebeauty.ee\\\/tarne\\\/#breadcrumb\",\"itemListElement\":[{\"@type\":\"ListItem\",\"position\":1,\"name\":\"Home\",\"item\":\"https:\\\/\\\/shebeauty.ee\\\/\"},{\"@type\":\"ListItem\",\"position\":2,\"name\":\"Tarne\"}]},{\"@type\":\"WebSite\",\"@id\":\"https:\\\/\\\/shebeauty.ee\\\/#website\",\"url\":\"https:\\\/\\\/shebeauty.ee\\\/\",\"name\":\"She Beauty Studio\",\"description\":\"Juuksestuudio\",\"publisher\":{\"@id\":\"https:\\\/\\\/shebeauty.ee\\\/#organization\"},\"potentialAction\":[{\"@type\":\"SearchAction\",\"target\":{\"@type\":\"EntryPoint\",\"urlTemplate\":\"https:\\\/\\\/shebeauty.ee\\\/?s={search_term_string}\"},\"query-input\":{\"@type\":\"PropertyValueSpecification\",\"valueRequired\":true,\"valueName\":\"search_term_string\"}}],\"inLanguage\":\"en-US\"},{\"@type\":\"Organization\",\"@id\":\"https:\\\/\\\/shebeauty.ee\\\/#organization\",\"name\":\"She Beauty O\u00dc\",\"url\":\"https:\\\/\\\/shebeauty.ee\\\/\",\"logo\":{\"@type\":\"ImageObject\",\"inLanguage\":\"en-US\",\"@id\":\"https:\\\/\\\/shebeauty.ee\\\/#\\\/schema\\\/logo\\\/image\\\/\",\"url\":\"https:\\\/\\\/shebeauty.ee\\\/wp-content\\\/uploads\\\/2023\\\/10\\\/IMG_0585.jpg\",\"contentUrl\":\"https:\\\/\\\/shebeauty.ee\\\/wp-content\\\/uploads\\\/2023\\\/10\\\/IMG_0585.jpg\",\"width\":1284,\"height\":1300,\"caption\":\"She Beauty O\u00dc\"},\"image\":{\"@id\":\"https:\\\/\\\/shebeauty.ee\\\/#\\\/schema\\\/logo\\\/image\\\/\"}}]}<\/script>\n<!-- \/ Yoast SEO plugin. -->","yoast_head_json":{"title":"Tarne - She Beauty Studio","robots":{"index":"index","follow":"follow","max-snippet":"max-snippet:-1","max-image-preview":"max-image-preview:large","max-video-preview":"max-video-preview:-1"},"canonical":"https:\/\/shebeauty.ee\/en\/tarne\/","og_locale":"en_US","og_type":"article","og_title":"Tarne - She Beauty Studio","og_description":"Tarne Tarne ja kohaletoimetamine P\u00e4rast makse laekumist saadame tellimuse v\u00e4lja hiljemalt 24 tunni jooksul. Kauba kohalej\u00f5udmise kiirus s\u00f5ltub meie logistikapartnerist ning v\u00f5ib varieeruda vastavalt kohaliku teenusepakkuja t\u00f6\u00f6korraldusele. P\u00fchade ajal v\u00f5ib tarneaeg olla tavap\u00e4rasest pikem, seet\u00f5ttu palume arvestada v\u00f5imalike viivitustega. Kui teil on kiire ja soovite kaupa varem k\u00e4tte saada, v\u00f5tke palun meiega \u00fchendust \u2013 leiame [&hellip;]","og_url":"https:\/\/shebeauty.ee\/en\/tarne\/","og_site_name":"She Beauty Studio","article_modified_time":"2025-08-13T16:25:43+00:00","twitter_card":"summary_large_image","twitter_misc":{"Est. reading time":"1 minute"},"schema":{"@context":"https:\/\/schema.org","@graph":[{"@type":"WebPage","@id":"https:\/\/shebeauty.ee\/tarne\/","url":"https:\/\/shebeauty.ee\/tarne\/","name":"Tarne - She Beauty Studio","isPartOf":{"@id":"https:\/\/shebeauty.ee\/#website"},"datePublished":"2018-05-18T05:57:28+00:00","dateModified":"2025-08-13T16:25:43+00:00","breadcrumb":{"@id":"https:\/\/shebeauty.ee\/tarne\/#breadcrumb"},"inLanguage":"en-US","potentialAction":[{"@type":"ReadAction","target":["https:\/\/shebeauty.ee\/tarne\/"]}]},{"@type":"BreadcrumbList","@id":"https:\/\/shebeauty.ee\/tarne\/#breadcrumb","itemListElement":[{"@type":"ListItem","position":1,"name":"Home","item":"https:\/\/shebeauty.ee\/"},{"@type":"ListItem","position":2,"name":"Tarne"}]},{"@type":"WebSite","@id":"https:\/\/shebeauty.ee\/#website","url":"https:\/\/shebeauty.ee\/","name":"She Beauty Studio","description":"Juuksestuudio","publisher":{"@id":"https:\/\/shebeauty.ee\/#organization"},"potentialAction":[{"@type":"SearchAction","target":{"@type":"EntryPoint","urlTemplate":"https:\/\/shebeauty.ee\/?s={search_term_string}"},"query-input":{"@type":"PropertyValueSpecification","valueRequired":true,"valueName":"search_term_string"}}],"inLanguage":"en-US"},{"@type":"Organization","@id":"https:\/\/shebeauty.ee\/#organization","name":"She Beauty O\u00dc","url":"https:\/\/shebeauty.ee\/","logo":{"@type":"ImageObject","inLanguage":"en-US","@id":"https:\/\/shebeauty.ee\/#\/schema\/logo\/image\/","url":"https:\/\/shebeauty.ee\/wp-content\/uploads\/2023\/10\/IMG_0585.jpg","contentUrl":"https:\/\/shebeauty.ee\/wp-content\/uploads\/2023\/10\/IMG_0585.jpg","width":1284,"height":1300,"caption":"She Beauty O\u00dc"},"image":{"@id":"https:\/\/shebeauty.ee\/#\/schema\/logo\/image\/"}}]}},"_links":{"self":[{"href":"https:\/\/shebeauty.ee\/en\/wp-json\/wp\/v2\/pages\/1001","targetHints":{"allow":["GET"]}}],"collection":[{"href":"https:\/\/shebeauty.ee\/en\/wp-json\/wp\/v2\/pages"}],"about":[{"href":"https:\/\/shebeauty.ee\/en\/wp-json\/wp\/v2\/types\/page"}],"author":[{"embeddable":true,"href":"https:\/\/shebeauty.ee\/en\/wp-json\/wp\/v2\/users\/1"}],"replies":[{"embeddable":true,"href":"https:\/\/shebeauty.ee\/en\/wp-json\/wp\/v2\/comments?post=1001"}],"version-history":[{"count":14,"href":"https:\/\/shebeauty.ee\/en\/wp-json\/wp\/v2\/pages\/1001\/revisions"}],"predecessor-version":[{"id":5509,"href":"https:\/\/shebeauty.ee\/en\/wp-json\/wp\/v2\/pages\/1001\/revisions\/5509"}],"wp:attachment":[{"href":"https:\/\/shebeauty.ee\/en\/wp-json\/wp\/v2\/media?parent=1001"}],"curies":[{"name":"wp","href":"https:\/\/api.w.org\/{rel}","templated":true}]}}